{"id":5730,"date":"2023-05-09T11:12:31","date_gmt":"2023-05-09T11:12:31","guid":{"rendered":"https:\/\/ocupados.grupopiquer.com\/contenidos\/?page_id=5730"},"modified":"2024-01-09T15:50:09","modified_gmt":"2024-01-09T15:50:09","slug":"ssce010po","status":"publish","type":"page","link":"https:\/\/ocupados.grupopiquer.com\/contenidos\/ssce010po\/","title":{"rendered":"SSCE010PO"},"content":{"rendered":"\t\t<div data-elementor-type=\"wp-page\" data-elementor-id=\"5730\" class=\"elementor elementor-5730\">\n\t\t\t\t<div class=\"elementor-element elementor-element-638a530c e-con-full e-flex e-con e-parent\" data-id=\"638a530c\" data-element_type=\"container\">\n\t\t<div class=\"elementor-element elementor-element-3e1346fa e-con-full e-flex e-con e-child\" data-id=\"3e1346fa\" data-element_type=\"container\">\n\t\t\t\t<div class=\"elementor-element elementor-element-cb40aac elementor-widget__width-inherit elementor-widget elementor-widget-image\" data-id=\"cb40aac\" data-element_type=\"widget\" data-widget_type=\"image.default\">\n\t\t\t\t<div class=\"elementor-widget-container\">\n\t\t\t\t\t\t\t\t\t\t\t\t\t\t\t<img decoding=\"async\" width=\"300\" height=\"115\" src=\"https:\/\/ocupados.grupopiquer.com\/contenidos\/wp-content\/uploads\/2024\/01\/Grupo-Piquer-COLOR-1-165x63.png\" class=\"attachment-medium size-medium wp-image-9152\" alt=\"\" srcset=\"https:\/\/ocupados.grupopiquer.com\/contenidos\/wp-content\/uploads\/2024\/01\/Grupo-Piquer-COLOR-1-300x115.png 300w, https:\/\/ocupados.grupopiquer.com\/contenidos\/wp-content\/uploads\/2024\/01\/Grupo-Piquer-COLOR-1-600x230.png 600w, https:\/\/ocupados.grupopiquer.com\/contenidos\/wp-content\/uploads\/2024\/01\/Grupo-Piquer-COLOR-1-165x63.png 165w, https:\/\/ocupados.grupopiquer.com\/contenidos\/wp-content\/uploads\/2024\/01\/Grupo-Piquer-COLOR-1.png 705w\" sizes=\"(max-width: 300px) 100vw, 300px\" \/>\t\t\t\t\t\t\t\t\t\t\t\t\t\t\t<\/div>\n\t\t\t\t<\/div>\n\t\t\t\t<\/div>\n\t\t<div class=\"elementor-element elementor-element-4f887f95 e-con-full e-flex e-con e-child\" data-id=\"4f887f95\" data-element_type=\"container\">\n\t\t\t\t<div class=\"elementor-element elementor-element-4a4becb9 elementor-widget__width-inherit elementor-widget elementor-widget-image\" data-id=\"4a4becb9\" data-element_type=\"widget\" data-widget_type=\"image.default\">\n\t\t\t\t<div class=\"elementor-widget-container\">\n\t\t\t\t\t\t\t\t\t\t\t\t\t\t\t<img decoding=\"async\" width=\"300\" height=\"151\" src=\"https:\/\/ocupados.grupopiquer.com\/contenidos\/wp-content\/uploads\/2023\/04\/fundacion-estatal-logo-1-300x151.png\" class=\"attachment-medium size-medium wp-image-5409\" alt=\"\" srcset=\"https:\/\/ocupados.grupopiquer.com\/contenidos\/wp-content\/uploads\/2023\/04\/fundacion-estatal-logo-1-300x151.png 300w, https:\/\/ocupados.grupopiquer.com\/contenidos\/wp-content\/uploads\/2023\/04\/fundacion-estatal-logo-1.png 565w\" sizes=\"(max-width: 300px) 100vw, 300px\" \/>\t\t\t\t\t\t\t\t\t\t\t\t\t\t\t<\/div>\n\t\t\t\t<\/div>\n\t\t\t\t<\/div>\n\t\t<div class=\"elementor-element elementor-element-2c88974f e-con-full e-flex e-con e-child\" data-id=\"2c88974f\" data-element_type=\"container\">\n\t\t\t\t<div class=\"elementor-element elementor-element-661fdeba elementor-widget__width-inherit elementor-widget elementor-widget-image\" data-id=\"661fdeba\" data-element_type=\"widget\" data-widget_type=\"image.default\">\n\t\t\t\t<div class=\"elementor-widget-container\">\n\t\t\t\t\t\t\t\t\t\t\t\t\t\t\t<img decoding=\"async\" width=\"300\" height=\"62\" src=\"https:\/\/ocupados.grupopiquer.com\/contenidos\/wp-content\/uploads\/2023\/04\/indice-300x62.png\" class=\"attachment-medium size-medium wp-image-4795\" alt=\"\" srcset=\"https:\/\/ocupados.grupopiquer.com\/contenidos\/wp-content\/uploads\/2023\/04\/indice-300x62.png 300w, https:\/\/ocupados.grupopiquer.com\/contenidos\/wp-content\/uploads\/2023\/04\/indice.png 493w\" sizes=\"(max-width: 300px) 100vw, 300px\" \/>\t\t\t\t\t\t\t\t\t\t\t\t\t\t\t<\/div>\n\t\t\t\t<\/div>\n\t\t\t\t<\/div>\n\t\t\t\t<\/div>\n\t\t<div class=\"elementor-element elementor-element-4d090d73 e-flex e-con-boxed e-con e-parent\" data-id=\"4d090d73\" data-element_type=\"container\" data-settings=\"{&quot;background_background&quot;:&quot;classic&quot;}\">\n\t\t\t\t\t<div class=\"e-con-inner\">\n\t\t\t\t<div class=\"elementor-element elementor-element-66eb5979 elementor-widget elementor-widget-text-editor\" data-id=\"66eb5979\" data-element_type=\"widget\" data-widget_type=\"text-editor.default\">\n\t\t\t\t<div class=\"elementor-widget-container\">\n\t\t\t\t\t\t\t\t\t<p>Aplicaci\u00f3n de las Herramientas Digitales en la Innovaci\u00f3n Educativa (SSCE010PO)<\/p>\t\t\t\t\t\t\t\t<\/div>\n\t\t\t\t<\/div>\n\t\t\t\t<div class=\"elementor-element elementor-element-539d4184 elementor-widget elementor-widget-eael-creative-button\" data-id=\"539d4184\" data-element_type=\"widget\" data-widget_type=\"eael-creative-button.default\">\n\t\t\t\t<div class=\"elementor-widget-container\">\n\t\t\t\t\t        <div class=\"eael-creative-button-wrapper\">\n\n            <a class=\"eael-creative-button eael-creative-button--rayen\" href=\"https:\/\/ocupados.grupopiquer.com\/contenidos\/inscripciones\/?codSepe=SSCE010PO&#038;sector=Educacion\" data-text=\"Adelante!\">\n\n\t    \n                <div class=\"creative-button-inner\">\n\n                    \n                    <span class=\"cretive-button-text\">Quiero inscribirme<\/span>\n\n                                    <\/div>\n\t                        <\/a>\n        <\/div>\n        \t\t\t\t<\/div>\n\t\t\t\t<\/div>\n\t\t\t\t\t<\/div>\n\t\t\t\t<\/div>\n\t\t<div class=\"elementor-element elementor-element-122a8227 e-flex e-con-boxed e-con e-parent\" data-id=\"122a8227\" data-element_type=\"container\">\n\t\t\t\t\t<div class=\"e-con-inner\">\n\t\t\t\t<div class=\"elementor-element elementor-element-2619ff79 elementor-widget elementor-widget-eael-adv-accordion\" data-id=\"2619ff79\" data-element_type=\"widget\" data-widget_type=\"eael-adv-accordion.default\">\n\t\t\t\t<div class=\"elementor-widget-container\">\n\t\t\t\t\t        <div class=\"eael-adv-accordion\" id=\"eael-adv-accordion-2619ff79\" data-scroll-on-click=\"no\" data-scroll-speed=\"300\" data-accordion-id=\"2619ff79\" data-accordion-type=\"toggle\" data-toogle-speed=\"300\">\n    <div class=\"eael-accordion-list\">\n                <div id=\"duracin\" class=\"elementor-tab-title eael-accordion-header\" tabindex=\"0\" data-tab=\"1\" aria-controls=\"elementor-tab-content-6391\"><span class=\"eael-accordion-tab-title\">Duraci\u00f3n<\/span><\/div><div id=\"elementor-tab-content-6391\" class=\"eael-accordion-content clearfix\" data-tab=\"1\" aria-labelledby=\"duracin\"><h5>50 horas<\/h5><\/div>\n                <\/div><div class=\"eael-accordion-list\">\n                <div id=\"objetivos\" class=\"elementor-tab-title eael-accordion-header\" tabindex=\"0\" data-tab=\"2\" aria-controls=\"elementor-tab-content-6392\"><span class=\"eael-accordion-tab-title\">Objetivos<\/span><\/div><div id=\"elementor-tab-content-6392\" class=\"eael-accordion-content clearfix\" data-tab=\"2\" aria-labelledby=\"objetivos\"><h5>Adquirir las habilidades y conocimientos necesarios para utilizar de forma adecuada las herramientas digitales en el \u00e1mbito de la innovaci\u00f3n educativa.<\/h5><\/div>\n                <\/div><div class=\"eael-accordion-list\">\n                <div id=\"contenidos\" class=\"elementor-tab-title eael-accordion-header\" tabindex=\"0\" data-tab=\"3\" aria-controls=\"elementor-tab-content-6393\"><span class=\"eael-accordion-tab-title\">Contenidos<\/span><\/div><div id=\"elementor-tab-content-6393\" class=\"eael-accordion-content clearfix\" data-tab=\"3\" aria-labelledby=\"contenidos\"><h5>1. APLICACI\u00d3N DE LAS HERRAMIENTAS DIGITALES EN LA INNOVACI\u00d3N EDUCATIVA.<br \/>1.1. Las Redes Sociales.<br \/>1.1.1.Las redes sociales aplicadas a la educaci\u00f3n.<br \/>1.1.2.Servicios y tipos de redes sociales.<br \/>1.1.3.An\u00e1lisis y utilizaci\u00f3n de las redes sociales como innovaci\u00f3n en el contexto educativo.<br \/>1.1.4.Privacidad, intimidad y protecci\u00f3n.<br \/>1.1.5.La legalidad de los contenidos y las nuevas tipolog\u00edas de propiedad intelectual.<br \/>1.1.6.Investigaci\u00f3n y an\u00e1lisis de casos de \u00e9xito en las redes sociales.<br \/>1.1.7.Lectura documental sobre los beneficios que provocan las redes sociales en la educaci\u00f3n.<br \/>1.1.8.B\u00fasqueda de informaci\u00f3n en Internet sobre casos de proyectos innovadores en educaci\u00f3n. Puesta en com\u00fan a trav\u00e9s del foro<br \/>1.1.9.Realizaci\u00f3n de un esquema en el que se establezcan las diferentes medidas para garantizar la privacidad, intimidad y protecci\u00f3n en las redes sociales.<br \/>1.1.10.Elaboraci\u00f3n de un dossier donde se recopilen las diferentes p\u00e1ginas Web que nos sirven como recurso para ampliar informaci\u00f3n.<br \/>1.2. Entornos Virtuales de Aprendizaje en la Web.<br \/>1.2.1.Introducci\u00f3n a la Web 2.0.<br \/>1.2.2.La biblioteca y la Web 2.0.<br \/>1.2.3.Evoluci\u00f3n: la web 3.0.<br \/>1.2.4.Definici\u00f3n de las caracter\u00edsticas de la biblioteca 2.0 \/ web 2.0 \/ 3.0.<br \/>1.2.5.B\u00fasqueda en Internet de casos de \u00e9xito de bibliotecas virtuales. Posterior puesta en com\u00fan a trav\u00e9s del foro.<br \/>1.2.6.Visualizaci\u00f3n de un v\u00eddeo explicativo sobre la evoluci\u00f3n tecnol\u00f3gica de la Web.<br \/>1.2.7.An\u00e1lisis de las diferencias entre las Web 1.0, 2.0 y 3.0.<br \/>1.2.8.Elaboraci\u00f3n de un dossier donde se recopilen las diferentes p\u00e1ginas web que nos sirven como recurso para ampliar informaci\u00f3n.<br \/>1.3. Las Webblogs.<br \/>1.3.1.Concepto de blog.<br \/>1.3.2.Principios y t\u00e9cnicas de trabajo con blogs.<br \/>1.3.3.Terminolog\u00eda con blogging.<br \/>1.3.4.Pautas para el desarrollo de un blog.<br \/>1.3.5.Realizaci\u00f3n de un esquema en el que se incluya la informaci\u00f3n relativa a los diferentes tipos de blogs estableciendo sus caracter\u00edsticas propias.<br \/>1.3.6.Elaboraci\u00f3n de un listado con la terminolog\u00eda blogging m\u00e1s empleada.<br \/>1.3.7.Lectura de documentaci\u00f3n sobre los principios y t\u00e9cnicas de trabajo con blogs.<br \/>1.3.8.Colaboraci\u00f3n en el dise\u00f1o de un blog educativo utilizando las distintas herramientas de la Web.<br \/>1.3.9.Elaboraci\u00f3n de un dossier donde se recopilen las diferentes p\u00e1ginas web que nos sirven como recurso para ampliar informaci\u00f3n.<br \/>1.4. Plataformas para Wikis.<br \/>1.4.1.El origen de wiki. Caracter\u00edsticas.<br \/>1.4.2.Wikis como herramienta educativa.<br \/>1.4.3.Configurar y editar un wiki.<br \/>1.4.4.Plataformas de wikis.<br \/>1.4.5.Sindicaci\u00f3n de contenidos.<br \/>1.4.6.Identificaci\u00f3n de las caracter\u00edsticas de las wikis a trav\u00e9s de un ejercicio pr\u00e1ctico.<br \/>1.4.7.An\u00e1lisis de las plataformas de wikis existentes en la red a trav\u00e9s del acceso a las mismas.<br \/>1.4.8.Desarrollo de los procesos de configuraci\u00f3n y edici\u00f3n de una wiki mediante un ejercicio pr\u00e1ctico.<br \/>1.4.9.Descripci\u00f3n de ventajas e inconvenientes que proporciona la sindicaci\u00f3n de contenidos.<br \/>1.4.10.Elaboraci\u00f3n de un dossier donde se recopilen las diferentes p\u00e1ginas web que nos sirven como recurso para ampliar informaci\u00f3n.<br \/>1.5. Plataformas E-Learning.<br \/>1.5.1.Definici\u00f3n y tipos de plataformas e-learning.<br \/>1.5.2.Uso de las plataformas e-learning como innovaci\u00f3n en el campus virtual.<br \/>1.5.3.La plataforma Moodle.<br \/>1.5.4.Realizaci\u00f3n de un ejercicio pr\u00e1ctico en el que se definan e identifiquen los diferentes tipos de plataformas e-learning.<br \/>1.5.5.Instalaci\u00f3n y exploraci\u00f3n de las plataformas educativas e-learning, especialmente la plataforma Moodle.<br \/>1.5.6.An\u00e1lisis de los elementos importantes a la hora de gestionar y desarrollar un curso en Moodle a trav\u00e9s de la realizaci\u00f3n de un ejercicio pr\u00e1ctico.<br \/>1.5.7.Elaboraci\u00f3n de un dossier donde se recopilen las diferentes p\u00e1ginas web que nos sirven como recurso para ampliar informaci\u00f3n.<\/h5><\/div>\n                <\/div><\/div>\t\t\t\t<\/div>\n\t\t\t\t<\/div>\n\t\t\t\t\t<\/div>\n\t\t\t\t<\/div>\n\t\t<div class=\"elementor-element elementor-element-38d713b2 e-flex e-con-boxed e-con e-parent\" data-id=\"38d713b2\" data-element_type=\"container\">\n\t\t\t\t\t<div class=\"e-con-inner\">\n\t\t\t\t<div class=\"elementor-element elementor-element-d8a330f elementor-widget elementor-widget-eael-creative-button\" data-id=\"d8a330f\" data-element_type=\"widget\" data-widget_type=\"eael-creative-button.default\">\n\t\t\t\t<div class=\"elementor-widget-container\">\n\t\t\t\t\t        <div class=\"eael-creative-button-wrapper\">\n\n            <a class=\"eael-creative-button eael-creative-button--rayen\" href=\"https:\/\/ocupados.grupopiquer.com\/contenidos\/inscripciones\/?codSepe=SSCE010PO&#038;sector=Educacion\" data-text=\"Adelante!\">\n\n\t    \n                <div class=\"creative-button-inner\">\n\n                    \n                    <span class=\"cretive-button-text\">Quiero inscribirme<\/span>\n\n                                    <\/div>\n\t                        <\/a>\n        <\/div>\n        \t\t\t\t<\/div>\n\t\t\t\t<\/div>\n\t\t\t\t\t<\/div>\n\t\t\t\t<\/div>\n\t\t<div class=\"elementor-element elementor-element-a61a87d e-flex e-con-boxed e-con e-parent\" data-id=\"a61a87d\" data-element_type=\"container\">\n\t\t\t\t\t<div class=\"e-con-inner\">\n\t\t\t\t<div class=\"elementor-element elementor-element-0f5077c elementor-widget elementor-widget-html\" data-id=\"0f5077c\" data-element_type=\"widget\" data-widget_type=\"html.default\">\n\t\t\t\t<div class=\"elementor-widget-container\">\n\t\t\t\t\t<script>\r\nconst urlSearchParams = new URLSearchParams(window.location.search);\r\nconst codSepe = urlSearchParams.get(\"codSepe\");\r\nconst sector = urlSearchParams.get(\"sector\");\r\nconst enlaces= document.getElementsByClassName(\"eael-creative-button\");\r\nfor (var i = 0; enlaces.length; i++){\r\n    enlaces[i].href=\"https:\/\/ocupados.grupopiquer.com\/contenidos\/inscripciones\/?codSepe=\"+codSepe+\"&sector=\"+sector\r\n}\r\n<\/script>\t\t\t\t<\/div>\n\t\t\t\t<\/div>\n\t\t\t\t\t<\/div>\n\t\t\t\t<\/div>\n\t\t\t\t<\/div>\n\t\t","protected":false},"excerpt":{"rendered":"<p>Aplicaci\u00f3n de las Herramientas Digitales en la Innovaci\u00f3n Educativa (SSCE010PO) Quiero inscribirme Duraci\u00f3n 50 horas Objetivos Adquirir las habilidades y [&hellip;]<\/p>\n","protected":false},"author":6,"featured_media":0,"parent":0,"menu_order":0,"comment_status":"closed","ping_status":"closed","template":"elementor_canvas","meta":{"site-sidebar-layout":"default","site-content-layout":"","ast-site-content-layout":"","site-content-style":"default","site-sidebar-style":"default","ast-global-header-display":"","ast-banner-title-visibility":"","ast-main-header-display":"","ast-hfb-above-header-display":"","ast-hfb-below-header-display":"","ast-hfb-mobile-header-display":"","site-post-title":"","ast-breadcrumbs-content":"","ast-featured-img":"","footer-sml-layout":"","theme-transparent-header-meta":"","adv-header-id-meta":"","stick-header-meta":"","header-above-stick-meta":"","header-main-stick-meta":"","header-below-stick-meta":"","astra-migrate-meta-layouts":"default","ast-page-background-enabled":"default","ast-page-background-meta":{"desktop":{"background-color":"var(--ast-global-color-4)","background-image":"","background-repeat":"repeat","background-position":"center center","background-size":"auto","background-attachment":"scroll","background-type":"","background-media":"","overlay-type":"","overlay-color":"","overlay-opacity":"","overlay-gradient":""},"tablet":{"background-color":"","background-image":"","background-repeat":"repeat","background-position":"center center","background-size":"auto","background-attachment":"scroll","background-type":"","background-media":"","overlay-type":"","overlay-color":"","overlay-opacity":"","overlay-gradient":""},"mobile":{"background-color":"","background-image":"","background-repeat":"repeat","background-position":"center center","background-size":"auto","background-attachment":"scroll","background-type":"","background-media":"","overlay-type":"","overlay-color":"","overlay-opacity":"","overlay-gradient":""}},"ast-content-background-meta":{"desktop":{"background-color":"var(--ast-global-color-5)","background-image":"","background-repeat":"repeat","background-position":"center center","background-size":"auto","background-attachment":"scroll","background-type":"","background-media":"","overlay-type":"","overlay-color":"","overlay-opacity":"","overlay-gradient":""},"tablet":{"background-color":"var(--ast-global-color-5)","background-image":"","background-repeat":"repeat","background-position":"center center","background-size":"auto","background-attachment":"scroll","background-type":"","background-media":"","overlay-type":"","overlay-color":"","overlay-opacity":"","overlay-gradient":""},"mobile":{"background-color":"var(--ast-global-color-5)","background-image":"","background-repeat":"repeat","background-position":"center center","background-size":"auto","background-attachment":"scroll","background-type":"","background-media":"","overlay-type":"","overlay-color":"","overlay-opacity":"","overlay-gradient":""}},"footnotes":""},"class_list":["post-5730","page","type-page","status-publish","hentry"],"yoast_head":"<!-- This site is optimized with the Yoast SEO plugin v25.1 - https:\/\/yoast.com\/wordpress\/plugins\/seo\/ -->\n<title>SSCE010PO - Contenidos Online<\/title>\n<meta name=\"robots\" content=\"index, follow, max-snippet:-1, max-image-preview:large, max-video-preview:-1\" \/>\n<link rel=\"canonical\" href=\"https:\/\/ocupados.grupopiquer.com\/contenidos\/ssce010po\/\" \/>\n<meta property=\"og:locale\" content=\"es_ES\" \/>\n<meta property=\"og:type\" content=\"article\" \/>\n<meta property=\"og:title\" content=\"SSCE010PO - Contenidos Online\" \/>\n<meta property=\"og:description\" content=\"Aplicaci\u00f3n de las Herramientas Digitales en la Innovaci\u00f3n Educativa (SSCE010PO) Quiero inscribirme Duraci\u00f3n 50 horas Objetivos Adquirir las habilidades y [&hellip;]\" \/>\n<meta property=\"og:url\" content=\"https:\/\/ocupados.grupopiquer.com\/contenidos\/ssce010po\/\" \/>\n<meta property=\"og:site_name\" content=\"Contenidos Online\" \/>\n<meta property=\"article:modified_time\" content=\"2024-01-09T15:50:09+00:00\" \/>\n<meta property=\"og:image\" content=\"https:\/\/ocupados.grupopiquer.com\/contenidos\/wp-content\/uploads\/2024\/01\/Grupo-Piquer-COLOR-1-300x115.png\" \/>\n<meta name=\"twitter:card\" content=\"summary_large_image\" \/>\n<meta name=\"twitter:label1\" content=\"Tiempo de lectura\" \/>\n\t<meta name=\"twitter:data1\" content=\"4 minutos\" \/>\n<script type=\"application\/ld+json\" class=\"yoast-schema-graph\">{\"@context\":\"https:\/\/schema.org\",\"@graph\":[{\"@type\":\"WebPage\",\"@id\":\"https:\/\/ocupados.grupopiquer.com\/contenidos\/ssce010po\/\",\"url\":\"https:\/\/ocupados.grupopiquer.com\/contenidos\/ssce010po\/\",\"name\":\"SSCE010PO - Contenidos Online\",\"isPartOf\":{\"@id\":\"https:\/\/ocupados.grupopiquer.com\/contenidos\/#website\"},\"primaryImageOfPage\":{\"@id\":\"https:\/\/ocupados.grupopiquer.com\/contenidos\/ssce010po\/#primaryimage\"},\"image\":{\"@id\":\"https:\/\/ocupados.grupopiquer.com\/contenidos\/ssce010po\/#primaryimage\"},\"thumbnailUrl\":\"https:\/\/ocupados.grupopiquer.com\/contenidos\/wp-content\/uploads\/2024\/01\/Grupo-Piquer-COLOR-1-300x115.png\",\"datePublished\":\"2023-05-09T11:12:31+00:00\",\"dateModified\":\"2024-01-09T15:50:09+00:00\",\"breadcrumb\":{\"@id\":\"https:\/\/ocupados.grupopiquer.com\/contenidos\/ssce010po\/#breadcrumb\"},\"inLanguage\":\"es\",\"potentialAction\":[{\"@type\":\"ReadAction\",\"target\":[\"https:\/\/ocupados.grupopiquer.com\/contenidos\/ssce010po\/\"]}]},{\"@type\":\"ImageObject\",\"inLanguage\":\"es\",\"@id\":\"https:\/\/ocupados.grupopiquer.com\/contenidos\/ssce010po\/#primaryimage\",\"url\":\"https:\/\/ocupados.grupopiquer.com\/contenidos\/wp-content\/uploads\/2024\/01\/Grupo-Piquer-COLOR-1.png\",\"contentUrl\":\"https:\/\/ocupados.grupopiquer.com\/contenidos\/wp-content\/uploads\/2024\/01\/Grupo-Piquer-COLOR-1.png\",\"width\":705,\"height\":270},{\"@type\":\"BreadcrumbList\",\"@id\":\"https:\/\/ocupados.grupopiquer.com\/contenidos\/ssce010po\/#breadcrumb\",\"itemListElement\":[{\"@type\":\"ListItem\",\"position\":1,\"name\":\"Portada\",\"item\":\"https:\/\/ocupados.grupopiquer.com\/contenidos\/\"},{\"@type\":\"ListItem\",\"position\":2,\"name\":\"SSCE010PO\"}]},{\"@type\":\"WebSite\",\"@id\":\"https:\/\/ocupados.grupopiquer.com\/contenidos\/#website\",\"url\":\"https:\/\/ocupados.grupopiquer.com\/contenidos\/\",\"name\":\"Contenidos Online\",\"description\":\"\",\"publisher\":{\"@id\":\"https:\/\/ocupados.grupopiquer.com\/contenidos\/#organization\"},\"potentialAction\":[{\"@type\":\"SearchAction\",\"target\":{\"@type\":\"EntryPoint\",\"urlTemplate\":\"https:\/\/ocupados.grupopiquer.com\/contenidos\/?s={search_term_string}\"},\"query-input\":{\"@type\":\"PropertyValueSpecification\",\"valueRequired\":true,\"valueName\":\"search_term_string\"}}],\"inLanguage\":\"es\"},{\"@type\":\"Organization\",\"@id\":\"https:\/\/ocupados.grupopiquer.com\/contenidos\/#organization\",\"name\":\"Contenidos Online\",\"url\":\"https:\/\/ocupados.grupopiquer.com\/contenidos\/\",\"logo\":{\"@type\":\"ImageObject\",\"inLanguage\":\"es\",\"@id\":\"https:\/\/ocupados.grupopiquer.com\/contenidos\/#\/schema\/logo\/image\/\",\"url\":\"https:\/\/ocupados.grupopiquer.com\/contenidos\/wp-content\/uploads\/2024\/01\/Grupo-Piquer-COLOR-1.png\",\"contentUrl\":\"https:\/\/ocupados.grupopiquer.com\/contenidos\/wp-content\/uploads\/2024\/01\/Grupo-Piquer-COLOR-1.png\",\"width\":705,\"height\":270,\"caption\":\"Contenidos Online\"},\"image\":{\"@id\":\"https:\/\/ocupados.grupopiquer.com\/contenidos\/#\/schema\/logo\/image\/\"}}]}<\/script>\n<!-- \/ Yoast SEO plugin. -->","yoast_head_json":{"title":"SSCE010PO - Contenidos Online","robots":{"index":"index","follow":"follow","max-snippet":"max-snippet:-1","max-image-preview":"max-image-preview:large","max-video-preview":"max-video-preview:-1"},"canonical":"https:\/\/ocupados.grupopiquer.com\/contenidos\/ssce010po\/","og_locale":"es_ES","og_type":"article","og_title":"SSCE010PO - Contenidos Online","og_description":"Aplicaci\u00f3n de las Herramientas Digitales en la Innovaci\u00f3n Educativa (SSCE010PO) Quiero inscribirme Duraci\u00f3n 50 horas Objetivos Adquirir las habilidades y [&hellip;]","og_url":"https:\/\/ocupados.grupopiquer.com\/contenidos\/ssce010po\/","og_site_name":"Contenidos Online","article_modified_time":"2024-01-09T15:50:09+00:00","og_image":[{"url":"https:\/\/ocupados.grupopiquer.com\/contenidos\/wp-content\/uploads\/2024\/01\/Grupo-Piquer-COLOR-1-300x115.png","type":"","width":"","height":""}],"twitter_card":"summary_large_image","twitter_misc":{"Tiempo de lectura":"4 minutos"},"schema":{"@context":"https:\/\/schema.org","@graph":[{"@type":"WebPage","@id":"https:\/\/ocupados.grupopiquer.com\/contenidos\/ssce010po\/","url":"https:\/\/ocupados.grupopiquer.com\/contenidos\/ssce010po\/","name":"SSCE010PO - Contenidos Online","isPartOf":{"@id":"https:\/\/ocupados.grupopiquer.com\/contenidos\/#website"},"primaryImageOfPage":{"@id":"https:\/\/ocupados.grupopiquer.com\/contenidos\/ssce010po\/#primaryimage"},"image":{"@id":"https:\/\/ocupados.grupopiquer.com\/contenidos\/ssce010po\/#primaryimage"},"thumbnailUrl":"https:\/\/ocupados.grupopiquer.com\/contenidos\/wp-content\/uploads\/2024\/01\/Grupo-Piquer-COLOR-1-300x115.png","datePublished":"2023-05-09T11:12:31+00:00","dateModified":"2024-01-09T15:50:09+00:00","breadcrumb":{"@id":"https:\/\/ocupados.grupopiquer.com\/contenidos\/ssce010po\/#breadcrumb"},"inLanguage":"es","potentialAction":[{"@type":"ReadAction","target":["https:\/\/ocupados.grupopiquer.com\/contenidos\/ssce010po\/"]}]},{"@type":"ImageObject","inLanguage":"es","@id":"https:\/\/ocupados.grupopiquer.com\/contenidos\/ssce010po\/#primaryimage","url":"https:\/\/ocupados.grupopiquer.com\/contenidos\/wp-content\/uploads\/2024\/01\/Grupo-Piquer-COLOR-1.png","contentUrl":"https:\/\/ocupados.grupopiquer.com\/contenidos\/wp-content\/uploads\/2024\/01\/Grupo-Piquer-COLOR-1.png","width":705,"height":270},{"@type":"BreadcrumbList","@id":"https:\/\/ocupados.grupopiquer.com\/contenidos\/ssce010po\/#breadcrumb","itemListElement":[{"@type":"ListItem","position":1,"name":"Portada","item":"https:\/\/ocupados.grupopiquer.com\/contenidos\/"},{"@type":"ListItem","position":2,"name":"SSCE010PO"}]},{"@type":"WebSite","@id":"https:\/\/ocupados.grupopiquer.com\/contenidos\/#website","url":"https:\/\/ocupados.grupopiquer.com\/contenidos\/","name":"Contenidos Online","description":"","publisher":{"@id":"https:\/\/ocupados.grupopiquer.com\/contenidos\/#organization"},"potentialAction":[{"@type":"SearchAction","target":{"@type":"EntryPoint","urlTemplate":"https:\/\/ocupados.grupopiquer.com\/contenidos\/?s={search_term_string}"},"query-input":{"@type":"PropertyValueSpecification","valueRequired":true,"valueName":"search_term_string"}}],"inLanguage":"es"},{"@type":"Organization","@id":"https:\/\/ocupados.grupopiquer.com\/contenidos\/#organization","name":"Contenidos Online","url":"https:\/\/ocupados.grupopiquer.com\/contenidos\/","logo":{"@type":"ImageObject","inLanguage":"es","@id":"https:\/\/ocupados.grupopiquer.com\/contenidos\/#\/schema\/logo\/image\/","url":"https:\/\/ocupados.grupopiquer.com\/contenidos\/wp-content\/uploads\/2024\/01\/Grupo-Piquer-COLOR-1.png","contentUrl":"https:\/\/ocupados.grupopiquer.com\/contenidos\/wp-content\/uploads\/2024\/01\/Grupo-Piquer-COLOR-1.png","width":705,"height":270,"caption":"Contenidos Online"},"image":{"@id":"https:\/\/ocupados.grupopiquer.com\/contenidos\/#\/schema\/logo\/image\/"}}]}},"jetpack_sharing_enabled":true,"_links":{"self":[{"href":"https:\/\/ocupados.grupopiquer.com\/contenidos\/wp-json\/wp\/v2\/pages\/5730","targetHints":{"allow":["GET"]}}],"collection":[{"href":"https:\/\/ocupados.grupopiquer.com\/contenidos\/wp-json\/wp\/v2\/pages"}],"about":[{"href":"https:\/\/ocupados.grupopiquer.com\/contenidos\/wp-json\/wp\/v2\/types\/page"}],"author":[{"embeddable":true,"href":"https:\/\/ocupados.grupopiquer.com\/contenidos\/wp-json\/wp\/v2\/users\/6"}],"replies":[{"embeddable":true,"href":"https:\/\/ocupados.grupopiquer.com\/contenidos\/wp-json\/wp\/v2\/comments?post=5730"}],"version-history":[{"count":23,"href":"https:\/\/ocupados.grupopiquer.com\/contenidos\/wp-json\/wp\/v2\/pages\/5730\/revisions"}],"predecessor-version":[{"id":9445,"href":"https:\/\/ocupados.grupopiquer.com\/contenidos\/wp-json\/wp\/v2\/pages\/5730\/revisions\/9445"}],"wp:attachment":[{"href":"https:\/\/ocupados.grupopiquer.com\/contenidos\/wp-json\/wp\/v2\/media?parent=5730"}],"curies":[{"name":"wp","href":"https:\/\/api.w.org\/{rel}","templated":true}]}}