{"id":6414,"date":"2023-05-11T07:45:47","date_gmt":"2023-05-11T07:45:47","guid":{"rendered":"https:\/\/ocupados.grupopiquer.com\/contenidos\/?page_id=6414"},"modified":"2024-01-09T10:42:54","modified_gmt":"2024-01-09T10:42:54","slug":"adgd067po-2","status":"publish","type":"page","link":"https:\/\/ocupados.grupopiquer.com\/contenidos\/adgd067po-2\/","title":{"rendered":"ADGD067PO"},"content":{"rendered":"\t\t<div data-elementor-type=\"wp-page\" data-elementor-id=\"6414\" class=\"elementor elementor-6414\">\n\t\t\t\t<div class=\"elementor-element elementor-element-638a530c e-con-full e-flex e-con e-parent\" data-id=\"638a530c\" data-element_type=\"container\">\n\t\t<div class=\"elementor-element elementor-element-3e1346fa e-con-full e-flex e-con e-child\" data-id=\"3e1346fa\" data-element_type=\"container\">\n\t\t\t\t<div class=\"elementor-element elementor-element-cb40aac elementor-widget__width-inherit elementor-widget elementor-widget-image\" data-id=\"cb40aac\" data-element_type=\"widget\" data-widget_type=\"image.default\">\n\t\t\t\t<div class=\"elementor-widget-container\">\n\t\t\t\t\t\t\t\t\t\t\t\t\t\t\t<img decoding=\"async\" width=\"300\" height=\"115\" src=\"https:\/\/ocupados.grupopiquer.com\/contenidos\/wp-content\/uploads\/2024\/01\/Grupo-Piquer-COLOR-1-165x63.png\" class=\"attachment-medium size-medium wp-image-9152\" alt=\"\" srcset=\"https:\/\/ocupados.grupopiquer.com\/contenidos\/wp-content\/uploads\/2024\/01\/Grupo-Piquer-COLOR-1-300x115.png 300w, https:\/\/ocupados.grupopiquer.com\/contenidos\/wp-content\/uploads\/2024\/01\/Grupo-Piquer-COLOR-1-600x230.png 600w, https:\/\/ocupados.grupopiquer.com\/contenidos\/wp-content\/uploads\/2024\/01\/Grupo-Piquer-COLOR-1-165x63.png 165w, https:\/\/ocupados.grupopiquer.com\/contenidos\/wp-content\/uploads\/2024\/01\/Grupo-Piquer-COLOR-1.png 705w\" sizes=\"(max-width: 300px) 100vw, 300px\" \/>\t\t\t\t\t\t\t\t\t\t\t\t\t\t\t<\/div>\n\t\t\t\t<\/div>\n\t\t\t\t<\/div>\n\t\t<div class=\"elementor-element elementor-element-4f887f95 e-con-full e-flex e-con e-child\" data-id=\"4f887f95\" data-element_type=\"container\">\n\t\t\t\t<div class=\"elementor-element elementor-element-4a4becb9 elementor-widget__width-inherit elementor-widget elementor-widget-image\" data-id=\"4a4becb9\" data-element_type=\"widget\" data-widget_type=\"image.default\">\n\t\t\t\t<div class=\"elementor-widget-container\">\n\t\t\t\t\t\t\t\t\t\t\t\t\t\t\t<img decoding=\"async\" width=\"300\" height=\"151\" src=\"https:\/\/ocupados.grupopiquer.com\/contenidos\/wp-content\/uploads\/2023\/04\/fundacion-estatal-logo-1-300x151.png\" class=\"attachment-medium size-medium wp-image-5409\" alt=\"\" srcset=\"https:\/\/ocupados.grupopiquer.com\/contenidos\/wp-content\/uploads\/2023\/04\/fundacion-estatal-logo-1-300x151.png 300w, https:\/\/ocupados.grupopiquer.com\/contenidos\/wp-content\/uploads\/2023\/04\/fundacion-estatal-logo-1.png 565w\" sizes=\"(max-width: 300px) 100vw, 300px\" \/>\t\t\t\t\t\t\t\t\t\t\t\t\t\t\t<\/div>\n\t\t\t\t<\/div>\n\t\t\t\t<\/div>\n\t\t<div class=\"elementor-element elementor-element-2c88974f e-con-full e-flex e-con e-child\" data-id=\"2c88974f\" data-element_type=\"container\">\n\t\t\t\t<div class=\"elementor-element elementor-element-661fdeba elementor-widget__width-inherit elementor-widget elementor-widget-image\" data-id=\"661fdeba\" data-element_type=\"widget\" data-widget_type=\"image.default\">\n\t\t\t\t<div class=\"elementor-widget-container\">\n\t\t\t\t\t\t\t\t\t\t\t\t\t\t\t<img decoding=\"async\" width=\"300\" height=\"62\" src=\"https:\/\/ocupados.grupopiquer.com\/contenidos\/wp-content\/uploads\/2023\/04\/indice-300x62.png\" class=\"attachment-medium size-medium wp-image-4795\" alt=\"\" srcset=\"https:\/\/ocupados.grupopiquer.com\/contenidos\/wp-content\/uploads\/2023\/04\/indice-300x62.png 300w, https:\/\/ocupados.grupopiquer.com\/contenidos\/wp-content\/uploads\/2023\/04\/indice.png 493w\" sizes=\"(max-width: 300px) 100vw, 300px\" \/>\t\t\t\t\t\t\t\t\t\t\t\t\t\t\t<\/div>\n\t\t\t\t<\/div>\n\t\t\t\t<\/div>\n\t\t\t\t<\/div>\n\t\t<div class=\"elementor-element elementor-element-4d090d73 e-flex e-con-boxed e-con e-parent\" data-id=\"4d090d73\" data-element_type=\"container\" data-settings=\"{&quot;background_background&quot;:&quot;classic&quot;}\">\n\t\t\t\t\t<div class=\"e-con-inner\">\n\t\t\t\t<div class=\"elementor-element elementor-element-66eb5979 elementor-widget elementor-widget-text-editor\" data-id=\"66eb5979\" data-element_type=\"widget\" data-widget_type=\"text-editor.default\">\n\t\t\t\t<div class=\"elementor-widget-container\">\n\t\t\t\t\t\t\t\t\t<p>Direcci\u00f3n de Equipos y Coaching (ADGD067PO)<\/p>\t\t\t\t\t\t\t\t<\/div>\n\t\t\t\t<\/div>\n\t\t\t\t<div class=\"elementor-element elementor-element-539d4184 elementor-widget elementor-widget-eael-creative-button\" data-id=\"539d4184\" data-element_type=\"widget\" data-widget_type=\"eael-creative-button.default\">\n\t\t\t\t<div class=\"elementor-widget-container\">\n\t\t\t\t\t        <div class=\"eael-creative-button-wrapper\">\n\n            <a class=\"eael-creative-button eael-creative-button--rayen\" href=\"https:\/\/ocupados.grupopiquer.com\/enrol\/index.php?id=147\" data-text=\"Adelante!\">\n\n\t    \n                <div class=\"creative-button-inner\">\n\n                    \n                    <span class=\"cretive-button-text\">Quiero inscribirme<\/span>\n\n                                    <\/div>\n\t                        <\/a>\n        <\/div>\n        \t\t\t\t<\/div>\n\t\t\t\t<\/div>\n\t\t\t\t\t<\/div>\n\t\t\t\t<\/div>\n\t\t<div class=\"elementor-element elementor-element-122a8227 e-flex e-con-boxed e-con e-parent\" data-id=\"122a8227\" data-element_type=\"container\">\n\t\t\t\t\t<div class=\"e-con-inner\">\n\t\t\t\t<div class=\"elementor-element elementor-element-2619ff79 elementor-widget elementor-widget-eael-adv-accordion\" data-id=\"2619ff79\" data-element_type=\"widget\" data-widget_type=\"eael-adv-accordion.default\">\n\t\t\t\t<div class=\"elementor-widget-container\">\n\t\t\t\t\t        <div class=\"eael-adv-accordion\" id=\"eael-adv-accordion-2619ff79\" data-scroll-on-click=\"no\" data-scroll-speed=\"300\" data-accordion-id=\"2619ff79\" data-accordion-type=\"toggle\" data-toogle-speed=\"300\">\n    <div class=\"eael-accordion-list\">\n                <div id=\"duracin\" class=\"elementor-tab-title eael-accordion-header\" tabindex=\"0\" data-tab=\"1\" aria-controls=\"elementor-tab-content-6391\"><span class=\"eael-accordion-tab-title\">Duraci\u00f3n<\/span><\/div><div id=\"elementor-tab-content-6391\" class=\"eael-accordion-content clearfix\" data-tab=\"1\" aria-labelledby=\"duracin\"><h5>25 horas<\/h5><\/div>\n                <\/div><div class=\"eael-accordion-list\">\n                <div id=\"objetivos\" class=\"elementor-tab-title eael-accordion-header\" tabindex=\"0\" data-tab=\"2\" aria-controls=\"elementor-tab-content-6392\"><span class=\"eael-accordion-tab-title\">Objetivos<\/span><\/div><div id=\"elementor-tab-content-6392\" class=\"eael-accordion-content clearfix\" data-tab=\"2\" aria-labelledby=\"objetivos\"><h5>Adquirir habilidades y destrezas para desarrollar programas de entrenamiento o<br \/>acompa\u00f1amiento personal y profesional, con el objetivo de facilitar la consecuci\u00f3n de<br \/>logros y objetivos tanto personales como empresariales.<\/h5><\/div>\n                <\/div><div class=\"eael-accordion-list\">\n                <div id=\"contenidos\" class=\"elementor-tab-title eael-accordion-header\" tabindex=\"0\" data-tab=\"3\" aria-controls=\"elementor-tab-content-6393\"><span class=\"eael-accordion-tab-title\">Contenidos<\/span><\/div><div id=\"elementor-tab-content-6393\" class=\"eael-accordion-content clearfix\" data-tab=\"3\" aria-labelledby=\"contenidos\"><h5>1. COMPETENCIAS PERSONALES PARA SER LIDER.<br \/>1.1. Mejora la comunicaci\u00f3n no verbal.<br \/>1.1.1. El proceso de comunicaci\u00f3n.<br \/>1.1.2. El lenguaje del cuerpo<br \/>1.1.3. Como mejorar la gesti\u00f3n del trabajo a trav\u00e9s de la comunicaci\u00f3n no verbal.<br \/>1.2. Seleccionar el canal de comunicaci\u00f3n.<br \/>1.2.1. Diferencias entre los canales de comunicaci\u00f3n oral y escrita.<br \/>1.2.2. Mejore su comunicaci\u00f3n escrita.<br \/>1.2.3. Mejore su comunicaci\u00f3n oral.<br \/>1.2.4. Las reuniones, lugar de encuentro de los canales de comunicaci\u00f3n.<br \/>1.3. RECONOCER COMO PIENSA EL OTRO<br \/>1.3.1. Aprender a comprender a los dem\u00e1s.<br \/>1.3.2. Los estereotipos.<br \/>1.3.3. Procesos de negociaci\u00f3n.<\/h5><h5>2. LA COMUNICACI\u00d3N.<br \/>2.1. La empat\u00eda.<br \/>2.1.1. Mejorar relaciones dif\u00edciles<br \/>2.1.2. Las relaciones entre personas<br \/>2.1.3. \u00bfCu\u00e1ndo existe empat\u00eda?<br \/>2.1.4. Incrementar nuestra empat\u00eda hacia los dem\u00e1s<br \/>2.2. La escucha.<br \/>2.2.1. \u00bfQu\u00e9 significa escuchar?<br \/>2.2.2. Pautas para la escucha activa.<br \/>2.2.3.T\u00e9cnicas para realizar una buena escucha.<br \/>2.3. Profundizar en la comunicaci\u00f3n interna.<br \/>2.3.1. La comunicaci\u00f3n y las relaciones internas.<br \/>2.3.2. \u00bfC\u00f3mo puedo saber si estoy preparado para implantar un plan de comunicaci\u00f3n interna en mi<br \/>empresa?<br \/>2.3.3. \u00bfC\u00f3mo puedo iniciar un plan de comunicaci\u00f3n en mi empresa?<br \/>2.3.4. \u00bfQu\u00e9 instrumentos pueden serme \u00fatiles para transmitir la informaci\u00f3n en la empresa?<\/h5><h5>3. GESTION DE EQUIPOS DE ALTO RENDIMIENTO<br \/>3.1. El conflicto<br \/>3.1.1. \u00bfC\u00f3mo identificar un conflicto?<br \/>3.1.2. Tipos de conflictos que se pueden encontrar<br \/>3.1.3. El proceso interno de los conflictos<br \/>3.1.4. Resoluci\u00f3n de conflictos<br \/>3.2. Dirigir equipos.<br \/>3.2.1. Una aproximaci\u00f3n al concepto de l\u00edder.<br \/>3.2.2. Liderazgo y equipo de trabajo.<br \/>3.2.3. El l\u00edder como integrador del equipo.<br \/>3.2.4. El L\u00edder como motor-conductor del equipo.<br \/>3.3. Generar equipos multidisciplinares.<br \/>3.3.1. Equipo de trabajo \/ trabajo en equipo.<br \/>3.3.2. El equipo de trabajo multidisciplinar.<br \/>3.3.3. Generar equipos multidisciplinares equilibrados.<br \/>3.4. Comprometerse<br \/>3.4.1. No hay compromiso sin comunicaci\u00f3n.<br \/>3.4.2. \u00bfC\u00f3mo puede comprometer a sus trabajadores?<br \/>3.4.3. Mejore la comunicaci\u00f3n interna: desarrolle un plan.<br \/>3.4.4. \u00bfQu\u00e9 instrumentos de comunicaci\u00f3n interna puede implantar?<\/h5><\/div>\n                <\/div><\/div>\t\t\t\t<\/div>\n\t\t\t\t<\/div>\n\t\t\t\t\t<\/div>\n\t\t\t\t<\/div>\n\t\t<div class=\"elementor-element elementor-element-38d713b2 e-flex e-con-boxed e-con e-parent\" data-id=\"38d713b2\" data-element_type=\"container\">\n\t\t\t\t\t<div class=\"e-con-inner\">\n\t\t\t\t<div class=\"elementor-element elementor-element-d8a330f elementor-widget elementor-widget-eael-creative-button\" data-id=\"d8a330f\" data-element_type=\"widget\" data-widget_type=\"eael-creative-button.default\">\n\t\t\t\t<div class=\"elementor-widget-container\">\n\t\t\t\t\t        <div class=\"eael-creative-button-wrapper\">\n\n            <a class=\"eael-creative-button eael-creative-button--rayen\" href=\"https:\/\/ocupados.grupopiquer.com\/enrol\/index.php?id=147\" data-text=\"Adelante!\">\n\n\t    \n                <div class=\"creative-button-inner\">\n\n                    \n                    <span class=\"cretive-button-text\">Quiero inscribirme<\/span>\n\n                                    <\/div>\n\t                        <\/a>\n        <\/div>\n        \t\t\t\t<\/div>\n\t\t\t\t<\/div>\n\t\t\t\t\t<\/div>\n\t\t\t\t<\/div>\n\t\t\t\t<\/div>\n\t\t","protected":false},"excerpt":{"rendered":"<p>Direcci\u00f3n de Equipos y Coaching (ADGD067PO) Quiero inscribirme Duraci\u00f3n 25 horas Objetivos Adquirir habilidades y destrezas para desarrollar programas de [&hellip;]<\/p>\n","protected":false},"author":6,"featured_media":0,"parent":0,"menu_order":0,"comment_status":"closed","ping_status":"closed","template":"elementor_canvas","meta":{"site-sidebar-layout":"default","site-content-layout":"","ast-site-content-layout":"","site-content-style":"default","site-sidebar-style":"default","ast-global-header-display":"","ast-banner-title-visibility":"","ast-main-header-display":"","ast-hfb-above-header-display":"","ast-hfb-below-header-display":"","ast-hfb-mobile-header-display":"","site-post-title":"","ast-breadcrumbs-content":"","ast-featured-img":"","footer-sml-layout":"","theme-transparent-header-meta":"","adv-header-id-meta":"","stick-header-meta":"","header-above-stick-meta":"","header-main-stick-meta":"","header-below-stick-meta":"","astra-migrate-meta-layouts":"default","ast-page-background-enabled":"default","ast-page-background-meta":{"desktop":{"background-color":"var(--ast-global-color-4)","background-image":"","background-repeat":"repeat","background-position":"center center","background-size":"auto","background-attachment":"scroll","background-type":"","background-media":"","overlay-type":"","overlay-color":"","overlay-opacity":"","overlay-gradient":""},"tablet":{"background-color":"","background-image":"","background-repeat":"repeat","background-position":"center center","background-size":"auto","background-attachment":"scroll","background-type":"","background-media":"","overlay-type":"","overlay-color":"","overlay-opacity":"","overlay-gradient":""},"mobile":{"background-color":"","background-image":"","background-repeat":"repeat","background-position":"center center","background-size":"auto","background-attachment":"scroll","background-type":"","background-media":"","overlay-type":"","overlay-color":"","overlay-opacity":"","overlay-gradient":""}},"ast-content-background-meta":{"desktop":{"background-color":"var(--ast-global-color-5)","background-image":"","background-repeat":"repeat","background-position":"center center","background-size":"auto","background-attachment":"scroll","background-type":"","background-media":"","overlay-type":"","overlay-color":"","overlay-opacity":"","overlay-gradient":""},"tablet":{"background-color":"var(--ast-global-color-5)","background-image":"","background-repeat":"repeat","background-position":"center center","background-size":"auto","background-attachment":"scroll","background-type":"","background-media":"","overlay-type":"","overlay-color":"","overlay-opacity":"","overlay-gradient":""},"mobile":{"background-color":"var(--ast-global-color-5)","background-image":"","background-repeat":"repeat","background-position":"center center","background-size":"auto","background-attachment":"scroll","background-type":"","background-media":"","overlay-type":"","overlay-color":"","overlay-opacity":"","overlay-gradient":""}},"footnotes":""},"class_list":["post-6414","page","type-page","status-publish","hentry"],"yoast_head":"<!-- This site is optimized with the Yoast SEO plugin v25.1 - https:\/\/yoast.com\/wordpress\/plugins\/seo\/ -->\n<title>ADGD067PO - Contenidos Online<\/title>\n<meta name=\"robots\" content=\"index, follow, max-snippet:-1, max-image-preview:large, max-video-preview:-1\" \/>\n<link rel=\"canonical\" href=\"https:\/\/ocupados.grupopiquer.com\/contenidos\/adgd067po-2\/\" \/>\n<meta property=\"og:locale\" content=\"es_ES\" \/>\n<meta property=\"og:type\" content=\"article\" \/>\n<meta property=\"og:title\" content=\"ADGD067PO - Contenidos Online\" \/>\n<meta property=\"og:description\" content=\"Direcci\u00f3n de Equipos y Coaching (ADGD067PO) Quiero inscribirme Duraci\u00f3n 25 horas Objetivos Adquirir habilidades y destrezas para desarrollar programas de [&hellip;]\" \/>\n<meta property=\"og:url\" content=\"https:\/\/ocupados.grupopiquer.com\/contenidos\/adgd067po-2\/\" \/>\n<meta property=\"og:site_name\" content=\"Contenidos Online\" \/>\n<meta property=\"article:modified_time\" content=\"2024-01-09T10:42:54+00:00\" \/>\n<meta property=\"og:image\" content=\"https:\/\/ocupados.grupopiquer.com\/contenidos\/wp-content\/uploads\/2024\/01\/Grupo-Piquer-COLOR-1-300x115.png\" \/>\n<meta name=\"twitter:card\" content=\"summary_large_image\" \/>\n<meta name=\"twitter:label1\" content=\"Tiempo de lectura\" \/>\n\t<meta name=\"twitter:data1\" content=\"3 minutos\" \/>\n<script type=\"application\/ld+json\" class=\"yoast-schema-graph\">{\"@context\":\"https:\/\/schema.org\",\"@graph\":[{\"@type\":\"WebPage\",\"@id\":\"https:\/\/ocupados.grupopiquer.com\/contenidos\/adgd067po-2\/\",\"url\":\"https:\/\/ocupados.grupopiquer.com\/contenidos\/adgd067po-2\/\",\"name\":\"ADGD067PO - Contenidos Online\",\"isPartOf\":{\"@id\":\"https:\/\/ocupados.grupopiquer.com\/contenidos\/#website\"},\"primaryImageOfPage\":{\"@id\":\"https:\/\/ocupados.grupopiquer.com\/contenidos\/adgd067po-2\/#primaryimage\"},\"image\":{\"@id\":\"https:\/\/ocupados.grupopiquer.com\/contenidos\/adgd067po-2\/#primaryimage\"},\"thumbnailUrl\":\"https:\/\/ocupados.grupopiquer.com\/contenidos\/wp-content\/uploads\/2024\/01\/Grupo-Piquer-COLOR-1-300x115.png\",\"datePublished\":\"2023-05-11T07:45:47+00:00\",\"dateModified\":\"2024-01-09T10:42:54+00:00\",\"breadcrumb\":{\"@id\":\"https:\/\/ocupados.grupopiquer.com\/contenidos\/adgd067po-2\/#breadcrumb\"},\"inLanguage\":\"es\",\"potentialAction\":[{\"@type\":\"ReadAction\",\"target\":[\"https:\/\/ocupados.grupopiquer.com\/contenidos\/adgd067po-2\/\"]}]},{\"@type\":\"ImageObject\",\"inLanguage\":\"es\",\"@id\":\"https:\/\/ocupados.grupopiquer.com\/contenidos\/adgd067po-2\/#primaryimage\",\"url\":\"https:\/\/ocupados.grupopiquer.com\/contenidos\/wp-content\/uploads\/2024\/01\/Grupo-Piquer-COLOR-1.png\",\"contentUrl\":\"https:\/\/ocupados.grupopiquer.com\/contenidos\/wp-content\/uploads\/2024\/01\/Grupo-Piquer-COLOR-1.png\",\"width\":705,\"height\":270},{\"@type\":\"BreadcrumbList\",\"@id\":\"https:\/\/ocupados.grupopiquer.com\/contenidos\/adgd067po-2\/#breadcrumb\",\"itemListElement\":[{\"@type\":\"ListItem\",\"position\":1,\"name\":\"Portada\",\"item\":\"https:\/\/ocupados.grupopiquer.com\/contenidos\/\"},{\"@type\":\"ListItem\",\"position\":2,\"name\":\"ADGD067PO\"}]},{\"@type\":\"WebSite\",\"@id\":\"https:\/\/ocupados.grupopiquer.com\/contenidos\/#website\",\"url\":\"https:\/\/ocupados.grupopiquer.com\/contenidos\/\",\"name\":\"Contenidos Online\",\"description\":\"\",\"publisher\":{\"@id\":\"https:\/\/ocupados.grupopiquer.com\/contenidos\/#organization\"},\"potentialAction\":[{\"@type\":\"SearchAction\",\"target\":{\"@type\":\"EntryPoint\",\"urlTemplate\":\"https:\/\/ocupados.grupopiquer.com\/contenidos\/?s={search_term_string}\"},\"query-input\":{\"@type\":\"PropertyValueSpecification\",\"valueRequired\":true,\"valueName\":\"search_term_string\"}}],\"inLanguage\":\"es\"},{\"@type\":\"Organization\",\"@id\":\"https:\/\/ocupados.grupopiquer.com\/contenidos\/#organization\",\"name\":\"Contenidos Online\",\"url\":\"https:\/\/ocupados.grupopiquer.com\/contenidos\/\",\"logo\":{\"@type\":\"ImageObject\",\"inLanguage\":\"es\",\"@id\":\"https:\/\/ocupados.grupopiquer.com\/contenidos\/#\/schema\/logo\/image\/\",\"url\":\"https:\/\/ocupados.grupopiquer.com\/contenidos\/wp-content\/uploads\/2024\/01\/Grupo-Piquer-COLOR-1.png\",\"contentUrl\":\"https:\/\/ocupados.grupopiquer.com\/contenidos\/wp-content\/uploads\/2024\/01\/Grupo-Piquer-COLOR-1.png\",\"width\":705,\"height\":270,\"caption\":\"Contenidos Online\"},\"image\":{\"@id\":\"https:\/\/ocupados.grupopiquer.com\/contenidos\/#\/schema\/logo\/image\/\"}}]}<\/script>\n<!-- \/ Yoast SEO plugin. -->","yoast_head_json":{"title":"ADGD067PO - Contenidos Online","robots":{"index":"index","follow":"follow","max-snippet":"max-snippet:-1","max-image-preview":"max-image-preview:large","max-video-preview":"max-video-preview:-1"},"canonical":"https:\/\/ocupados.grupopiquer.com\/contenidos\/adgd067po-2\/","og_locale":"es_ES","og_type":"article","og_title":"ADGD067PO - Contenidos Online","og_description":"Direcci\u00f3n de Equipos y Coaching (ADGD067PO) Quiero inscribirme Duraci\u00f3n 25 horas Objetivos Adquirir habilidades y destrezas para desarrollar programas de [&hellip;]","og_url":"https:\/\/ocupados.grupopiquer.com\/contenidos\/adgd067po-2\/","og_site_name":"Contenidos Online","article_modified_time":"2024-01-09T10:42:54+00:00","og_image":[{"url":"https:\/\/ocupados.grupopiquer.com\/contenidos\/wp-content\/uploads\/2024\/01\/Grupo-Piquer-COLOR-1-300x115.png","type":"","width":"","height":""}],"twitter_card":"summary_large_image","twitter_misc":{"Tiempo de lectura":"3 minutos"},"schema":{"@context":"https:\/\/schema.org","@graph":[{"@type":"WebPage","@id":"https:\/\/ocupados.grupopiquer.com\/contenidos\/adgd067po-2\/","url":"https:\/\/ocupados.grupopiquer.com\/contenidos\/adgd067po-2\/","name":"ADGD067PO - Contenidos Online","isPartOf":{"@id":"https:\/\/ocupados.grupopiquer.com\/contenidos\/#website"},"primaryImageOfPage":{"@id":"https:\/\/ocupados.grupopiquer.com\/contenidos\/adgd067po-2\/#primaryimage"},"image":{"@id":"https:\/\/ocupados.grupopiquer.com\/contenidos\/adgd067po-2\/#primaryimage"},"thumbnailUrl":"https:\/\/ocupados.grupopiquer.com\/contenidos\/wp-content\/uploads\/2024\/01\/Grupo-Piquer-COLOR-1-300x115.png","datePublished":"2023-05-11T07:45:47+00:00","dateModified":"2024-01-09T10:42:54+00:00","breadcrumb":{"@id":"https:\/\/ocupados.grupopiquer.com\/contenidos\/adgd067po-2\/#breadcrumb"},"inLanguage":"es","potentialAction":[{"@type":"ReadAction","target":["https:\/\/ocupados.grupopiquer.com\/contenidos\/adgd067po-2\/"]}]},{"@type":"ImageObject","inLanguage":"es","@id":"https:\/\/ocupados.grupopiquer.com\/contenidos\/adgd067po-2\/#primaryimage","url":"https:\/\/ocupados.grupopiquer.com\/contenidos\/wp-content\/uploads\/2024\/01\/Grupo-Piquer-COLOR-1.png","contentUrl":"https:\/\/ocupados.grupopiquer.com\/contenidos\/wp-content\/uploads\/2024\/01\/Grupo-Piquer-COLOR-1.png","width":705,"height":270},{"@type":"BreadcrumbList","@id":"https:\/\/ocupados.grupopiquer.com\/contenidos\/adgd067po-2\/#breadcrumb","itemListElement":[{"@type":"ListItem","position":1,"name":"Portada","item":"https:\/\/ocupados.grupopiquer.com\/contenidos\/"},{"@type":"ListItem","position":2,"name":"ADGD067PO"}]},{"@type":"WebSite","@id":"https:\/\/ocupados.grupopiquer.com\/contenidos\/#website","url":"https:\/\/ocupados.grupopiquer.com\/contenidos\/","name":"Contenidos Online","description":"","publisher":{"@id":"https:\/\/ocupados.grupopiquer.com\/contenidos\/#organization"},"potentialAction":[{"@type":"SearchAction","target":{"@type":"EntryPoint","urlTemplate":"https:\/\/ocupados.grupopiquer.com\/contenidos\/?s={search_term_string}"},"query-input":{"@type":"PropertyValueSpecification","valueRequired":true,"valueName":"search_term_string"}}],"inLanguage":"es"},{"@type":"Organization","@id":"https:\/\/ocupados.grupopiquer.com\/contenidos\/#organization","name":"Contenidos Online","url":"https:\/\/ocupados.grupopiquer.com\/contenidos\/","logo":{"@type":"ImageObject","inLanguage":"es","@id":"https:\/\/ocupados.grupopiquer.com\/contenidos\/#\/schema\/logo\/image\/","url":"https:\/\/ocupados.grupopiquer.com\/contenidos\/wp-content\/uploads\/2024\/01\/Grupo-Piquer-COLOR-1.png","contentUrl":"https:\/\/ocupados.grupopiquer.com\/contenidos\/wp-content\/uploads\/2024\/01\/Grupo-Piquer-COLOR-1.png","width":705,"height":270,"caption":"Contenidos Online"},"image":{"@id":"https:\/\/ocupados.grupopiquer.com\/contenidos\/#\/schema\/logo\/image\/"}}]}},"jetpack_sharing_enabled":true,"_links":{"self":[{"href":"https:\/\/ocupados.grupopiquer.com\/contenidos\/wp-json\/wp\/v2\/pages\/6414","targetHints":{"allow":["GET"]}}],"collection":[{"href":"https:\/\/ocupados.grupopiquer.com\/contenidos\/wp-json\/wp\/v2\/pages"}],"about":[{"href":"https:\/\/ocupados.grupopiquer.com\/contenidos\/wp-json\/wp\/v2\/types\/page"}],"author":[{"embeddable":true,"href":"https:\/\/ocupados.grupopiquer.com\/contenidos\/wp-json\/wp\/v2\/users\/6"}],"replies":[{"embeddable":true,"href":"https:\/\/ocupados.grupopiquer.com\/contenidos\/wp-json\/wp\/v2\/comments?post=6414"}],"version-history":[{"count":7,"href":"https:\/\/ocupados.grupopiquer.com\/contenidos\/wp-json\/wp\/v2\/pages\/6414\/revisions"}],"predecessor-version":[{"id":9179,"href":"https:\/\/ocupados.grupopiquer.com\/contenidos\/wp-json\/wp\/v2\/pages\/6414\/revisions\/9179"}],"wp:attachment":[{"href":"https:\/\/ocupados.grupopiquer.com\/contenidos\/wp-json\/wp\/v2\/media?parent=6414"}],"curies":[{"name":"wp","href":"https:\/\/api.w.org\/{rel}","templated":true}]}}