{"id":4441,"date":"2023-05-02T11:00:22","date_gmt":"2023-05-02T11:00:22","guid":{"rendered":"https:\/\/ocupados.grupopiquer.com\/contenidos\/producto\/coml001po-conduccion-de-carretillas-elevadoras-30-horas\/"},"modified":"2024-02-15T15:53:07","modified_gmt":"2024-02-15T15:53:07","slug":"coml001po-conduccion-de-carretillas-elevadoras-30-horas","status":"publish","type":"product","link":"https:\/\/ocupados.grupopiquer.com\/contenidos\/producto\/coml001po-conduccion-de-carretillas-elevadoras-30-horas\/","title":{"rendered":"COML001PO &#8211; Conducci\u00f3n de Carretillas Elevadoras (20 horas)"},"content":{"rendered":"<div id=\"accordion\">\n<h3>OBJETIVOS<\/h3>\n<div>Adquirir las competencias y habilidades necesarias para la correcta conducci\u00f3n y manejo de carretillas elevadoras con control de las cargas total y seguridad en la tarea.<\/div>\n<h3>CONTENIDOS<\/h3>\n<div>1. EL OFICIO DEL OPERADOR DE CARRETILLAS<br \/>\n1.1. Descripci\u00f3n de la profesi\u00f3n de carretillero<br \/>\n1.2. Las responsabilidades del carretillero.2. LA CARRETILLA ELEVADORA<br \/>\n2.1. Descripci\u00f3n de la carretilla elevadora.<br \/>\n2.2. Tipos de carretillas:<br \/>\n2.2.1. Clasificaci\u00f3n por su modo de acci\u00f3n.<br \/>\n2.2.2. Clasificaci\u00f3n por su modo de conducci\u00f3n.<br \/>\n2.2.3. Clasificaci\u00f3n por la altura de elevaci\u00f3n.<br \/>\n2.2.4. Clasificaci\u00f3n por el modo de desplazamiento.<br \/>\n2.2.5. Clasificaci\u00f3n por la fuente de energ\u00eda.<br \/>\n2.2.6. Clasificaci\u00f3n por la naturaleza de las ruedas.<br \/>\n2.3. Partes de una carretilla elevadora:<br \/>\n2.3.1. P\u00f3rtico de Seguridad.<br \/>\n2.3.2. M\u00e1stil elevador.<br \/>\n2.3.3. Gato.<br \/>\n2.3.4. Rueda Motriz.<br \/>\n2.3.5. Rueda Directriz.<br \/>\n2.3.6. Chasis.<br \/>\n2.3.7 Contrapeso.<\/p>\n<p>3. MEC\u00c1NICA Y MANTENIMIENTO DE LA CARRETILLA<br \/>\n3.1. El motor t\u00e9rmico.<br \/>\n3.2. El mantenimiento de la carretilla elevadora: bater\u00edas, implementos, el m\u00e1stil, transmisiones, m\u00e1quinas retr\u00e1ctiles, ruedas\u2026<br \/>\n3.3. Repostaje y conservaci\u00f3n.<br \/>\n3.4. Reparaci\u00f3n de aver\u00edas.<br \/>\n3.5. El mantenimiento y las consignas de seguridad.<br \/>\n3.6. Repostaje y conservaci\u00f3n.<\/p>\n<p>4. MANEJO DE CARRETILLAS ELEVADORAS<br \/>\n4.1. Comprobaciones antes de la puesta en marcha.<br \/>\n4.2. La estabilidad de la carretilla.<br \/>\n4.3. Carretilla parada.<br \/>\n4.4. Carretilla en movimiento.<br \/>\n4.5. Normas de circulaci\u00f3n.<br \/>\n4.6. Zona de trabajo:<br \/>\n4.6.1. Estado del suelo.<br \/>\n4.6.2. Selecci\u00f3n de ruedas.<br \/>\n4.6.3. Ruedas Neum\u00e1ticas.<br \/>\n4.6.4. Ruedas sin aire.<br \/>\n4.6.5. Se\u00f1alizaci\u00f3n.<br \/>\n4.6.6. La altura de paso.<br \/>\n4.6.7. Circulaci\u00f3n por rampas.<br \/>\n4.6.8. Estabilidad de las cargas.<br \/>\n4.6.9. Puentes de acceso.<br \/>\n4.6.10. Iluminaci\u00f3n de los lugares de trabajo.<br \/>\n4.6.11. Circulaci\u00f3n en la v\u00eda p\u00fablica.<br \/>\n4.6.12. Locales.<br \/>\n4.6.13. Pasillos de circulaci\u00f3n.<br \/>\n4.6.14. Puertas u otros obst\u00e1culos fijos.<br \/>\n4.6.15. Giros.<br \/>\n4.7. La carga:<br \/>\n4.7.1. Interacci\u00f3n entre la carga y la carretilla.<br \/>\n4.7.2. Comportamientos de la carga.<br \/>\n4.7.3. Aseguramiento de carga.<br \/>\n4.7.4. Manipulaci\u00f3n de cargas.<br \/>\n4.7.5. Transporte de cargas suspendidas.<br \/>\n4.7.6. Levantamiento de carga.<br \/>\n4.7.7. Marcha con carga.<br \/>\n4.7.8. Descargar cargas.<br \/>\n4.7.9. Implementos para la manipulaci\u00f3n de diferentes tipos de cargas.<br \/>\n4.7.10. Flujo log\u00edstico interno de cargas y servicios.<br \/>\n4.7.11. Indicaciones de seguridad para elevar o depositar carga.<br \/>\n4.7.12. Posicionamiento en la estiba y desestiba de palets en estanter\u00edas.<br \/>\n4.8. Paletizaci\u00f3n:<br \/>\n4.8.1 .Diferentes tipos de paletas.<br \/>\n4.8.2. Sistemas de paletizaci\u00f3n.<br \/>\n4.8.3. Posicionamiento en la estiba y desestiba de palets en estanter\u00edas.<br \/>\n4.9. El almacenaje:<br \/>\n4.9.1. Nociones de almacenaje.<br \/>\n4.9.2. Consignas y nociones de almacenaje.<\/p>\n<p>5. SIMBOLOG\u00cdA<br \/>\n5.1. S\u00edmbolos para la manipulaci\u00f3n de cargas.<br \/>\n5.2. S\u00edmbolos relacionados con el motor.<br \/>\n5.3. S\u00edmbolos de informaci\u00f3n o identificaci\u00f3n.<br \/>\n5.4. Se\u00f1alizaci\u00f3n.<br \/>\n5.5. Se\u00f1ales de maniobra m\u00e1s usuales.<\/p>\n<p>6. SEGURIDAD EN LA CONDUCCI\u00d3N DE CARRETILLAS<br \/>\n6.1 Condiciones de seguridad y conducci\u00f3n de carretillas.<br \/>\n6.2 Seguridad en el manejo de carretillas:<br \/>\n6.2.1. Factores intervinientes.<br \/>\n6.2.2. Dispositivos de seguridad de las carretillas elevadoras:<br \/>\n6.2.2.1. P\u00f3rtico de Seguridad.<br \/>\n6.2.2.2. Placa Portahorquillas.<br \/>\n6.2.2.3. Respaldo para cargas.<br \/>\n6.2.2.4. Se\u00f1ales ac\u00fasticas.<br \/>\n6.2.2.5. Otros dispositivos.<br \/>\n6.3. Protecci\u00f3n personal del conductor de carretillas elevadoras:<br \/>\n6.3.1. Traje.<br \/>\n6.3.2. Guantes.<br \/>\n6.3.3. Calzado.<br \/>\n6.3.4. Casco.<br \/>\n6.3.5. Cintur\u00f3n Lumbo-Abdominal.<br \/>\n6.4. Accidentes con carretillas:<br \/>\n6.4.1. Accidentes m\u00e1s comunes.<br \/>\n6.4.2. Medidas a adoptar.<br \/>\n6.5. Riesgos generales del conductor de carretillas.<br \/>\n6.5.1. Riesgos ergon\u00f3micos.<br \/>\n6.5.2. Riesgos higi\u00e9nicos.<br \/>\n6.5.3. Riesgos de seguridad: vuelco, ca\u00edda en altura y posible vuelco, choques y atrapamientos, ca\u00edda de cargas transportadas\/elevadas, incendio y\/o explosi\u00f3n, ca\u00edda de personas al subir o bajar o ser transportados o izados por carretillas. Traumatismos articulares diversos en la utilizaci\u00f3n, intoxicaci\u00f3n y\/o asfixia por acceso a espacios insuficientemente ventilados.<br \/>\n6.6. Lesiones que se pueden producir: traumatismos articulares diversos en la utilizaci\u00f3n, intoxicaci\u00f3n y\/o asfixia por acceso a espacios insuficientemente ventilados\u2026<\/p>\n<p>7. ERGONOM\u00cdA EN LA CONDUCCI\u00d3N DE CARRETILLAS<br \/>\n7.1. La ergonom\u00eda y sus objetivos.<br \/>\n7.2. El trabajo con carretillas.<br \/>\n7.3. Dise\u00f1o ergon\u00f3mico del puesto de trabajo.<br \/>\n7.4. Consideraciones ergon\u00f3micas<\/p>\n<p>8. NORMATIVA APLICABLE<br \/>\n8.1. Legislaci\u00f3n.<br \/>\n8.2. Normas U.N.E.<\/p>\n<\/div>\n<\/div>\n","protected":false},"excerpt":{"rendered":"<p>Adquirir las competencias y habilidades necesarias para la correcta conducci\u00f3n y manejo de carretillas elevadoras con control de las cargas total y seguridad en la tarea.<\/p>\n","protected":false},"featured_media":5236,"comment_status":"closed","ping_status":"closed","template":"","meta":{"site-sidebar-layout":"default","site-content-layout":"","ast-site-content-layout":"","site-content-style":"default","site-sidebar-style":"default","ast-global-header-display":"","ast-banner-title-visibility":"","ast-main-header-display":"","ast-hfb-above-header-display":"","ast-hfb-below-header-display":"","ast-hfb-mobile-header-display":"","site-post-title":"","ast-breadcrumbs-content":"","ast-featured-img":"","footer-sml-layout":"","theme-transparent-header-meta":"","adv-header-id-meta":"","stick-header-meta":"","header-above-stick-meta":"","header-main-stick-meta":"","header-below-stick-meta":"","astra-migrate-meta-layouts":"default","ast-page-background-enabled":"default","ast-page-background-meta":{"desktop":{"background-color":"var(--ast-global-color-4)","background-image":"","background-repeat":"repeat","background-position":"center center","background-size":"auto","background-attachment":"scroll","background-type":"","background-media":"","overlay-type":"","overlay-color":"","overlay-opacity":"","overlay-gradient":""},"tablet":{"background-color":"","background-image":"","background-repeat":"repeat","background-position":"center center","background-size":"auto","background-attachment":"scroll","background-type":"","background-media":"","overlay-type":"","overlay-color":"","overlay-opacity":"","overlay-gradient":""},"mobile":{"background-color":"","background-image":"","background-repeat":"repeat","background-position":"center center","background-size":"auto","background-attachment":"scroll","background-type":"","background-media":"","overlay-type":"","overlay-color":"","overlay-opacity":"","overlay-gradient":""}},"ast-content-background-meta":{"desktop":{"background-color":"var(--ast-global-color-5)","background-image":"","background-repeat":"repeat","background-position":"center center","background-size":"auto","background-attachment":"scroll","background-type":"","background-media":"","overlay-type":"","overlay-color":"","overlay-opacity":"","overlay-gradient":""},"tablet":{"background-color":"var(--ast-global-color-5)","background-image":"","background-repeat":"repeat","background-position":"center center","background-size":"auto","background-attachment":"scroll","background-type":"","background-media":"","overlay-type":"","overlay-color":"","overlay-opacity":"","overlay-gradient":""},"mobile":{"background-color":"var(--ast-global-color-5)","background-image":"","background-repeat":"repeat","background-position":"center center","background-size":"auto","background-attachment":"scroll","background-type":"","background-media":"","overlay-type":"","overlay-color":"","overlay-opacity":"","overlay-gradient":""}}},"product_brand":[],"product_cat":[120],"product_tag":[],"class_list":{"0":"post-4441","1":"product","2":"type-product","3":"status-publish","4":"has-post-thumbnail","6":"product_cat-logistica-comercial-y-gestion-del-transporte","7":"desktop-align-left","8":"tablet-align-left","9":"mobile-align-left","11":"first","12":"instock","13":"taxable","14":"shipping-taxable","15":"purchasable","16":"product-type-simple"},"yoast_head":"<!-- This site is optimized with the Yoast SEO plugin v25.1 - https:\/\/yoast.com\/wordpress\/plugins\/seo\/ -->\n<title>COML001PO - Conducci\u00f3n de Carretillas Elevadoras (20 horas) - Contenidos Online<\/title>\n<meta name=\"robots\" content=\"index, follow, max-snippet:-1, max-image-preview:large, max-video-preview:-1\" \/>\n<link rel=\"canonical\" href=\"https:\/\/ocupados.grupopiquer.com\/contenidos\/producto\/coml001po-conduccion-de-carretillas-elevadoras-30-horas\/\" \/>\n<meta property=\"og:locale\" content=\"es_ES\" \/>\n<meta property=\"og:type\" content=\"article\" \/>\n<meta property=\"og:title\" content=\"COML001PO - Conducci\u00f3n de Carretillas Elevadoras (20 horas) - Contenidos Online\" \/>\n<meta property=\"og:description\" content=\"Adquirir las competencias y habilidades necesarias para la correcta conducci\u00f3n y manejo de carretillas elevadoras con control de las cargas total y seguridad en la tarea.\" \/>\n<meta property=\"og:url\" content=\"https:\/\/ocupados.grupopiquer.com\/contenidos\/producto\/coml001po-conduccion-de-carretillas-elevadoras-30-horas\/\" \/>\n<meta property=\"og:site_name\" content=\"Contenidos Online\" \/>\n<meta property=\"article:modified_time\" content=\"2024-02-15T15:53:07+00:00\" \/>\n<meta property=\"og:image\" content=\"https:\/\/ocupados.grupopiquer.com\/contenidos\/wp-content\/uploads\/2023\/05\/10nOK7hMbxmbHnps_uIwAhaumlCvq8fri-e1683282026410.jpg\" \/>\n\t<meta property=\"og:image:width\" content=\"1680\" \/>\n\t<meta property=\"og:image:height\" content=\"945\" \/>\n\t<meta property=\"og:image:type\" content=\"image\/jpeg\" \/>\n<meta name=\"twitter:card\" content=\"summary_large_image\" \/>\n<meta name=\"twitter:label1\" content=\"Tiempo de lectura\" \/>\n\t<meta name=\"twitter:data1\" content=\"4 minutos\" \/>\n<script type=\"application\/ld+json\" class=\"yoast-schema-graph\">{\"@context\":\"https:\/\/schema.org\",\"@graph\":[{\"@type\":\"WebPage\",\"@id\":\"https:\/\/ocupados.grupopiquer.com\/contenidos\/producto\/coml001po-conduccion-de-carretillas-elevadoras-30-horas\/\",\"url\":\"https:\/\/ocupados.grupopiquer.com\/contenidos\/producto\/coml001po-conduccion-de-carretillas-elevadoras-30-horas\/\",\"name\":\"COML001PO - Conducci\u00f3n de Carretillas Elevadoras (20 horas) - Contenidos Online\",\"isPartOf\":{\"@id\":\"https:\/\/ocupados.grupopiquer.com\/contenidos\/#website\"},\"primaryImageOfPage\":{\"@id\":\"https:\/\/ocupados.grupopiquer.com\/contenidos\/producto\/coml001po-conduccion-de-carretillas-elevadoras-30-horas\/#primaryimage\"},\"image\":{\"@id\":\"https:\/\/ocupados.grupopiquer.com\/contenidos\/producto\/coml001po-conduccion-de-carretillas-elevadoras-30-horas\/#primaryimage\"},\"thumbnailUrl\":\"https:\/\/ocupados.grupopiquer.com\/contenidos\/wp-content\/uploads\/2023\/05\/10nOK7hMbxmbHnps_uIwAhaumlCvq8fri-e1683282026410.jpg\",\"datePublished\":\"2023-05-02T11:00:22+00:00\",\"dateModified\":\"2024-02-15T15:53:07+00:00\",\"breadcrumb\":{\"@id\":\"https:\/\/ocupados.grupopiquer.com\/contenidos\/producto\/coml001po-conduccion-de-carretillas-elevadoras-30-horas\/#breadcrumb\"},\"inLanguage\":\"es\",\"potentialAction\":[{\"@type\":\"ReadAction\",\"target\":[\"https:\/\/ocupados.grupopiquer.com\/contenidos\/producto\/coml001po-conduccion-de-carretillas-elevadoras-30-horas\/\"]}]},{\"@type\":\"ImageObject\",\"inLanguage\":\"es\",\"@id\":\"https:\/\/ocupados.grupopiquer.com\/contenidos\/producto\/coml001po-conduccion-de-carretillas-elevadoras-30-horas\/#primaryimage\",\"url\":\"https:\/\/ocupados.grupopiquer.com\/contenidos\/wp-content\/uploads\/2023\/05\/10nOK7hMbxmbHnps_uIwAhaumlCvq8fri-e1683282026410.jpg\",\"contentUrl\":\"https:\/\/ocupados.grupopiquer.com\/contenidos\/wp-content\/uploads\/2023\/05\/10nOK7hMbxmbHnps_uIwAhaumlCvq8fri-e1683282026410.jpg\",\"width\":1680,\"height\":945},{\"@type\":\"BreadcrumbList\",\"@id\":\"https:\/\/ocupados.grupopiquer.com\/contenidos\/producto\/coml001po-conduccion-de-carretillas-elevadoras-30-horas\/#breadcrumb\",\"itemListElement\":[{\"@type\":\"ListItem\",\"position\":1,\"name\":\"Portada\",\"item\":\"https:\/\/ocupados.grupopiquer.com\/contenidos\/\"},{\"@type\":\"ListItem\",\"position\":2,\"name\":\"Tienda\",\"item\":\"https:\/\/ocupados.grupopiquer.com\/contenidos\/tienda\/\"},{\"@type\":\"ListItem\",\"position\":3,\"name\":\"COML001PO &#8211; Conducci\u00f3n de Carretillas Elevadoras (20 horas)\"}]},{\"@type\":\"WebSite\",\"@id\":\"https:\/\/ocupados.grupopiquer.com\/contenidos\/#website\",\"url\":\"https:\/\/ocupados.grupopiquer.com\/contenidos\/\",\"name\":\"Contenidos Online\",\"description\":\"\",\"publisher\":{\"@id\":\"https:\/\/ocupados.grupopiquer.com\/contenidos\/#organization\"},\"potentialAction\":[{\"@type\":\"SearchAction\",\"target\":{\"@type\":\"EntryPoint\",\"urlTemplate\":\"https:\/\/ocupados.grupopiquer.com\/contenidos\/?s={search_term_string}\"},\"query-input\":{\"@type\":\"PropertyValueSpecification\",\"valueRequired\":true,\"valueName\":\"search_term_string\"}}],\"inLanguage\":\"es\"},{\"@type\":\"Organization\",\"@id\":\"https:\/\/ocupados.grupopiquer.com\/contenidos\/#organization\",\"name\":\"Contenidos Online\",\"url\":\"https:\/\/ocupados.grupopiquer.com\/contenidos\/\",\"logo\":{\"@type\":\"ImageObject\",\"inLanguage\":\"es\",\"@id\":\"https:\/\/ocupados.grupopiquer.com\/contenidos\/#\/schema\/logo\/image\/\",\"url\":\"https:\/\/ocupados.grupopiquer.com\/contenidos\/wp-content\/uploads\/2024\/01\/Grupo-Piquer-COLOR-1.png\",\"contentUrl\":\"https:\/\/ocupados.grupopiquer.com\/contenidos\/wp-content\/uploads\/2024\/01\/Grupo-Piquer-COLOR-1.png\",\"width\":705,\"height\":270,\"caption\":\"Contenidos Online\"},\"image\":{\"@id\":\"https:\/\/ocupados.grupopiquer.com\/contenidos\/#\/schema\/logo\/image\/\"}}]}<\/script>\n<!-- \/ Yoast SEO plugin. -->","yoast_head_json":{"title":"COML001PO - Conducci\u00f3n de Carretillas Elevadoras (20 horas) - Contenidos Online","robots":{"index":"index","follow":"follow","max-snippet":"max-snippet:-1","max-image-preview":"max-image-preview:large","max-video-preview":"max-video-preview:-1"},"canonical":"https:\/\/ocupados.grupopiquer.com\/contenidos\/producto\/coml001po-conduccion-de-carretillas-elevadoras-30-horas\/","og_locale":"es_ES","og_type":"article","og_title":"COML001PO - Conducci\u00f3n de Carretillas Elevadoras (20 horas) - Contenidos Online","og_description":"Adquirir las competencias y habilidades necesarias para la correcta conducci\u00f3n y manejo de carretillas elevadoras con control de las cargas total y seguridad en la tarea.","og_url":"https:\/\/ocupados.grupopiquer.com\/contenidos\/producto\/coml001po-conduccion-de-carretillas-elevadoras-30-horas\/","og_site_name":"Contenidos Online","article_modified_time":"2024-02-15T15:53:07+00:00","og_image":[{"width":1680,"height":945,"url":"https:\/\/ocupados.grupopiquer.com\/contenidos\/wp-content\/uploads\/2023\/05\/10nOK7hMbxmbHnps_uIwAhaumlCvq8fri-e1683282026410.jpg","type":"image\/jpeg"}],"twitter_card":"summary_large_image","twitter_misc":{"Tiempo de lectura":"4 minutos"},"schema":{"@context":"https:\/\/schema.org","@graph":[{"@type":"WebPage","@id":"https:\/\/ocupados.grupopiquer.com\/contenidos\/producto\/coml001po-conduccion-de-carretillas-elevadoras-30-horas\/","url":"https:\/\/ocupados.grupopiquer.com\/contenidos\/producto\/coml001po-conduccion-de-carretillas-elevadoras-30-horas\/","name":"COML001PO - Conducci\u00f3n de Carretillas Elevadoras (20 horas) - Contenidos Online","isPartOf":{"@id":"https:\/\/ocupados.grupopiquer.com\/contenidos\/#website"},"primaryImageOfPage":{"@id":"https:\/\/ocupados.grupopiquer.com\/contenidos\/producto\/coml001po-conduccion-de-carretillas-elevadoras-30-horas\/#primaryimage"},"image":{"@id":"https:\/\/ocupados.grupopiquer.com\/contenidos\/producto\/coml001po-conduccion-de-carretillas-elevadoras-30-horas\/#primaryimage"},"thumbnailUrl":"https:\/\/ocupados.grupopiquer.com\/contenidos\/wp-content\/uploads\/2023\/05\/10nOK7hMbxmbHnps_uIwAhaumlCvq8fri-e1683282026410.jpg","datePublished":"2023-05-02T11:00:22+00:00","dateModified":"2024-02-15T15:53:07+00:00","breadcrumb":{"@id":"https:\/\/ocupados.grupopiquer.com\/contenidos\/producto\/coml001po-conduccion-de-carretillas-elevadoras-30-horas\/#breadcrumb"},"inLanguage":"es","potentialAction":[{"@type":"ReadAction","target":["https:\/\/ocupados.grupopiquer.com\/contenidos\/producto\/coml001po-conduccion-de-carretillas-elevadoras-30-horas\/"]}]},{"@type":"ImageObject","inLanguage":"es","@id":"https:\/\/ocupados.grupopiquer.com\/contenidos\/producto\/coml001po-conduccion-de-carretillas-elevadoras-30-horas\/#primaryimage","url":"https:\/\/ocupados.grupopiquer.com\/contenidos\/wp-content\/uploads\/2023\/05\/10nOK7hMbxmbHnps_uIwAhaumlCvq8fri-e1683282026410.jpg","contentUrl":"https:\/\/ocupados.grupopiquer.com\/contenidos\/wp-content\/uploads\/2023\/05\/10nOK7hMbxmbHnps_uIwAhaumlCvq8fri-e1683282026410.jpg","width":1680,"height":945},{"@type":"BreadcrumbList","@id":"https:\/\/ocupados.grupopiquer.com\/contenidos\/producto\/coml001po-conduccion-de-carretillas-elevadoras-30-horas\/#breadcrumb","itemListElement":[{"@type":"ListItem","position":1,"name":"Portada","item":"https:\/\/ocupados.grupopiquer.com\/contenidos\/"},{"@type":"ListItem","position":2,"name":"Tienda","item":"https:\/\/ocupados.grupopiquer.com\/contenidos\/tienda\/"},{"@type":"ListItem","position":3,"name":"COML001PO &#8211; Conducci\u00f3n de Carretillas Elevadoras (20 horas)"}]},{"@type":"WebSite","@id":"https:\/\/ocupados.grupopiquer.com\/contenidos\/#website","url":"https:\/\/ocupados.grupopiquer.com\/contenidos\/","name":"Contenidos Online","description":"","publisher":{"@id":"https:\/\/ocupados.grupopiquer.com\/contenidos\/#organization"},"potentialAction":[{"@type":"SearchAction","target":{"@type":"EntryPoint","urlTemplate":"https:\/\/ocupados.grupopiquer.com\/contenidos\/?s={search_term_string}"},"query-input":{"@type":"PropertyValueSpecification","valueRequired":true,"valueName":"search_term_string"}}],"inLanguage":"es"},{"@type":"Organization","@id":"https:\/\/ocupados.grupopiquer.com\/contenidos\/#organization","name":"Contenidos Online","url":"https:\/\/ocupados.grupopiquer.com\/contenidos\/","logo":{"@type":"ImageObject","inLanguage":"es","@id":"https:\/\/ocupados.grupopiquer.com\/contenidos\/#\/schema\/logo\/image\/","url":"https:\/\/ocupados.grupopiquer.com\/contenidos\/wp-content\/uploads\/2024\/01\/Grupo-Piquer-COLOR-1.png","contentUrl":"https:\/\/ocupados.grupopiquer.com\/contenidos\/wp-content\/uploads\/2024\/01\/Grupo-Piquer-COLOR-1.png","width":705,"height":270,"caption":"Contenidos Online"},"image":{"@id":"https:\/\/ocupados.grupopiquer.com\/contenidos\/#\/schema\/logo\/image\/"}}]}},"jetpack_sharing_enabled":true,"_links":{"self":[{"href":"https:\/\/ocupados.grupopiquer.com\/contenidos\/wp-json\/wp\/v2\/product\/4441","targetHints":{"allow":["GET"]}}],"collection":[{"href":"https:\/\/ocupados.grupopiquer.com\/contenidos\/wp-json\/wp\/v2\/product"}],"about":[{"href":"https:\/\/ocupados.grupopiquer.com\/contenidos\/wp-json\/wp\/v2\/types\/product"}],"replies":[{"embeddable":true,"href":"https:\/\/ocupados.grupopiquer.com\/contenidos\/wp-json\/wp\/v2\/comments?post=4441"}],"wp:featuredmedia":[{"embeddable":true,"href":"https:\/\/ocupados.grupopiquer.com\/contenidos\/wp-json\/wp\/v2\/media\/5236"}],"wp:attachment":[{"href":"https:\/\/ocupados.grupopiquer.com\/contenidos\/wp-json\/wp\/v2\/media?parent=4441"}],"wp:term":[{"taxonomy":"product_brand","embeddable":true,"href":"https:\/\/ocupados.grupopiquer.com\/contenidos\/wp-json\/wp\/v2\/product_brand?post=4441"},{"taxonomy":"product_cat","embeddable":true,"href":"https:\/\/ocupados.grupopiquer.com\/contenidos\/wp-json\/wp\/v2\/product_cat?post=4441"},{"taxonomy":"product_tag","embeddable":true,"href":"https:\/\/ocupados.grupopiquer.com\/contenidos\/wp-json\/wp\/v2\/product_tag?post=4441"}],"curies":[{"name":"wp","href":"https:\/\/api.w.org\/{rel}","templated":true}]}}