{"id":4468,"date":"2023-05-02T11:02:36","date_gmt":"2023-05-02T11:02:36","guid":{"rendered":"https:\/\/ocupados.grupopiquer.com\/contenidos\/producto\/comm022po-diseno-del-montaje-de-escaparates-100-horas\/"},"modified":"2023-05-16T10:31:24","modified_gmt":"2023-05-16T10:31:24","slug":"comm022po-diseno-del-montaje-de-escaparates-100-horas","status":"publish","type":"product","link":"https:\/\/ocupados.grupopiquer.com\/contenidos\/producto\/comm022po-diseno-del-montaje-de-escaparates-100-horas\/","title":{"rendered":"COMM022PO &#8211; Dise\u00f1o del Montaje de Escaparates (100 horas)"},"content":{"rendered":"<div id=\"accordion\">\n<h3>OBJETIVOS<\/h3>\n<div>Desarrollar labores de dise\u00f1o del montaje de un escaparate, atendiendo a los distintos segmentos de actividad econ\u00f3mica, utilizando los programas de dise\u00f1o m\u00e1s usados y presupuestar un montaje.<\/div>\n<h3>CONTENIDOS<\/h3>\n<div>1. EL ESCAPARATE Y SU EVOLUCI\u00d3N HIST\u00d3RICA<br \/>\n1.1. Desarrollo del tema.<\/p>\n<p>2. PRINCIPIOS FUNDAMENTALES DEL ESCAPARATE<br \/>\n2.1. Introducci\u00f3n.<br \/>\n2.2. Funcionalidad.<br \/>\n2.3. Estilo propio.<br \/>\n2.4. Simplicidad.<br \/>\n2.5. Creatividad.<br \/>\n2.6. Unidad.<br \/>\n2.7. Oportunidad.<br \/>\n2.8. Econom\u00eda.<br \/>\n2.9. Adaptaci\u00f3n.<\/p>\n<p>3. FORMACI\u00d3N Y CONOCIMIENTOS DEL ESCAPARATISTA<br \/>\n3.1. Desarrollo del tema.<\/p>\n<p>4. LA COMPOSICI\u00d3N Y SUS PRINCIPIOS<br \/>\n4.1. Introducci\u00f3n.<br \/>\n4.2. Equilibrio y simetr\u00eda, volumen y peso.<br \/>\n4.3. El punto, la l\u00ednea, la forma y su percepci\u00f3n psicol\u00f3gica.<br \/>\n4.4. La armon\u00eda.<br \/>\n4.5. Composiciones.<\/p>\n<p>5. TIPOS DE ESCAPARATE<br \/>\n5.1. Introducci\u00f3n.<br \/>\n5.2. Clasificaci\u00f3n de los escaparates.<br \/>\n5.2.1. Seg\u00fan su ubicaci\u00f3n.<br \/>\n5.2.2. Atendiendo al fondo.<br \/>\n5.2.3. Seg\u00fan la naturaleza de los art\u00edculos expuestos.<br \/>\n5.2.4. Seg\u00fan su finalidad.<\/p>\n<p>6. EL COLOR<br \/>\n6.1. El estudio del color.<br \/>\n6.2. Los colores primarios.<br \/>\n6.3. Propiedades del color.<br \/>\n6.4. El c\u00edrculo crom\u00e1tico.<br \/>\n6.5. Colores c\u00e1lidos y fr\u00edos.<br \/>\n6.6. Colores neutros.<br \/>\n6.7. El impacto.<br \/>\n6.8. La selecci\u00f3n de los colores.<\/p>\n<p>7. FASES DEL MONTAJE DEL ESCAPARATE<br \/>\n7.1. Introducci\u00f3n.<br \/>\n7.2. Plan.<br \/>\n7.3. Objetivos.<br \/>\n7.4. Medios.<\/p>\n<p>8. EL ESPACIO DISPONIBLE: DIMENSIONES Y PROPORCIONES<br \/>\n8.1. Generalidades.<br \/>\n8.2. C\u00f3mo distribuir el espacio.<\/p>\n<p>9. M\u00c9TODO PARA PRESUPUESTAR EL MONTAJE<br \/>\n9.1. El presupuesto.<br \/>\n9.2. M\u00e9todo.<\/p>\n<p>10. MATERIALES Y HERRAMIENTAS DEL ESCAPARATISTA<br \/>\n10.1. Herramientas en el escaparate.<br \/>\n10.2. Elementos de fijaci\u00f3n.<br \/>\n10.3. Materiales del fondo del escaparate.<br \/>\n10.4. Forma de trabajar.<\/p>\n<p>11. NOCIONES DE CARPINTER\u00cdA: ENSAMBLAJES<br \/>\n11.1. Herramientas b\u00e1sicas de carpinter\u00eda.<br \/>\n11.2. Ensamblajes.<\/p>\n<p>12. FORRADO DE BASTIDORES<br \/>\n12.1. Desarrollo del tema.<\/p>\n<p>13. PINTURA<br \/>\n13.1. Introducci\u00f3n.<br \/>\n13.2. Tipos de pintura.<br \/>\n13.3. Acabados.<\/p>\n<p>14. ELECTRICIDAD Y LUMINOTECNIA<br \/>\n14.1. Introducci\u00f3n.<br \/>\n14.2. Sistemas de iluminaci\u00f3n.<br \/>\n14.3. Tipos de luz.<br \/>\n14.4. Intensidad lum\u00ednica.<br \/>\n14.5. El espacio y la luz.<br \/>\n14.6. El color de la luz.<\/p>\n<p>15. CREACI\u00d3N DEL BOCETO<br \/>\n15.1. Introducci\u00f3n.<br \/>\n15.2. Tama\u00f1o del dibujo\/tama\u00f1o real objeto.<br \/>\n15.3. El encaje.<br \/>\n15.4. Pr\u00e1ctica del dibujo.<\/p>\n<p>16. MAQUETACI\u00d3N<br \/>\n16.1. Introducci\u00f3n.<br \/>\n16.2. Instrumentos y materiales.<br \/>\n16.3. La escala de representaci\u00f3n.<br \/>\n16.4. Revestimientos.<\/p>\n<p>17. ROTULACI\u00d3N Y CARTELER\u00cdA: PROGRAMAS M\u00c1S USADOS<br \/>\n17.1. Generalidades.<br \/>\n17.2. Recursos para la realizaci\u00f3n de carteles.<br \/>\n17.3. La tipograf\u00eda.<br \/>\n17.4. Programas inform\u00e1ticos.<\/p>\n<p>18. LAS ETIQUETAS Y LA NORMATIVA<br \/>\n18.1. Introducci\u00f3n.<br \/>\n18.2. Datos generales de la etiqueta.<br \/>\n18.3. Etiquetado alimentario.<br \/>\n18.4. Etiquetado de productos textiles.<br \/>\n18.5. Etiquetado del calzado.<br \/>\n18.6. Etiquetado de los juguetes.<br \/>\n18.7. Etiqueta ecol\u00f3gica.<br \/>\n18.8. Etiquetado energ\u00e9tico.<br \/>\n18.9. El marcado CE.<br \/>\n18.10. El precio de los servicios y productos.<br \/>\n18.11. Legislaci\u00f3n aplicable.<\/p>\n<p>19. SOPORTES Y EXPOSITORES<br \/>\n19.1. Variedad de soportes.<br \/>\n19.2. Mobiliario expositor.<\/p>\n<p>20. EL MANIQU\u00cd<br \/>\n20.1. Historia.<br \/>\n20.2. Tipos de maniqu\u00edes y otros soportes.<\/p>\n<p>21. LA IMAGEN EXTERIOR<br \/>\n21.1. Introducci\u00f3n.<br \/>\n21.2. La comprobaci\u00f3n de la fachada.<br \/>\n21.3. R\u00f3tulo del establecimiento.<br \/>\n21.4. La acera.<\/p>\n<p>22. EL MONTAJE DE ESCAPARATES PARA DIFERENTES SEGMENTOS DEL MERCADO<br \/>\n22.1. Electrodom\u00e9sticos.<br \/>\n22.2. Textil.<br \/>\n22.3. Farmacia y cosm\u00e9tica.<br \/>\n22.4. Fotograf\u00eda.<br \/>\n22.5. Alimentaci\u00f3n.<br \/>\n22.6. Calzado.<br \/>\n22.7. Joyer\u00eda y relojer\u00eda.<br \/>\n22.8. Florister\u00eda.<\/p>\n<\/div>\n<\/div>\n","protected":false},"excerpt":{"rendered":"<p>Desarrollar labores de dise\u00f1o del montaje de un escaparate, atendiendo a los distintos segmentos de actividad econ\u00f3mica, utilizando los programas de dise\u00f1o m\u00e1s usados y presupuestar un montaje<\/p>\n","protected":false},"featured_media":7213,"comment_status":"closed","ping_status":"closed","template":"","meta":{"site-sidebar-layout":"default","site-content-layout":"","ast-site-content-layout":"","site-content-style":"default","site-sidebar-style":"default","ast-global-header-display":"","ast-banner-title-visibility":"","ast-main-header-display":"","ast-hfb-above-header-display":"","ast-hfb-below-header-display":"","ast-hfb-mobile-header-display":"","site-post-title":"","ast-breadcrumbs-content":"","ast-featured-img":"","footer-sml-layout":"","theme-transparent-header-meta":"","adv-header-id-meta":"","stick-header-meta":"","header-above-stick-meta":"","header-main-stick-meta":"","header-below-stick-meta":"","astra-migrate-meta-layouts":"default","ast-page-background-enabled":"default","ast-page-background-meta":{"desktop":{"background-color":"var(--ast-global-color-4)","background-image":"","background-repeat":"repeat","background-position":"center center","background-size":"auto","background-attachment":"scroll","background-type":"","background-media":"","overlay-type":"","overlay-color":"","overlay-opacity":"","overlay-gradient":""},"tablet":{"background-color":"","background-image":"","background-repeat":"repeat","background-position":"center center","background-size":"auto","background-attachment":"scroll","background-type":"","background-media":"","overlay-type":"","overlay-color":"","overlay-opacity":"","overlay-gradient":""},"mobile":{"background-color":"","background-image":"","background-repeat":"repeat","background-position":"center center","background-size":"auto","background-attachment":"scroll","background-type":"","background-media":"","overlay-type":"","overlay-color":"","overlay-opacity":"","overlay-gradient":""}},"ast-content-background-meta":{"desktop":{"background-color":"var(--ast-global-color-5)","background-image":"","background-repeat":"repeat","background-position":"center center","background-size":"auto","background-attachment":"scroll","background-type":"","background-media":"","overlay-type":"","overlay-color":"","overlay-opacity":"","overlay-gradient":""},"tablet":{"background-color":"var(--ast-global-color-5)","background-image":"","background-repeat":"repeat","background-position":"center center","background-size":"auto","background-attachment":"scroll","background-type":"","background-media":"","overlay-type":"","overlay-color":"","overlay-opacity":"","overlay-gradient":""},"mobile":{"background-color":"var(--ast-global-color-5)","background-image":"","background-repeat":"repeat","background-position":"center center","background-size":"auto","background-attachment":"scroll","background-type":"","background-media":"","overlay-type":"","overlay-color":"","overlay-opacity":"","overlay-gradient":""}}},"product_brand":[],"product_cat":[119],"product_tag":[],"class_list":{"0":"post-4468","1":"product","2":"type-product","3":"status-publish","4":"has-post-thumbnail","6":"product_cat-marketing-y-relaciones-publicas","7":"desktop-align-left","8":"tablet-align-left","9":"mobile-align-left","11":"first","12":"instock","13":"taxable","14":"shipping-taxable","15":"purchasable","16":"product-type-simple"},"yoast_head":"<!-- This site is optimized with the Yoast SEO plugin v25.1 - https:\/\/yoast.com\/wordpress\/plugins\/seo\/ -->\n<title>COMM022PO - Dise\u00f1o del Montaje de Escaparates (100 horas) - Contenidos Online<\/title>\n<meta name=\"robots\" content=\"index, follow, max-snippet:-1, max-image-preview:large, max-video-preview:-1\" \/>\n<link rel=\"canonical\" href=\"https:\/\/ocupados.grupopiquer.com\/contenidos\/producto\/comm022po-diseno-del-montaje-de-escaparates-100-horas\/\" \/>\n<meta property=\"og:locale\" content=\"es_ES\" \/>\n<meta property=\"og:type\" content=\"article\" \/>\n<meta property=\"og:title\" content=\"COMM022PO - Dise\u00f1o del Montaje de Escaparates (100 horas) - Contenidos Online\" \/>\n<meta property=\"og:description\" content=\"Desarrollar labores de dise\u00f1o del montaje de un escaparate, atendiendo a los distintos segmentos de actividad econ\u00f3mica, utilizando los programas de dise\u00f1o m\u00e1s usados y presupuestar un montaje\" \/>\n<meta property=\"og:url\" content=\"https:\/\/ocupados.grupopiquer.com\/contenidos\/producto\/comm022po-diseno-del-montaje-de-escaparates-100-horas\/\" \/>\n<meta property=\"og:site_name\" content=\"Contenidos Online\" \/>\n<meta property=\"article:modified_time\" content=\"2023-05-16T10:31:24+00:00\" \/>\n<meta property=\"og:image\" content=\"https:\/\/ocupados.grupopiquer.com\/contenidos\/wp-content\/uploads\/2023\/05\/showcase-252460_1920-e1684232975434.jpg\" \/>\n\t<meta property=\"og:image:width\" content=\"1920\" \/>\n\t<meta property=\"og:image:height\" content=\"1080\" \/>\n\t<meta property=\"og:image:type\" content=\"image\/jpeg\" \/>\n<meta name=\"twitter:card\" content=\"summary_large_image\" \/>\n<meta name=\"twitter:label1\" content=\"Tiempo de lectura\" \/>\n\t<meta name=\"twitter:data1\" content=\"3 minutos\" \/>\n<script type=\"application\/ld+json\" class=\"yoast-schema-graph\">{\"@context\":\"https:\/\/schema.org\",\"@graph\":[{\"@type\":\"WebPage\",\"@id\":\"https:\/\/ocupados.grupopiquer.com\/contenidos\/producto\/comm022po-diseno-del-montaje-de-escaparates-100-horas\/\",\"url\":\"https:\/\/ocupados.grupopiquer.com\/contenidos\/producto\/comm022po-diseno-del-montaje-de-escaparates-100-horas\/\",\"name\":\"COMM022PO - Dise\u00f1o del Montaje de Escaparates (100 horas) - Contenidos Online\",\"isPartOf\":{\"@id\":\"https:\/\/ocupados.grupopiquer.com\/contenidos\/#website\"},\"primaryImageOfPage\":{\"@id\":\"https:\/\/ocupados.grupopiquer.com\/contenidos\/producto\/comm022po-diseno-del-montaje-de-escaparates-100-horas\/#primaryimage\"},\"image\":{\"@id\":\"https:\/\/ocupados.grupopiquer.com\/contenidos\/producto\/comm022po-diseno-del-montaje-de-escaparates-100-horas\/#primaryimage\"},\"thumbnailUrl\":\"https:\/\/ocupados.grupopiquer.com\/contenidos\/wp-content\/uploads\/2023\/05\/showcase-252460_1920-e1684232975434.jpg\",\"datePublished\":\"2023-05-02T11:02:36+00:00\",\"dateModified\":\"2023-05-16T10:31:24+00:00\",\"breadcrumb\":{\"@id\":\"https:\/\/ocupados.grupopiquer.com\/contenidos\/producto\/comm022po-diseno-del-montaje-de-escaparates-100-horas\/#breadcrumb\"},\"inLanguage\":\"es\",\"potentialAction\":[{\"@type\":\"ReadAction\",\"target\":[\"https:\/\/ocupados.grupopiquer.com\/contenidos\/producto\/comm022po-diseno-del-montaje-de-escaparates-100-horas\/\"]}]},{\"@type\":\"ImageObject\",\"inLanguage\":\"es\",\"@id\":\"https:\/\/ocupados.grupopiquer.com\/contenidos\/producto\/comm022po-diseno-del-montaje-de-escaparates-100-horas\/#primaryimage\",\"url\":\"https:\/\/ocupados.grupopiquer.com\/contenidos\/wp-content\/uploads\/2023\/05\/showcase-252460_1920-e1684232975434.jpg\",\"contentUrl\":\"https:\/\/ocupados.grupopiquer.com\/contenidos\/wp-content\/uploads\/2023\/05\/showcase-252460_1920-e1684232975434.jpg\",\"width\":1920,\"height\":1080},{\"@type\":\"BreadcrumbList\",\"@id\":\"https:\/\/ocupados.grupopiquer.com\/contenidos\/producto\/comm022po-diseno-del-montaje-de-escaparates-100-horas\/#breadcrumb\",\"itemListElement\":[{\"@type\":\"ListItem\",\"position\":1,\"name\":\"Portada\",\"item\":\"https:\/\/ocupados.grupopiquer.com\/contenidos\/\"},{\"@type\":\"ListItem\",\"position\":2,\"name\":\"Tienda\",\"item\":\"https:\/\/ocupados.grupopiquer.com\/contenidos\/tienda\/\"},{\"@type\":\"ListItem\",\"position\":3,\"name\":\"COMM022PO &#8211; Dise\u00f1o del Montaje de Escaparates (100 horas)\"}]},{\"@type\":\"WebSite\",\"@id\":\"https:\/\/ocupados.grupopiquer.com\/contenidos\/#website\",\"url\":\"https:\/\/ocupados.grupopiquer.com\/contenidos\/\",\"name\":\"Contenidos Online\",\"description\":\"\",\"publisher\":{\"@id\":\"https:\/\/ocupados.grupopiquer.com\/contenidos\/#organization\"},\"potentialAction\":[{\"@type\":\"SearchAction\",\"target\":{\"@type\":\"EntryPoint\",\"urlTemplate\":\"https:\/\/ocupados.grupopiquer.com\/contenidos\/?s={search_term_string}\"},\"query-input\":{\"@type\":\"PropertyValueSpecification\",\"valueRequired\":true,\"valueName\":\"search_term_string\"}}],\"inLanguage\":\"es\"},{\"@type\":\"Organization\",\"@id\":\"https:\/\/ocupados.grupopiquer.com\/contenidos\/#organization\",\"name\":\"Contenidos Online\",\"url\":\"https:\/\/ocupados.grupopiquer.com\/contenidos\/\",\"logo\":{\"@type\":\"ImageObject\",\"inLanguage\":\"es\",\"@id\":\"https:\/\/ocupados.grupopiquer.com\/contenidos\/#\/schema\/logo\/image\/\",\"url\":\"https:\/\/ocupados.grupopiquer.com\/contenidos\/wp-content\/uploads\/2024\/01\/Grupo-Piquer-COLOR-1.png\",\"contentUrl\":\"https:\/\/ocupados.grupopiquer.com\/contenidos\/wp-content\/uploads\/2024\/01\/Grupo-Piquer-COLOR-1.png\",\"width\":705,\"height\":270,\"caption\":\"Contenidos Online\"},\"image\":{\"@id\":\"https:\/\/ocupados.grupopiquer.com\/contenidos\/#\/schema\/logo\/image\/\"}}]}<\/script>\n<!-- \/ Yoast SEO plugin. -->","yoast_head_json":{"title":"COMM022PO - Dise\u00f1o del Montaje de Escaparates (100 horas) - Contenidos Online","robots":{"index":"index","follow":"follow","max-snippet":"max-snippet:-1","max-image-preview":"max-image-preview:large","max-video-preview":"max-video-preview:-1"},"canonical":"https:\/\/ocupados.grupopiquer.com\/contenidos\/producto\/comm022po-diseno-del-montaje-de-escaparates-100-horas\/","og_locale":"es_ES","og_type":"article","og_title":"COMM022PO - Dise\u00f1o del Montaje de Escaparates (100 horas) - Contenidos Online","og_description":"Desarrollar labores de dise\u00f1o del montaje de un escaparate, atendiendo a los distintos segmentos de actividad econ\u00f3mica, utilizando los programas de dise\u00f1o m\u00e1s usados y presupuestar un montaje","og_url":"https:\/\/ocupados.grupopiquer.com\/contenidos\/producto\/comm022po-diseno-del-montaje-de-escaparates-100-horas\/","og_site_name":"Contenidos Online","article_modified_time":"2023-05-16T10:31:24+00:00","og_image":[{"width":1920,"height":1080,"url":"https:\/\/ocupados.grupopiquer.com\/contenidos\/wp-content\/uploads\/2023\/05\/showcase-252460_1920-e1684232975434.jpg","type":"image\/jpeg"}],"twitter_card":"summary_large_image","twitter_misc":{"Tiempo de lectura":"3 minutos"},"schema":{"@context":"https:\/\/schema.org","@graph":[{"@type":"WebPage","@id":"https:\/\/ocupados.grupopiquer.com\/contenidos\/producto\/comm022po-diseno-del-montaje-de-escaparates-100-horas\/","url":"https:\/\/ocupados.grupopiquer.com\/contenidos\/producto\/comm022po-diseno-del-montaje-de-escaparates-100-horas\/","name":"COMM022PO - Dise\u00f1o del Montaje de Escaparates (100 horas) - Contenidos Online","isPartOf":{"@id":"https:\/\/ocupados.grupopiquer.com\/contenidos\/#website"},"primaryImageOfPage":{"@id":"https:\/\/ocupados.grupopiquer.com\/contenidos\/producto\/comm022po-diseno-del-montaje-de-escaparates-100-horas\/#primaryimage"},"image":{"@id":"https:\/\/ocupados.grupopiquer.com\/contenidos\/producto\/comm022po-diseno-del-montaje-de-escaparates-100-horas\/#primaryimage"},"thumbnailUrl":"https:\/\/ocupados.grupopiquer.com\/contenidos\/wp-content\/uploads\/2023\/05\/showcase-252460_1920-e1684232975434.jpg","datePublished":"2023-05-02T11:02:36+00:00","dateModified":"2023-05-16T10:31:24+00:00","breadcrumb":{"@id":"https:\/\/ocupados.grupopiquer.com\/contenidos\/producto\/comm022po-diseno-del-montaje-de-escaparates-100-horas\/#breadcrumb"},"inLanguage":"es","potentialAction":[{"@type":"ReadAction","target":["https:\/\/ocupados.grupopiquer.com\/contenidos\/producto\/comm022po-diseno-del-montaje-de-escaparates-100-horas\/"]}]},{"@type":"ImageObject","inLanguage":"es","@id":"https:\/\/ocupados.grupopiquer.com\/contenidos\/producto\/comm022po-diseno-del-montaje-de-escaparates-100-horas\/#primaryimage","url":"https:\/\/ocupados.grupopiquer.com\/contenidos\/wp-content\/uploads\/2023\/05\/showcase-252460_1920-e1684232975434.jpg","contentUrl":"https:\/\/ocupados.grupopiquer.com\/contenidos\/wp-content\/uploads\/2023\/05\/showcase-252460_1920-e1684232975434.jpg","width":1920,"height":1080},{"@type":"BreadcrumbList","@id":"https:\/\/ocupados.grupopiquer.com\/contenidos\/producto\/comm022po-diseno-del-montaje-de-escaparates-100-horas\/#breadcrumb","itemListElement":[{"@type":"ListItem","position":1,"name":"Portada","item":"https:\/\/ocupados.grupopiquer.com\/contenidos\/"},{"@type":"ListItem","position":2,"name":"Tienda","item":"https:\/\/ocupados.grupopiquer.com\/contenidos\/tienda\/"},{"@type":"ListItem","position":3,"name":"COMM022PO &#8211; Dise\u00f1o del Montaje de Escaparates (100 horas)"}]},{"@type":"WebSite","@id":"https:\/\/ocupados.grupopiquer.com\/contenidos\/#website","url":"https:\/\/ocupados.grupopiquer.com\/contenidos\/","name":"Contenidos Online","description":"","publisher":{"@id":"https:\/\/ocupados.grupopiquer.com\/contenidos\/#organization"},"potentialAction":[{"@type":"SearchAction","target":{"@type":"EntryPoint","urlTemplate":"https:\/\/ocupados.grupopiquer.com\/contenidos\/?s={search_term_string}"},"query-input":{"@type":"PropertyValueSpecification","valueRequired":true,"valueName":"search_term_string"}}],"inLanguage":"es"},{"@type":"Organization","@id":"https:\/\/ocupados.grupopiquer.com\/contenidos\/#organization","name":"Contenidos Online","url":"https:\/\/ocupados.grupopiquer.com\/contenidos\/","logo":{"@type":"ImageObject","inLanguage":"es","@id":"https:\/\/ocupados.grupopiquer.com\/contenidos\/#\/schema\/logo\/image\/","url":"https:\/\/ocupados.grupopiquer.com\/contenidos\/wp-content\/uploads\/2024\/01\/Grupo-Piquer-COLOR-1.png","contentUrl":"https:\/\/ocupados.grupopiquer.com\/contenidos\/wp-content\/uploads\/2024\/01\/Grupo-Piquer-COLOR-1.png","width":705,"height":270,"caption":"Contenidos Online"},"image":{"@id":"https:\/\/ocupados.grupopiquer.com\/contenidos\/#\/schema\/logo\/image\/"}}]}},"jetpack_sharing_enabled":true,"_links":{"self":[{"href":"https:\/\/ocupados.grupopiquer.com\/contenidos\/wp-json\/wp\/v2\/product\/4468","targetHints":{"allow":["GET"]}}],"collection":[{"href":"https:\/\/ocupados.grupopiquer.com\/contenidos\/wp-json\/wp\/v2\/product"}],"about":[{"href":"https:\/\/ocupados.grupopiquer.com\/contenidos\/wp-json\/wp\/v2\/types\/product"}],"replies":[{"embeddable":true,"href":"https:\/\/ocupados.grupopiquer.com\/contenidos\/wp-json\/wp\/v2\/comments?post=4468"}],"wp:featuredmedia":[{"embeddable":true,"href":"https:\/\/ocupados.grupopiquer.com\/contenidos\/wp-json\/wp\/v2\/media\/7213"}],"wp:attachment":[{"href":"https:\/\/ocupados.grupopiquer.com\/contenidos\/wp-json\/wp\/v2\/media?parent=4468"}],"wp:term":[{"taxonomy":"product_brand","embeddable":true,"href":"https:\/\/ocupados.grupopiquer.com\/contenidos\/wp-json\/wp\/v2\/product_brand?post=4468"},{"taxonomy":"product_cat","embeddable":true,"href":"https:\/\/ocupados.grupopiquer.com\/contenidos\/wp-json\/wp\/v2\/product_cat?post=4468"},{"taxonomy":"product_tag","embeddable":true,"href":"https:\/\/ocupados.grupopiquer.com\/contenidos\/wp-json\/wp\/v2\/product_tag?post=4468"}],"curies":[{"name":"wp","href":"https:\/\/api.w.org\/{rel}","templated":true}]}}