{"id":4485,"date":"2023-05-02T11:03:53","date_gmt":"2023-05-02T11:03:53","guid":{"rendered":"https:\/\/ocupados.grupopiquer.com\/contenidos\/producto\/comm061po-posicionamiento-en-la-web-para-el-emprendimiento-90-horas\/"},"modified":"2023-05-15T11:23:48","modified_gmt":"2023-05-15T11:23:48","slug":"comm061po-posicionamiento-en-la-web-para-el-emprendimiento-90-horas","status":"publish","type":"product","link":"https:\/\/ocupados.grupopiquer.com\/contenidos\/producto\/comm061po-posicionamiento-en-la-web-para-el-emprendimiento-90-horas\/","title":{"rendered":"COMM061PO &#8211; Posicionamiento en la Web para el Emprendimiento (90 horas)"},"content":{"rendered":"<div id=\"accordion\">\n<h3>OBJETIVOS<\/h3>\n<div>Aplicar t\u00e9cnicas de posicionamiento de p\u00e1ginas web a la hora de emprender un negocio, tanto las correspondientes al posicionamiento natural o SEO, como la creaci\u00f3n de campa\u00f1as de publicidad online (SEM), a la vez que aprender a ejecutar acciones que hagan que un nuevo negocio se sit\u00fae entre los primeros puestos en los resultados de las b\u00fasquedas que realizan los usuarios en Google, Yahoo, MSN y otros buscadores, y obtener los conocimientos b\u00e1sicos para dise\u00f1ar una web 3.0 como estrategia para dar mayor presencia a un negocio.<\/div>\n<h3>CONTENIDOS<\/h3>\n<div>1. C\u00d3MO POSICIONAR P\u00c1GINAS WEB CUANDO SE EMPRENDE UN NEGOCIO<br \/>\n1.1. Posicionamiento en buscadores de empresas de nueva creaci\u00f3n.<br \/>\n1.1.1. Buscadores y directorios.<br \/>\n1.1.2. Relevancia de los resultados.<br \/>\n1.1.3. Tr\u00e1fico cualificado.<br \/>\n1.1.4. T\u00e9cnicas penalizables de posicionamiento.<br \/>\n1.2. Palabras clave.<br \/>\n1.2.1. La importancia de las palabras clave.<br \/>\n1.2.2. Analizar el tr\u00e1fico que recibe el sitio web.<br \/>\n1.3. \u00bfD\u00f3nde utilizar las palabras clave?<br \/>\n1.3.1. Dominio y URL.<br \/>\n1.3.2. El t\u00edtulo de la p\u00e1gina. Encabezados y texto de la p\u00e1gina.<br \/>\n1.3.3. Las etiquetas meta.<br \/>\n1.4. Enlaces (I).<br \/>\n1.4.1. Enlaces internos.<br \/>\n1.4.2. Conseguir enlaces externos. Alta en directorios.<br \/>\n1.5. Enlaces (II).<br \/>\n1.5.1. Marcadores sociales. Intercambio de enlaces.<br \/>\n1.5.2. Enlaces que penalizan.<br \/>\n1.5.3. Mapa del sitio (Sitemap).<br \/>\n1.6. Contenidos dif\u00edciles de posicionar cuando se crea una empresa.<br \/>\n1.6.1. Im\u00e1genes.<br \/>\n1.6.2. Flash.<br \/>\n1.6.3. La librer\u00eda SWFObject.<br \/>\n1.6.4. El archivo robots.txt .<\/p>\n<p>2. EL EMPRENDEDOR COMO ANALISTA WEB: C\u00d3MO DISE\u00d1AR UNA WEB Y MEDIR EL TR\u00c1FICO CON GOOGLE ANALYTICS<br \/>\n2.1. Dise\u00f1o y Usabilidad de la p\u00e1gina Web del nuevo negocio Online.<br \/>\n2.1.1. Pasos previos al dise\u00f1o web: dominio, hosting, etc.<br \/>\n2.1.2. C\u00f3mo elegir un proveedor para un dise\u00f1o web a medida.<br \/>\n2.1.3. Pr\u00e1cticos: Aplicaciones de software disponibles.<br \/>\n2.1.4. Caso real: Virtual Shop.<br \/>\n2.1.5. Estructura del negocio online: BackOffice y Frontoffice.<br \/>\n2.1.6. Caso Real: Concepci\u00f3n de un negocio online.<br \/>\n2.1.7. Caso pr\u00e1ctico resuelto.<br \/>\n2.2. Gesti\u00f3n de Blog Corporativo.<br \/>\n2.2.1. C\u00f3mo adecuar los contenidos para fidelizar al cliente.<br \/>\n2.2.2. El Blog en la estrategia online: Facebook Connect, etc.<br \/>\n2.2.3. C\u00f3mo crear un blog con Blogger, paso a paso.<br \/>\n2.2.4. C\u00f3mo crear un blog con WordPress, paso a paso.<br \/>\n2.2.5. Caso pr\u00e1ctico resuelto.<br \/>\n2.3. Marketing 3.0.<br \/>\n2.3.1. Value Management: Prepararse para el Marketing 3.0.<br \/>\n2.3.2. Co-Creation: El cliente como creador del producto.<br \/>\n2.3.3 Comunidades 3.0: Comunicaci\u00f3n Cliente-Cliente.<br \/>\n2.3.4. Creaci\u00f3n de campa\u00f1as de Comunicaci\u00f3n en la Web Sem\u00e1ntica.<br \/>\n2.3.5. Ejemplo Real: Nuestra marca y su ADN social.<br \/>\n2.3.6. Ejercicio Pr\u00e1ctico: Crear una estrategia de Marketing din\u00e1mica 3.0.<\/p><\/div>\n<\/div>\n","protected":false},"excerpt":{"rendered":"<p>Aplicar t\u00e9cnicas de posicionamiento de p\u00e1ginas web a la hora de emprender un negocio, tanto las correspondientes al posicionamiento natural o SEO, como la creaci\u00f3n de campa\u00f1as de publicidad online (SEM), a la vez que aprender a ejecutar acciones que hagan que un nuevo negocio se sit\u00fae entre los primeros puestos en los resultados de las b\u00fasquedas que realizan los usuarios en Google, Yahoo, MSN y otros buscadores, y obtener los conocimientos b\u00e1sicos para dise\u00f1ar una web 3.0 como estrategia para dar mayor presencia a un negocio.<\/p>\n","protected":false},"featured_media":5114,"comment_status":"closed","ping_status":"closed","template":"","meta":{"site-sidebar-layout":"default","site-content-layout":"","ast-site-content-layout":"","site-content-style":"default","site-sidebar-style":"default","ast-global-header-display":"","ast-banner-title-visibility":"","ast-main-header-display":"","ast-hfb-above-header-display":"","ast-hfb-below-header-display":"","ast-hfb-mobile-header-display":"","site-post-title":"","ast-breadcrumbs-content":"","ast-featured-img":"","footer-sml-layout":"","theme-transparent-header-meta":"","adv-header-id-meta":"","stick-header-meta":"","header-above-stick-meta":"","header-main-stick-meta":"","header-below-stick-meta":"","astra-migrate-meta-layouts":"default","ast-page-background-enabled":"default","ast-page-background-meta":{"desktop":{"background-color":"var(--ast-global-color-4)","background-image":"","background-repeat":"repeat","background-position":"center center","background-size":"auto","background-attachment":"scroll","background-type":"","background-media":"","overlay-type":"","overlay-color":"","overlay-opacity":"","overlay-gradient":""},"tablet":{"background-color":"","background-image":"","background-repeat":"repeat","background-position":"center center","background-size":"auto","background-attachment":"scroll","background-type":"","background-media":"","overlay-type":"","overlay-color":"","overlay-opacity":"","overlay-gradient":""},"mobile":{"background-color":"","background-image":"","background-repeat":"repeat","background-position":"center center","background-size":"auto","background-attachment":"scroll","background-type":"","background-media":"","overlay-type":"","overlay-color":"","overlay-opacity":"","overlay-gradient":""}},"ast-content-background-meta":{"desktop":{"background-color":"var(--ast-global-color-5)","background-image":"","background-repeat":"repeat","background-position":"center center","background-size":"auto","background-attachment":"scroll","background-type":"","background-media":"","overlay-type":"","overlay-color":"","overlay-opacity":"","overlay-gradient":""},"tablet":{"background-color":"var(--ast-global-color-5)","background-image":"","background-repeat":"repeat","background-position":"center center","background-size":"auto","background-attachment":"scroll","background-type":"","background-media":"","overlay-type":"","overlay-color":"","overlay-opacity":"","overlay-gradient":""},"mobile":{"background-color":"var(--ast-global-color-5)","background-image":"","background-repeat":"repeat","background-position":"center center","background-size":"auto","background-attachment":"scroll","background-type":"","background-media":"","overlay-type":"","overlay-color":"","overlay-opacity":"","overlay-gradient":""}}},"product_brand":[],"product_cat":[119],"product_tag":[],"class_list":{"0":"post-4485","1":"product","2":"type-product","3":"status-publish","4":"has-post-thumbnail","6":"product_cat-marketing-y-relaciones-publicas","7":"desktop-align-left","8":"tablet-align-left","9":"mobile-align-left","11":"first","12":"instock","13":"taxable","14":"shipping-taxable","15":"purchasable","16":"product-type-simple"},"yoast_head":"<!-- This site is optimized with the Yoast SEO plugin v25.1 - https:\/\/yoast.com\/wordpress\/plugins\/seo\/ -->\n<title>COMM061PO - Posicionamiento en la Web para el Emprendimiento (90 horas) - Contenidos Online<\/title>\n<meta name=\"robots\" content=\"index, follow, max-snippet:-1, max-image-preview:large, max-video-preview:-1\" \/>\n<link rel=\"canonical\" href=\"https:\/\/ocupados.grupopiquer.com\/contenidos\/producto\/comm061po-posicionamiento-en-la-web-para-el-emprendimiento-90-horas\/\" \/>\n<meta property=\"og:locale\" content=\"es_ES\" \/>\n<meta property=\"og:type\" content=\"article\" \/>\n<meta property=\"og:title\" content=\"COMM061PO - Posicionamiento en la Web para el Emprendimiento (90 horas) - Contenidos Online\" \/>\n<meta property=\"og:description\" content=\"Aplicar t\u00e9cnicas de posicionamiento de p\u00e1ginas web a la hora de emprender un negocio, tanto las correspondientes al posicionamiento natural o SEO, como la creaci\u00f3n de campa\u00f1as de publicidad online (SEM), a la vez que aprender a ejecutar acciones que hagan que un nuevo negocio se sit\u00fae entre los primeros puestos en los resultados de las b\u00fasquedas que realizan los usuarios en Google, Yahoo, MSN y otros buscadores, y obtener los conocimientos b\u00e1sicos para dise\u00f1ar una web 3.0 como estrategia para dar mayor presencia a un negocio.\" \/>\n<meta property=\"og:url\" content=\"https:\/\/ocupados.grupopiquer.com\/contenidos\/producto\/comm061po-posicionamiento-en-la-web-para-el-emprendimiento-90-horas\/\" \/>\n<meta property=\"og:site_name\" content=\"Contenidos Online\" \/>\n<meta property=\"article:modified_time\" content=\"2023-05-15T11:23:48+00:00\" \/>\n<meta property=\"og:image\" content=\"https:\/\/ocupados.grupopiquer.com\/contenidos\/wp-content\/uploads\/2023\/05\/l65jjflEyMYfwiMw_vw73rD3nucQf9nM6-e1683213251838.jpg\" \/>\n\t<meta property=\"og:image:width\" content=\"1680\" \/>\n\t<meta property=\"og:image:height\" content=\"945\" \/>\n\t<meta property=\"og:image:type\" content=\"image\/jpeg\" \/>\n<meta name=\"twitter:card\" content=\"summary_large_image\" \/>\n<meta name=\"twitter:label1\" content=\"Tiempo de lectura\" \/>\n\t<meta name=\"twitter:data1\" content=\"2 minutos\" \/>\n<script type=\"application\/ld+json\" class=\"yoast-schema-graph\">{\"@context\":\"https:\/\/schema.org\",\"@graph\":[{\"@type\":\"WebPage\",\"@id\":\"https:\/\/ocupados.grupopiquer.com\/contenidos\/producto\/comm061po-posicionamiento-en-la-web-para-el-emprendimiento-90-horas\/\",\"url\":\"https:\/\/ocupados.grupopiquer.com\/contenidos\/producto\/comm061po-posicionamiento-en-la-web-para-el-emprendimiento-90-horas\/\",\"name\":\"COMM061PO - Posicionamiento en la Web para el Emprendimiento (90 horas) - Contenidos Online\",\"isPartOf\":{\"@id\":\"https:\/\/ocupados.grupopiquer.com\/contenidos\/#website\"},\"primaryImageOfPage\":{\"@id\":\"https:\/\/ocupados.grupopiquer.com\/contenidos\/producto\/comm061po-posicionamiento-en-la-web-para-el-emprendimiento-90-horas\/#primaryimage\"},\"image\":{\"@id\":\"https:\/\/ocupados.grupopiquer.com\/contenidos\/producto\/comm061po-posicionamiento-en-la-web-para-el-emprendimiento-90-horas\/#primaryimage\"},\"thumbnailUrl\":\"https:\/\/ocupados.grupopiquer.com\/contenidos\/wp-content\/uploads\/2023\/05\/l65jjflEyMYfwiMw_vw73rD3nucQf9nM6-e1683213251838.jpg\",\"datePublished\":\"2023-05-02T11:03:53+00:00\",\"dateModified\":\"2023-05-15T11:23:48+00:00\",\"breadcrumb\":{\"@id\":\"https:\/\/ocupados.grupopiquer.com\/contenidos\/producto\/comm061po-posicionamiento-en-la-web-para-el-emprendimiento-90-horas\/#breadcrumb\"},\"inLanguage\":\"es\",\"potentialAction\":[{\"@type\":\"ReadAction\",\"target\":[\"https:\/\/ocupados.grupopiquer.com\/contenidos\/producto\/comm061po-posicionamiento-en-la-web-para-el-emprendimiento-90-horas\/\"]}]},{\"@type\":\"ImageObject\",\"inLanguage\":\"es\",\"@id\":\"https:\/\/ocupados.grupopiquer.com\/contenidos\/producto\/comm061po-posicionamiento-en-la-web-para-el-emprendimiento-90-horas\/#primaryimage\",\"url\":\"https:\/\/ocupados.grupopiquer.com\/contenidos\/wp-content\/uploads\/2023\/05\/l65jjflEyMYfwiMw_vw73rD3nucQf9nM6-e1683213251838.jpg\",\"contentUrl\":\"https:\/\/ocupados.grupopiquer.com\/contenidos\/wp-content\/uploads\/2023\/05\/l65jjflEyMYfwiMw_vw73rD3nucQf9nM6-e1683213251838.jpg\",\"width\":1680,\"height\":945},{\"@type\":\"BreadcrumbList\",\"@id\":\"https:\/\/ocupados.grupopiquer.com\/contenidos\/producto\/comm061po-posicionamiento-en-la-web-para-el-emprendimiento-90-horas\/#breadcrumb\",\"itemListElement\":[{\"@type\":\"ListItem\",\"position\":1,\"name\":\"Portada\",\"item\":\"https:\/\/ocupados.grupopiquer.com\/contenidos\/\"},{\"@type\":\"ListItem\",\"position\":2,\"name\":\"Tienda\",\"item\":\"https:\/\/ocupados.grupopiquer.com\/contenidos\/tienda\/\"},{\"@type\":\"ListItem\",\"position\":3,\"name\":\"COMM061PO &#8211; Posicionamiento en la Web para el Emprendimiento (90 horas)\"}]},{\"@type\":\"WebSite\",\"@id\":\"https:\/\/ocupados.grupopiquer.com\/contenidos\/#website\",\"url\":\"https:\/\/ocupados.grupopiquer.com\/contenidos\/\",\"name\":\"Contenidos Online\",\"description\":\"\",\"publisher\":{\"@id\":\"https:\/\/ocupados.grupopiquer.com\/contenidos\/#organization\"},\"potentialAction\":[{\"@type\":\"SearchAction\",\"target\":{\"@type\":\"EntryPoint\",\"urlTemplate\":\"https:\/\/ocupados.grupopiquer.com\/contenidos\/?s={search_term_string}\"},\"query-input\":{\"@type\":\"PropertyValueSpecification\",\"valueRequired\":true,\"valueName\":\"search_term_string\"}}],\"inLanguage\":\"es\"},{\"@type\":\"Organization\",\"@id\":\"https:\/\/ocupados.grupopiquer.com\/contenidos\/#organization\",\"name\":\"Contenidos Online\",\"url\":\"https:\/\/ocupados.grupopiquer.com\/contenidos\/\",\"logo\":{\"@type\":\"ImageObject\",\"inLanguage\":\"es\",\"@id\":\"https:\/\/ocupados.grupopiquer.com\/contenidos\/#\/schema\/logo\/image\/\",\"url\":\"https:\/\/ocupados.grupopiquer.com\/contenidos\/wp-content\/uploads\/2024\/01\/Grupo-Piquer-COLOR-1.png\",\"contentUrl\":\"https:\/\/ocupados.grupopiquer.com\/contenidos\/wp-content\/uploads\/2024\/01\/Grupo-Piquer-COLOR-1.png\",\"width\":705,\"height\":270,\"caption\":\"Contenidos Online\"},\"image\":{\"@id\":\"https:\/\/ocupados.grupopiquer.com\/contenidos\/#\/schema\/logo\/image\/\"}}]}<\/script>\n<!-- \/ Yoast SEO plugin. -->","yoast_head_json":{"title":"COMM061PO - Posicionamiento en la Web para el Emprendimiento (90 horas) - Contenidos Online","robots":{"index":"index","follow":"follow","max-snippet":"max-snippet:-1","max-image-preview":"max-image-preview:large","max-video-preview":"max-video-preview:-1"},"canonical":"https:\/\/ocupados.grupopiquer.com\/contenidos\/producto\/comm061po-posicionamiento-en-la-web-para-el-emprendimiento-90-horas\/","og_locale":"es_ES","og_type":"article","og_title":"COMM061PO - Posicionamiento en la Web para el Emprendimiento (90 horas) - Contenidos Online","og_description":"Aplicar t\u00e9cnicas de posicionamiento de p\u00e1ginas web a la hora de emprender un negocio, tanto las correspondientes al posicionamiento natural o SEO, como la creaci\u00f3n de campa\u00f1as de publicidad online (SEM), a la vez que aprender a ejecutar acciones que hagan que un nuevo negocio se sit\u00fae entre los primeros puestos en los resultados de las b\u00fasquedas que realizan los usuarios en Google, Yahoo, MSN y otros buscadores, y obtener los conocimientos b\u00e1sicos para dise\u00f1ar una web 3.0 como estrategia para dar mayor presencia a un negocio.","og_url":"https:\/\/ocupados.grupopiquer.com\/contenidos\/producto\/comm061po-posicionamiento-en-la-web-para-el-emprendimiento-90-horas\/","og_site_name":"Contenidos Online","article_modified_time":"2023-05-15T11:23:48+00:00","og_image":[{"width":1680,"height":945,"url":"https:\/\/ocupados.grupopiquer.com\/contenidos\/wp-content\/uploads\/2023\/05\/l65jjflEyMYfwiMw_vw73rD3nucQf9nM6-e1683213251838.jpg","type":"image\/jpeg"}],"twitter_card":"summary_large_image","twitter_misc":{"Tiempo de lectura":"2 minutos"},"schema":{"@context":"https:\/\/schema.org","@graph":[{"@type":"WebPage","@id":"https:\/\/ocupados.grupopiquer.com\/contenidos\/producto\/comm061po-posicionamiento-en-la-web-para-el-emprendimiento-90-horas\/","url":"https:\/\/ocupados.grupopiquer.com\/contenidos\/producto\/comm061po-posicionamiento-en-la-web-para-el-emprendimiento-90-horas\/","name":"COMM061PO - Posicionamiento en la Web para el Emprendimiento (90 horas) - Contenidos Online","isPartOf":{"@id":"https:\/\/ocupados.grupopiquer.com\/contenidos\/#website"},"primaryImageOfPage":{"@id":"https:\/\/ocupados.grupopiquer.com\/contenidos\/producto\/comm061po-posicionamiento-en-la-web-para-el-emprendimiento-90-horas\/#primaryimage"},"image":{"@id":"https:\/\/ocupados.grupopiquer.com\/contenidos\/producto\/comm061po-posicionamiento-en-la-web-para-el-emprendimiento-90-horas\/#primaryimage"},"thumbnailUrl":"https:\/\/ocupados.grupopiquer.com\/contenidos\/wp-content\/uploads\/2023\/05\/l65jjflEyMYfwiMw_vw73rD3nucQf9nM6-e1683213251838.jpg","datePublished":"2023-05-02T11:03:53+00:00","dateModified":"2023-05-15T11:23:48+00:00","breadcrumb":{"@id":"https:\/\/ocupados.grupopiquer.com\/contenidos\/producto\/comm061po-posicionamiento-en-la-web-para-el-emprendimiento-90-horas\/#breadcrumb"},"inLanguage":"es","potentialAction":[{"@type":"ReadAction","target":["https:\/\/ocupados.grupopiquer.com\/contenidos\/producto\/comm061po-posicionamiento-en-la-web-para-el-emprendimiento-90-horas\/"]}]},{"@type":"ImageObject","inLanguage":"es","@id":"https:\/\/ocupados.grupopiquer.com\/contenidos\/producto\/comm061po-posicionamiento-en-la-web-para-el-emprendimiento-90-horas\/#primaryimage","url":"https:\/\/ocupados.grupopiquer.com\/contenidos\/wp-content\/uploads\/2023\/05\/l65jjflEyMYfwiMw_vw73rD3nucQf9nM6-e1683213251838.jpg","contentUrl":"https:\/\/ocupados.grupopiquer.com\/contenidos\/wp-content\/uploads\/2023\/05\/l65jjflEyMYfwiMw_vw73rD3nucQf9nM6-e1683213251838.jpg","width":1680,"height":945},{"@type":"BreadcrumbList","@id":"https:\/\/ocupados.grupopiquer.com\/contenidos\/producto\/comm061po-posicionamiento-en-la-web-para-el-emprendimiento-90-horas\/#breadcrumb","itemListElement":[{"@type":"ListItem","position":1,"name":"Portada","item":"https:\/\/ocupados.grupopiquer.com\/contenidos\/"},{"@type":"ListItem","position":2,"name":"Tienda","item":"https:\/\/ocupados.grupopiquer.com\/contenidos\/tienda\/"},{"@type":"ListItem","position":3,"name":"COMM061PO &#8211; Posicionamiento en la Web para el Emprendimiento (90 horas)"}]},{"@type":"WebSite","@id":"https:\/\/ocupados.grupopiquer.com\/contenidos\/#website","url":"https:\/\/ocupados.grupopiquer.com\/contenidos\/","name":"Contenidos Online","description":"","publisher":{"@id":"https:\/\/ocupados.grupopiquer.com\/contenidos\/#organization"},"potentialAction":[{"@type":"SearchAction","target":{"@type":"EntryPoint","urlTemplate":"https:\/\/ocupados.grupopiquer.com\/contenidos\/?s={search_term_string}"},"query-input":{"@type":"PropertyValueSpecification","valueRequired":true,"valueName":"search_term_string"}}],"inLanguage":"es"},{"@type":"Organization","@id":"https:\/\/ocupados.grupopiquer.com\/contenidos\/#organization","name":"Contenidos Online","url":"https:\/\/ocupados.grupopiquer.com\/contenidos\/","logo":{"@type":"ImageObject","inLanguage":"es","@id":"https:\/\/ocupados.grupopiquer.com\/contenidos\/#\/schema\/logo\/image\/","url":"https:\/\/ocupados.grupopiquer.com\/contenidos\/wp-content\/uploads\/2024\/01\/Grupo-Piquer-COLOR-1.png","contentUrl":"https:\/\/ocupados.grupopiquer.com\/contenidos\/wp-content\/uploads\/2024\/01\/Grupo-Piquer-COLOR-1.png","width":705,"height":270,"caption":"Contenidos Online"},"image":{"@id":"https:\/\/ocupados.grupopiquer.com\/contenidos\/#\/schema\/logo\/image\/"}}]}},"jetpack_sharing_enabled":true,"_links":{"self":[{"href":"https:\/\/ocupados.grupopiquer.com\/contenidos\/wp-json\/wp\/v2\/product\/4485","targetHints":{"allow":["GET"]}}],"collection":[{"href":"https:\/\/ocupados.grupopiquer.com\/contenidos\/wp-json\/wp\/v2\/product"}],"about":[{"href":"https:\/\/ocupados.grupopiquer.com\/contenidos\/wp-json\/wp\/v2\/types\/product"}],"replies":[{"embeddable":true,"href":"https:\/\/ocupados.grupopiquer.com\/contenidos\/wp-json\/wp\/v2\/comments?post=4485"}],"wp:featuredmedia":[{"embeddable":true,"href":"https:\/\/ocupados.grupopiquer.com\/contenidos\/wp-json\/wp\/v2\/media\/5114"}],"wp:attachment":[{"href":"https:\/\/ocupados.grupopiquer.com\/contenidos\/wp-json\/wp\/v2\/media?parent=4485"}],"wp:term":[{"taxonomy":"product_brand","embeddable":true,"href":"https:\/\/ocupados.grupopiquer.com\/contenidos\/wp-json\/wp\/v2\/product_brand?post=4485"},{"taxonomy":"product_cat","embeddable":true,"href":"https:\/\/ocupados.grupopiquer.com\/contenidos\/wp-json\/wp\/v2\/product_cat?post=4485"},{"taxonomy":"product_tag","embeddable":true,"href":"https:\/\/ocupados.grupopiquer.com\/contenidos\/wp-json\/wp\/v2\/product_tag?post=4485"}],"curies":[{"name":"wp","href":"https:\/\/api.w.org\/{rel}","templated":true}]}}