{"id":4516,"date":"2023-05-02T11:06:22","date_gmt":"2023-05-02T11:06:22","guid":{"rendered":"https:\/\/ocupados.grupopiquer.com\/contenidos\/producto\/comt053po-habilidades-de-venta-35-horas\/"},"modified":"2023-05-16T14:57:09","modified_gmt":"2023-05-16T14:57:09","slug":"comt053po-habilidades-de-venta-35-horas","status":"publish","type":"product","link":"https:\/\/ocupados.grupopiquer.com\/contenidos\/producto\/comt053po-habilidades-de-venta-35-horas\/","title":{"rendered":"COMT053PO &#8211; Habilidades de Venta (35 horas)"},"content":{"rendered":"<div id=\"accordion\">\n<h3>OBJETIVOS<\/h3>\n<div>Identificar las diferentes t\u00e9cnicas necesarias para la venta en el comercio y la mejor manera de aplicarlas. Tambi\u00e9n diferenciar los tipos de clientes que se puede encontrar, desarrollar sus propios planes comerciales, crear sus propias t\u00e9cnicas de persuasi\u00f3n, estudiar los aspectos psicol\u00f3gicos que motivan a el\/la consumidor\/a en la compra, y hacer de un\/a cliente\/a ocasional, un posible cliente\/a fijo.<\/div>\n<h3>CONTENIDOS<\/h3>\n<div>1. EL ENTORNO COMERCIAL<br \/>\n1.1. Introducci\u00f3n.<br \/>\n1.2. El vendedor.<br \/>\n1.3. El cliente.<\/p>\n<p>2. VARIABLES PSICOL\u00d3GICAS DEL CONSUMIDOR<br \/>\n2.1. Psicolog\u00eda de la venta.<br \/>\n2.2. Motivaciones de compra de los clientes.<\/p>\n<p>3. LA COMPRA, TOMA DE DECISIONES DEL CLIENTE<br \/>\n3.1. La compra, la toma de decisiones del cliente.<br \/>\n3.2. Detecci\u00f3n de necesidades y expectativas del cliente.<\/p>\n<p>4. EL VENDEDOR Y LA ACCI\u00d3N SOBRE EL OTRO: PERSUADIR Y CONVENCER<br \/>\n4.1. El vendedor y la acci\u00f3n sobre el otro: persuadir y convencer.<br \/>\n4.2. La entrevista comercial.<\/p>\n<p>5. LA COMUNICACI\u00d3N<br \/>\n5.1. La comunicaci\u00f3n.<br \/>\n5.2. Dificultades de la comunicaci\u00f3n.<br \/>\n5.3. Los niveles de la comunicaci\u00f3n.<br \/>\n5.4. Actitudes y t\u00e9cnicas favorecedoras de la comunicaci\u00f3n.<br \/>\n5.5. Conclusi\u00f3n.<\/p>\n<p>6. GENERACI\u00d3N DE CONFIANZA<br \/>\n6.1. Generaci\u00f3n de confianza.<\/p>\n<p>7. T\u00c9CNICAS DE ARGUMENTACI\u00d3N<br \/>\n7.1. Conceptos a tener en cuenta en una venta eficaz.<br \/>\n7.2. Teor\u00edas sobre la realizaci\u00f3n de la venta.<br \/>\n7.3. Fases.<br \/>\n7.4. T\u00e9cnicas para la elaboraci\u00f3n del argumentario de venta.<\/p>\n<p>8. LA PROPUESTA DE VALOR<br \/>\n8.1. An\u00e1lisis de la competencia.<br \/>\n8.2. Liderar la negociaci\u00f3n.<br \/>\n8.3. Desarrollo de la negociaci\u00f3n.<br \/>\n8.4. Diferencia entre competici\u00f3n-cooperaci\u00f3n.<br \/>\n8.5. Posici\u00f3n ganar-ganar.<br \/>\n8.6. Ser creativo en las alternativas.<br \/>\n8.7. Los criterios de un acuerdo eficaz.<\/p>\n<p>9. PROCESO DE VENTA<br \/>\n9.1. Preparaci\u00f3n de la visita.<br \/>\n9.2. Etapas de la venta y la negociaci\u00f3n comercial.<br \/>\n9.3. Cierre de la venta.<br \/>\n9.4. Seguimiento de la venta.<\/p>\n<p>10. MERCHANDISING Y MARKETING<br \/>\n10.1. Merchandising.<br \/>\n10.2. Disposici\u00f3n del punto de venta.<br \/>\n10.3. Marketing de guerrilla.<br \/>\n10.4. El marketing viral.<\/p>\n<\/div>\n<\/div>\n","protected":false},"excerpt":{"rendered":"<p>Identificar las diferentes t\u00e9cnicas necesarias para la venta en el comercio y la mejor manera de aplicarlas. Tambi\u00e9n diferenciar los tipos de clientes que se puede encontrar, desarrollar sus propios planes comerciales, crear sus propias t\u00e9cnicas de persuasi\u00f3n, estudiar los aspectos psicol\u00f3gicos que motivan a el\/la consumidor\/a en la compra, y hacer de un\/a cliente\/a ocasional, un posible cliente\/a fijo.<\/p>\n","protected":false},"featured_media":5081,"comment_status":"closed","ping_status":"closed","template":"","meta":{"site-sidebar-layout":"default","site-content-layout":"","ast-site-content-layout":"","site-content-style":"default","site-sidebar-style":"default","ast-global-header-display":"","ast-banner-title-visibility":"","ast-main-header-display":"","ast-hfb-above-header-display":"","ast-hfb-below-header-display":"","ast-hfb-mobile-header-display":"","site-post-title":"","ast-breadcrumbs-content":"","ast-featured-img":"","footer-sml-layout":"","theme-transparent-header-meta":"","adv-header-id-meta":"","stick-header-meta":"","header-above-stick-meta":"","header-main-stick-meta":"","header-below-stick-meta":"","astra-migrate-meta-layouts":"default","ast-page-background-enabled":"default","ast-page-background-meta":{"desktop":{"background-color":"var(--ast-global-color-4)","background-image":"","background-repeat":"repeat","background-position":"center center","background-size":"auto","background-attachment":"scroll","background-type":"","background-media":"","overlay-type":"","overlay-color":"","overlay-opacity":"","overlay-gradient":""},"tablet":{"background-color":"","background-image":"","background-repeat":"repeat","background-position":"center center","background-size":"auto","background-attachment":"scroll","background-type":"","background-media":"","overlay-type":"","overlay-color":"","overlay-opacity":"","overlay-gradient":""},"mobile":{"background-color":"","background-image":"","background-repeat":"repeat","background-position":"center center","background-size":"auto","background-attachment":"scroll","background-type":"","background-media":"","overlay-type":"","overlay-color":"","overlay-opacity":"","overlay-gradient":""}},"ast-content-background-meta":{"desktop":{"background-color":"var(--ast-global-color-5)","background-image":"","background-repeat":"repeat","background-position":"center center","background-size":"auto","background-attachment":"scroll","background-type":"","background-media":"","overlay-type":"","overlay-color":"","overlay-opacity":"","overlay-gradient":""},"tablet":{"background-color":"var(--ast-global-color-5)","background-image":"","background-repeat":"repeat","background-position":"center center","background-size":"auto","background-attachment":"scroll","background-type":"","background-media":"","overlay-type":"","overlay-color":"","overlay-opacity":"","overlay-gradient":""},"mobile":{"background-color":"var(--ast-global-color-5)","background-image":"","background-repeat":"repeat","background-position":"center center","background-size":"auto","background-attachment":"scroll","background-type":"","background-media":"","overlay-type":"","overlay-color":"","overlay-opacity":"","overlay-gradient":""}}},"product_brand":[],"product_cat":[118],"product_tag":[],"class_list":{"0":"post-4516","1":"product","2":"type-product","3":"status-publish","4":"has-post-thumbnail","6":"product_cat-compraventa","7":"desktop-align-left","8":"tablet-align-left","9":"mobile-align-left","11":"first","12":"instock","13":"taxable","14":"shipping-taxable","15":"purchasable","16":"product-type-simple"},"yoast_head":"<!-- This site is optimized with the Yoast SEO plugin v25.1 - https:\/\/yoast.com\/wordpress\/plugins\/seo\/ -->\n<title>COMT053PO - Habilidades de Venta (35 horas) - Contenidos Online<\/title>\n<meta name=\"robots\" content=\"index, follow, max-snippet:-1, max-image-preview:large, max-video-preview:-1\" \/>\n<link rel=\"canonical\" href=\"https:\/\/ocupados.grupopiquer.com\/contenidos\/producto\/comt053po-habilidades-de-venta-35-horas\/\" \/>\n<meta property=\"og:locale\" content=\"es_ES\" \/>\n<meta property=\"og:type\" content=\"article\" \/>\n<meta property=\"og:title\" content=\"COMT053PO - Habilidades de Venta (35 horas) - Contenidos Online\" \/>\n<meta property=\"og:description\" content=\"Identificar las diferentes t\u00e9cnicas necesarias para la venta en el comercio y la mejor manera de aplicarlas. Tambi\u00e9n diferenciar los tipos de clientes que se puede encontrar, desarrollar sus propios planes comerciales, crear sus propias t\u00e9cnicas de persuasi\u00f3n, estudiar los aspectos psicol\u00f3gicos que motivan a el\/la consumidor\/a en la compra, y hacer de un\/a cliente\/a ocasional, un posible cliente\/a fijo.\" \/>\n<meta property=\"og:url\" content=\"https:\/\/ocupados.grupopiquer.com\/contenidos\/producto\/comt053po-habilidades-de-venta-35-horas\/\" \/>\n<meta property=\"og:site_name\" content=\"Contenidos Online\" \/>\n<meta property=\"article:modified_time\" content=\"2023-05-16T14:57:09+00:00\" \/>\n<meta property=\"og:image\" content=\"https:\/\/ocupados.grupopiquer.com\/contenidos\/wp-content\/uploads\/2023\/05\/jwmktJybOPQkdzki_ZtgeaFM-eCSaqOcN-e1683211372159.jpg\" \/>\n\t<meta property=\"og:image:width\" content=\"1680\" \/>\n\t<meta property=\"og:image:height\" content=\"945\" \/>\n\t<meta property=\"og:image:type\" content=\"image\/jpeg\" \/>\n<meta name=\"twitter:card\" content=\"summary_large_image\" \/>\n<meta name=\"twitter:label1\" content=\"Tiempo de lectura\" \/>\n\t<meta name=\"twitter:data1\" content=\"2 minutos\" \/>\n<script type=\"application\/ld+json\" class=\"yoast-schema-graph\">{\"@context\":\"https:\/\/schema.org\",\"@graph\":[{\"@type\":\"WebPage\",\"@id\":\"https:\/\/ocupados.grupopiquer.com\/contenidos\/producto\/comt053po-habilidades-de-venta-35-horas\/\",\"url\":\"https:\/\/ocupados.grupopiquer.com\/contenidos\/producto\/comt053po-habilidades-de-venta-35-horas\/\",\"name\":\"COMT053PO - Habilidades de Venta (35 horas) - Contenidos Online\",\"isPartOf\":{\"@id\":\"https:\/\/ocupados.grupopiquer.com\/contenidos\/#website\"},\"primaryImageOfPage\":{\"@id\":\"https:\/\/ocupados.grupopiquer.com\/contenidos\/producto\/comt053po-habilidades-de-venta-35-horas\/#primaryimage\"},\"image\":{\"@id\":\"https:\/\/ocupados.grupopiquer.com\/contenidos\/producto\/comt053po-habilidades-de-venta-35-horas\/#primaryimage\"},\"thumbnailUrl\":\"https:\/\/ocupados.grupopiquer.com\/contenidos\/wp-content\/uploads\/2023\/05\/jwmktJybOPQkdzki_ZtgeaFM-eCSaqOcN-e1683211372159.jpg\",\"datePublished\":\"2023-05-02T11:06:22+00:00\",\"dateModified\":\"2023-05-16T14:57:09+00:00\",\"breadcrumb\":{\"@id\":\"https:\/\/ocupados.grupopiquer.com\/contenidos\/producto\/comt053po-habilidades-de-venta-35-horas\/#breadcrumb\"},\"inLanguage\":\"es\",\"potentialAction\":[{\"@type\":\"ReadAction\",\"target\":[\"https:\/\/ocupados.grupopiquer.com\/contenidos\/producto\/comt053po-habilidades-de-venta-35-horas\/\"]}]},{\"@type\":\"ImageObject\",\"inLanguage\":\"es\",\"@id\":\"https:\/\/ocupados.grupopiquer.com\/contenidos\/producto\/comt053po-habilidades-de-venta-35-horas\/#primaryimage\",\"url\":\"https:\/\/ocupados.grupopiquer.com\/contenidos\/wp-content\/uploads\/2023\/05\/jwmktJybOPQkdzki_ZtgeaFM-eCSaqOcN-e1683211372159.jpg\",\"contentUrl\":\"https:\/\/ocupados.grupopiquer.com\/contenidos\/wp-content\/uploads\/2023\/05\/jwmktJybOPQkdzki_ZtgeaFM-eCSaqOcN-e1683211372159.jpg\",\"width\":1680,\"height\":945},{\"@type\":\"BreadcrumbList\",\"@id\":\"https:\/\/ocupados.grupopiquer.com\/contenidos\/producto\/comt053po-habilidades-de-venta-35-horas\/#breadcrumb\",\"itemListElement\":[{\"@type\":\"ListItem\",\"position\":1,\"name\":\"Portada\",\"item\":\"https:\/\/ocupados.grupopiquer.com\/contenidos\/\"},{\"@type\":\"ListItem\",\"position\":2,\"name\":\"Tienda\",\"item\":\"https:\/\/ocupados.grupopiquer.com\/contenidos\/tienda\/\"},{\"@type\":\"ListItem\",\"position\":3,\"name\":\"COMT053PO &#8211; Habilidades de Venta (35 horas)\"}]},{\"@type\":\"WebSite\",\"@id\":\"https:\/\/ocupados.grupopiquer.com\/contenidos\/#website\",\"url\":\"https:\/\/ocupados.grupopiquer.com\/contenidos\/\",\"name\":\"Contenidos Online\",\"description\":\"\",\"publisher\":{\"@id\":\"https:\/\/ocupados.grupopiquer.com\/contenidos\/#organization\"},\"potentialAction\":[{\"@type\":\"SearchAction\",\"target\":{\"@type\":\"EntryPoint\",\"urlTemplate\":\"https:\/\/ocupados.grupopiquer.com\/contenidos\/?s={search_term_string}\"},\"query-input\":{\"@type\":\"PropertyValueSpecification\",\"valueRequired\":true,\"valueName\":\"search_term_string\"}}],\"inLanguage\":\"es\"},{\"@type\":\"Organization\",\"@id\":\"https:\/\/ocupados.grupopiquer.com\/contenidos\/#organization\",\"name\":\"Contenidos Online\",\"url\":\"https:\/\/ocupados.grupopiquer.com\/contenidos\/\",\"logo\":{\"@type\":\"ImageObject\",\"inLanguage\":\"es\",\"@id\":\"https:\/\/ocupados.grupopiquer.com\/contenidos\/#\/schema\/logo\/image\/\",\"url\":\"https:\/\/ocupados.grupopiquer.com\/contenidos\/wp-content\/uploads\/2024\/01\/Grupo-Piquer-COLOR-1.png\",\"contentUrl\":\"https:\/\/ocupados.grupopiquer.com\/contenidos\/wp-content\/uploads\/2024\/01\/Grupo-Piquer-COLOR-1.png\",\"width\":705,\"height\":270,\"caption\":\"Contenidos Online\"},\"image\":{\"@id\":\"https:\/\/ocupados.grupopiquer.com\/contenidos\/#\/schema\/logo\/image\/\"}}]}<\/script>\n<!-- \/ Yoast SEO plugin. -->","yoast_head_json":{"title":"COMT053PO - Habilidades de Venta (35 horas) - Contenidos Online","robots":{"index":"index","follow":"follow","max-snippet":"max-snippet:-1","max-image-preview":"max-image-preview:large","max-video-preview":"max-video-preview:-1"},"canonical":"https:\/\/ocupados.grupopiquer.com\/contenidos\/producto\/comt053po-habilidades-de-venta-35-horas\/","og_locale":"es_ES","og_type":"article","og_title":"COMT053PO - Habilidades de Venta (35 horas) - Contenidos Online","og_description":"Identificar las diferentes t\u00e9cnicas necesarias para la venta en el comercio y la mejor manera de aplicarlas. Tambi\u00e9n diferenciar los tipos de clientes que se puede encontrar, desarrollar sus propios planes comerciales, crear sus propias t\u00e9cnicas de persuasi\u00f3n, estudiar los aspectos psicol\u00f3gicos que motivan a el\/la consumidor\/a en la compra, y hacer de un\/a cliente\/a ocasional, un posible cliente\/a fijo.","og_url":"https:\/\/ocupados.grupopiquer.com\/contenidos\/producto\/comt053po-habilidades-de-venta-35-horas\/","og_site_name":"Contenidos Online","article_modified_time":"2023-05-16T14:57:09+00:00","og_image":[{"width":1680,"height":945,"url":"https:\/\/ocupados.grupopiquer.com\/contenidos\/wp-content\/uploads\/2023\/05\/jwmktJybOPQkdzki_ZtgeaFM-eCSaqOcN-e1683211372159.jpg","type":"image\/jpeg"}],"twitter_card":"summary_large_image","twitter_misc":{"Tiempo de lectura":"2 minutos"},"schema":{"@context":"https:\/\/schema.org","@graph":[{"@type":"WebPage","@id":"https:\/\/ocupados.grupopiquer.com\/contenidos\/producto\/comt053po-habilidades-de-venta-35-horas\/","url":"https:\/\/ocupados.grupopiquer.com\/contenidos\/producto\/comt053po-habilidades-de-venta-35-horas\/","name":"COMT053PO - Habilidades de Venta (35 horas) - Contenidos Online","isPartOf":{"@id":"https:\/\/ocupados.grupopiquer.com\/contenidos\/#website"},"primaryImageOfPage":{"@id":"https:\/\/ocupados.grupopiquer.com\/contenidos\/producto\/comt053po-habilidades-de-venta-35-horas\/#primaryimage"},"image":{"@id":"https:\/\/ocupados.grupopiquer.com\/contenidos\/producto\/comt053po-habilidades-de-venta-35-horas\/#primaryimage"},"thumbnailUrl":"https:\/\/ocupados.grupopiquer.com\/contenidos\/wp-content\/uploads\/2023\/05\/jwmktJybOPQkdzki_ZtgeaFM-eCSaqOcN-e1683211372159.jpg","datePublished":"2023-05-02T11:06:22+00:00","dateModified":"2023-05-16T14:57:09+00:00","breadcrumb":{"@id":"https:\/\/ocupados.grupopiquer.com\/contenidos\/producto\/comt053po-habilidades-de-venta-35-horas\/#breadcrumb"},"inLanguage":"es","potentialAction":[{"@type":"ReadAction","target":["https:\/\/ocupados.grupopiquer.com\/contenidos\/producto\/comt053po-habilidades-de-venta-35-horas\/"]}]},{"@type":"ImageObject","inLanguage":"es","@id":"https:\/\/ocupados.grupopiquer.com\/contenidos\/producto\/comt053po-habilidades-de-venta-35-horas\/#primaryimage","url":"https:\/\/ocupados.grupopiquer.com\/contenidos\/wp-content\/uploads\/2023\/05\/jwmktJybOPQkdzki_ZtgeaFM-eCSaqOcN-e1683211372159.jpg","contentUrl":"https:\/\/ocupados.grupopiquer.com\/contenidos\/wp-content\/uploads\/2023\/05\/jwmktJybOPQkdzki_ZtgeaFM-eCSaqOcN-e1683211372159.jpg","width":1680,"height":945},{"@type":"BreadcrumbList","@id":"https:\/\/ocupados.grupopiquer.com\/contenidos\/producto\/comt053po-habilidades-de-venta-35-horas\/#breadcrumb","itemListElement":[{"@type":"ListItem","position":1,"name":"Portada","item":"https:\/\/ocupados.grupopiquer.com\/contenidos\/"},{"@type":"ListItem","position":2,"name":"Tienda","item":"https:\/\/ocupados.grupopiquer.com\/contenidos\/tienda\/"},{"@type":"ListItem","position":3,"name":"COMT053PO &#8211; Habilidades de Venta (35 horas)"}]},{"@type":"WebSite","@id":"https:\/\/ocupados.grupopiquer.com\/contenidos\/#website","url":"https:\/\/ocupados.grupopiquer.com\/contenidos\/","name":"Contenidos Online","description":"","publisher":{"@id":"https:\/\/ocupados.grupopiquer.com\/contenidos\/#organization"},"potentialAction":[{"@type":"SearchAction","target":{"@type":"EntryPoint","urlTemplate":"https:\/\/ocupados.grupopiquer.com\/contenidos\/?s={search_term_string}"},"query-input":{"@type":"PropertyValueSpecification","valueRequired":true,"valueName":"search_term_string"}}],"inLanguage":"es"},{"@type":"Organization","@id":"https:\/\/ocupados.grupopiquer.com\/contenidos\/#organization","name":"Contenidos Online","url":"https:\/\/ocupados.grupopiquer.com\/contenidos\/","logo":{"@type":"ImageObject","inLanguage":"es","@id":"https:\/\/ocupados.grupopiquer.com\/contenidos\/#\/schema\/logo\/image\/","url":"https:\/\/ocupados.grupopiquer.com\/contenidos\/wp-content\/uploads\/2024\/01\/Grupo-Piquer-COLOR-1.png","contentUrl":"https:\/\/ocupados.grupopiquer.com\/contenidos\/wp-content\/uploads\/2024\/01\/Grupo-Piquer-COLOR-1.png","width":705,"height":270,"caption":"Contenidos Online"},"image":{"@id":"https:\/\/ocupados.grupopiquer.com\/contenidos\/#\/schema\/logo\/image\/"}}]}},"jetpack_sharing_enabled":true,"_links":{"self":[{"href":"https:\/\/ocupados.grupopiquer.com\/contenidos\/wp-json\/wp\/v2\/product\/4516","targetHints":{"allow":["GET"]}}],"collection":[{"href":"https:\/\/ocupados.grupopiquer.com\/contenidos\/wp-json\/wp\/v2\/product"}],"about":[{"href":"https:\/\/ocupados.grupopiquer.com\/contenidos\/wp-json\/wp\/v2\/types\/product"}],"replies":[{"embeddable":true,"href":"https:\/\/ocupados.grupopiquer.com\/contenidos\/wp-json\/wp\/v2\/comments?post=4516"}],"wp:featuredmedia":[{"embeddable":true,"href":"https:\/\/ocupados.grupopiquer.com\/contenidos\/wp-json\/wp\/v2\/media\/5081"}],"wp:attachment":[{"href":"https:\/\/ocupados.grupopiquer.com\/contenidos\/wp-json\/wp\/v2\/media?parent=4516"}],"wp:term":[{"taxonomy":"product_brand","embeddable":true,"href":"https:\/\/ocupados.grupopiquer.com\/contenidos\/wp-json\/wp\/v2\/product_brand?post=4516"},{"taxonomy":"product_cat","embeddable":true,"href":"https:\/\/ocupados.grupopiquer.com\/contenidos\/wp-json\/wp\/v2\/product_cat?post=4516"},{"taxonomy":"product_tag","embeddable":true,"href":"https:\/\/ocupados.grupopiquer.com\/contenidos\/wp-json\/wp\/v2\/product_tag?post=4516"}],"curies":[{"name":"wp","href":"https:\/\/api.w.org\/{rel}","templated":true}]}}