{"id":4545,"date":"2023-05-02T11:08:55","date_gmt":"2023-05-02T11:08:55","guid":{"rendered":"https:\/\/ocupados.grupopiquer.com\/contenidos\/producto\/fcoe009po-ingles-profesional-para-turismo-60-horas\/"},"modified":"2023-05-15T10:17:33","modified_gmt":"2023-05-15T10:17:33","slug":"fcoe009po-ingles-profesional-para-turismo-60-horas","status":"publish","type":"product","link":"https:\/\/ocupados.grupopiquer.com\/contenidos\/producto\/fcoe009po-ingles-profesional-para-turismo-60-horas\/","title":{"rendered":"FCOE009PO &#8211; Ingl\u00e9s profesional para Turismo (60 horas)"},"content":{"rendered":"<div id=\"accordion\">\n<h3>OBJETIVOS<\/h3>\n<div>Expresarse de forma oral y escrita en un nivel avanzado del idioma ingl\u00e9s, en las distintas situaciones y actuaciones propias de la actividad tur\u00edstica profesional. Requisito necesario para el acceso de los participantes: nivel intermedio B1 acreditado, o contrastado mediante prueba de nivel.<\/div>\n<h3>CONTENIDOS<\/h3>\n<div>1. GESTI\u00d3N Y COMERCIALIZACI\u00d3N EN INGL\u00c9S DE SERVICIOS TUR\u00cdSTICOS<br \/>\n1.1 Presentaci\u00f3n de servicios tur\u00edsticos: caracter\u00edsticas de productos o servicios, medidas, cantidades, servicios a\u00f1adidos, condiciones de pago y servicios postventa, entre otros.<br \/>\n1.2 Gesti\u00f3n de reservas de destinos o servicios tur\u00edsticos.<br \/>\n1.3 Emisi\u00f3n de billetes, bonos y otros documentos propios de la comercializaci\u00f3n de un servicio tur\u00edstico.<br \/>\n1.4 Negociaci\u00f3n con proveedores y profesionales del sector de la prestaci\u00f3n de servicios tur\u00edsticos.<br \/>\n1.5 Gesti\u00f3n de reservas de habitaciones y otros servicios del establecimiento hotelero.<br \/>\n1.6 Cumplimentaci\u00f3n de documentos propios de la gesti\u00f3n y comercializaci\u00f3n de un establecimiento hotelero.<\/p>\n<p>2. PRESTACI\u00d3N DE INFORMACI\u00d3N TUR\u00cdSTICA EN INGL\u00c9S<br \/>\n2.1 Solicitud de cesi\u00f3n o intercambio de informaci\u00f3n entre centros o redes de centros de informaci\u00f3n tur\u00edstica.<br \/>\n2.2 Gesti\u00f3n de la informaci\u00f3n sobre proveedores de servicios, precios y tarifas y prestaci\u00f3n de la misma a clientes.<br \/>\n2.3 Prestaci\u00f3n de informaci\u00f3n de car\u00e1cter general al cliente sobre destinos, rutas, condiciones meteorol\u00f3gicas, entorno y posibilidades de ocio.<br \/>\n2.4 Elaboraci\u00f3n de listados de recursos naturales de la zona, de actividades deportivas y\/o recreativas e itinerarios, especificando localizaci\u00f3n, distancia, fechas, medios de transporte o formas de acceso, tiempo a emplear y horarios de apertura y cierre.<br \/>\n2.5 Informaci\u00f3n sobre la legislaci\u00f3n ambiental que afecta al entorno y a las actividades de ocio que en su marco se realizan.<br \/>\n2.6 Sensibilizaci\u00f3n del cliente en la conservaci\u00f3n de los recursos ambientales utilizados.<br \/>\n2.7 Recogida de informaci\u00f3n del cliente sobre su satisfacci\u00f3n con los servicios del alojamiento tur\u00edstico.<\/p>\n<p>3. ATENCI\u00d3N AL CLIENTE DE SERVICIOS TUR\u00cdSTICOS EN INGL\u00c9S<br \/>\n3.1 Terminolog\u00eda espec\u00edfica en las relaciones tur\u00edsticas con clientes.<br \/>\n3.2 Usos y estructuras habituales en la atenci\u00f3n tur\u00edstica al cliente o consumidor. Saludos, presentaciones y f\u00f3rmulas de cortes\u00eda habituales.<br \/>\n3.3 Diferenciaci\u00f3n de estilos, formal e informal en la comunicaci\u00f3n tur\u00edstica oral y escrita.<br \/>\n3.4 Tratamiento de reclamaciones o quejas de los clientes o consumidores. Situaciones habituales en las reclamaciones y quejas de clientes.<br \/>\n3.5 Simulaci\u00f3n de situaciones de atenci\u00f3n al cliente y resoluci\u00f3n de reclamaciones con fluidez y naturalidad.<br \/>\n3.6 Comunicaci\u00f3n y atenci\u00f3n en caso de accidente con las personas afectadas.<\/p>\n<\/div>\n<\/div>\n","protected":false},"excerpt":{"rendered":"<p>Expresarse de forma oral y escrita en un nivel avanzado del idioma ingl\u00e9s, en las distintas situaciones y actuaciones propias de la actividad tur\u00edstica profesional. Requisito necesario para el acceso de los participantes: nivel intermedio B1 acreditado, o contrastado mediante prueba de nivel.<\/p>\n","protected":false},"featured_media":5052,"comment_status":"closed","ping_status":"closed","template":"","meta":{"site-sidebar-layout":"default","site-content-layout":"","ast-site-content-layout":"","site-content-style":"default","site-sidebar-style":"default","ast-global-header-display":"","ast-banner-title-visibility":"","ast-main-header-display":"","ast-hfb-above-header-display":"","ast-hfb-below-header-display":"","ast-hfb-mobile-header-display":"","site-post-title":"","ast-breadcrumbs-content":"","ast-featured-img":"","footer-sml-layout":"","theme-transparent-header-meta":"","adv-header-id-meta":"","stick-header-meta":"","header-above-stick-meta":"","header-main-stick-meta":"","header-below-stick-meta":"","astra-migrate-meta-layouts":"default","ast-page-background-enabled":"default","ast-page-background-meta":{"desktop":{"background-color":"var(--ast-global-color-4)","background-image":"","background-repeat":"repeat","background-position":"center center","background-size":"auto","background-attachment":"scroll","background-type":"","background-media":"","overlay-type":"","overlay-color":"","overlay-opacity":"","overlay-gradient":""},"tablet":{"background-color":"","background-image":"","background-repeat":"repeat","background-position":"center center","background-size":"auto","background-attachment":"scroll","background-type":"","background-media":"","overlay-type":"","overlay-color":"","overlay-opacity":"","overlay-gradient":""},"mobile":{"background-color":"","background-image":"","background-repeat":"repeat","background-position":"center center","background-size":"auto","background-attachment":"scroll","background-type":"","background-media":"","overlay-type":"","overlay-color":"","overlay-opacity":"","overlay-gradient":""}},"ast-content-background-meta":{"desktop":{"background-color":"var(--ast-global-color-5)","background-image":"","background-repeat":"repeat","background-position":"center center","background-size":"auto","background-attachment":"scroll","background-type":"","background-media":"","overlay-type":"","overlay-color":"","overlay-opacity":"","overlay-gradient":""},"tablet":{"background-color":"var(--ast-global-color-5)","background-image":"","background-repeat":"repeat","background-position":"center center","background-size":"auto","background-attachment":"scroll","background-type":"","background-media":"","overlay-type":"","overlay-color":"","overlay-opacity":"","overlay-gradient":""},"mobile":{"background-color":"var(--ast-global-color-5)","background-image":"","background-repeat":"repeat","background-position":"center center","background-size":"auto","background-attachment":"scroll","background-type":"","background-media":"","overlay-type":"","overlay-color":"","overlay-opacity":"","overlay-gradient":""}}},"product_brand":[],"product_cat":[117],"product_tag":[],"class_list":{"0":"post-4545","1":"product","2":"type-product","3":"status-publish","4":"has-post-thumbnail","6":"product_cat-lenguas-extranjeras","7":"desktop-align-left","8":"tablet-align-left","9":"mobile-align-left","11":"first","12":"instock","13":"taxable","14":"shipping-taxable","15":"purchasable","16":"product-type-simple"},"yoast_head":"<!-- This site is optimized with the Yoast SEO plugin v25.1 - https:\/\/yoast.com\/wordpress\/plugins\/seo\/ -->\n<title>FCOE009PO - Ingl\u00e9s profesional para Turismo (60 horas) - Contenidos Online<\/title>\n<meta name=\"robots\" content=\"index, follow, max-snippet:-1, max-image-preview:large, max-video-preview:-1\" \/>\n<link rel=\"canonical\" href=\"https:\/\/ocupados.grupopiquer.com\/contenidos\/producto\/fcoe009po-ingles-profesional-para-turismo-60-horas\/\" \/>\n<meta property=\"og:locale\" content=\"es_ES\" \/>\n<meta property=\"og:type\" content=\"article\" \/>\n<meta property=\"og:title\" content=\"FCOE009PO - Ingl\u00e9s profesional para Turismo (60 horas) - Contenidos Online\" \/>\n<meta property=\"og:description\" content=\"Expresarse de forma oral y escrita en un nivel avanzado del idioma ingl\u00e9s, en las distintas situaciones y actuaciones propias de la actividad tur\u00edstica profesional. Requisito necesario para el acceso de los participantes: nivel intermedio B1 acreditado, o contrastado mediante prueba de nivel.\" \/>\n<meta property=\"og:url\" content=\"https:\/\/ocupados.grupopiquer.com\/contenidos\/producto\/fcoe009po-ingles-profesional-para-turismo-60-horas\/\" \/>\n<meta property=\"og:site_name\" content=\"Contenidos Online\" \/>\n<meta property=\"article:modified_time\" content=\"2023-05-15T10:17:33+00:00\" \/>\n<meta property=\"og:image\" content=\"https:\/\/ocupados.grupopiquer.com\/contenidos\/wp-content\/uploads\/2023\/05\/goqBX_W5Mz_lu2MQ_cJY_PyEcLMnj44yQ-e1683209428615.jpg\" \/>\n\t<meta property=\"og:image:width\" content=\"1680\" \/>\n\t<meta property=\"og:image:height\" content=\"945\" \/>\n\t<meta property=\"og:image:type\" content=\"image\/jpeg\" \/>\n<meta name=\"twitter:card\" content=\"summary_large_image\" \/>\n<meta name=\"twitter:label1\" content=\"Tiempo de lectura\" \/>\n\t<meta name=\"twitter:data1\" content=\"2 minutos\" \/>\n<script type=\"application\/ld+json\" class=\"yoast-schema-graph\">{\"@context\":\"https:\/\/schema.org\",\"@graph\":[{\"@type\":\"WebPage\",\"@id\":\"https:\/\/ocupados.grupopiquer.com\/contenidos\/producto\/fcoe009po-ingles-profesional-para-turismo-60-horas\/\",\"url\":\"https:\/\/ocupados.grupopiquer.com\/contenidos\/producto\/fcoe009po-ingles-profesional-para-turismo-60-horas\/\",\"name\":\"FCOE009PO - Ingl\u00e9s profesional para Turismo (60 horas) - Contenidos Online\",\"isPartOf\":{\"@id\":\"https:\/\/ocupados.grupopiquer.com\/contenidos\/#website\"},\"primaryImageOfPage\":{\"@id\":\"https:\/\/ocupados.grupopiquer.com\/contenidos\/producto\/fcoe009po-ingles-profesional-para-turismo-60-horas\/#primaryimage\"},\"image\":{\"@id\":\"https:\/\/ocupados.grupopiquer.com\/contenidos\/producto\/fcoe009po-ingles-profesional-para-turismo-60-horas\/#primaryimage\"},\"thumbnailUrl\":\"https:\/\/ocupados.grupopiquer.com\/contenidos\/wp-content\/uploads\/2023\/05\/goqBX_W5Mz_lu2MQ_cJY_PyEcLMnj44yQ-e1683209428615.jpg\",\"datePublished\":\"2023-05-02T11:08:55+00:00\",\"dateModified\":\"2023-05-15T10:17:33+00:00\",\"breadcrumb\":{\"@id\":\"https:\/\/ocupados.grupopiquer.com\/contenidos\/producto\/fcoe009po-ingles-profesional-para-turismo-60-horas\/#breadcrumb\"},\"inLanguage\":\"es\",\"potentialAction\":[{\"@type\":\"ReadAction\",\"target\":[\"https:\/\/ocupados.grupopiquer.com\/contenidos\/producto\/fcoe009po-ingles-profesional-para-turismo-60-horas\/\"]}]},{\"@type\":\"ImageObject\",\"inLanguage\":\"es\",\"@id\":\"https:\/\/ocupados.grupopiquer.com\/contenidos\/producto\/fcoe009po-ingles-profesional-para-turismo-60-horas\/#primaryimage\",\"url\":\"https:\/\/ocupados.grupopiquer.com\/contenidos\/wp-content\/uploads\/2023\/05\/goqBX_W5Mz_lu2MQ_cJY_PyEcLMnj44yQ-e1683209428615.jpg\",\"contentUrl\":\"https:\/\/ocupados.grupopiquer.com\/contenidos\/wp-content\/uploads\/2023\/05\/goqBX_W5Mz_lu2MQ_cJY_PyEcLMnj44yQ-e1683209428615.jpg\",\"width\":1680,\"height\":945},{\"@type\":\"BreadcrumbList\",\"@id\":\"https:\/\/ocupados.grupopiquer.com\/contenidos\/producto\/fcoe009po-ingles-profesional-para-turismo-60-horas\/#breadcrumb\",\"itemListElement\":[{\"@type\":\"ListItem\",\"position\":1,\"name\":\"Portada\",\"item\":\"https:\/\/ocupados.grupopiquer.com\/contenidos\/\"},{\"@type\":\"ListItem\",\"position\":2,\"name\":\"Tienda\",\"item\":\"https:\/\/ocupados.grupopiquer.com\/contenidos\/tienda\/\"},{\"@type\":\"ListItem\",\"position\":3,\"name\":\"FCOE009PO &#8211; Ingl\u00e9s profesional para Turismo (60 horas)\"}]},{\"@type\":\"WebSite\",\"@id\":\"https:\/\/ocupados.grupopiquer.com\/contenidos\/#website\",\"url\":\"https:\/\/ocupados.grupopiquer.com\/contenidos\/\",\"name\":\"Contenidos Online\",\"description\":\"\",\"publisher\":{\"@id\":\"https:\/\/ocupados.grupopiquer.com\/contenidos\/#organization\"},\"potentialAction\":[{\"@type\":\"SearchAction\",\"target\":{\"@type\":\"EntryPoint\",\"urlTemplate\":\"https:\/\/ocupados.grupopiquer.com\/contenidos\/?s={search_term_string}\"},\"query-input\":{\"@type\":\"PropertyValueSpecification\",\"valueRequired\":true,\"valueName\":\"search_term_string\"}}],\"inLanguage\":\"es\"},{\"@type\":\"Organization\",\"@id\":\"https:\/\/ocupados.grupopiquer.com\/contenidos\/#organization\",\"name\":\"Contenidos Online\",\"url\":\"https:\/\/ocupados.grupopiquer.com\/contenidos\/\",\"logo\":{\"@type\":\"ImageObject\",\"inLanguage\":\"es\",\"@id\":\"https:\/\/ocupados.grupopiquer.com\/contenidos\/#\/schema\/logo\/image\/\",\"url\":\"https:\/\/ocupados.grupopiquer.com\/contenidos\/wp-content\/uploads\/2024\/01\/Grupo-Piquer-COLOR-1.png\",\"contentUrl\":\"https:\/\/ocupados.grupopiquer.com\/contenidos\/wp-content\/uploads\/2024\/01\/Grupo-Piquer-COLOR-1.png\",\"width\":705,\"height\":270,\"caption\":\"Contenidos Online\"},\"image\":{\"@id\":\"https:\/\/ocupados.grupopiquer.com\/contenidos\/#\/schema\/logo\/image\/\"}}]}<\/script>\n<!-- \/ Yoast SEO plugin. -->","yoast_head_json":{"title":"FCOE009PO - Ingl\u00e9s profesional para Turismo (60 horas) - Contenidos Online","robots":{"index":"index","follow":"follow","max-snippet":"max-snippet:-1","max-image-preview":"max-image-preview:large","max-video-preview":"max-video-preview:-1"},"canonical":"https:\/\/ocupados.grupopiquer.com\/contenidos\/producto\/fcoe009po-ingles-profesional-para-turismo-60-horas\/","og_locale":"es_ES","og_type":"article","og_title":"FCOE009PO - Ingl\u00e9s profesional para Turismo (60 horas) - Contenidos Online","og_description":"Expresarse de forma oral y escrita en un nivel avanzado del idioma ingl\u00e9s, en las distintas situaciones y actuaciones propias de la actividad tur\u00edstica profesional. Requisito necesario para el acceso de los participantes: nivel intermedio B1 acreditado, o contrastado mediante prueba de nivel.","og_url":"https:\/\/ocupados.grupopiquer.com\/contenidos\/producto\/fcoe009po-ingles-profesional-para-turismo-60-horas\/","og_site_name":"Contenidos Online","article_modified_time":"2023-05-15T10:17:33+00:00","og_image":[{"width":1680,"height":945,"url":"https:\/\/ocupados.grupopiquer.com\/contenidos\/wp-content\/uploads\/2023\/05\/goqBX_W5Mz_lu2MQ_cJY_PyEcLMnj44yQ-e1683209428615.jpg","type":"image\/jpeg"}],"twitter_card":"summary_large_image","twitter_misc":{"Tiempo de lectura":"2 minutos"},"schema":{"@context":"https:\/\/schema.org","@graph":[{"@type":"WebPage","@id":"https:\/\/ocupados.grupopiquer.com\/contenidos\/producto\/fcoe009po-ingles-profesional-para-turismo-60-horas\/","url":"https:\/\/ocupados.grupopiquer.com\/contenidos\/producto\/fcoe009po-ingles-profesional-para-turismo-60-horas\/","name":"FCOE009PO - Ingl\u00e9s profesional para Turismo (60 horas) - Contenidos Online","isPartOf":{"@id":"https:\/\/ocupados.grupopiquer.com\/contenidos\/#website"},"primaryImageOfPage":{"@id":"https:\/\/ocupados.grupopiquer.com\/contenidos\/producto\/fcoe009po-ingles-profesional-para-turismo-60-horas\/#primaryimage"},"image":{"@id":"https:\/\/ocupados.grupopiquer.com\/contenidos\/producto\/fcoe009po-ingles-profesional-para-turismo-60-horas\/#primaryimage"},"thumbnailUrl":"https:\/\/ocupados.grupopiquer.com\/contenidos\/wp-content\/uploads\/2023\/05\/goqBX_W5Mz_lu2MQ_cJY_PyEcLMnj44yQ-e1683209428615.jpg","datePublished":"2023-05-02T11:08:55+00:00","dateModified":"2023-05-15T10:17:33+00:00","breadcrumb":{"@id":"https:\/\/ocupados.grupopiquer.com\/contenidos\/producto\/fcoe009po-ingles-profesional-para-turismo-60-horas\/#breadcrumb"},"inLanguage":"es","potentialAction":[{"@type":"ReadAction","target":["https:\/\/ocupados.grupopiquer.com\/contenidos\/producto\/fcoe009po-ingles-profesional-para-turismo-60-horas\/"]}]},{"@type":"ImageObject","inLanguage":"es","@id":"https:\/\/ocupados.grupopiquer.com\/contenidos\/producto\/fcoe009po-ingles-profesional-para-turismo-60-horas\/#primaryimage","url":"https:\/\/ocupados.grupopiquer.com\/contenidos\/wp-content\/uploads\/2023\/05\/goqBX_W5Mz_lu2MQ_cJY_PyEcLMnj44yQ-e1683209428615.jpg","contentUrl":"https:\/\/ocupados.grupopiquer.com\/contenidos\/wp-content\/uploads\/2023\/05\/goqBX_W5Mz_lu2MQ_cJY_PyEcLMnj44yQ-e1683209428615.jpg","width":1680,"height":945},{"@type":"BreadcrumbList","@id":"https:\/\/ocupados.grupopiquer.com\/contenidos\/producto\/fcoe009po-ingles-profesional-para-turismo-60-horas\/#breadcrumb","itemListElement":[{"@type":"ListItem","position":1,"name":"Portada","item":"https:\/\/ocupados.grupopiquer.com\/contenidos\/"},{"@type":"ListItem","position":2,"name":"Tienda","item":"https:\/\/ocupados.grupopiquer.com\/contenidos\/tienda\/"},{"@type":"ListItem","position":3,"name":"FCOE009PO &#8211; Ingl\u00e9s profesional para Turismo (60 horas)"}]},{"@type":"WebSite","@id":"https:\/\/ocupados.grupopiquer.com\/contenidos\/#website","url":"https:\/\/ocupados.grupopiquer.com\/contenidos\/","name":"Contenidos Online","description":"","publisher":{"@id":"https:\/\/ocupados.grupopiquer.com\/contenidos\/#organization"},"potentialAction":[{"@type":"SearchAction","target":{"@type":"EntryPoint","urlTemplate":"https:\/\/ocupados.grupopiquer.com\/contenidos\/?s={search_term_string}"},"query-input":{"@type":"PropertyValueSpecification","valueRequired":true,"valueName":"search_term_string"}}],"inLanguage":"es"},{"@type":"Organization","@id":"https:\/\/ocupados.grupopiquer.com\/contenidos\/#organization","name":"Contenidos Online","url":"https:\/\/ocupados.grupopiquer.com\/contenidos\/","logo":{"@type":"ImageObject","inLanguage":"es","@id":"https:\/\/ocupados.grupopiquer.com\/contenidos\/#\/schema\/logo\/image\/","url":"https:\/\/ocupados.grupopiquer.com\/contenidos\/wp-content\/uploads\/2024\/01\/Grupo-Piquer-COLOR-1.png","contentUrl":"https:\/\/ocupados.grupopiquer.com\/contenidos\/wp-content\/uploads\/2024\/01\/Grupo-Piquer-COLOR-1.png","width":705,"height":270,"caption":"Contenidos Online"},"image":{"@id":"https:\/\/ocupados.grupopiquer.com\/contenidos\/#\/schema\/logo\/image\/"}}]}},"jetpack_sharing_enabled":true,"_links":{"self":[{"href":"https:\/\/ocupados.grupopiquer.com\/contenidos\/wp-json\/wp\/v2\/product\/4545","targetHints":{"allow":["GET"]}}],"collection":[{"href":"https:\/\/ocupados.grupopiquer.com\/contenidos\/wp-json\/wp\/v2\/product"}],"about":[{"href":"https:\/\/ocupados.grupopiquer.com\/contenidos\/wp-json\/wp\/v2\/types\/product"}],"replies":[{"embeddable":true,"href":"https:\/\/ocupados.grupopiquer.com\/contenidos\/wp-json\/wp\/v2\/comments?post=4545"}],"wp:featuredmedia":[{"embeddable":true,"href":"https:\/\/ocupados.grupopiquer.com\/contenidos\/wp-json\/wp\/v2\/media\/5052"}],"wp:attachment":[{"href":"https:\/\/ocupados.grupopiquer.com\/contenidos\/wp-json\/wp\/v2\/media?parent=4545"}],"wp:term":[{"taxonomy":"product_brand","embeddable":true,"href":"https:\/\/ocupados.grupopiquer.com\/contenidos\/wp-json\/wp\/v2\/product_brand?post=4545"},{"taxonomy":"product_cat","embeddable":true,"href":"https:\/\/ocupados.grupopiquer.com\/contenidos\/wp-json\/wp\/v2\/product_cat?post=4545"},{"taxonomy":"product_tag","embeddable":true,"href":"https:\/\/ocupados.grupopiquer.com\/contenidos\/wp-json\/wp\/v2\/product_tag?post=4545"}],"curies":[{"name":"wp","href":"https:\/\/api.w.org\/{rel}","templated":true}]}}