{"id":4551,"date":"2023-05-02T11:09:30","date_gmt":"2023-05-02T11:09:30","guid":{"rendered":"https:\/\/ocupados.grupopiquer.com\/contenidos\/producto\/fcoo005po-ley-de-proteccion-de-datos-de-caracter-personal-protocolos-de-actuacion-y-trabajo-30-horas\/"},"modified":"2023-05-16T14:19:08","modified_gmt":"2023-05-16T14:19:08","slug":"fcoo005po-ley-de-proteccion-de-datos-de-caracter-personal-protocolos-de-actuacion-y-trabajo-30-horas","status":"publish","type":"product","link":"https:\/\/ocupados.grupopiquer.com\/contenidos\/producto\/fcoo005po-ley-de-proteccion-de-datos-de-caracter-personal-protocolos-de-actuacion-y-trabajo-30-horas\/","title":{"rendered":"FCOO005PO &#8211; Ley de Protecci\u00f3n de Datos de Car\u00e1cter Personal: Protocolos de Actuaci\u00f3n y Trabajo (30 horas)"},"content":{"rendered":"<div id=\"accordion\">\n<h3>OBJETIVOS<\/h3>\n<div>Implementar la Ley de Protecci\u00f3n de Datos 1\/1999 de 13 de diciembre, conociendo las obligaciones y responsabilidades que impone y desarrollando un procedimiento de trabajo y protocolo de actuaci\u00f3n en la organizaci\u00f3n para cumplir con la normativa.<\/div>\n<h3>CONTENIDOS<\/h3>\n<div>1. INTRODUCCI\u00d3N SOBRE LA DEFINICI\u00d3N DE CONCEPTOS<br \/>\n1.1. Ley Org\u00e1nica de Protecci\u00f3n de Datos y reglamento.<br \/>\n1.2. Datos de car\u00e1cter personal.<br \/>\n1.3. Fichero y responsable del fichero.<br \/>\n1.4. Responsable del tratamiento.<br \/>\n1.5. Afectado o interesado y encargado del tratamiento.<br \/>\n1.6. Consentimiento del interesado.<br \/>\n1.7. Fuente accesible al p\u00fablico.<\/p>\n<p>2. PRINCIPALES OBLIGACIONES IMPUESTAS POR LA LOPD<br \/>\n2.1. Inscripci\u00f3n de ficheros.<br \/>\n2.2. Recabar el consentimiento y cumplir con el derecho de informaci\u00f3n.<br \/>\n2.3. Suscribir contratos de acceso a datos por cuenta de terceros.<br \/>\n2.4. Atender derechos de los interesados.<br \/>\n2.5. Derecho de acceso, rectificaci\u00f3n, oposici\u00f3n y cancelaci\u00f3n.<br \/>\n2.6. El responsable de la seguridad.<br \/>\n2.7. Documento de seguridad.<\/p>\n<p>3. FUNCIONES Y OBLIGACIONES DE LOS USUARIOS<br \/>\n3.1. Procedimiento y normas de funcionamiento para usuarios de ficheros.<br \/>\n3.2. Funciones y obligaciones de los usuarios.<br \/>\n3.3. Deber de secreto.<br \/>\n3.4. Responsable de la seguridad y responsable del departamento.<br \/>\n3.5. Procedimiento de gesti\u00f3n de incidencias.<br \/>\n3.6. Utilizaci\u00f3n de aplicaciones inform\u00e1ticas como herramientas de gesti\u00f3n de documentos generados en cumplimiento de la ley.<br \/>\n3.7. Realizaci\u00f3n de casos pr\u00e1cticos.<\/p>\n<p>4. FICHEROS EN SOPORTE PAPEL<br \/>\n4.1. Recomendaciones para la protecci\u00f3n de ficheros en soporte papel.<br \/>\n4.2. La Agencia Espa\u00f1ola de Protecci\u00f3n de Datos. Infracciones y sanciones.<\/p>\n<p>5. PLAN DE ACCI\u00d3N: ELABORACI\u00d3N DE UN PROCEDIMIENTO PARA EL TRATAMIENTO DE DATOS PERSONALES<\/p>\n<\/div>\n<\/div>\n","protected":false},"excerpt":{"rendered":"<p>Implementar la Ley de Protecci\u00f3n de Datos 1\/1999 de 13 de diciembre, conociendo las obligaciones y responsabilidades que impone y desarrollando un procedimiento de trabajo y protocolo de actuaci\u00f3n en la organizaci\u00f3n para cumplir con la normativa<\/p>\n","protected":false},"featured_media":5044,"comment_status":"closed","ping_status":"closed","template":"","meta":{"site-sidebar-layout":"default","site-content-layout":"","ast-site-content-layout":"","site-content-style":"default","site-sidebar-style":"default","ast-global-header-display":"","ast-banner-title-visibility":"","ast-main-header-display":"","ast-hfb-above-header-display":"","ast-hfb-below-header-display":"","ast-hfb-mobile-header-display":"","site-post-title":"","ast-breadcrumbs-content":"","ast-featured-img":"","footer-sml-layout":"","theme-transparent-header-meta":"","adv-header-id-meta":"","stick-header-meta":"","header-above-stick-meta":"","header-main-stick-meta":"","header-below-stick-meta":"","astra-migrate-meta-layouts":"default","ast-page-background-enabled":"default","ast-page-background-meta":{"desktop":{"background-color":"var(--ast-global-color-4)","background-image":"","background-repeat":"repeat","background-position":"center center","background-size":"auto","background-attachment":"scroll","background-type":"","background-media":"","overlay-type":"","overlay-color":"","overlay-opacity":"","overlay-gradient":""},"tablet":{"background-color":"","background-image":"","background-repeat":"repeat","background-position":"center center","background-size":"auto","background-attachment":"scroll","background-type":"","background-media":"","overlay-type":"","overlay-color":"","overlay-opacity":"","overlay-gradient":""},"mobile":{"background-color":"","background-image":"","background-repeat":"repeat","background-position":"center center","background-size":"auto","background-attachment":"scroll","background-type":"","background-media":"","overlay-type":"","overlay-color":"","overlay-opacity":"","overlay-gradient":""}},"ast-content-background-meta":{"desktop":{"background-color":"var(--ast-global-color-5)","background-image":"","background-repeat":"repeat","background-position":"center center","background-size":"auto","background-attachment":"scroll","background-type":"","background-media":"","overlay-type":"","overlay-color":"","overlay-opacity":"","overlay-gradient":""},"tablet":{"background-color":"var(--ast-global-color-5)","background-image":"","background-repeat":"repeat","background-position":"center center","background-size":"auto","background-attachment":"scroll","background-type":"","background-media":"","overlay-type":"","overlay-color":"","overlay-opacity":"","overlay-gradient":""},"mobile":{"background-color":"var(--ast-global-color-5)","background-image":"","background-repeat":"repeat","background-position":"center center","background-size":"auto","background-attachment":"scroll","background-type":"","background-media":"","overlay-type":"","overlay-color":"","overlay-opacity":"","overlay-gradient":""}}},"product_brand":[],"product_cat":[116],"product_tag":[],"class_list":{"0":"post-4551","1":"product","2":"type-product","3":"status-publish","4":"has-post-thumbnail","6":"product_cat-orientacion-laboral","7":"desktop-align-left","8":"tablet-align-left","9":"mobile-align-left","11":"first","12":"instock","13":"taxable","14":"shipping-taxable","15":"purchasable","16":"product-type-simple"},"yoast_head":"<!-- This site is optimized with the Yoast SEO plugin v25.1 - https:\/\/yoast.com\/wordpress\/plugins\/seo\/ -->\n<title>FCOO005PO - Ley de Protecci\u00f3n de Datos de Car\u00e1cter Personal: Protocolos de Actuaci\u00f3n y Trabajo (30 horas) - Contenidos Online<\/title>\n<meta name=\"robots\" content=\"index, follow, max-snippet:-1, max-image-preview:large, max-video-preview:-1\" \/>\n<link rel=\"canonical\" href=\"https:\/\/ocupados.grupopiquer.com\/contenidos\/producto\/fcoo005po-ley-de-proteccion-de-datos-de-caracter-personal-protocolos-de-actuacion-y-trabajo-30-horas\/\" \/>\n<meta property=\"og:locale\" content=\"es_ES\" \/>\n<meta property=\"og:type\" content=\"article\" \/>\n<meta property=\"og:title\" content=\"FCOO005PO - Ley de Protecci\u00f3n de Datos de Car\u00e1cter Personal: Protocolos de Actuaci\u00f3n y Trabajo (30 horas) - Contenidos Online\" \/>\n<meta property=\"og:description\" content=\"Implementar la Ley de Protecci\u00f3n de Datos 1\/1999 de 13 de diciembre, conociendo las obligaciones y responsabilidades que impone y desarrollando un procedimiento de trabajo y protocolo de actuaci\u00f3n en la organizaci\u00f3n para cumplir con la normativa\" \/>\n<meta property=\"og:url\" content=\"https:\/\/ocupados.grupopiquer.com\/contenidos\/producto\/fcoo005po-ley-de-proteccion-de-datos-de-caracter-personal-protocolos-de-actuacion-y-trabajo-30-horas\/\" \/>\n<meta property=\"og:site_name\" content=\"Contenidos Online\" \/>\n<meta property=\"article:modified_time\" content=\"2023-05-16T14:19:08+00:00\" \/>\n<meta property=\"og:image\" content=\"https:\/\/ocupados.grupopiquer.com\/contenidos\/wp-content\/uploads\/2023\/05\/BxI-rQx37bUM7TLC_8YChpC_hi48EjZUT-e1683209061921.jpg\" \/>\n\t<meta property=\"og:image:width\" content=\"1680\" \/>\n\t<meta property=\"og:image:height\" content=\"945\" \/>\n\t<meta property=\"og:image:type\" content=\"image\/jpeg\" \/>\n<meta name=\"twitter:card\" content=\"summary_large_image\" \/>\n<meta name=\"twitter:label1\" content=\"Tiempo de lectura\" \/>\n\t<meta name=\"twitter:data1\" content=\"2 minutos\" \/>\n<script type=\"application\/ld+json\" class=\"yoast-schema-graph\">{\"@context\":\"https:\/\/schema.org\",\"@graph\":[{\"@type\":\"WebPage\",\"@id\":\"https:\/\/ocupados.grupopiquer.com\/contenidos\/producto\/fcoo005po-ley-de-proteccion-de-datos-de-caracter-personal-protocolos-de-actuacion-y-trabajo-30-horas\/\",\"url\":\"https:\/\/ocupados.grupopiquer.com\/contenidos\/producto\/fcoo005po-ley-de-proteccion-de-datos-de-caracter-personal-protocolos-de-actuacion-y-trabajo-30-horas\/\",\"name\":\"FCOO005PO - Ley de Protecci\u00f3n de Datos de Car\u00e1cter Personal: Protocolos de Actuaci\u00f3n y Trabajo (30 horas) - Contenidos Online\",\"isPartOf\":{\"@id\":\"https:\/\/ocupados.grupopiquer.com\/contenidos\/#website\"},\"primaryImageOfPage\":{\"@id\":\"https:\/\/ocupados.grupopiquer.com\/contenidos\/producto\/fcoo005po-ley-de-proteccion-de-datos-de-caracter-personal-protocolos-de-actuacion-y-trabajo-30-horas\/#primaryimage\"},\"image\":{\"@id\":\"https:\/\/ocupados.grupopiquer.com\/contenidos\/producto\/fcoo005po-ley-de-proteccion-de-datos-de-caracter-personal-protocolos-de-actuacion-y-trabajo-30-horas\/#primaryimage\"},\"thumbnailUrl\":\"https:\/\/ocupados.grupopiquer.com\/contenidos\/wp-content\/uploads\/2023\/05\/BxI-rQx37bUM7TLC_8YChpC_hi48EjZUT-e1683209061921.jpg\",\"datePublished\":\"2023-05-02T11:09:30+00:00\",\"dateModified\":\"2023-05-16T14:19:08+00:00\",\"breadcrumb\":{\"@id\":\"https:\/\/ocupados.grupopiquer.com\/contenidos\/producto\/fcoo005po-ley-de-proteccion-de-datos-de-caracter-personal-protocolos-de-actuacion-y-trabajo-30-horas\/#breadcrumb\"},\"inLanguage\":\"es\",\"potentialAction\":[{\"@type\":\"ReadAction\",\"target\":[\"https:\/\/ocupados.grupopiquer.com\/contenidos\/producto\/fcoo005po-ley-de-proteccion-de-datos-de-caracter-personal-protocolos-de-actuacion-y-trabajo-30-horas\/\"]}]},{\"@type\":\"ImageObject\",\"inLanguage\":\"es\",\"@id\":\"https:\/\/ocupados.grupopiquer.com\/contenidos\/producto\/fcoo005po-ley-de-proteccion-de-datos-de-caracter-personal-protocolos-de-actuacion-y-trabajo-30-horas\/#primaryimage\",\"url\":\"https:\/\/ocupados.grupopiquer.com\/contenidos\/wp-content\/uploads\/2023\/05\/BxI-rQx37bUM7TLC_8YChpC_hi48EjZUT-e1683209061921.jpg\",\"contentUrl\":\"https:\/\/ocupados.grupopiquer.com\/contenidos\/wp-content\/uploads\/2023\/05\/BxI-rQx37bUM7TLC_8YChpC_hi48EjZUT-e1683209061921.jpg\",\"width\":1680,\"height\":945},{\"@type\":\"BreadcrumbList\",\"@id\":\"https:\/\/ocupados.grupopiquer.com\/contenidos\/producto\/fcoo005po-ley-de-proteccion-de-datos-de-caracter-personal-protocolos-de-actuacion-y-trabajo-30-horas\/#breadcrumb\",\"itemListElement\":[{\"@type\":\"ListItem\",\"position\":1,\"name\":\"Portada\",\"item\":\"https:\/\/ocupados.grupopiquer.com\/contenidos\/\"},{\"@type\":\"ListItem\",\"position\":2,\"name\":\"Tienda\",\"item\":\"https:\/\/ocupados.grupopiquer.com\/contenidos\/tienda\/\"},{\"@type\":\"ListItem\",\"position\":3,\"name\":\"FCOO005PO &#8211; Ley de Protecci\u00f3n de Datos de Car\u00e1cter Personal: Protocolos de Actuaci\u00f3n y Trabajo (30 horas)\"}]},{\"@type\":\"WebSite\",\"@id\":\"https:\/\/ocupados.grupopiquer.com\/contenidos\/#website\",\"url\":\"https:\/\/ocupados.grupopiquer.com\/contenidos\/\",\"name\":\"Contenidos Online\",\"description\":\"\",\"publisher\":{\"@id\":\"https:\/\/ocupados.grupopiquer.com\/contenidos\/#organization\"},\"potentialAction\":[{\"@type\":\"SearchAction\",\"target\":{\"@type\":\"EntryPoint\",\"urlTemplate\":\"https:\/\/ocupados.grupopiquer.com\/contenidos\/?s={search_term_string}\"},\"query-input\":{\"@type\":\"PropertyValueSpecification\",\"valueRequired\":true,\"valueName\":\"search_term_string\"}}],\"inLanguage\":\"es\"},{\"@type\":\"Organization\",\"@id\":\"https:\/\/ocupados.grupopiquer.com\/contenidos\/#organization\",\"name\":\"Contenidos Online\",\"url\":\"https:\/\/ocupados.grupopiquer.com\/contenidos\/\",\"logo\":{\"@type\":\"ImageObject\",\"inLanguage\":\"es\",\"@id\":\"https:\/\/ocupados.grupopiquer.com\/contenidos\/#\/schema\/logo\/image\/\",\"url\":\"https:\/\/ocupados.grupopiquer.com\/contenidos\/wp-content\/uploads\/2024\/01\/Grupo-Piquer-COLOR-1.png\",\"contentUrl\":\"https:\/\/ocupados.grupopiquer.com\/contenidos\/wp-content\/uploads\/2024\/01\/Grupo-Piquer-COLOR-1.png\",\"width\":705,\"height\":270,\"caption\":\"Contenidos Online\"},\"image\":{\"@id\":\"https:\/\/ocupados.grupopiquer.com\/contenidos\/#\/schema\/logo\/image\/\"}}]}<\/script>\n<!-- \/ Yoast SEO plugin. -->","yoast_head_json":{"title":"FCOO005PO - Ley de Protecci\u00f3n de Datos de Car\u00e1cter Personal: Protocolos de Actuaci\u00f3n y Trabajo (30 horas) - Contenidos Online","robots":{"index":"index","follow":"follow","max-snippet":"max-snippet:-1","max-image-preview":"max-image-preview:large","max-video-preview":"max-video-preview:-1"},"canonical":"https:\/\/ocupados.grupopiquer.com\/contenidos\/producto\/fcoo005po-ley-de-proteccion-de-datos-de-caracter-personal-protocolos-de-actuacion-y-trabajo-30-horas\/","og_locale":"es_ES","og_type":"article","og_title":"FCOO005PO - Ley de Protecci\u00f3n de Datos de Car\u00e1cter Personal: Protocolos de Actuaci\u00f3n y Trabajo (30 horas) - Contenidos Online","og_description":"Implementar la Ley de Protecci\u00f3n de Datos 1\/1999 de 13 de diciembre, conociendo las obligaciones y responsabilidades que impone y desarrollando un procedimiento de trabajo y protocolo de actuaci\u00f3n en la organizaci\u00f3n para cumplir con la normativa","og_url":"https:\/\/ocupados.grupopiquer.com\/contenidos\/producto\/fcoo005po-ley-de-proteccion-de-datos-de-caracter-personal-protocolos-de-actuacion-y-trabajo-30-horas\/","og_site_name":"Contenidos Online","article_modified_time":"2023-05-16T14:19:08+00:00","og_image":[{"width":1680,"height":945,"url":"https:\/\/ocupados.grupopiquer.com\/contenidos\/wp-content\/uploads\/2023\/05\/BxI-rQx37bUM7TLC_8YChpC_hi48EjZUT-e1683209061921.jpg","type":"image\/jpeg"}],"twitter_card":"summary_large_image","twitter_misc":{"Tiempo de lectura":"2 minutos"},"schema":{"@context":"https:\/\/schema.org","@graph":[{"@type":"WebPage","@id":"https:\/\/ocupados.grupopiquer.com\/contenidos\/producto\/fcoo005po-ley-de-proteccion-de-datos-de-caracter-personal-protocolos-de-actuacion-y-trabajo-30-horas\/","url":"https:\/\/ocupados.grupopiquer.com\/contenidos\/producto\/fcoo005po-ley-de-proteccion-de-datos-de-caracter-personal-protocolos-de-actuacion-y-trabajo-30-horas\/","name":"FCOO005PO - Ley de Protecci\u00f3n de Datos de Car\u00e1cter Personal: Protocolos de Actuaci\u00f3n y Trabajo (30 horas) - Contenidos Online","isPartOf":{"@id":"https:\/\/ocupados.grupopiquer.com\/contenidos\/#website"},"primaryImageOfPage":{"@id":"https:\/\/ocupados.grupopiquer.com\/contenidos\/producto\/fcoo005po-ley-de-proteccion-de-datos-de-caracter-personal-protocolos-de-actuacion-y-trabajo-30-horas\/#primaryimage"},"image":{"@id":"https:\/\/ocupados.grupopiquer.com\/contenidos\/producto\/fcoo005po-ley-de-proteccion-de-datos-de-caracter-personal-protocolos-de-actuacion-y-trabajo-30-horas\/#primaryimage"},"thumbnailUrl":"https:\/\/ocupados.grupopiquer.com\/contenidos\/wp-content\/uploads\/2023\/05\/BxI-rQx37bUM7TLC_8YChpC_hi48EjZUT-e1683209061921.jpg","datePublished":"2023-05-02T11:09:30+00:00","dateModified":"2023-05-16T14:19:08+00:00","breadcrumb":{"@id":"https:\/\/ocupados.grupopiquer.com\/contenidos\/producto\/fcoo005po-ley-de-proteccion-de-datos-de-caracter-personal-protocolos-de-actuacion-y-trabajo-30-horas\/#breadcrumb"},"inLanguage":"es","potentialAction":[{"@type":"ReadAction","target":["https:\/\/ocupados.grupopiquer.com\/contenidos\/producto\/fcoo005po-ley-de-proteccion-de-datos-de-caracter-personal-protocolos-de-actuacion-y-trabajo-30-horas\/"]}]},{"@type":"ImageObject","inLanguage":"es","@id":"https:\/\/ocupados.grupopiquer.com\/contenidos\/producto\/fcoo005po-ley-de-proteccion-de-datos-de-caracter-personal-protocolos-de-actuacion-y-trabajo-30-horas\/#primaryimage","url":"https:\/\/ocupados.grupopiquer.com\/contenidos\/wp-content\/uploads\/2023\/05\/BxI-rQx37bUM7TLC_8YChpC_hi48EjZUT-e1683209061921.jpg","contentUrl":"https:\/\/ocupados.grupopiquer.com\/contenidos\/wp-content\/uploads\/2023\/05\/BxI-rQx37bUM7TLC_8YChpC_hi48EjZUT-e1683209061921.jpg","width":1680,"height":945},{"@type":"BreadcrumbList","@id":"https:\/\/ocupados.grupopiquer.com\/contenidos\/producto\/fcoo005po-ley-de-proteccion-de-datos-de-caracter-personal-protocolos-de-actuacion-y-trabajo-30-horas\/#breadcrumb","itemListElement":[{"@type":"ListItem","position":1,"name":"Portada","item":"https:\/\/ocupados.grupopiquer.com\/contenidos\/"},{"@type":"ListItem","position":2,"name":"Tienda","item":"https:\/\/ocupados.grupopiquer.com\/contenidos\/tienda\/"},{"@type":"ListItem","position":3,"name":"FCOO005PO &#8211; Ley de Protecci\u00f3n de Datos de Car\u00e1cter Personal: Protocolos de Actuaci\u00f3n y Trabajo (30 horas)"}]},{"@type":"WebSite","@id":"https:\/\/ocupados.grupopiquer.com\/contenidos\/#website","url":"https:\/\/ocupados.grupopiquer.com\/contenidos\/","name":"Contenidos Online","description":"","publisher":{"@id":"https:\/\/ocupados.grupopiquer.com\/contenidos\/#organization"},"potentialAction":[{"@type":"SearchAction","target":{"@type":"EntryPoint","urlTemplate":"https:\/\/ocupados.grupopiquer.com\/contenidos\/?s={search_term_string}"},"query-input":{"@type":"PropertyValueSpecification","valueRequired":true,"valueName":"search_term_string"}}],"inLanguage":"es"},{"@type":"Organization","@id":"https:\/\/ocupados.grupopiquer.com\/contenidos\/#organization","name":"Contenidos Online","url":"https:\/\/ocupados.grupopiquer.com\/contenidos\/","logo":{"@type":"ImageObject","inLanguage":"es","@id":"https:\/\/ocupados.grupopiquer.com\/contenidos\/#\/schema\/logo\/image\/","url":"https:\/\/ocupados.grupopiquer.com\/contenidos\/wp-content\/uploads\/2024\/01\/Grupo-Piquer-COLOR-1.png","contentUrl":"https:\/\/ocupados.grupopiquer.com\/contenidos\/wp-content\/uploads\/2024\/01\/Grupo-Piquer-COLOR-1.png","width":705,"height":270,"caption":"Contenidos Online"},"image":{"@id":"https:\/\/ocupados.grupopiquer.com\/contenidos\/#\/schema\/logo\/image\/"}}]}},"jetpack_sharing_enabled":true,"_links":{"self":[{"href":"https:\/\/ocupados.grupopiquer.com\/contenidos\/wp-json\/wp\/v2\/product\/4551","targetHints":{"allow":["GET"]}}],"collection":[{"href":"https:\/\/ocupados.grupopiquer.com\/contenidos\/wp-json\/wp\/v2\/product"}],"about":[{"href":"https:\/\/ocupados.grupopiquer.com\/contenidos\/wp-json\/wp\/v2\/types\/product"}],"replies":[{"embeddable":true,"href":"https:\/\/ocupados.grupopiquer.com\/contenidos\/wp-json\/wp\/v2\/comments?post=4551"}],"wp:featuredmedia":[{"embeddable":true,"href":"https:\/\/ocupados.grupopiquer.com\/contenidos\/wp-json\/wp\/v2\/media\/5044"}],"wp:attachment":[{"href":"https:\/\/ocupados.grupopiquer.com\/contenidos\/wp-json\/wp\/v2\/media?parent=4551"}],"wp:term":[{"taxonomy":"product_brand","embeddable":true,"href":"https:\/\/ocupados.grupopiquer.com\/contenidos\/wp-json\/wp\/v2\/product_brand?post=4551"},{"taxonomy":"product_cat","embeddable":true,"href":"https:\/\/ocupados.grupopiquer.com\/contenidos\/wp-json\/wp\/v2\/product_cat?post=4551"},{"taxonomy":"product_tag","embeddable":true,"href":"https:\/\/ocupados.grupopiquer.com\/contenidos\/wp-json\/wp\/v2\/product_tag?post=4551"}],"curies":[{"name":"wp","href":"https:\/\/api.w.org\/{rel}","templated":true}]}}