{"id":4557,"date":"2023-05-02T11:10:05","date_gmt":"2023-05-02T11:10:05","guid":{"rendered":"https:\/\/ocupados.grupopiquer.com\/contenidos\/producto\/fcov05-comunicacion-en-lenguas-extranjeras-ingles-n2-180-horas\/"},"modified":"2023-05-16T14:13:55","modified_gmt":"2023-05-16T14:13:55","slug":"fcov05-comunicacion-en-lenguas-extranjeras-ingles-n2-180-horas","status":"publish","type":"product","link":"https:\/\/ocupados.grupopiquer.com\/contenidos\/producto\/fcov05-comunicacion-en-lenguas-extranjeras-ingles-n2-180-horas\/","title":{"rendered":"FCOV05 &#8211; Comunicaci\u00f3n en Lenguas Extranjeras (Ingl\u00e9s) &#8211; N2 (180 horas)"},"content":{"rendered":"<div id=\"accordion\">\n<h3>OBJETIVOS<\/h3>\n<div>Adquirir el nivel de competencia necesaria en el \u00e1mbito de las lenguas extranjeras (ingl\u00e9s) para comprender, interactuar y expresarse en situaciones de comunicaci\u00f3n b\u00e1sica, tanto oral como escrita, utilizando una lengua est\u00e1ndar.<\/div>\n<h3>CONTENIDOS<\/h3>\n<div>1. UTILIZACI\u00d3N DE LAS FUNCIONES LING\u00dc\u00cdSTICAS Y ASPECTOS SOCIOCULTURALES EN SITUACIONES DE COMUNICACI\u00d3N DE LENGUA INGLESA<br \/>\n1.1. Utilizaci\u00f3n de la lengua inglesa para:<br \/>\n1.1.1. Referirse a acciones habituales o del momento presente.<br \/>\n1.1.2. Referirse a acciones y situaciones del pasado.<br \/>\n1.1.3. Expresar situaciones y hechos en futuro.<br \/>\n1.1.4. Dar y pedir informaci\u00f3n.<br \/>\n1.1.5. Expresar opiniones, actitudes y conocimientos.<br \/>\n1.1.6. Expresar gustos, deseos y sentimientos.<br \/>\n1.1.7. Proponer una acci\u00f3n, ofrecer, invitar y responder a propuestas e invitaciones.<br \/>\n1.1.8. Relacionarse con otras personas.<br \/>\n1.1.9. Reaccionar y cooperar en la interacci\u00f3n.<br \/>\n1.2. Reconocimiento de aspectos socioling\u00fc\u00edsticos y culturales. Usos formales e informales.<br \/>\n1.2.1. Marcadores ling\u00fc\u00edsticos de relaciones sociales.<br \/>\n1.2.2. Normas de cortes\u00eda.<br \/>\n1.2.3. Caracter\u00edsticas m\u00e1s significativas de las costumbres, normas, actitudes y valores de la sociedad cuya lengua se estudia.<br \/>\n1.2.4. Elementos culturales m\u00e1s relevantes de los pa\u00edses donde habla la lengua extranjera.<br \/>\n1.3. Utilizaci\u00f3n del vocabulario en la expresi\u00f3n oral y escrita.<br \/>\n1.3.1. Utilizaci\u00f3n de expresiones comunes, frases hechas y l\u00e9xico sobre temas de inter\u00e9s personal y general, temas cotidianos y temas relacionados con contenidos de otras materias del curr\u00edculo.<br \/>\n1.3.2. Reconocimiento de sin\u00f3nimos, ant\u00f3nimos, (false friends) y formaci\u00f3n de palabras a partir de prefijos y sufijos.<\/p>\n<p>2. ELEMENTOS GRAMATICALES Y FON\u00c9TICOS EN EL USO DE LA LENGUA INGLESA<br \/>\n2.1. Construcci\u00f3n de oraciones.<br \/>\n2.1.1. Oraciones y frases. Orden sint\u00e1ctico de los elementos. Concordancias b\u00e1sicas. Uso de estructuras y funciones asociadas a diferentes situaciones de comunicaci\u00f3n.<br \/>\n2.1.2. Tipos de oraciones: Simples y compuestas.<br \/>\n2.1.3. Oraciones declarativas afirmativas, negativas, interrogativas y exclamativas.<br \/>\n2.1.4. Coordinaci\u00f3n y subordinaci\u00f3n con los enlaces m\u00e1s frecuentes.<br \/>\n2.1.5. Conjunciones coordinantes y subordinantes m\u00e1s habituales.<br \/>\n2.1.6. Preposiciones y locuciones prepositivas m\u00e1s frecuentes.<br \/>\n2.2. Sustantivos: G\u00e9nero y n\u00famero. Plurales irregulares. Contables e incontables. El genitivo saj\u00f3n.<br \/>\n2.3. Adjetivos: Tipos, uso y posici\u00f3n. Grados igualdad, comparativo y superlativo. Formas irregulares.<br \/>\n2.4. Adverbios: Uso y posici\u00f3n. Diferentes tipos de expresiones m\u00e1s frecuentes. Expresiones frecuentes de lugar, tiempo, modo, frecuencia, cantidad y probabilidad. Expresiones de afirmaci\u00f3n y negaci\u00f3n.<br \/>\n2.5. Determinantes. Tipos y usos m\u00e1s frecuentes. Utilizaci\u00f3n en las oraciones.<br \/>\n2.5.1. El art\u00edculo determinado e indeterminado.<br \/>\n2.5.2. Usos m\u00e1s comunes y omisi\u00f3n del art\u00edculo.<br \/>\n2.5.3. Demostrativos e Interrogativos.<br \/>\n2.5.4. Numerales cardinales y ordinales. Partitivos m\u00e1s comunes.<br \/>\n2.5.5. Indefinidos m\u00e1s frecuentes.<br \/>\n2.5.6. Posesivos.<br \/>\n2.5.7. Otros determinantes: another, other.<br \/>\n2.6. Pronombres: Personales: sujeto y complemento. Posici\u00f3n. Posesivos. Impersonales. Demostrativos. Interrogativos. Indefinidos. Relativos.<br \/>\n2.7. Uso de las formas verbales.<br \/>\n2.7.1. Utilizaci\u00f3n de los verbos Auxiliares. Tiempos verbales.<br \/>\n2.7.2. Formas y uso del verbo be.<br \/>\n2.7.3. Auxiliares: do, be, have.<br \/>\n2.7.4. Presente simple\/Presente continuo.<br \/>\n2.7.5. Pasado simple\/Pasado continuo.<br \/>\n2.7.6. Presente Perfecto.<br \/>\n2.7.7. Pasado simple. Formas regulares e irregulares.<br \/>\n2.7.8. Futuro be going to.<br \/>\n2.7.9. Futuro: presente continuo y presente simple.<br \/>\n2.7.10. Imperativo.<br \/>\n2.7.11. Verbos modales: can\/could, may, must, should, would. Caracter\u00edsticas y uso.<br \/>\n2.7.12. Voz pasiva: presente y pasado simple.<br \/>\n2.8. Descripci\u00f3n y comparaci\u00f3n de h\u00e1bitos y estilos de vida con acciones en curso. Presente simple y continuo. Used to + infinitivo. Pronombres interrogativos.<br \/>\n2.9. Expresi\u00f3n de hechos pasados vinculados con el presente o con un pasado anterior. Pasado simple y continuo. Presente perfecto: for, since, already, yet, etc. Preguntas sujeto y objeto. Marcadores del discurso.<br \/>\n2.10. Realizaci\u00f3n de predicciones y expresar intenciones. Expresar certeza y probabilidad.<\/p><\/div>\n<\/div>\n","protected":false},"excerpt":{"rendered":"<p>Adquirir el nivel de competencia necesaria en el \u00e1mbito de las lenguas extranjeras (ingl\u00e9s) para comprender, interactuar y expresarse en situaciones de comunicaci\u00f3n b\u00e1sica, tanto oral como escrita, utilizando una lengua est\u00e1ndar.<\/p>\n","protected":false},"featured_media":5038,"comment_status":"closed","ping_status":"closed","template":"","meta":{"site-sidebar-layout":"default","site-content-layout":"","ast-site-content-layout":"","site-content-style":"default","site-sidebar-style":"default","ast-global-header-display":"","ast-banner-title-visibility":"","ast-main-header-display":"","ast-hfb-above-header-display":"","ast-hfb-below-header-display":"","ast-hfb-mobile-header-display":"","site-post-title":"","ast-breadcrumbs-content":"","ast-featured-img":"","footer-sml-layout":"","theme-transparent-header-meta":"","adv-header-id-meta":"","stick-header-meta":"","header-above-stick-meta":"","header-main-stick-meta":"","header-below-stick-meta":"","astra-migrate-meta-layouts":"default","ast-page-background-enabled":"default","ast-page-background-meta":{"desktop":{"background-color":"var(--ast-global-color-4)","background-image":"","background-repeat":"repeat","background-position":"center center","background-size":"auto","background-attachment":"scroll","background-type":"","background-media":"","overlay-type":"","overlay-color":"","overlay-opacity":"","overlay-gradient":""},"tablet":{"background-color":"","background-image":"","background-repeat":"repeat","background-position":"center center","background-size":"auto","background-attachment":"scroll","background-type":"","background-media":"","overlay-type":"","overlay-color":"","overlay-opacity":"","overlay-gradient":""},"mobile":{"background-color":"","background-image":"","background-repeat":"repeat","background-position":"center center","background-size":"auto","background-attachment":"scroll","background-type":"","background-media":"","overlay-type":"","overlay-color":"","overlay-opacity":"","overlay-gradient":""}},"ast-content-background-meta":{"desktop":{"background-color":"var(--ast-global-color-5)","background-image":"","background-repeat":"repeat","background-position":"center center","background-size":"auto","background-attachment":"scroll","background-type":"","background-media":"","overlay-type":"","overlay-color":"","overlay-opacity":"","overlay-gradient":""},"tablet":{"background-color":"var(--ast-global-color-5)","background-image":"","background-repeat":"repeat","background-position":"center center","background-size":"auto","background-attachment":"scroll","background-type":"","background-media":"","overlay-type":"","overlay-color":"","overlay-opacity":"","overlay-gradient":""},"mobile":{"background-color":"var(--ast-global-color-5)","background-image":"","background-repeat":"repeat","background-position":"center center","background-size":"auto","background-attachment":"scroll","background-type":"","background-media":"","overlay-type":"","overlay-color":"","overlay-opacity":"","overlay-gradient":""}}},"product_brand":[],"product_cat":[115],"product_tag":[],"class_list":{"0":"post-4557","1":"product","2":"type-product","3":"status-publish","4":"has-post-thumbnail","6":"product_cat-competencias-clave","7":"desktop-align-left","8":"tablet-align-left","9":"mobile-align-left","11":"first","12":"instock","13":"taxable","14":"shipping-taxable","15":"purchasable","16":"product-type-simple"},"yoast_head":"<!-- This site is optimized with the Yoast SEO plugin v25.1 - https:\/\/yoast.com\/wordpress\/plugins\/seo\/ -->\n<title>FCOV05 - Comunicaci\u00f3n en Lenguas Extranjeras (Ingl\u00e9s) - N2 (180 horas) - Contenidos Online<\/title>\n<meta name=\"robots\" content=\"index, follow, max-snippet:-1, max-image-preview:large, max-video-preview:-1\" \/>\n<link rel=\"canonical\" href=\"https:\/\/ocupados.grupopiquer.com\/contenidos\/producto\/fcov05-comunicacion-en-lenguas-extranjeras-ingles-n2-180-horas\/\" \/>\n<meta property=\"og:locale\" content=\"es_ES\" \/>\n<meta property=\"og:type\" content=\"article\" \/>\n<meta property=\"og:title\" content=\"FCOV05 - Comunicaci\u00f3n en Lenguas Extranjeras (Ingl\u00e9s) - N2 (180 horas) - Contenidos Online\" \/>\n<meta property=\"og:description\" content=\"Adquirir el nivel de competencia necesaria en el \u00e1mbito de las lenguas extranjeras (ingl\u00e9s) para comprender, interactuar y expresarse en situaciones de comunicaci\u00f3n b\u00e1sica, tanto oral como escrita, utilizando una lengua est\u00e1ndar.\" \/>\n<meta property=\"og:url\" content=\"https:\/\/ocupados.grupopiquer.com\/contenidos\/producto\/fcov05-comunicacion-en-lenguas-extranjeras-ingles-n2-180-horas\/\" \/>\n<meta property=\"og:site_name\" content=\"Contenidos Online\" \/>\n<meta property=\"article:modified_time\" content=\"2023-05-16T14:13:55+00:00\" \/>\n<meta property=\"og:image\" content=\"https:\/\/ocupados.grupopiquer.com\/contenidos\/wp-content\/uploads\/2023\/05\/40-e1683208697563.jpg\" \/>\n\t<meta property=\"og:image:width\" content=\"1280\" \/>\n\t<meta property=\"og:image:height\" content=\"720\" \/>\n\t<meta property=\"og:image:type\" content=\"image\/jpeg\" \/>\n<meta name=\"twitter:card\" content=\"summary_large_image\" \/>\n<meta name=\"twitter:label1\" content=\"Tiempo de lectura\" \/>\n\t<meta name=\"twitter:data1\" content=\"3 minutos\" \/>\n<script type=\"application\/ld+json\" class=\"yoast-schema-graph\">{\"@context\":\"https:\/\/schema.org\",\"@graph\":[{\"@type\":\"WebPage\",\"@id\":\"https:\/\/ocupados.grupopiquer.com\/contenidos\/producto\/fcov05-comunicacion-en-lenguas-extranjeras-ingles-n2-180-horas\/\",\"url\":\"https:\/\/ocupados.grupopiquer.com\/contenidos\/producto\/fcov05-comunicacion-en-lenguas-extranjeras-ingles-n2-180-horas\/\",\"name\":\"FCOV05 - Comunicaci\u00f3n en Lenguas Extranjeras (Ingl\u00e9s) - N2 (180 horas) - Contenidos Online\",\"isPartOf\":{\"@id\":\"https:\/\/ocupados.grupopiquer.com\/contenidos\/#website\"},\"primaryImageOfPage\":{\"@id\":\"https:\/\/ocupados.grupopiquer.com\/contenidos\/producto\/fcov05-comunicacion-en-lenguas-extranjeras-ingles-n2-180-horas\/#primaryimage\"},\"image\":{\"@id\":\"https:\/\/ocupados.grupopiquer.com\/contenidos\/producto\/fcov05-comunicacion-en-lenguas-extranjeras-ingles-n2-180-horas\/#primaryimage\"},\"thumbnailUrl\":\"https:\/\/ocupados.grupopiquer.com\/contenidos\/wp-content\/uploads\/2023\/05\/40-e1683208697563.jpg\",\"datePublished\":\"2023-05-02T11:10:05+00:00\",\"dateModified\":\"2023-05-16T14:13:55+00:00\",\"breadcrumb\":{\"@id\":\"https:\/\/ocupados.grupopiquer.com\/contenidos\/producto\/fcov05-comunicacion-en-lenguas-extranjeras-ingles-n2-180-horas\/#breadcrumb\"},\"inLanguage\":\"es\",\"potentialAction\":[{\"@type\":\"ReadAction\",\"target\":[\"https:\/\/ocupados.grupopiquer.com\/contenidos\/producto\/fcov05-comunicacion-en-lenguas-extranjeras-ingles-n2-180-horas\/\"]}]},{\"@type\":\"ImageObject\",\"inLanguage\":\"es\",\"@id\":\"https:\/\/ocupados.grupopiquer.com\/contenidos\/producto\/fcov05-comunicacion-en-lenguas-extranjeras-ingles-n2-180-horas\/#primaryimage\",\"url\":\"https:\/\/ocupados.grupopiquer.com\/contenidos\/wp-content\/uploads\/2023\/05\/40-e1683208697563.jpg\",\"contentUrl\":\"https:\/\/ocupados.grupopiquer.com\/contenidos\/wp-content\/uploads\/2023\/05\/40-e1683208697563.jpg\",\"width\":1280,\"height\":720},{\"@type\":\"BreadcrumbList\",\"@id\":\"https:\/\/ocupados.grupopiquer.com\/contenidos\/producto\/fcov05-comunicacion-en-lenguas-extranjeras-ingles-n2-180-horas\/#breadcrumb\",\"itemListElement\":[{\"@type\":\"ListItem\",\"position\":1,\"name\":\"Portada\",\"item\":\"https:\/\/ocupados.grupopiquer.com\/contenidos\/\"},{\"@type\":\"ListItem\",\"position\":2,\"name\":\"Tienda\",\"item\":\"https:\/\/ocupados.grupopiquer.com\/contenidos\/tienda\/\"},{\"@type\":\"ListItem\",\"position\":3,\"name\":\"FCOV05 &#8211; Comunicaci\u00f3n en Lenguas Extranjeras (Ingl\u00e9s) &#8211; N2 (180 horas)\"}]},{\"@type\":\"WebSite\",\"@id\":\"https:\/\/ocupados.grupopiquer.com\/contenidos\/#website\",\"url\":\"https:\/\/ocupados.grupopiquer.com\/contenidos\/\",\"name\":\"Contenidos Online\",\"description\":\"\",\"publisher\":{\"@id\":\"https:\/\/ocupados.grupopiquer.com\/contenidos\/#organization\"},\"potentialAction\":[{\"@type\":\"SearchAction\",\"target\":{\"@type\":\"EntryPoint\",\"urlTemplate\":\"https:\/\/ocupados.grupopiquer.com\/contenidos\/?s={search_term_string}\"},\"query-input\":{\"@type\":\"PropertyValueSpecification\",\"valueRequired\":true,\"valueName\":\"search_term_string\"}}],\"inLanguage\":\"es\"},{\"@type\":\"Organization\",\"@id\":\"https:\/\/ocupados.grupopiquer.com\/contenidos\/#organization\",\"name\":\"Contenidos Online\",\"url\":\"https:\/\/ocupados.grupopiquer.com\/contenidos\/\",\"logo\":{\"@type\":\"ImageObject\",\"inLanguage\":\"es\",\"@id\":\"https:\/\/ocupados.grupopiquer.com\/contenidos\/#\/schema\/logo\/image\/\",\"url\":\"https:\/\/ocupados.grupopiquer.com\/contenidos\/wp-content\/uploads\/2024\/01\/Grupo-Piquer-COLOR-1.png\",\"contentUrl\":\"https:\/\/ocupados.grupopiquer.com\/contenidos\/wp-content\/uploads\/2024\/01\/Grupo-Piquer-COLOR-1.png\",\"width\":705,\"height\":270,\"caption\":\"Contenidos Online\"},\"image\":{\"@id\":\"https:\/\/ocupados.grupopiquer.com\/contenidos\/#\/schema\/logo\/image\/\"}}]}<\/script>\n<!-- \/ Yoast SEO plugin. -->","yoast_head_json":{"title":"FCOV05 - Comunicaci\u00f3n en Lenguas Extranjeras (Ingl\u00e9s) - N2 (180 horas) - Contenidos Online","robots":{"index":"index","follow":"follow","max-snippet":"max-snippet:-1","max-image-preview":"max-image-preview:large","max-video-preview":"max-video-preview:-1"},"canonical":"https:\/\/ocupados.grupopiquer.com\/contenidos\/producto\/fcov05-comunicacion-en-lenguas-extranjeras-ingles-n2-180-horas\/","og_locale":"es_ES","og_type":"article","og_title":"FCOV05 - Comunicaci\u00f3n en Lenguas Extranjeras (Ingl\u00e9s) - N2 (180 horas) - Contenidos Online","og_description":"Adquirir el nivel de competencia necesaria en el \u00e1mbito de las lenguas extranjeras (ingl\u00e9s) para comprender, interactuar y expresarse en situaciones de comunicaci\u00f3n b\u00e1sica, tanto oral como escrita, utilizando una lengua est\u00e1ndar.","og_url":"https:\/\/ocupados.grupopiquer.com\/contenidos\/producto\/fcov05-comunicacion-en-lenguas-extranjeras-ingles-n2-180-horas\/","og_site_name":"Contenidos Online","article_modified_time":"2023-05-16T14:13:55+00:00","og_image":[{"width":1280,"height":720,"url":"https:\/\/ocupados.grupopiquer.com\/contenidos\/wp-content\/uploads\/2023\/05\/40-e1683208697563.jpg","type":"image\/jpeg"}],"twitter_card":"summary_large_image","twitter_misc":{"Tiempo de lectura":"3 minutos"},"schema":{"@context":"https:\/\/schema.org","@graph":[{"@type":"WebPage","@id":"https:\/\/ocupados.grupopiquer.com\/contenidos\/producto\/fcov05-comunicacion-en-lenguas-extranjeras-ingles-n2-180-horas\/","url":"https:\/\/ocupados.grupopiquer.com\/contenidos\/producto\/fcov05-comunicacion-en-lenguas-extranjeras-ingles-n2-180-horas\/","name":"FCOV05 - Comunicaci\u00f3n en Lenguas Extranjeras (Ingl\u00e9s) - N2 (180 horas) - Contenidos Online","isPartOf":{"@id":"https:\/\/ocupados.grupopiquer.com\/contenidos\/#website"},"primaryImageOfPage":{"@id":"https:\/\/ocupados.grupopiquer.com\/contenidos\/producto\/fcov05-comunicacion-en-lenguas-extranjeras-ingles-n2-180-horas\/#primaryimage"},"image":{"@id":"https:\/\/ocupados.grupopiquer.com\/contenidos\/producto\/fcov05-comunicacion-en-lenguas-extranjeras-ingles-n2-180-horas\/#primaryimage"},"thumbnailUrl":"https:\/\/ocupados.grupopiquer.com\/contenidos\/wp-content\/uploads\/2023\/05\/40-e1683208697563.jpg","datePublished":"2023-05-02T11:10:05+00:00","dateModified":"2023-05-16T14:13:55+00:00","breadcrumb":{"@id":"https:\/\/ocupados.grupopiquer.com\/contenidos\/producto\/fcov05-comunicacion-en-lenguas-extranjeras-ingles-n2-180-horas\/#breadcrumb"},"inLanguage":"es","potentialAction":[{"@type":"ReadAction","target":["https:\/\/ocupados.grupopiquer.com\/contenidos\/producto\/fcov05-comunicacion-en-lenguas-extranjeras-ingles-n2-180-horas\/"]}]},{"@type":"ImageObject","inLanguage":"es","@id":"https:\/\/ocupados.grupopiquer.com\/contenidos\/producto\/fcov05-comunicacion-en-lenguas-extranjeras-ingles-n2-180-horas\/#primaryimage","url":"https:\/\/ocupados.grupopiquer.com\/contenidos\/wp-content\/uploads\/2023\/05\/40-e1683208697563.jpg","contentUrl":"https:\/\/ocupados.grupopiquer.com\/contenidos\/wp-content\/uploads\/2023\/05\/40-e1683208697563.jpg","width":1280,"height":720},{"@type":"BreadcrumbList","@id":"https:\/\/ocupados.grupopiquer.com\/contenidos\/producto\/fcov05-comunicacion-en-lenguas-extranjeras-ingles-n2-180-horas\/#breadcrumb","itemListElement":[{"@type":"ListItem","position":1,"name":"Portada","item":"https:\/\/ocupados.grupopiquer.com\/contenidos\/"},{"@type":"ListItem","position":2,"name":"Tienda","item":"https:\/\/ocupados.grupopiquer.com\/contenidos\/tienda\/"},{"@type":"ListItem","position":3,"name":"FCOV05 &#8211; Comunicaci\u00f3n en Lenguas Extranjeras (Ingl\u00e9s) &#8211; N2 (180 horas)"}]},{"@type":"WebSite","@id":"https:\/\/ocupados.grupopiquer.com\/contenidos\/#website","url":"https:\/\/ocupados.grupopiquer.com\/contenidos\/","name":"Contenidos Online","description":"","publisher":{"@id":"https:\/\/ocupados.grupopiquer.com\/contenidos\/#organization"},"potentialAction":[{"@type":"SearchAction","target":{"@type":"EntryPoint","urlTemplate":"https:\/\/ocupados.grupopiquer.com\/contenidos\/?s={search_term_string}"},"query-input":{"@type":"PropertyValueSpecification","valueRequired":true,"valueName":"search_term_string"}}],"inLanguage":"es"},{"@type":"Organization","@id":"https:\/\/ocupados.grupopiquer.com\/contenidos\/#organization","name":"Contenidos Online","url":"https:\/\/ocupados.grupopiquer.com\/contenidos\/","logo":{"@type":"ImageObject","inLanguage":"es","@id":"https:\/\/ocupados.grupopiquer.com\/contenidos\/#\/schema\/logo\/image\/","url":"https:\/\/ocupados.grupopiquer.com\/contenidos\/wp-content\/uploads\/2024\/01\/Grupo-Piquer-COLOR-1.png","contentUrl":"https:\/\/ocupados.grupopiquer.com\/contenidos\/wp-content\/uploads\/2024\/01\/Grupo-Piquer-COLOR-1.png","width":705,"height":270,"caption":"Contenidos Online"},"image":{"@id":"https:\/\/ocupados.grupopiquer.com\/contenidos\/#\/schema\/logo\/image\/"}}]}},"jetpack_sharing_enabled":true,"_links":{"self":[{"href":"https:\/\/ocupados.grupopiquer.com\/contenidos\/wp-json\/wp\/v2\/product\/4557","targetHints":{"allow":["GET"]}}],"collection":[{"href":"https:\/\/ocupados.grupopiquer.com\/contenidos\/wp-json\/wp\/v2\/product"}],"about":[{"href":"https:\/\/ocupados.grupopiquer.com\/contenidos\/wp-json\/wp\/v2\/types\/product"}],"replies":[{"embeddable":true,"href":"https:\/\/ocupados.grupopiquer.com\/contenidos\/wp-json\/wp\/v2\/comments?post=4557"}],"wp:featuredmedia":[{"embeddable":true,"href":"https:\/\/ocupados.grupopiquer.com\/contenidos\/wp-json\/wp\/v2\/media\/5038"}],"wp:attachment":[{"href":"https:\/\/ocupados.grupopiquer.com\/contenidos\/wp-json\/wp\/v2\/media?parent=4557"}],"wp:term":[{"taxonomy":"product_brand","embeddable":true,"href":"https:\/\/ocupados.grupopiquer.com\/contenidos\/wp-json\/wp\/v2\/product_brand?post=4557"},{"taxonomy":"product_cat","embeddable":true,"href":"https:\/\/ocupados.grupopiquer.com\/contenidos\/wp-json\/wp\/v2\/product_cat?post=4557"},{"taxonomy":"product_tag","embeddable":true,"href":"https:\/\/ocupados.grupopiquer.com\/contenidos\/wp-json\/wp\/v2\/product_tag?post=4557"}],"curies":[{"name":"wp","href":"https:\/\/api.w.org\/{rel}","templated":true}]}}