{"id":4604,"date":"2023-05-02T11:14:18","date_gmt":"2023-05-02T11:14:18","guid":{"rendered":"https:\/\/ocupados.grupopiquer.com\/contenidos\/producto\/sant011po-atencion-temprana-60-horas\/"},"modified":"2023-05-15T09:15:11","modified_gmt":"2023-05-15T09:15:11","slug":"sant011po-atencion-temprana-60-horas","status":"publish","type":"product","link":"https:\/\/ocupados.grupopiquer.com\/contenidos\/producto\/sant011po-atencion-temprana-60-horas\/","title":{"rendered":"SANT011PO &#8211; Atenci\u00f3n Temprana (60 horas)"},"content":{"rendered":"<div id=\"accordion\">\n<h3>OBJETIVOS<\/h3>\n<div>Identificar los fundamentos de la Atenci\u00f3n Temprana y manejar correctamente las herramientas de intervenci\u00f3n.<\/div>\n<h3>CONTENIDOS<\/h3>\n<div>1. ATENCI\u00d3N TEMPRANA<br \/>\n1.1. Concepto de Atenci\u00f3n Temprana<br \/>\n1.2. Caracter\u00edsticas de la Atenci\u00f3n Temprana<br \/>\n1.3. Evoluci\u00f3n del t\u00e9rmino de Atenci\u00f3n Temprana.<\/p>\n<p>2. EL DESARROLLO<br \/>\n2.1. Concepto de Desarrollo.<br \/>\n2.2. Crecimiento, maduraci\u00f3n y desarrollo.<br \/>\n2.3. Factores que influyen en el desarrollo.<br \/>\n2.4. Etapas del desarrollo.<br \/>\n2.5. Aspectos neurofisiol\u00f3gicos que ayudan a entender el desarrollo.<\/p>\n<p>3. NI\u00d1OS DE RIESGO<br \/>\n3.1. Factores que influyen en el desarrollo.<br \/>\n3.2. Medidas preventivas.<\/p>\n<p>4. \u00c1REAS DE TRABAJO DE LA ATENCI\u00d3N TEMPRANA<br \/>\n4.1. La psicomotricidad y sus principales trastornos.<br \/>\n4.2. Aspectos b\u00e1sicos de la psicomotricidad.<br \/>\n4.3. Trastornos en el desarrollo psicomotor.<br \/>\n4.4. El \u00e1rea sensorial. Deficiencias auditivas y visuales.<br \/>\n4.5. Trastornos en el desarrollo sensorial.<br \/>\n4.6. El \u00e1rea social.<br \/>\n4.7. El \u00e1rea del conocimiento o \u00e1rea perceptivo-cognoscitiva.<br \/>\n4.8. Problemas de desarrollo.<\/p>\n<p>5. INTERVENCI\u00d3N EN LAS DIFICULTADES DE APRENDIZAJE<br \/>\n5.1. \u00c1rea motora: motricidad gruesa.<br \/>\n5.2. \u00c1rea motora: motricidad fina.<br \/>\n5.3. \u00c1rea perceptivo-cognoscitiva.<\/p>\n<\/div>\n<\/div>\n","protected":false},"excerpt":{"rendered":"<p>Identificar los fundamentos de la Atenci\u00f3n Temprana y manejar correctamente las herramientas de intervenci\u00f3n.<\/p>\n","protected":false},"featured_media":4930,"comment_status":"closed","ping_status":"closed","template":"","meta":{"site-sidebar-layout":"default","site-content-layout":"","ast-site-content-layout":"","site-content-style":"default","site-sidebar-style":"default","ast-global-header-display":"","ast-banner-title-visibility":"","ast-main-header-display":"","ast-hfb-above-header-display":"","ast-hfb-below-header-display":"","ast-hfb-mobile-header-display":"","site-post-title":"","ast-breadcrumbs-content":"","ast-featured-img":"","footer-sml-layout":"","theme-transparent-header-meta":"","adv-header-id-meta":"","stick-header-meta":"","header-above-stick-meta":"","header-main-stick-meta":"","header-below-stick-meta":"","astra-migrate-meta-layouts":"default","ast-page-background-enabled":"default","ast-page-background-meta":{"desktop":{"background-color":"var(--ast-global-color-4)","background-image":"","background-repeat":"repeat","background-position":"center center","background-size":"auto","background-attachment":"scroll","background-type":"","background-media":"","overlay-type":"","overlay-color":"","overlay-opacity":"","overlay-gradient":""},"tablet":{"background-color":"","background-image":"","background-repeat":"repeat","background-position":"center center","background-size":"auto","background-attachment":"scroll","background-type":"","background-media":"","overlay-type":"","overlay-color":"","overlay-opacity":"","overlay-gradient":""},"mobile":{"background-color":"","background-image":"","background-repeat":"repeat","background-position":"center center","background-size":"auto","background-attachment":"scroll","background-type":"","background-media":"","overlay-type":"","overlay-color":"","overlay-opacity":"","overlay-gradient":""}},"ast-content-background-meta":{"desktop":{"background-color":"var(--ast-global-color-5)","background-image":"","background-repeat":"repeat","background-position":"center center","background-size":"auto","background-attachment":"scroll","background-type":"","background-media":"","overlay-type":"","overlay-color":"","overlay-opacity":"","overlay-gradient":""},"tablet":{"background-color":"var(--ast-global-color-5)","background-image":"","background-repeat":"repeat","background-position":"center center","background-size":"auto","background-attachment":"scroll","background-type":"","background-media":"","overlay-type":"","overlay-color":"","overlay-opacity":"","overlay-gradient":""},"mobile":{"background-color":"var(--ast-global-color-5)","background-image":"","background-repeat":"repeat","background-position":"center center","background-size":"auto","background-attachment":"scroll","background-type":"","background-media":"","overlay-type":"","overlay-color":"","overlay-opacity":"","overlay-gradient":""}}},"product_brand":[],"product_cat":[107],"product_tag":[],"class_list":{"0":"post-4604","1":"product","2":"type-product","3":"status-publish","4":"has-post-thumbnail","6":"product_cat-atencion-sanitaria","7":"desktop-align-left","8":"tablet-align-left","9":"mobile-align-left","11":"first","12":"instock","13":"taxable","14":"shipping-taxable","15":"purchasable","16":"product-type-simple"},"yoast_head":"<!-- This site is optimized with the Yoast SEO plugin v25.1 - https:\/\/yoast.com\/wordpress\/plugins\/seo\/ -->\n<title>SANT011PO - Atenci\u00f3n Temprana (60 horas) - Contenidos Online<\/title>\n<meta name=\"robots\" content=\"index, follow, max-snippet:-1, max-image-preview:large, max-video-preview:-1\" \/>\n<link rel=\"canonical\" href=\"https:\/\/ocupados.grupopiquer.com\/contenidos\/producto\/sant011po-atencion-temprana-60-horas\/\" \/>\n<meta property=\"og:locale\" content=\"es_ES\" \/>\n<meta property=\"og:type\" content=\"article\" \/>\n<meta property=\"og:title\" content=\"SANT011PO - Atenci\u00f3n Temprana (60 horas) - Contenidos Online\" \/>\n<meta property=\"og:description\" content=\"Identificar los fundamentos de la Atenci\u00f3n Temprana y manejar correctamente las herramientas de intervenci\u00f3n.\" \/>\n<meta property=\"og:url\" content=\"https:\/\/ocupados.grupopiquer.com\/contenidos\/producto\/sant011po-atencion-temprana-60-horas\/\" \/>\n<meta property=\"og:site_name\" content=\"Contenidos Online\" \/>\n<meta property=\"article:modified_time\" content=\"2023-05-15T09:15:11+00:00\" \/>\n<meta property=\"og:image\" content=\"https:\/\/ocupados.grupopiquer.com\/contenidos\/wp-content\/uploads\/2023\/05\/vRn1IXxVEY99dMPe_Z0GGDOP9sJK8913p-e1683195776761.jpg\" \/>\n\t<meta property=\"og:image:width\" content=\"1200\" \/>\n\t<meta property=\"og:image:height\" content=\"675\" \/>\n\t<meta property=\"og:image:type\" content=\"image\/jpeg\" \/>\n<meta name=\"twitter:card\" content=\"summary_large_image\" \/>\n<meta name=\"twitter:label1\" content=\"Tiempo de lectura\" \/>\n\t<meta name=\"twitter:data1\" content=\"1 minuto\" \/>\n<script type=\"application\/ld+json\" class=\"yoast-schema-graph\">{\"@context\":\"https:\/\/schema.org\",\"@graph\":[{\"@type\":\"WebPage\",\"@id\":\"https:\/\/ocupados.grupopiquer.com\/contenidos\/producto\/sant011po-atencion-temprana-60-horas\/\",\"url\":\"https:\/\/ocupados.grupopiquer.com\/contenidos\/producto\/sant011po-atencion-temprana-60-horas\/\",\"name\":\"SANT011PO - Atenci\u00f3n Temprana (60 horas) - Contenidos Online\",\"isPartOf\":{\"@id\":\"https:\/\/ocupados.grupopiquer.com\/contenidos\/#website\"},\"primaryImageOfPage\":{\"@id\":\"https:\/\/ocupados.grupopiquer.com\/contenidos\/producto\/sant011po-atencion-temprana-60-horas\/#primaryimage\"},\"image\":{\"@id\":\"https:\/\/ocupados.grupopiquer.com\/contenidos\/producto\/sant011po-atencion-temprana-60-horas\/#primaryimage\"},\"thumbnailUrl\":\"https:\/\/ocupados.grupopiquer.com\/contenidos\/wp-content\/uploads\/2023\/05\/vRn1IXxVEY99dMPe_Z0GGDOP9sJK8913p-e1683195776761.jpg\",\"datePublished\":\"2023-05-02T11:14:18+00:00\",\"dateModified\":\"2023-05-15T09:15:11+00:00\",\"breadcrumb\":{\"@id\":\"https:\/\/ocupados.grupopiquer.com\/contenidos\/producto\/sant011po-atencion-temprana-60-horas\/#breadcrumb\"},\"inLanguage\":\"es\",\"potentialAction\":[{\"@type\":\"ReadAction\",\"target\":[\"https:\/\/ocupados.grupopiquer.com\/contenidos\/producto\/sant011po-atencion-temprana-60-horas\/\"]}]},{\"@type\":\"ImageObject\",\"inLanguage\":\"es\",\"@id\":\"https:\/\/ocupados.grupopiquer.com\/contenidos\/producto\/sant011po-atencion-temprana-60-horas\/#primaryimage\",\"url\":\"https:\/\/ocupados.grupopiquer.com\/contenidos\/wp-content\/uploads\/2023\/05\/vRn1IXxVEY99dMPe_Z0GGDOP9sJK8913p-e1683195776761.jpg\",\"contentUrl\":\"https:\/\/ocupados.grupopiquer.com\/contenidos\/wp-content\/uploads\/2023\/05\/vRn1IXxVEY99dMPe_Z0GGDOP9sJK8913p-e1683195776761.jpg\",\"width\":1200,\"height\":675},{\"@type\":\"BreadcrumbList\",\"@id\":\"https:\/\/ocupados.grupopiquer.com\/contenidos\/producto\/sant011po-atencion-temprana-60-horas\/#breadcrumb\",\"itemListElement\":[{\"@type\":\"ListItem\",\"position\":1,\"name\":\"Portada\",\"item\":\"https:\/\/ocupados.grupopiquer.com\/contenidos\/\"},{\"@type\":\"ListItem\",\"position\":2,\"name\":\"Tienda\",\"item\":\"https:\/\/ocupados.grupopiquer.com\/contenidos\/tienda\/\"},{\"@type\":\"ListItem\",\"position\":3,\"name\":\"SANT011PO &#8211; Atenci\u00f3n Temprana (60 horas)\"}]},{\"@type\":\"WebSite\",\"@id\":\"https:\/\/ocupados.grupopiquer.com\/contenidos\/#website\",\"url\":\"https:\/\/ocupados.grupopiquer.com\/contenidos\/\",\"name\":\"Contenidos Online\",\"description\":\"\",\"publisher\":{\"@id\":\"https:\/\/ocupados.grupopiquer.com\/contenidos\/#organization\"},\"potentialAction\":[{\"@type\":\"SearchAction\",\"target\":{\"@type\":\"EntryPoint\",\"urlTemplate\":\"https:\/\/ocupados.grupopiquer.com\/contenidos\/?s={search_term_string}\"},\"query-input\":{\"@type\":\"PropertyValueSpecification\",\"valueRequired\":true,\"valueName\":\"search_term_string\"}}],\"inLanguage\":\"es\"},{\"@type\":\"Organization\",\"@id\":\"https:\/\/ocupados.grupopiquer.com\/contenidos\/#organization\",\"name\":\"Contenidos Online\",\"url\":\"https:\/\/ocupados.grupopiquer.com\/contenidos\/\",\"logo\":{\"@type\":\"ImageObject\",\"inLanguage\":\"es\",\"@id\":\"https:\/\/ocupados.grupopiquer.com\/contenidos\/#\/schema\/logo\/image\/\",\"url\":\"https:\/\/ocupados.grupopiquer.com\/contenidos\/wp-content\/uploads\/2024\/01\/Grupo-Piquer-COLOR-1.png\",\"contentUrl\":\"https:\/\/ocupados.grupopiquer.com\/contenidos\/wp-content\/uploads\/2024\/01\/Grupo-Piquer-COLOR-1.png\",\"width\":705,\"height\":270,\"caption\":\"Contenidos Online\"},\"image\":{\"@id\":\"https:\/\/ocupados.grupopiquer.com\/contenidos\/#\/schema\/logo\/image\/\"}}]}<\/script>\n<!-- \/ Yoast SEO plugin. -->","yoast_head_json":{"title":"SANT011PO - Atenci\u00f3n Temprana (60 horas) - Contenidos Online","robots":{"index":"index","follow":"follow","max-snippet":"max-snippet:-1","max-image-preview":"max-image-preview:large","max-video-preview":"max-video-preview:-1"},"canonical":"https:\/\/ocupados.grupopiquer.com\/contenidos\/producto\/sant011po-atencion-temprana-60-horas\/","og_locale":"es_ES","og_type":"article","og_title":"SANT011PO - Atenci\u00f3n Temprana (60 horas) - Contenidos Online","og_description":"Identificar los fundamentos de la Atenci\u00f3n Temprana y manejar correctamente las herramientas de intervenci\u00f3n.","og_url":"https:\/\/ocupados.grupopiquer.com\/contenidos\/producto\/sant011po-atencion-temprana-60-horas\/","og_site_name":"Contenidos Online","article_modified_time":"2023-05-15T09:15:11+00:00","og_image":[{"width":1200,"height":675,"url":"https:\/\/ocupados.grupopiquer.com\/contenidos\/wp-content\/uploads\/2023\/05\/vRn1IXxVEY99dMPe_Z0GGDOP9sJK8913p-e1683195776761.jpg","type":"image\/jpeg"}],"twitter_card":"summary_large_image","twitter_misc":{"Tiempo de lectura":"1 minuto"},"schema":{"@context":"https:\/\/schema.org","@graph":[{"@type":"WebPage","@id":"https:\/\/ocupados.grupopiquer.com\/contenidos\/producto\/sant011po-atencion-temprana-60-horas\/","url":"https:\/\/ocupados.grupopiquer.com\/contenidos\/producto\/sant011po-atencion-temprana-60-horas\/","name":"SANT011PO - Atenci\u00f3n Temprana (60 horas) - Contenidos Online","isPartOf":{"@id":"https:\/\/ocupados.grupopiquer.com\/contenidos\/#website"},"primaryImageOfPage":{"@id":"https:\/\/ocupados.grupopiquer.com\/contenidos\/producto\/sant011po-atencion-temprana-60-horas\/#primaryimage"},"image":{"@id":"https:\/\/ocupados.grupopiquer.com\/contenidos\/producto\/sant011po-atencion-temprana-60-horas\/#primaryimage"},"thumbnailUrl":"https:\/\/ocupados.grupopiquer.com\/contenidos\/wp-content\/uploads\/2023\/05\/vRn1IXxVEY99dMPe_Z0GGDOP9sJK8913p-e1683195776761.jpg","datePublished":"2023-05-02T11:14:18+00:00","dateModified":"2023-05-15T09:15:11+00:00","breadcrumb":{"@id":"https:\/\/ocupados.grupopiquer.com\/contenidos\/producto\/sant011po-atencion-temprana-60-horas\/#breadcrumb"},"inLanguage":"es","potentialAction":[{"@type":"ReadAction","target":["https:\/\/ocupados.grupopiquer.com\/contenidos\/producto\/sant011po-atencion-temprana-60-horas\/"]}]},{"@type":"ImageObject","inLanguage":"es","@id":"https:\/\/ocupados.grupopiquer.com\/contenidos\/producto\/sant011po-atencion-temprana-60-horas\/#primaryimage","url":"https:\/\/ocupados.grupopiquer.com\/contenidos\/wp-content\/uploads\/2023\/05\/vRn1IXxVEY99dMPe_Z0GGDOP9sJK8913p-e1683195776761.jpg","contentUrl":"https:\/\/ocupados.grupopiquer.com\/contenidos\/wp-content\/uploads\/2023\/05\/vRn1IXxVEY99dMPe_Z0GGDOP9sJK8913p-e1683195776761.jpg","width":1200,"height":675},{"@type":"BreadcrumbList","@id":"https:\/\/ocupados.grupopiquer.com\/contenidos\/producto\/sant011po-atencion-temprana-60-horas\/#breadcrumb","itemListElement":[{"@type":"ListItem","position":1,"name":"Portada","item":"https:\/\/ocupados.grupopiquer.com\/contenidos\/"},{"@type":"ListItem","position":2,"name":"Tienda","item":"https:\/\/ocupados.grupopiquer.com\/contenidos\/tienda\/"},{"@type":"ListItem","position":3,"name":"SANT011PO &#8211; Atenci\u00f3n Temprana (60 horas)"}]},{"@type":"WebSite","@id":"https:\/\/ocupados.grupopiquer.com\/contenidos\/#website","url":"https:\/\/ocupados.grupopiquer.com\/contenidos\/","name":"Contenidos Online","description":"","publisher":{"@id":"https:\/\/ocupados.grupopiquer.com\/contenidos\/#organization"},"potentialAction":[{"@type":"SearchAction","target":{"@type":"EntryPoint","urlTemplate":"https:\/\/ocupados.grupopiquer.com\/contenidos\/?s={search_term_string}"},"query-input":{"@type":"PropertyValueSpecification","valueRequired":true,"valueName":"search_term_string"}}],"inLanguage":"es"},{"@type":"Organization","@id":"https:\/\/ocupados.grupopiquer.com\/contenidos\/#organization","name":"Contenidos Online","url":"https:\/\/ocupados.grupopiquer.com\/contenidos\/","logo":{"@type":"ImageObject","inLanguage":"es","@id":"https:\/\/ocupados.grupopiquer.com\/contenidos\/#\/schema\/logo\/image\/","url":"https:\/\/ocupados.grupopiquer.com\/contenidos\/wp-content\/uploads\/2024\/01\/Grupo-Piquer-COLOR-1.png","contentUrl":"https:\/\/ocupados.grupopiquer.com\/contenidos\/wp-content\/uploads\/2024\/01\/Grupo-Piquer-COLOR-1.png","width":705,"height":270,"caption":"Contenidos Online"},"image":{"@id":"https:\/\/ocupados.grupopiquer.com\/contenidos\/#\/schema\/logo\/image\/"}}]}},"jetpack_sharing_enabled":true,"_links":{"self":[{"href":"https:\/\/ocupados.grupopiquer.com\/contenidos\/wp-json\/wp\/v2\/product\/4604","targetHints":{"allow":["GET"]}}],"collection":[{"href":"https:\/\/ocupados.grupopiquer.com\/contenidos\/wp-json\/wp\/v2\/product"}],"about":[{"href":"https:\/\/ocupados.grupopiquer.com\/contenidos\/wp-json\/wp\/v2\/types\/product"}],"replies":[{"embeddable":true,"href":"https:\/\/ocupados.grupopiquer.com\/contenidos\/wp-json\/wp\/v2\/comments?post=4604"}],"wp:featuredmedia":[{"embeddable":true,"href":"https:\/\/ocupados.grupopiquer.com\/contenidos\/wp-json\/wp\/v2\/media\/4930"}],"wp:attachment":[{"href":"https:\/\/ocupados.grupopiquer.com\/contenidos\/wp-json\/wp\/v2\/media?parent=4604"}],"wp:term":[{"taxonomy":"product_brand","embeddable":true,"href":"https:\/\/ocupados.grupopiquer.com\/contenidos\/wp-json\/wp\/v2\/product_brand?post=4604"},{"taxonomy":"product_cat","embeddable":true,"href":"https:\/\/ocupados.grupopiquer.com\/contenidos\/wp-json\/wp\/v2\/product_cat?post=4604"},{"taxonomy":"product_tag","embeddable":true,"href":"https:\/\/ocupados.grupopiquer.com\/contenidos\/wp-json\/wp\/v2\/product_tag?post=4604"}],"curies":[{"name":"wp","href":"https:\/\/api.w.org\/{rel}","templated":true}]}}