{"id":4608,"date":"2023-05-02T11:14:41","date_gmt":"2023-05-02T11:14:41","guid":{"rendered":"https:\/\/ocupados.grupopiquer.com\/contenidos\/producto\/sant107po-primeros-auxilios-y-soporte-vital-basico-y-desfibrilador-10-horas\/"},"modified":"2023-05-16T09:05:41","modified_gmt":"2023-05-16T09:05:41","slug":"sant107po-primeros-auxilios-y-soporte-vital-basico-y-desfibrilador-10-horas","status":"publish","type":"product","link":"https:\/\/ocupados.grupopiquer.com\/contenidos\/producto\/sant107po-primeros-auxilios-y-soporte-vital-basico-y-desfibrilador-10-horas\/","title":{"rendered":"SANT107PO &#8211; Primeros Auxilios y Soporte vital B\u00e1sico y Desfibrilador (10 horas)"},"content":{"rendered":"<div id=\"accordion\">\n<h3>OBJETIVOS<\/h3>\n<div>Conocer y aplicar las t\u00e9cnicas que permitan actuar de la forma m\u00e1s eficaz en las situaciones de urgencia o problemas de salud; que permitan mantener a la v\u00edctima en las mejores condiciones vitales antes de la llegada de los servicios de emergencia, conociendo el uso del desfibrilador externo autom\u00e1tico con sus posibles variantes y secuencias. En cumplimiento con la normativa legal de seguridad privada (ley 23\/92), seg\u00fan la cual todas aquellas personas que est\u00e9n en posesi\u00f3n de la habilitaci\u00f3n de vigilante de seguridad, escolta privado y\/o vigilante de explosivos, deber\u00e1n realizar 20 horas anuales de formaci\u00f3n continua a partir de la fecha de la habilitaci\u00f3n.<\/div>\n<h3>CONTENIDOS<\/h3>\n<div>1. SOPORTE VITAL B\u00c1SICO<br \/>\n1.1. Cadena de supervivencia.<br \/>\n1.2. Reconocimiento ataque cardiaco, paro cardiaco.<br \/>\n1.3. Importancia de la desfibrilaci\u00f3n precoz.<br \/>\n1.4. Resucitaci\u00f3n cardiopulmonar b\u00e1sica.<br \/>\n1.5. Obstrucci\u00f3n de v\u00edas a\u00e9reas por cuerpo extra\u00f1o (ovace)<\/p>\n<p>2. DESFIBRILADOR EXTERNO SEMIAUTOM\u00c1TICO:<br \/>\n2.1. Descripci\u00f3n del DESA y tipos.<br \/>\n2.2. Protocolos de utilizaci\u00f3n.<br \/>\n2.3. Mantenimiento, recogida de datos.<br \/>\n2.4. Seguridad del\/la paciente, del operador\/a y de los\/as testigos.<br \/>\n2.5. Evaluaci\u00f3n.<\/p><\/div>\n<\/div>\n","protected":false},"excerpt":{"rendered":"<p>Conocer y aplicar las t\u00e9cnicas que permitan actuar de la forma m\u00e1s eficaz en las situaciones de urgencia o problemas de salud; que permitan mantener a la v\u00edctima en las mejores condiciones vitales antes de la llegada de los servicios de emergencia, conociendo el uso del desfibrilador externo autom\u00e1tico con sus posibles variantes y secuencias. En cumplimiento con la normativa legal de seguridad privada (ley 23\/92), seg\u00fan la cual todas aquellas personas que est\u00e9n en posesi\u00f3n de la habilitaci\u00f3n de vigilante de seguridad, escolta privado y\/o vigilante de explosivos, deber\u00e1n realizar 20 horas anuales de formaci\u00f3n continua a partir de la fecha de la habilitaci\u00f3n.<\/p>\n","protected":false},"featured_media":7198,"comment_status":"closed","ping_status":"closed","template":"","meta":{"site-sidebar-layout":"default","site-content-layout":"","ast-site-content-layout":"","site-content-style":"default","site-sidebar-style":"default","ast-global-header-display":"","ast-banner-title-visibility":"","ast-main-header-display":"","ast-hfb-above-header-display":"","ast-hfb-below-header-display":"","ast-hfb-mobile-header-display":"","site-post-title":"","ast-breadcrumbs-content":"","ast-featured-img":"","footer-sml-layout":"","theme-transparent-header-meta":"","adv-header-id-meta":"","stick-header-meta":"","header-above-stick-meta":"","header-main-stick-meta":"","header-below-stick-meta":"","astra-migrate-meta-layouts":"default","ast-page-background-enabled":"default","ast-page-background-meta":{"desktop":{"background-color":"var(--ast-global-color-4)","background-image":"","background-repeat":"repeat","background-position":"center center","background-size":"auto","background-attachment":"scroll","background-type":"","background-media":"","overlay-type":"","overlay-color":"","overlay-opacity":"","overlay-gradient":""},"tablet":{"background-color":"","background-image":"","background-repeat":"repeat","background-position":"center center","background-size":"auto","background-attachment":"scroll","background-type":"","background-media":"","overlay-type":"","overlay-color":"","overlay-opacity":"","overlay-gradient":""},"mobile":{"background-color":"","background-image":"","background-repeat":"repeat","background-position":"center center","background-size":"auto","background-attachment":"scroll","background-type":"","background-media":"","overlay-type":"","overlay-color":"","overlay-opacity":"","overlay-gradient":""}},"ast-content-background-meta":{"desktop":{"background-color":"var(--ast-global-color-5)","background-image":"","background-repeat":"repeat","background-position":"center center","background-size":"auto","background-attachment":"scroll","background-type":"","background-media":"","overlay-type":"","overlay-color":"","overlay-opacity":"","overlay-gradient":""},"tablet":{"background-color":"var(--ast-global-color-5)","background-image":"","background-repeat":"repeat","background-position":"center center","background-size":"auto","background-attachment":"scroll","background-type":"","background-media":"","overlay-type":"","overlay-color":"","overlay-opacity":"","overlay-gradient":""},"mobile":{"background-color":"var(--ast-global-color-5)","background-image":"","background-repeat":"repeat","background-position":"center center","background-size":"auto","background-attachment":"scroll","background-type":"","background-media":"","overlay-type":"","overlay-color":"","overlay-opacity":"","overlay-gradient":""}}},"product_brand":[],"product_cat":[107],"product_tag":[],"class_list":{"0":"post-4608","1":"product","2":"type-product","3":"status-publish","4":"has-post-thumbnail","6":"product_cat-atencion-sanitaria","7":"desktop-align-left","8":"tablet-align-left","9":"mobile-align-left","11":"first","12":"instock","13":"taxable","14":"shipping-taxable","15":"purchasable","16":"product-type-simple"},"yoast_head":"<!-- This site is optimized with the Yoast SEO plugin v25.1 - https:\/\/yoast.com\/wordpress\/plugins\/seo\/ -->\n<title>SANT107PO - Primeros Auxilios y Soporte vital B\u00e1sico y Desfibrilador (10 horas) - Contenidos Online<\/title>\n<meta name=\"robots\" content=\"index, follow, max-snippet:-1, max-image-preview:large, max-video-preview:-1\" \/>\n<link rel=\"canonical\" href=\"https:\/\/ocupados.grupopiquer.com\/contenidos\/producto\/sant107po-primeros-auxilios-y-soporte-vital-basico-y-desfibrilador-10-horas\/\" \/>\n<meta property=\"og:locale\" content=\"es_ES\" \/>\n<meta property=\"og:type\" content=\"article\" \/>\n<meta property=\"og:title\" content=\"SANT107PO - Primeros Auxilios y Soporte vital B\u00e1sico y Desfibrilador (10 horas) - Contenidos Online\" \/>\n<meta property=\"og:description\" content=\"Conocer y aplicar las t\u00e9cnicas que permitan actuar de la forma m\u00e1s eficaz en las situaciones de urgencia o problemas de salud; que permitan mantener a la v\u00edctima en las mejores condiciones vitales antes de la llegada de los servicios de emergencia, conociendo el uso del desfibrilador externo autom\u00e1tico con sus posibles variantes y secuencias. En cumplimiento con la normativa legal de seguridad privada (ley 23\/92), seg\u00fan la cual todas aquellas personas que est\u00e9n en posesi\u00f3n de la habilitaci\u00f3n de vigilante de seguridad, escolta privado y\/o vigilante de explosivos, deber\u00e1n realizar 20 horas anuales de formaci\u00f3n continua a partir de la fecha de la habilitaci\u00f3n.\" \/>\n<meta property=\"og:url\" content=\"https:\/\/ocupados.grupopiquer.com\/contenidos\/producto\/sant107po-primeros-auxilios-y-soporte-vital-basico-y-desfibrilador-10-horas\/\" \/>\n<meta property=\"og:site_name\" content=\"Contenidos Online\" \/>\n<meta property=\"article:modified_time\" content=\"2023-05-16T09:05:41+00:00\" \/>\n<meta property=\"og:image\" content=\"https:\/\/ocupados.grupopiquer.com\/contenidos\/wp-content\/uploads\/2023\/05\/primeros-auxilios-e1684227915210.jpg\" \/>\n\t<meta property=\"og:image:width\" content=\"1920\" \/>\n\t<meta property=\"og:image:height\" content=\"1080\" \/>\n\t<meta property=\"og:image:type\" content=\"image\/jpeg\" \/>\n<meta name=\"twitter:card\" content=\"summary_large_image\" \/>\n<meta name=\"twitter:label1\" content=\"Tiempo de lectura\" \/>\n\t<meta name=\"twitter:data1\" content=\"1 minuto\" \/>\n<script type=\"application\/ld+json\" class=\"yoast-schema-graph\">{\"@context\":\"https:\/\/schema.org\",\"@graph\":[{\"@type\":\"WebPage\",\"@id\":\"https:\/\/ocupados.grupopiquer.com\/contenidos\/producto\/sant107po-primeros-auxilios-y-soporte-vital-basico-y-desfibrilador-10-horas\/\",\"url\":\"https:\/\/ocupados.grupopiquer.com\/contenidos\/producto\/sant107po-primeros-auxilios-y-soporte-vital-basico-y-desfibrilador-10-horas\/\",\"name\":\"SANT107PO - Primeros Auxilios y Soporte vital B\u00e1sico y Desfibrilador (10 horas) - Contenidos Online\",\"isPartOf\":{\"@id\":\"https:\/\/ocupados.grupopiquer.com\/contenidos\/#website\"},\"primaryImageOfPage\":{\"@id\":\"https:\/\/ocupados.grupopiquer.com\/contenidos\/producto\/sant107po-primeros-auxilios-y-soporte-vital-basico-y-desfibrilador-10-horas\/#primaryimage\"},\"image\":{\"@id\":\"https:\/\/ocupados.grupopiquer.com\/contenidos\/producto\/sant107po-primeros-auxilios-y-soporte-vital-basico-y-desfibrilador-10-horas\/#primaryimage\"},\"thumbnailUrl\":\"https:\/\/ocupados.grupopiquer.com\/contenidos\/wp-content\/uploads\/2023\/05\/primeros-auxilios-e1684227915210.jpg\",\"datePublished\":\"2023-05-02T11:14:41+00:00\",\"dateModified\":\"2023-05-16T09:05:41+00:00\",\"breadcrumb\":{\"@id\":\"https:\/\/ocupados.grupopiquer.com\/contenidos\/producto\/sant107po-primeros-auxilios-y-soporte-vital-basico-y-desfibrilador-10-horas\/#breadcrumb\"},\"inLanguage\":\"es\",\"potentialAction\":[{\"@type\":\"ReadAction\",\"target\":[\"https:\/\/ocupados.grupopiquer.com\/contenidos\/producto\/sant107po-primeros-auxilios-y-soporte-vital-basico-y-desfibrilador-10-horas\/\"]}]},{\"@type\":\"ImageObject\",\"inLanguage\":\"es\",\"@id\":\"https:\/\/ocupados.grupopiquer.com\/contenidos\/producto\/sant107po-primeros-auxilios-y-soporte-vital-basico-y-desfibrilador-10-horas\/#primaryimage\",\"url\":\"https:\/\/ocupados.grupopiquer.com\/contenidos\/wp-content\/uploads\/2023\/05\/primeros-auxilios-e1684227915210.jpg\",\"contentUrl\":\"https:\/\/ocupados.grupopiquer.com\/contenidos\/wp-content\/uploads\/2023\/05\/primeros-auxilios-e1684227915210.jpg\",\"width\":1920,\"height\":1080},{\"@type\":\"BreadcrumbList\",\"@id\":\"https:\/\/ocupados.grupopiquer.com\/contenidos\/producto\/sant107po-primeros-auxilios-y-soporte-vital-basico-y-desfibrilador-10-horas\/#breadcrumb\",\"itemListElement\":[{\"@type\":\"ListItem\",\"position\":1,\"name\":\"Portada\",\"item\":\"https:\/\/ocupados.grupopiquer.com\/contenidos\/\"},{\"@type\":\"ListItem\",\"position\":2,\"name\":\"Tienda\",\"item\":\"https:\/\/ocupados.grupopiquer.com\/contenidos\/tienda\/\"},{\"@type\":\"ListItem\",\"position\":3,\"name\":\"SANT107PO &#8211; Primeros Auxilios y Soporte vital B\u00e1sico y Desfibrilador (10 horas)\"}]},{\"@type\":\"WebSite\",\"@id\":\"https:\/\/ocupados.grupopiquer.com\/contenidos\/#website\",\"url\":\"https:\/\/ocupados.grupopiquer.com\/contenidos\/\",\"name\":\"Contenidos Online\",\"description\":\"\",\"publisher\":{\"@id\":\"https:\/\/ocupados.grupopiquer.com\/contenidos\/#organization\"},\"potentialAction\":[{\"@type\":\"SearchAction\",\"target\":{\"@type\":\"EntryPoint\",\"urlTemplate\":\"https:\/\/ocupados.grupopiquer.com\/contenidos\/?s={search_term_string}\"},\"query-input\":{\"@type\":\"PropertyValueSpecification\",\"valueRequired\":true,\"valueName\":\"search_term_string\"}}],\"inLanguage\":\"es\"},{\"@type\":\"Organization\",\"@id\":\"https:\/\/ocupados.grupopiquer.com\/contenidos\/#organization\",\"name\":\"Contenidos Online\",\"url\":\"https:\/\/ocupados.grupopiquer.com\/contenidos\/\",\"logo\":{\"@type\":\"ImageObject\",\"inLanguage\":\"es\",\"@id\":\"https:\/\/ocupados.grupopiquer.com\/contenidos\/#\/schema\/logo\/image\/\",\"url\":\"https:\/\/ocupados.grupopiquer.com\/contenidos\/wp-content\/uploads\/2024\/01\/Grupo-Piquer-COLOR-1.png\",\"contentUrl\":\"https:\/\/ocupados.grupopiquer.com\/contenidos\/wp-content\/uploads\/2024\/01\/Grupo-Piquer-COLOR-1.png\",\"width\":705,\"height\":270,\"caption\":\"Contenidos Online\"},\"image\":{\"@id\":\"https:\/\/ocupados.grupopiquer.com\/contenidos\/#\/schema\/logo\/image\/\"}}]}<\/script>\n<!-- \/ Yoast SEO plugin. -->","yoast_head_json":{"title":"SANT107PO - Primeros Auxilios y Soporte vital B\u00e1sico y Desfibrilador (10 horas) - Contenidos Online","robots":{"index":"index","follow":"follow","max-snippet":"max-snippet:-1","max-image-preview":"max-image-preview:large","max-video-preview":"max-video-preview:-1"},"canonical":"https:\/\/ocupados.grupopiquer.com\/contenidos\/producto\/sant107po-primeros-auxilios-y-soporte-vital-basico-y-desfibrilador-10-horas\/","og_locale":"es_ES","og_type":"article","og_title":"SANT107PO - Primeros Auxilios y Soporte vital B\u00e1sico y Desfibrilador (10 horas) - Contenidos Online","og_description":"Conocer y aplicar las t\u00e9cnicas que permitan actuar de la forma m\u00e1s eficaz en las situaciones de urgencia o problemas de salud; que permitan mantener a la v\u00edctima en las mejores condiciones vitales antes de la llegada de los servicios de emergencia, conociendo el uso del desfibrilador externo autom\u00e1tico con sus posibles variantes y secuencias. En cumplimiento con la normativa legal de seguridad privada (ley 23\/92), seg\u00fan la cual todas aquellas personas que est\u00e9n en posesi\u00f3n de la habilitaci\u00f3n de vigilante de seguridad, escolta privado y\/o vigilante de explosivos, deber\u00e1n realizar 20 horas anuales de formaci\u00f3n continua a partir de la fecha de la habilitaci\u00f3n.","og_url":"https:\/\/ocupados.grupopiquer.com\/contenidos\/producto\/sant107po-primeros-auxilios-y-soporte-vital-basico-y-desfibrilador-10-horas\/","og_site_name":"Contenidos Online","article_modified_time":"2023-05-16T09:05:41+00:00","og_image":[{"width":1920,"height":1080,"url":"https:\/\/ocupados.grupopiquer.com\/contenidos\/wp-content\/uploads\/2023\/05\/primeros-auxilios-e1684227915210.jpg","type":"image\/jpeg"}],"twitter_card":"summary_large_image","twitter_misc":{"Tiempo de lectura":"1 minuto"},"schema":{"@context":"https:\/\/schema.org","@graph":[{"@type":"WebPage","@id":"https:\/\/ocupados.grupopiquer.com\/contenidos\/producto\/sant107po-primeros-auxilios-y-soporte-vital-basico-y-desfibrilador-10-horas\/","url":"https:\/\/ocupados.grupopiquer.com\/contenidos\/producto\/sant107po-primeros-auxilios-y-soporte-vital-basico-y-desfibrilador-10-horas\/","name":"SANT107PO - Primeros Auxilios y Soporte vital B\u00e1sico y Desfibrilador (10 horas) - Contenidos Online","isPartOf":{"@id":"https:\/\/ocupados.grupopiquer.com\/contenidos\/#website"},"primaryImageOfPage":{"@id":"https:\/\/ocupados.grupopiquer.com\/contenidos\/producto\/sant107po-primeros-auxilios-y-soporte-vital-basico-y-desfibrilador-10-horas\/#primaryimage"},"image":{"@id":"https:\/\/ocupados.grupopiquer.com\/contenidos\/producto\/sant107po-primeros-auxilios-y-soporte-vital-basico-y-desfibrilador-10-horas\/#primaryimage"},"thumbnailUrl":"https:\/\/ocupados.grupopiquer.com\/contenidos\/wp-content\/uploads\/2023\/05\/primeros-auxilios-e1684227915210.jpg","datePublished":"2023-05-02T11:14:41+00:00","dateModified":"2023-05-16T09:05:41+00:00","breadcrumb":{"@id":"https:\/\/ocupados.grupopiquer.com\/contenidos\/producto\/sant107po-primeros-auxilios-y-soporte-vital-basico-y-desfibrilador-10-horas\/#breadcrumb"},"inLanguage":"es","potentialAction":[{"@type":"ReadAction","target":["https:\/\/ocupados.grupopiquer.com\/contenidos\/producto\/sant107po-primeros-auxilios-y-soporte-vital-basico-y-desfibrilador-10-horas\/"]}]},{"@type":"ImageObject","inLanguage":"es","@id":"https:\/\/ocupados.grupopiquer.com\/contenidos\/producto\/sant107po-primeros-auxilios-y-soporte-vital-basico-y-desfibrilador-10-horas\/#primaryimage","url":"https:\/\/ocupados.grupopiquer.com\/contenidos\/wp-content\/uploads\/2023\/05\/primeros-auxilios-e1684227915210.jpg","contentUrl":"https:\/\/ocupados.grupopiquer.com\/contenidos\/wp-content\/uploads\/2023\/05\/primeros-auxilios-e1684227915210.jpg","width":1920,"height":1080},{"@type":"BreadcrumbList","@id":"https:\/\/ocupados.grupopiquer.com\/contenidos\/producto\/sant107po-primeros-auxilios-y-soporte-vital-basico-y-desfibrilador-10-horas\/#breadcrumb","itemListElement":[{"@type":"ListItem","position":1,"name":"Portada","item":"https:\/\/ocupados.grupopiquer.com\/contenidos\/"},{"@type":"ListItem","position":2,"name":"Tienda","item":"https:\/\/ocupados.grupopiquer.com\/contenidos\/tienda\/"},{"@type":"ListItem","position":3,"name":"SANT107PO &#8211; Primeros Auxilios y Soporte vital B\u00e1sico y Desfibrilador (10 horas)"}]},{"@type":"WebSite","@id":"https:\/\/ocupados.grupopiquer.com\/contenidos\/#website","url":"https:\/\/ocupados.grupopiquer.com\/contenidos\/","name":"Contenidos Online","description":"","publisher":{"@id":"https:\/\/ocupados.grupopiquer.com\/contenidos\/#organization"},"potentialAction":[{"@type":"SearchAction","target":{"@type":"EntryPoint","urlTemplate":"https:\/\/ocupados.grupopiquer.com\/contenidos\/?s={search_term_string}"},"query-input":{"@type":"PropertyValueSpecification","valueRequired":true,"valueName":"search_term_string"}}],"inLanguage":"es"},{"@type":"Organization","@id":"https:\/\/ocupados.grupopiquer.com\/contenidos\/#organization","name":"Contenidos Online","url":"https:\/\/ocupados.grupopiquer.com\/contenidos\/","logo":{"@type":"ImageObject","inLanguage":"es","@id":"https:\/\/ocupados.grupopiquer.com\/contenidos\/#\/schema\/logo\/image\/","url":"https:\/\/ocupados.grupopiquer.com\/contenidos\/wp-content\/uploads\/2024\/01\/Grupo-Piquer-COLOR-1.png","contentUrl":"https:\/\/ocupados.grupopiquer.com\/contenidos\/wp-content\/uploads\/2024\/01\/Grupo-Piquer-COLOR-1.png","width":705,"height":270,"caption":"Contenidos Online"},"image":{"@id":"https:\/\/ocupados.grupopiquer.com\/contenidos\/#\/schema\/logo\/image\/"}}]}},"jetpack_sharing_enabled":true,"_links":{"self":[{"href":"https:\/\/ocupados.grupopiquer.com\/contenidos\/wp-json\/wp\/v2\/product\/4608","targetHints":{"allow":["GET"]}}],"collection":[{"href":"https:\/\/ocupados.grupopiquer.com\/contenidos\/wp-json\/wp\/v2\/product"}],"about":[{"href":"https:\/\/ocupados.grupopiquer.com\/contenidos\/wp-json\/wp\/v2\/types\/product"}],"replies":[{"embeddable":true,"href":"https:\/\/ocupados.grupopiquer.com\/contenidos\/wp-json\/wp\/v2\/comments?post=4608"}],"wp:featuredmedia":[{"embeddable":true,"href":"https:\/\/ocupados.grupopiquer.com\/contenidos\/wp-json\/wp\/v2\/media\/7198"}],"wp:attachment":[{"href":"https:\/\/ocupados.grupopiquer.com\/contenidos\/wp-json\/wp\/v2\/media?parent=4608"}],"wp:term":[{"taxonomy":"product_brand","embeddable":true,"href":"https:\/\/ocupados.grupopiquer.com\/contenidos\/wp-json\/wp\/v2\/product_brand?post=4608"},{"taxonomy":"product_cat","embeddable":true,"href":"https:\/\/ocupados.grupopiquer.com\/contenidos\/wp-json\/wp\/v2\/product_cat?post=4608"},{"taxonomy":"product_tag","embeddable":true,"href":"https:\/\/ocupados.grupopiquer.com\/contenidos\/wp-json\/wp\/v2\/product_tag?post=4608"}],"curies":[{"name":"wp","href":"https:\/\/api.w.org\/{rel}","templated":true}]}}