{"id":4628,"date":"2023-05-02T11:16:32","date_gmt":"2023-05-02T11:16:32","guid":{"rendered":"https:\/\/ocupados.grupopiquer.com\/contenidos\/producto\/sead100po-habilitacion-vigilante-de-explosivos-30-horas\/"},"modified":"2023-05-16T11:19:14","modified_gmt":"2023-05-16T11:19:14","slug":"sead100po-habilitacion-vigilante-de-explosivos-30-horas","status":"publish","type":"product","link":"https:\/\/ocupados.grupopiquer.com\/contenidos\/producto\/sead100po-habilitacion-vigilante-de-explosivos-30-horas\/","title":{"rendered":"SEAD100PO &#8211; Habilitaci\u00f3n Vigilante de Explosivos (30 horas)"},"content":{"rendered":"<div id=\"accordion\">\n<h3>OBJETIVOS<\/h3>\n<div>Obtener la habilitaci\u00f3n necesaria para poder participar en las pruebas de selecci\u00f3n que convoque la secretar\u00eda de estado de seguridad, para poder ejercer la profesi\u00f3n de vigilante de seguridad en la especialidad de explosivos.<\/div>\n<h3>CONTENIDOS<\/h3>\n<div>M\u00d3DULO JUR\u00cdDICO<\/p>\n<p>1. DERECHO ADMINISTRATIVO ESPECIAL<br \/>\n1.1. El vigilante de explosivos.<br \/>\n1.1.1.Naturaleza.<br \/>\n1.1.2. Requisitos para la obtenci\u00f3n de la habilitaci\u00f3n<br \/>\n1.1.3. Funciones a desempe\u00f1ar.<\/p>\n<p>2. EL REGLAMENTO DE EXPLOSIVOS<br \/>\n2.1. Art\u00edculos que especialmente le afectan.<br \/>\n2.2. Real Decreto 563\/2010, por el que se aprueba el Reglamento de art\u00edculos pirot\u00e9cnicos y cartucher\u00eda: Art\u00edculos que especialmente le afectan.<br \/>\n2.3. Ley y Reglamento de Minas.<br \/>\n2.4. Reglamento Nacional del Transporte de Mercanc\u00edas Peligrosas por Carretera, Ferrocarril y V\u00eda A\u00e9rea: Art\u00edculos que especialmente le afectan.<\/p>\n<p>3. DERECHO PENAL ESPECIAL<br \/>\n3.1. El delito de tenencia il\u00edcita de explosivos.<\/p>\n<p>M\u00d3DULO T\u00c9CNICO<\/p>\n<p>1. ARMAMENTO<br \/>\n1.1. Armas reglamentarias para su utilizaci\u00f3n por el vigilante de explosivos.<br \/>\n1.2. Estudio de las armas reglamentarias.<br \/>\n1.3. Cartucher\u00eda y munici\u00f3n.<br \/>\n1.4. Conservaci\u00f3n y limpieza.<\/p>\n<p>2. TEOR\u00cdA DEL TIRO<br \/>\n2.1. Bal\u00edstica interna.<br \/>\n2.2. Bal\u00edstica externa.<br \/>\n2.3. Bal\u00edstica de efectos.<\/p>\n<p>3. NORMAS DE SEGURIDAD EN EL MANEJO DE LAS ARMAS (ARMA CORTA Y ARMA LARGA UTILIZADA EN LA CUSTODIA DE TRANSPORTES)<br \/>\n3.1. Generales y espec\u00edficas.<\/p>\n<p>4. TIRO DE INSTRUCCI\u00d3N<br \/>\n4.1. Pr\u00e1cticas con fuego real con las armas reglamentarias, tanto con el arma corta, como el arma larga utilizada en la custodia de transportes.<\/p>\n<p>5. LOS EXPLOSIVOS<br \/>\n5.1. Naturaleza.<br \/>\n5.2. Caracter\u00edsticas.<br \/>\n5.3. Clasificaci\u00f3n.<br \/>\n5.4. Explosivos industriales.<\/p>\n<p>6. LOS INICIADORES<br \/>\n6.1. Naturaleza y clasificaci\u00f3n.<br \/>\n6.2. Efectos de las explosiones.<br \/>\n6.3. La destrucci\u00f3n de explosivos.<\/p>\n<p>7. LA CARTUCHER\u00cdA Y PIROTECNIA<br \/>\n7.1. Caracter\u00edsticas.<br \/>\n7.2. Clasificaci\u00f3n.<\/p>\n<p>8. MEDIDAS DE SEGURIDAD A ADOPTAR EN LA MANIPULACI\u00d3N Y CUSTODIA DE LOS EXPLOSIVOS, CARTUCHER\u00cdA Y MATERIAL PIROT\u00c9CNICO<br \/>\n8.1. Dep\u00f3sitos y almacenamientos especiales.<\/p>\n<p>9. MEDIDAS DE SEGURIDAD A ADOPTAR EN EL TRANSPORTE PARA DIFERENTES MEDIOS, CARGA Y DESCARGA DE EXPLOSIVOS, CARTUCHER\u00cdA Y MATERIAL PIROT\u00c9CNICO<\/p>\n<\/div>\n<\/div>\n","protected":false},"excerpt":{"rendered":"<p>Obtener la habilitaci\u00f3n necesaria para poder participar en las pruebas de selecci\u00f3n que convoque la secretar\u00eda de estado de seguridad, para poder ejercer la profesi\u00f3n de vigilante de seguridad en la especialidad de explosivos.<\/p>\n","protected":false},"featured_media":4920,"comment_status":"closed","ping_status":"closed","template":"","meta":{"site-sidebar-layout":"default","site-content-layout":"","ast-site-content-layout":"","site-content-style":"default","site-sidebar-style":"default","ast-global-header-display":"","ast-banner-title-visibility":"","ast-main-header-display":"","ast-hfb-above-header-display":"","ast-hfb-below-header-display":"","ast-hfb-mobile-header-display":"","site-post-title":"","ast-breadcrumbs-content":"","ast-featured-img":"","footer-sml-layout":"","theme-transparent-header-meta":"","adv-header-id-meta":"","stick-header-meta":"","header-above-stick-meta":"","header-main-stick-meta":"","header-below-stick-meta":"","astra-migrate-meta-layouts":"default","ast-page-background-enabled":"default","ast-page-background-meta":{"desktop":{"background-color":"var(--ast-global-color-4)","background-image":"","background-repeat":"repeat","background-position":"center center","background-size":"auto","background-attachment":"scroll","background-type":"","background-media":"","overlay-type":"","overlay-color":"","overlay-opacity":"","overlay-gradient":""},"tablet":{"background-color":"","background-image":"","background-repeat":"repeat","background-position":"center center","background-size":"auto","background-attachment":"scroll","background-type":"","background-media":"","overlay-type":"","overlay-color":"","overlay-opacity":"","overlay-gradient":""},"mobile":{"background-color":"","background-image":"","background-repeat":"repeat","background-position":"center center","background-size":"auto","background-attachment":"scroll","background-type":"","background-media":"","overlay-type":"","overlay-color":"","overlay-opacity":"","overlay-gradient":""}},"ast-content-background-meta":{"desktop":{"background-color":"var(--ast-global-color-5)","background-image":"","background-repeat":"repeat","background-position":"center center","background-size":"auto","background-attachment":"scroll","background-type":"","background-media":"","overlay-type":"","overlay-color":"","overlay-opacity":"","overlay-gradient":""},"tablet":{"background-color":"var(--ast-global-color-5)","background-image":"","background-repeat":"repeat","background-position":"center center","background-size":"auto","background-attachment":"scroll","background-type":"","background-media":"","overlay-type":"","overlay-color":"","overlay-opacity":"","overlay-gradient":""},"mobile":{"background-color":"var(--ast-global-color-5)","background-image":"","background-repeat":"repeat","background-position":"center center","background-size":"auto","background-attachment":"scroll","background-type":"","background-media":"","overlay-type":"","overlay-color":"","overlay-opacity":"","overlay-gradient":""}}},"product_brand":[],"product_cat":[106],"product_tag":[],"class_list":{"0":"post-4628","1":"product","2":"type-product","3":"status-publish","4":"has-post-thumbnail","6":"product_cat-seguridad-y-prevencion","7":"desktop-align-left","8":"tablet-align-left","9":"mobile-align-left","11":"first","12":"instock","13":"taxable","14":"shipping-taxable","15":"purchasable","16":"product-type-simple"},"yoast_head":"<!-- This site is optimized with the Yoast SEO plugin v25.1 - https:\/\/yoast.com\/wordpress\/plugins\/seo\/ -->\n<title>SEAD100PO - Habilitaci\u00f3n Vigilante de Explosivos (30 horas) - Contenidos Online<\/title>\n<meta name=\"robots\" content=\"index, follow, max-snippet:-1, max-image-preview:large, max-video-preview:-1\" \/>\n<link rel=\"canonical\" href=\"https:\/\/ocupados.grupopiquer.com\/contenidos\/producto\/sead100po-habilitacion-vigilante-de-explosivos-30-horas\/\" \/>\n<meta property=\"og:locale\" content=\"es_ES\" \/>\n<meta property=\"og:type\" content=\"article\" \/>\n<meta property=\"og:title\" content=\"SEAD100PO - Habilitaci\u00f3n Vigilante de Explosivos (30 horas) - Contenidos Online\" \/>\n<meta property=\"og:description\" content=\"Obtener la habilitaci\u00f3n necesaria para poder participar en las pruebas de selecci\u00f3n que convoque la secretar\u00eda de estado de seguridad, para poder ejercer la profesi\u00f3n de vigilante de seguridad en la especialidad de explosivos.\" \/>\n<meta property=\"og:url\" content=\"https:\/\/ocupados.grupopiquer.com\/contenidos\/producto\/sead100po-habilitacion-vigilante-de-explosivos-30-horas\/\" \/>\n<meta property=\"og:site_name\" content=\"Contenidos Online\" \/>\n<meta property=\"article:modified_time\" content=\"2023-05-16T11:19:14+00:00\" \/>\n<meta property=\"og:image\" content=\"https:\/\/ocupados.grupopiquer.com\/contenidos\/wp-content\/uploads\/2023\/05\/fixCOKWgbEpQVL5j_ZvfIVYaSY0LwLZf9-stock-image-e1683194489654.jpg\" \/>\n\t<meta property=\"og:image:width\" content=\"1680\" \/>\n\t<meta property=\"og:image:height\" content=\"945\" \/>\n\t<meta property=\"og:image:type\" content=\"image\/jpeg\" \/>\n<meta name=\"twitter:card\" content=\"summary_large_image\" \/>\n<meta name=\"twitter:label1\" content=\"Tiempo de lectura\" \/>\n\t<meta name=\"twitter:data1\" content=\"2 minutos\" \/>\n<script type=\"application\/ld+json\" class=\"yoast-schema-graph\">{\"@context\":\"https:\/\/schema.org\",\"@graph\":[{\"@type\":\"WebPage\",\"@id\":\"https:\/\/ocupados.grupopiquer.com\/contenidos\/producto\/sead100po-habilitacion-vigilante-de-explosivos-30-horas\/\",\"url\":\"https:\/\/ocupados.grupopiquer.com\/contenidos\/producto\/sead100po-habilitacion-vigilante-de-explosivos-30-horas\/\",\"name\":\"SEAD100PO - Habilitaci\u00f3n Vigilante de Explosivos (30 horas) - Contenidos Online\",\"isPartOf\":{\"@id\":\"https:\/\/ocupados.grupopiquer.com\/contenidos\/#website\"},\"primaryImageOfPage\":{\"@id\":\"https:\/\/ocupados.grupopiquer.com\/contenidos\/producto\/sead100po-habilitacion-vigilante-de-explosivos-30-horas\/#primaryimage\"},\"image\":{\"@id\":\"https:\/\/ocupados.grupopiquer.com\/contenidos\/producto\/sead100po-habilitacion-vigilante-de-explosivos-30-horas\/#primaryimage\"},\"thumbnailUrl\":\"https:\/\/ocupados.grupopiquer.com\/contenidos\/wp-content\/uploads\/2023\/05\/fixCOKWgbEpQVL5j_ZvfIVYaSY0LwLZf9-stock-image-e1683194489654.jpg\",\"datePublished\":\"2023-05-02T11:16:32+00:00\",\"dateModified\":\"2023-05-16T11:19:14+00:00\",\"breadcrumb\":{\"@id\":\"https:\/\/ocupados.grupopiquer.com\/contenidos\/producto\/sead100po-habilitacion-vigilante-de-explosivos-30-horas\/#breadcrumb\"},\"inLanguage\":\"es\",\"potentialAction\":[{\"@type\":\"ReadAction\",\"target\":[\"https:\/\/ocupados.grupopiquer.com\/contenidos\/producto\/sead100po-habilitacion-vigilante-de-explosivos-30-horas\/\"]}]},{\"@type\":\"ImageObject\",\"inLanguage\":\"es\",\"@id\":\"https:\/\/ocupados.grupopiquer.com\/contenidos\/producto\/sead100po-habilitacion-vigilante-de-explosivos-30-horas\/#primaryimage\",\"url\":\"https:\/\/ocupados.grupopiquer.com\/contenidos\/wp-content\/uploads\/2023\/05\/fixCOKWgbEpQVL5j_ZvfIVYaSY0LwLZf9-stock-image-e1683194489654.jpg\",\"contentUrl\":\"https:\/\/ocupados.grupopiquer.com\/contenidos\/wp-content\/uploads\/2023\/05\/fixCOKWgbEpQVL5j_ZvfIVYaSY0LwLZf9-stock-image-e1683194489654.jpg\",\"width\":1680,\"height\":945},{\"@type\":\"BreadcrumbList\",\"@id\":\"https:\/\/ocupados.grupopiquer.com\/contenidos\/producto\/sead100po-habilitacion-vigilante-de-explosivos-30-horas\/#breadcrumb\",\"itemListElement\":[{\"@type\":\"ListItem\",\"position\":1,\"name\":\"Portada\",\"item\":\"https:\/\/ocupados.grupopiquer.com\/contenidos\/\"},{\"@type\":\"ListItem\",\"position\":2,\"name\":\"Tienda\",\"item\":\"https:\/\/ocupados.grupopiquer.com\/contenidos\/tienda\/\"},{\"@type\":\"ListItem\",\"position\":3,\"name\":\"SEAD100PO &#8211; Habilitaci\u00f3n Vigilante de Explosivos (30 horas)\"}]},{\"@type\":\"WebSite\",\"@id\":\"https:\/\/ocupados.grupopiquer.com\/contenidos\/#website\",\"url\":\"https:\/\/ocupados.grupopiquer.com\/contenidos\/\",\"name\":\"Contenidos Online\",\"description\":\"\",\"publisher\":{\"@id\":\"https:\/\/ocupados.grupopiquer.com\/contenidos\/#organization\"},\"potentialAction\":[{\"@type\":\"SearchAction\",\"target\":{\"@type\":\"EntryPoint\",\"urlTemplate\":\"https:\/\/ocupados.grupopiquer.com\/contenidos\/?s={search_term_string}\"},\"query-input\":{\"@type\":\"PropertyValueSpecification\",\"valueRequired\":true,\"valueName\":\"search_term_string\"}}],\"inLanguage\":\"es\"},{\"@type\":\"Organization\",\"@id\":\"https:\/\/ocupados.grupopiquer.com\/contenidos\/#organization\",\"name\":\"Contenidos Online\",\"url\":\"https:\/\/ocupados.grupopiquer.com\/contenidos\/\",\"logo\":{\"@type\":\"ImageObject\",\"inLanguage\":\"es\",\"@id\":\"https:\/\/ocupados.grupopiquer.com\/contenidos\/#\/schema\/logo\/image\/\",\"url\":\"https:\/\/ocupados.grupopiquer.com\/contenidos\/wp-content\/uploads\/2024\/01\/Grupo-Piquer-COLOR-1.png\",\"contentUrl\":\"https:\/\/ocupados.grupopiquer.com\/contenidos\/wp-content\/uploads\/2024\/01\/Grupo-Piquer-COLOR-1.png\",\"width\":705,\"height\":270,\"caption\":\"Contenidos Online\"},\"image\":{\"@id\":\"https:\/\/ocupados.grupopiquer.com\/contenidos\/#\/schema\/logo\/image\/\"}}]}<\/script>\n<!-- \/ Yoast SEO plugin. -->","yoast_head_json":{"title":"SEAD100PO - Habilitaci\u00f3n Vigilante de Explosivos (30 horas) - Contenidos Online","robots":{"index":"index","follow":"follow","max-snippet":"max-snippet:-1","max-image-preview":"max-image-preview:large","max-video-preview":"max-video-preview:-1"},"canonical":"https:\/\/ocupados.grupopiquer.com\/contenidos\/producto\/sead100po-habilitacion-vigilante-de-explosivos-30-horas\/","og_locale":"es_ES","og_type":"article","og_title":"SEAD100PO - Habilitaci\u00f3n Vigilante de Explosivos (30 horas) - Contenidos Online","og_description":"Obtener la habilitaci\u00f3n necesaria para poder participar en las pruebas de selecci\u00f3n que convoque la secretar\u00eda de estado de seguridad, para poder ejercer la profesi\u00f3n de vigilante de seguridad en la especialidad de explosivos.","og_url":"https:\/\/ocupados.grupopiquer.com\/contenidos\/producto\/sead100po-habilitacion-vigilante-de-explosivos-30-horas\/","og_site_name":"Contenidos Online","article_modified_time":"2023-05-16T11:19:14+00:00","og_image":[{"width":1680,"height":945,"url":"https:\/\/ocupados.grupopiquer.com\/contenidos\/wp-content\/uploads\/2023\/05\/fixCOKWgbEpQVL5j_ZvfIVYaSY0LwLZf9-stock-image-e1683194489654.jpg","type":"image\/jpeg"}],"twitter_card":"summary_large_image","twitter_misc":{"Tiempo de lectura":"2 minutos"},"schema":{"@context":"https:\/\/schema.org","@graph":[{"@type":"WebPage","@id":"https:\/\/ocupados.grupopiquer.com\/contenidos\/producto\/sead100po-habilitacion-vigilante-de-explosivos-30-horas\/","url":"https:\/\/ocupados.grupopiquer.com\/contenidos\/producto\/sead100po-habilitacion-vigilante-de-explosivos-30-horas\/","name":"SEAD100PO - Habilitaci\u00f3n Vigilante de Explosivos (30 horas) - Contenidos Online","isPartOf":{"@id":"https:\/\/ocupados.grupopiquer.com\/contenidos\/#website"},"primaryImageOfPage":{"@id":"https:\/\/ocupados.grupopiquer.com\/contenidos\/producto\/sead100po-habilitacion-vigilante-de-explosivos-30-horas\/#primaryimage"},"image":{"@id":"https:\/\/ocupados.grupopiquer.com\/contenidos\/producto\/sead100po-habilitacion-vigilante-de-explosivos-30-horas\/#primaryimage"},"thumbnailUrl":"https:\/\/ocupados.grupopiquer.com\/contenidos\/wp-content\/uploads\/2023\/05\/fixCOKWgbEpQVL5j_ZvfIVYaSY0LwLZf9-stock-image-e1683194489654.jpg","datePublished":"2023-05-02T11:16:32+00:00","dateModified":"2023-05-16T11:19:14+00:00","breadcrumb":{"@id":"https:\/\/ocupados.grupopiquer.com\/contenidos\/producto\/sead100po-habilitacion-vigilante-de-explosivos-30-horas\/#breadcrumb"},"inLanguage":"es","potentialAction":[{"@type":"ReadAction","target":["https:\/\/ocupados.grupopiquer.com\/contenidos\/producto\/sead100po-habilitacion-vigilante-de-explosivos-30-horas\/"]}]},{"@type":"ImageObject","inLanguage":"es","@id":"https:\/\/ocupados.grupopiquer.com\/contenidos\/producto\/sead100po-habilitacion-vigilante-de-explosivos-30-horas\/#primaryimage","url":"https:\/\/ocupados.grupopiquer.com\/contenidos\/wp-content\/uploads\/2023\/05\/fixCOKWgbEpQVL5j_ZvfIVYaSY0LwLZf9-stock-image-e1683194489654.jpg","contentUrl":"https:\/\/ocupados.grupopiquer.com\/contenidos\/wp-content\/uploads\/2023\/05\/fixCOKWgbEpQVL5j_ZvfIVYaSY0LwLZf9-stock-image-e1683194489654.jpg","width":1680,"height":945},{"@type":"BreadcrumbList","@id":"https:\/\/ocupados.grupopiquer.com\/contenidos\/producto\/sead100po-habilitacion-vigilante-de-explosivos-30-horas\/#breadcrumb","itemListElement":[{"@type":"ListItem","position":1,"name":"Portada","item":"https:\/\/ocupados.grupopiquer.com\/contenidos\/"},{"@type":"ListItem","position":2,"name":"Tienda","item":"https:\/\/ocupados.grupopiquer.com\/contenidos\/tienda\/"},{"@type":"ListItem","position":3,"name":"SEAD100PO &#8211; Habilitaci\u00f3n Vigilante de Explosivos (30 horas)"}]},{"@type":"WebSite","@id":"https:\/\/ocupados.grupopiquer.com\/contenidos\/#website","url":"https:\/\/ocupados.grupopiquer.com\/contenidos\/","name":"Contenidos Online","description":"","publisher":{"@id":"https:\/\/ocupados.grupopiquer.com\/contenidos\/#organization"},"potentialAction":[{"@type":"SearchAction","target":{"@type":"EntryPoint","urlTemplate":"https:\/\/ocupados.grupopiquer.com\/contenidos\/?s={search_term_string}"},"query-input":{"@type":"PropertyValueSpecification","valueRequired":true,"valueName":"search_term_string"}}],"inLanguage":"es"},{"@type":"Organization","@id":"https:\/\/ocupados.grupopiquer.com\/contenidos\/#organization","name":"Contenidos Online","url":"https:\/\/ocupados.grupopiquer.com\/contenidos\/","logo":{"@type":"ImageObject","inLanguage":"es","@id":"https:\/\/ocupados.grupopiquer.com\/contenidos\/#\/schema\/logo\/image\/","url":"https:\/\/ocupados.grupopiquer.com\/contenidos\/wp-content\/uploads\/2024\/01\/Grupo-Piquer-COLOR-1.png","contentUrl":"https:\/\/ocupados.grupopiquer.com\/contenidos\/wp-content\/uploads\/2024\/01\/Grupo-Piquer-COLOR-1.png","width":705,"height":270,"caption":"Contenidos Online"},"image":{"@id":"https:\/\/ocupados.grupopiquer.com\/contenidos\/#\/schema\/logo\/image\/"}}]}},"jetpack_sharing_enabled":true,"_links":{"self":[{"href":"https:\/\/ocupados.grupopiquer.com\/contenidos\/wp-json\/wp\/v2\/product\/4628","targetHints":{"allow":["GET"]}}],"collection":[{"href":"https:\/\/ocupados.grupopiquer.com\/contenidos\/wp-json\/wp\/v2\/product"}],"about":[{"href":"https:\/\/ocupados.grupopiquer.com\/contenidos\/wp-json\/wp\/v2\/types\/product"}],"replies":[{"embeddable":true,"href":"https:\/\/ocupados.grupopiquer.com\/contenidos\/wp-json\/wp\/v2\/comments?post=4628"}],"wp:featuredmedia":[{"embeddable":true,"href":"https:\/\/ocupados.grupopiquer.com\/contenidos\/wp-json\/wp\/v2\/media\/4920"}],"wp:attachment":[{"href":"https:\/\/ocupados.grupopiquer.com\/contenidos\/wp-json\/wp\/v2\/media?parent=4628"}],"wp:term":[{"taxonomy":"product_brand","embeddable":true,"href":"https:\/\/ocupados.grupopiquer.com\/contenidos\/wp-json\/wp\/v2\/product_brand?post=4628"},{"taxonomy":"product_cat","embeddable":true,"href":"https:\/\/ocupados.grupopiquer.com\/contenidos\/wp-json\/wp\/v2\/product_cat?post=4628"},{"taxonomy":"product_tag","embeddable":true,"href":"https:\/\/ocupados.grupopiquer.com\/contenidos\/wp-json\/wp\/v2\/product_tag?post=4628"}],"curies":[{"name":"wp","href":"https:\/\/api.w.org\/{rel}","templated":true}]}}