{"id":4652,"date":"2023-05-02T11:18:35","date_gmt":"2023-05-02T11:18:35","guid":{"rendered":"https:\/\/ocupados.grupopiquer.com\/contenidos\/producto\/ssce027po-creacion-de-contenidos-y-recursos-didacticos-en-internet-moodle-90-horas\/"},"modified":"2023-06-01T10:36:49","modified_gmt":"2023-06-01T10:36:49","slug":"ssce027po-creacion-de-contenidos-y-recursos-didacticos-en-internet-moodle-90-horas","status":"publish","type":"product","link":"https:\/\/ocupados.grupopiquer.com\/contenidos\/producto\/ssce027po-creacion-de-contenidos-y-recursos-didacticos-en-internet-moodle-90-horas\/","title":{"rendered":"SSCE027PO &#8211; Creaci\u00f3n de Contenidos y Recursos Did\u00e1cticos en Internet (Moodle) (90 horas)"},"content":{"rendered":"<div id=\"accordion\">\n<h3>OBJETIVOS<\/h3>\n<div>Habilitar para la creaci\u00f3n de contenidos en formato SCORM en modalidad e-Learning (teleformaci\u00f3n) y su integraci\u00f3n en Moodle.<\/div>\n<h3>CONTENIDOS<\/h3>\n<div>\n<p>1. LA CREACI\u00d3N DE CONTENIDO EN EL E-LEARNING. PRINCIPALES RASGOS CARACTER\u00cdSTICOS.<br \/>\n1.1. \u00bfQu\u00e9 entendemos por e-Learning? Rasgos caracter\u00edsticos.<br \/>\n1.1.1. Definiciones del e-Learning.<br \/>\n1.1.2. Aspectos caracter\u00edsticos del e-Learning.<br \/>\n1.2. Aspectos de especial importancia en el e-Learning para la creaci\u00f3n y uso de contenido.<br \/>\n1.2.1. Aprendizaje on-line.<br \/>\n1.2.2. Aprendizaje dirigido a adultos.<br \/>\n1.2.3. Multitud de fuentes y tipos de contenido disponibles.<br \/>\n1.2.4. Rapidez en la actualizaci\u00f3n de los contenidos.<br \/>\n1.2.5. El uso de Recursos Educativos Abiertos.<\/p>\n<p>2. DISE\u00d1O Y ESTRUCTURACI\u00d3N DE CONTENIDOS EN EL E-LEARNING.<br \/>\n2.1. Elementos que forman parte de cada Unidad Did\u00e1ctica.<br \/>\n2.1.1. \u00cdndice de contenidos.<br \/>\n2.2. Introducci\u00f3n y Orientaciones para el Estudio.<br \/>\n2.3. Objetivos.<br \/>\n2.3.1. Objetivo general.<br \/>\n2.3.2. Objetivos espec\u00edficos.<br \/>\n2.3.3. Formulaci\u00f3n de objetivos.<br \/>\n2.4. Desarrollo de los contenidos.<br \/>\n2.5. Lenguaje, Densidad y Estilo.<br \/>\n2.6. Estructura interna del texto y ep\u00edgrafes.<br \/>\n2.7. Integraci\u00f3n de facilitadores del aprendizaje.<br \/>\n2.8. Resumen.<\/p>\n<p>3. LOS EST\u00c1NDARES EN EL E-LEARNING: ESPECIFICACIONES IMS Y SCORM.<br \/>\n3.1. Especificaciones y Est\u00e1ndares en e-Learning.<br \/>\n3.1.1. Definiciones de Est\u00e1ndares.<br \/>\n3.1.2. Tipos de Est\u00e1ndares.<br \/>\n3.1.3. Ventajas de los est\u00e1ndares en el e-Learning.<br \/>\n3.2. Historia y desarrollo de los Est\u00e1ndares en e-Learning.<br \/>\n3.2.1. AICC.<br \/>\n3.2.1.1. Introducci\u00f3n.<br \/>\n3.2.1.2. Desarrollos y especificaciones de AICC.<br \/>\n3.2.1.3. Taxonom\u00eda de la AICC.<br \/>\n3.2.2. IEEE-LTSC.<br \/>\n3.2.3. ADL-SCORM.<br \/>\n3.2.3.1. SCORM 1.0.<br \/>\n3.2.3.2. SCORM 1.1.<br \/>\n3.2.3.3. SCORM 1.2.<br \/>\n3.2.3.4. SCORM 2004.<br \/>\n3.2.3.5. Taxonom\u00eda de SCORM.<br \/>\n3.2.4. IMS.<br \/>\n3.2.4.1. Introducci\u00f3n.<br \/>\n3.2.4.2. Especificaciones IMS.<br \/>\n3.2.4.3. IMS Content Packaging<br \/>\n3.2.4.4. IMS Question &amp; Test Interoperability Specification (IMS QTI)<br \/>\n3.2.4.5. IMS Learning Design.<br \/>\n3.2.4.6. IMS Learner Information Package Specification.<br \/>\n3.2.4.7. Otras especificaciones IMS.<\/p>\n<p>4. EMPAQUETAMIENTO DE CONTENIDOS SCORM E INSERCI\u00d3N DE METADATOS CON RELOAD<br \/>\nEDITOR.<br \/>\n4.1. Introducci\u00f3n a Reload Editor.<br \/>\n4.2. Instalaci\u00f3n de Reload Editor y JRE.<br \/>\n4.2.1. Instalaci\u00f3n de Java RunTime Environment (JRE).<br \/>\n4.2.2. Instalaci\u00f3n de Reload Editor.<br \/>\n4.3. \u00c1reas de Trabajo y Barras de herramientas de Reload Editor<\/p>\n<p>4.3.1. \u00c1reas de trabajo de Reload Editor.<br \/>\n4.3.2. Barras de herramientas.<br \/>\n4.4. Creaci\u00f3n de un paquete SCORM.<br \/>\n4.4.1. Preparaci\u00f3n de las carpetas y descarga de los ficheros.<br \/>\n4.4.2. Creaci\u00f3n del espacio de trabajo con Reload Editor.<br \/>\n4.4.3. Inserci\u00f3n de metadatos iniciales (Schema y Schema Version).<br \/>\n4.4.4. Inserci\u00f3n de contenidos.<br \/>\n4.4.5. Creaci\u00f3n de la organizaci\u00f3n.<br \/>\n4.4.6. Integraci\u00f3n de los recursos en la organizaci\u00f3n.<br \/>\n4.4.7. Visualizaci\u00f3n del paquete de contenido.<br \/>\n4.4.8. Guardar el paquete como vista previa.<br \/>\n4.4.9. Reestructurar la organizaci\u00f3n de los contenidos.<br \/>\n4.4.10. Inserci\u00f3n de m\u00faltiples organizaciones.<br \/>\n4.4.11. Cambio del tipo de recursos.<br \/>\n4.4.12. Inserci\u00f3n de metadatos.<br \/>\n4.4.13. Generar el paquete de contenidos en formato comprimido (ZIP).<br \/>\n4.5. Comprobando el paquete en Reload Player.<br \/>\n4.6. Integraci\u00f3n del paquete en Moodle.<\/p>\n<p>5. CREACI\u00d3N DE CONTENIDO CON EXE LEARNING Y SU INTEGRACI\u00d3N EN MOODLE.<br \/>\n5.1. Introducci\u00f3n a eXe Learning.<br \/>\n5.2. Descarga e instalaci\u00f3n de eXe Learning.<br \/>\n5.3. \u00c1reas de trabajo y barras de herramientas de eXe Learning.<br \/>\n5.3.1. Barra de herramientas.<br \/>\n5.3.2. Panel de Contenidos.<br \/>\n5.3.3. Panel de Recursos (iDevice).<br \/>\n5.3.4. Ventana de Trabajo.<br \/>\n5.4. Integraci\u00f3n de recursos o herramientas educativas (iDevices).<br \/>\n5.4.1. Preconocimiento.<br \/>\n5.4.2. Objetivos.<br \/>\n5.4.3. Texto Libre.<br \/>\n5.4.4. Caso de Estudio.<br \/>\n5.4.5. Actividad.<br \/>\n5.4.5. Actividad de lectura.<br \/>\n5.4.6. Art\u00edculo Wiki.<br \/>\n5.4.7. Reflexi\u00f3n.<br \/>\n5.4.8. Sitio externo de la Web.<br \/>\n5.4.9. RSS.<br \/>\n5.4.10. Galer\u00eda de im\u00e1genes.<br \/>\n5.4.11. Imagen ampliada.<br \/>\n5.4.12. Actividad de Espacios en Blanco.<br \/>\n5.4.13. Pregunta Verdadero-Falso.<br \/>\n5.4.14. Pregunta de Elecci\u00f3n M\u00faltiple.<br \/>\n5.4.15. Pregunta de Selecci\u00f3n M\u00faltiple.<br \/>\n5.4.16. Examen SCORM.<br \/>\n5.4.17. Applet de Java.<br \/>\n5.5. Inserci\u00f3n de elementos multimedia.<br \/>\n5.5.1. Inserci\u00f3n de im\u00e1genes.<br \/>\n5.5.2. Inserci\u00f3n de v\u00eddeo.<br \/>\n5.5.3. Inserci\u00f3n de otros elementos multimedia.<br \/>\n5.6. Exportando nuestro proyecto.<br \/>\n5.6.1. Exportar a Sitio Web (HTML).<br \/>\n5.6.2. Exportar a SCORM e integrar en Moodle.<\/p>\n<p>6. CREACI\u00d3N DE CONTENIDO CON COURSEGENIE (WIMBA CREATE) Y SU INTEGRACI\u00d3N EN<br \/>\nMOODLE.<br \/>\n6.1. Introducci\u00f3n a Wimba Create.<br \/>\n6.2. Instalar Wimba Create.<br \/>\n6.3. Iniciar Wimba Create.<br \/>\n6.4. Aplicaci\u00f3n de estilos b\u00e1sicos para el texto.<br \/>\n6.4.1. Apartados y subapartados (SectionTitle y PageTitle).<br \/>\n6.4.2. Resaltar contenido.<br \/>\n6.5. Introducci\u00f3n de actividades.<br \/>\n6.5.1. Insertar ejercicios de autoevaluaci\u00f3n.<br \/>\n6.5.2. Inserci\u00f3n de ventanas emergentes.<br \/>\n6.5.3. Inserci\u00f3n de Flashcards.<br \/>\n6.6. Integraci\u00f3n de contenido multimedia.<br \/>\n6.7. Conversi\u00f3n de Word a HTML.<br \/>\n6.7.1. Inserci\u00f3n de Metadatos.<br \/>\n6.7.2. Configuraci\u00f3n de las propiedades del documento.<br \/>\n6.7.2.1. General.<br \/>\n6.7.2.2. Accesibilidad<\/p>\n<p>6.7.2.3. Navegaci\u00f3n.<br \/>\n6.7.2.4. Contenido.<br \/>\n6.7.2.5. SCORM.<br \/>\n6.7.2.6. Ex\u00e1menes.<br \/>\n6.8. Exportar el contenido a SCORM 1.2.<br \/>\n6.8.1. Repasar el contenido y la configuraci\u00f3n del documento.<br \/>\n6.8.2. Generar el contenido.<br \/>\n6.9. Integraci\u00f3n del paquete SCORM en Moodle.<\/p>\n<p>7. CREACI\u00d3N DE EJERCICIOS DE AUTOEVALUACI\u00d3N CON HOTPOTATOES Y SU INTEGRACI\u00d3N EN<br \/>\nMOODLE.<br \/>\n7.1. Introducci\u00f3n a HotPotatoes.<br \/>\n7.2. Descarga e Instalaci\u00f3n de HotPotatoes.<br \/>\n7.3. Interfaz del programa.<br \/>\n7.4. Creaci\u00f3n de actividades con Jquiz.<br \/>\n7.4.1. Preguntas de respuestas m\u00faltiples.<br \/>\n7.4.2. Preguntas de respuestas cortas.<br \/>\n7.4.3. Preguntas h\u00edbridas.<br \/>\n7.4.4. Preguntas multiselecci\u00f3n.<br \/>\n7.5. Creaci\u00f3n de actividades con Jcloze.<br \/>\n7.6. Creaci\u00f3n de actividades con Jmatch.<br \/>\n7.7. Creaci\u00f3n de actividades con Jmix.<br \/>\n7.8. Creaci\u00f3n de actividades con Jcross.<br \/>\n7.9. Integraci\u00f3n en Moodle de los ejercicios creados en Hot Potatoes.<br \/>\n7.9.1. Comprobaci\u00f3n de que el M\u00f3dulo Hot Potatoes est\u00e1 activo.<br \/>\n7.9.2. Integraci\u00f3n del ejercicio en Moodle.<\/p>\n<p>8. CREACI\u00d3N DE CUESTIONARIOS EN MOODLE: EJERCICIOS DE AUTOEVALUACI\u00d3N Y EX\u00c1MENES.<br \/>\n8.1. Introducci\u00f3n a los ejercicios de autoevaluaci\u00f3n y ex\u00e1menes.<br \/>\n8.2. Principales caracter\u00edsticas de los cuestionarios.<br \/>\n8.3. Configuraci\u00f3n de las opciones gen\u00e9ricas de un cuestionario.<br \/>\n8.4. Creaci\u00f3n y gesti\u00f3n de Categor\u00edas de Preguntas.<br \/>\n8.5. Creaci\u00f3n de las preguntas.<br \/>\n8.5.1. Opci\u00f3n m\u00faltiple.<br \/>\n8.5.2. Verdadero\/Falso.<br \/>\n8.5.3. Respuesta corta.<br \/>\n8.5.4. Num\u00e9rico.<br \/>\n8.5.5. Calculadas.<br \/>\n8.5.6. Emparejamiento.<br \/>\n8.5.7. Descripci\u00f3n.<br \/>\n8.5.8. Emparejamiento aleatorio de respuestas cortas.<br \/>\n8.5.9. Respuestas incrustadas (Cloze).<br \/>\n8.5.10. Ensayo.<br \/>\n8.6. Agregar o eliminar preguntas a un cuestionario.<\/p>\n<p>9. CREACI\u00d3N DE LECCIONES EN MOODLE.<br \/>\n9.1. Introducci\u00f3n a la lecci\u00f3n.<br \/>\n9.2. Creando una lecci\u00f3n en Moodle.<br \/>\n9.2.1. Ajustes generales.<br \/>\n9.2.2. Opciones de calificaci\u00f3n.<br \/>\n9.2.3. Control de Flujo.<br \/>\n9.2.4. Formateado de la Lecci\u00f3n.<br \/>\n9.2.5. Control de acceso.<br \/>\n9.2.6. Archivo multimedia.<br \/>\n9.3. Inserci\u00f3n de contenido en la lecci\u00f3n.<br \/>\n9.4. Interfaz inicial para la creaci\u00f3n de contenidos.<br \/>\n9.5. Inserci\u00f3n de p\u00e1ginas.<br \/>\n9.6. Inserci\u00f3n de una ramificaci\u00f3n.<\/p>\n<p>10. INTEGRACI\u00d3N DE OTROS RECURSOS DID\u00c1CTICOS EN MOODLE: GLOSARIOS, TAREAS,<br \/>\nTALLERES Y BASES DE DATOS.<br \/>\n10.1. Glosarios.<br \/>\n10.1.1. Configuraci\u00f3n del Glosario.<br \/>\n10.1.2. Inserci\u00f3n de palabras en el Glosario.<br \/>\n10.2. Tareas.<br \/>\n10.2.1. Actividad offline.<br \/>\n10.2.2. Tarea del tipo &#8220;Subir un solo archivo&#8221;.<br \/>\n10.2.3. Tarea del tipo &#8220;Subida avanzada de archivos&#8221;.<br \/>\n10.2.4. Tarea del tipo &#8220;Texto en l\u00ednea&#8221;.<br \/>\n10.3. Talleres.<br \/>\n10.4. Bases de Datos<\/p>\n<p>10.4.1. Configuraci\u00f3n de la base de datos.<br \/>\n10.4.2. Configuraci\u00f3n de los campos.<br \/>\n10.4.3. Uso de las plantillas.<br \/>\n10.4.4. Plantilla simple.<br \/>\n10.4.4. Plantilla de lista.<br \/>\n10.4.5. Plantilla de entrada.<\/p>\n<\/div>\n<\/div>\n","protected":false},"excerpt":{"rendered":"<p>Habilitar para la creaci\u00f3n de contenidos en formato SCORM en modalidad e-Learning (teleformaci\u00f3n) y su integraci\u00f3n en Moodle.<\/p>\n","protected":false},"featured_media":4904,"comment_status":"closed","ping_status":"closed","template":"","meta":{"site-sidebar-layout":"default","site-content-layout":"","ast-site-content-layout":"","site-content-style":"default","site-sidebar-style":"default","ast-global-header-display":"","ast-banner-title-visibility":"","ast-main-header-display":"","ast-hfb-above-header-display":"","ast-hfb-below-header-display":"","ast-hfb-mobile-header-display":"","site-post-title":"","ast-breadcrumbs-content":"","ast-featured-img":"","footer-sml-layout":"","theme-transparent-header-meta":"","adv-header-id-meta":"","stick-header-meta":"","header-above-stick-meta":"","header-main-stick-meta":"","header-below-stick-meta":"","astra-migrate-meta-layouts":"default","ast-page-background-enabled":"default","ast-page-background-meta":{"desktop":{"background-color":"var(--ast-global-color-4)","background-image":"","background-repeat":"repeat","background-position":"center center","background-size":"auto","background-attachment":"scroll","background-type":"","background-media":"","overlay-type":"","overlay-color":"","overlay-opacity":"","overlay-gradient":""},"tablet":{"background-color":"","background-image":"","background-repeat":"repeat","background-position":"center center","background-size":"auto","background-attachment":"scroll","background-type":"","background-media":"","overlay-type":"","overlay-color":"","overlay-opacity":"","overlay-gradient":""},"mobile":{"background-color":"","background-image":"","background-repeat":"repeat","background-position":"center center","background-size":"auto","background-attachment":"scroll","background-type":"","background-media":"","overlay-type":"","overlay-color":"","overlay-opacity":"","overlay-gradient":""}},"ast-content-background-meta":{"desktop":{"background-color":"var(--ast-global-color-5)","background-image":"","background-repeat":"repeat","background-position":"center center","background-size":"auto","background-attachment":"scroll","background-type":"","background-media":"","overlay-type":"","overlay-color":"","overlay-opacity":"","overlay-gradient":""},"tablet":{"background-color":"var(--ast-global-color-5)","background-image":"","background-repeat":"repeat","background-position":"center center","background-size":"auto","background-attachment":"scroll","background-type":"","background-media":"","overlay-type":"","overlay-color":"","overlay-opacity":"","overlay-gradient":""},"mobile":{"background-color":"var(--ast-global-color-5)","background-image":"","background-repeat":"repeat","background-position":"center center","background-size":"auto","background-attachment":"scroll","background-type":"","background-media":"","overlay-type":"","overlay-color":"","overlay-opacity":"","overlay-gradient":""}}},"product_brand":[],"product_cat":[103],"product_tag":[],"class_list":{"0":"post-4652","1":"product","2":"type-product","3":"status-publish","4":"has-post-thumbnail","6":"product_cat-formacion-y-educacion","7":"desktop-align-left","8":"tablet-align-left","9":"mobile-align-left","11":"first","12":"instock","13":"taxable","14":"shipping-taxable","15":"purchasable","16":"product-type-simple"},"yoast_head":"<!-- This site is optimized with the Yoast SEO plugin v25.1 - https:\/\/yoast.com\/wordpress\/plugins\/seo\/ -->\n<title>SSCE027PO - Creaci\u00f3n de Contenidos y Recursos Did\u00e1cticos en Internet (Moodle) (90 horas) - Contenidos Online<\/title>\n<meta name=\"robots\" content=\"index, follow, max-snippet:-1, max-image-preview:large, max-video-preview:-1\" \/>\n<link rel=\"canonical\" href=\"https:\/\/ocupados.grupopiquer.com\/contenidos\/producto\/ssce027po-creacion-de-contenidos-y-recursos-didacticos-en-internet-moodle-90-horas\/\" \/>\n<meta property=\"og:locale\" content=\"es_ES\" \/>\n<meta property=\"og:type\" content=\"article\" \/>\n<meta property=\"og:title\" content=\"SSCE027PO - Creaci\u00f3n de Contenidos y Recursos Did\u00e1cticos en Internet (Moodle) (90 horas) - Contenidos Online\" \/>\n<meta property=\"og:description\" content=\"Habilitar para la creaci\u00f3n de contenidos en formato SCORM en modalidad e-Learning (teleformaci\u00f3n) y su integraci\u00f3n en Moodle.\" \/>\n<meta property=\"og:url\" content=\"https:\/\/ocupados.grupopiquer.com\/contenidos\/producto\/ssce027po-creacion-de-contenidos-y-recursos-didacticos-en-internet-moodle-90-horas\/\" \/>\n<meta property=\"og:site_name\" content=\"Contenidos Online\" \/>\n<meta property=\"article:modified_time\" content=\"2023-06-01T10:36:49+00:00\" \/>\n<meta property=\"og:image\" content=\"https:\/\/ocupados.grupopiquer.com\/contenidos\/wp-content\/uploads\/2023\/05\/hands-820272_1920-e1683192429726.jpg\" \/>\n\t<meta property=\"og:image:width\" content=\"1920\" \/>\n\t<meta property=\"og:image:height\" content=\"1080\" \/>\n\t<meta property=\"og:image:type\" content=\"image\/jpeg\" \/>\n<meta name=\"twitter:card\" content=\"summary_large_image\" \/>\n<meta name=\"twitter:label1\" content=\"Tiempo de lectura\" \/>\n\t<meta name=\"twitter:data1\" content=\"5 minutos\" \/>\n<script type=\"application\/ld+json\" class=\"yoast-schema-graph\">{\"@context\":\"https:\/\/schema.org\",\"@graph\":[{\"@type\":\"WebPage\",\"@id\":\"https:\/\/ocupados.grupopiquer.com\/contenidos\/producto\/ssce027po-creacion-de-contenidos-y-recursos-didacticos-en-internet-moodle-90-horas\/\",\"url\":\"https:\/\/ocupados.grupopiquer.com\/contenidos\/producto\/ssce027po-creacion-de-contenidos-y-recursos-didacticos-en-internet-moodle-90-horas\/\",\"name\":\"SSCE027PO - Creaci\u00f3n de Contenidos y Recursos Did\u00e1cticos en Internet (Moodle) (90 horas) - Contenidos Online\",\"isPartOf\":{\"@id\":\"https:\/\/ocupados.grupopiquer.com\/contenidos\/#website\"},\"primaryImageOfPage\":{\"@id\":\"https:\/\/ocupados.grupopiquer.com\/contenidos\/producto\/ssce027po-creacion-de-contenidos-y-recursos-didacticos-en-internet-moodle-90-horas\/#primaryimage\"},\"image\":{\"@id\":\"https:\/\/ocupados.grupopiquer.com\/contenidos\/producto\/ssce027po-creacion-de-contenidos-y-recursos-didacticos-en-internet-moodle-90-horas\/#primaryimage\"},\"thumbnailUrl\":\"https:\/\/ocupados.grupopiquer.com\/contenidos\/wp-content\/uploads\/2023\/05\/hands-820272_1920-e1683192429726.jpg\",\"datePublished\":\"2023-05-02T11:18:35+00:00\",\"dateModified\":\"2023-06-01T10:36:49+00:00\",\"breadcrumb\":{\"@id\":\"https:\/\/ocupados.grupopiquer.com\/contenidos\/producto\/ssce027po-creacion-de-contenidos-y-recursos-didacticos-en-internet-moodle-90-horas\/#breadcrumb\"},\"inLanguage\":\"es\",\"potentialAction\":[{\"@type\":\"ReadAction\",\"target\":[\"https:\/\/ocupados.grupopiquer.com\/contenidos\/producto\/ssce027po-creacion-de-contenidos-y-recursos-didacticos-en-internet-moodle-90-horas\/\"]}]},{\"@type\":\"ImageObject\",\"inLanguage\":\"es\",\"@id\":\"https:\/\/ocupados.grupopiquer.com\/contenidos\/producto\/ssce027po-creacion-de-contenidos-y-recursos-didacticos-en-internet-moodle-90-horas\/#primaryimage\",\"url\":\"https:\/\/ocupados.grupopiquer.com\/contenidos\/wp-content\/uploads\/2023\/05\/hands-820272_1920-e1683192429726.jpg\",\"contentUrl\":\"https:\/\/ocupados.grupopiquer.com\/contenidos\/wp-content\/uploads\/2023\/05\/hands-820272_1920-e1683192429726.jpg\",\"width\":1920,\"height\":1080},{\"@type\":\"BreadcrumbList\",\"@id\":\"https:\/\/ocupados.grupopiquer.com\/contenidos\/producto\/ssce027po-creacion-de-contenidos-y-recursos-didacticos-en-internet-moodle-90-horas\/#breadcrumb\",\"itemListElement\":[{\"@type\":\"ListItem\",\"position\":1,\"name\":\"Portada\",\"item\":\"https:\/\/ocupados.grupopiquer.com\/contenidos\/\"},{\"@type\":\"ListItem\",\"position\":2,\"name\":\"Tienda\",\"item\":\"https:\/\/ocupados.grupopiquer.com\/contenidos\/tienda\/\"},{\"@type\":\"ListItem\",\"position\":3,\"name\":\"SSCE027PO &#8211; Creaci\u00f3n de Contenidos y Recursos Did\u00e1cticos en Internet (Moodle) (90 horas)\"}]},{\"@type\":\"WebSite\",\"@id\":\"https:\/\/ocupados.grupopiquer.com\/contenidos\/#website\",\"url\":\"https:\/\/ocupados.grupopiquer.com\/contenidos\/\",\"name\":\"Contenidos Online\",\"description\":\"\",\"publisher\":{\"@id\":\"https:\/\/ocupados.grupopiquer.com\/contenidos\/#organization\"},\"potentialAction\":[{\"@type\":\"SearchAction\",\"target\":{\"@type\":\"EntryPoint\",\"urlTemplate\":\"https:\/\/ocupados.grupopiquer.com\/contenidos\/?s={search_term_string}\"},\"query-input\":{\"@type\":\"PropertyValueSpecification\",\"valueRequired\":true,\"valueName\":\"search_term_string\"}}],\"inLanguage\":\"es\"},{\"@type\":\"Organization\",\"@id\":\"https:\/\/ocupados.grupopiquer.com\/contenidos\/#organization\",\"name\":\"Contenidos Online\",\"url\":\"https:\/\/ocupados.grupopiquer.com\/contenidos\/\",\"logo\":{\"@type\":\"ImageObject\",\"inLanguage\":\"es\",\"@id\":\"https:\/\/ocupados.grupopiquer.com\/contenidos\/#\/schema\/logo\/image\/\",\"url\":\"https:\/\/ocupados.grupopiquer.com\/contenidos\/wp-content\/uploads\/2024\/01\/Grupo-Piquer-COLOR-1.png\",\"contentUrl\":\"https:\/\/ocupados.grupopiquer.com\/contenidos\/wp-content\/uploads\/2024\/01\/Grupo-Piquer-COLOR-1.png\",\"width\":705,\"height\":270,\"caption\":\"Contenidos Online\"},\"image\":{\"@id\":\"https:\/\/ocupados.grupopiquer.com\/contenidos\/#\/schema\/logo\/image\/\"}}]}<\/script>\n<!-- \/ Yoast SEO plugin. -->","yoast_head_json":{"title":"SSCE027PO - Creaci\u00f3n de Contenidos y Recursos Did\u00e1cticos en Internet (Moodle) (90 horas) - Contenidos Online","robots":{"index":"index","follow":"follow","max-snippet":"max-snippet:-1","max-image-preview":"max-image-preview:large","max-video-preview":"max-video-preview:-1"},"canonical":"https:\/\/ocupados.grupopiquer.com\/contenidos\/producto\/ssce027po-creacion-de-contenidos-y-recursos-didacticos-en-internet-moodle-90-horas\/","og_locale":"es_ES","og_type":"article","og_title":"SSCE027PO - Creaci\u00f3n de Contenidos y Recursos Did\u00e1cticos en Internet (Moodle) (90 horas) - Contenidos Online","og_description":"Habilitar para la creaci\u00f3n de contenidos en formato SCORM en modalidad e-Learning (teleformaci\u00f3n) y su integraci\u00f3n en Moodle.","og_url":"https:\/\/ocupados.grupopiquer.com\/contenidos\/producto\/ssce027po-creacion-de-contenidos-y-recursos-didacticos-en-internet-moodle-90-horas\/","og_site_name":"Contenidos Online","article_modified_time":"2023-06-01T10:36:49+00:00","og_image":[{"width":1920,"height":1080,"url":"https:\/\/ocupados.grupopiquer.com\/contenidos\/wp-content\/uploads\/2023\/05\/hands-820272_1920-e1683192429726.jpg","type":"image\/jpeg"}],"twitter_card":"summary_large_image","twitter_misc":{"Tiempo de lectura":"5 minutos"},"schema":{"@context":"https:\/\/schema.org","@graph":[{"@type":"WebPage","@id":"https:\/\/ocupados.grupopiquer.com\/contenidos\/producto\/ssce027po-creacion-de-contenidos-y-recursos-didacticos-en-internet-moodle-90-horas\/","url":"https:\/\/ocupados.grupopiquer.com\/contenidos\/producto\/ssce027po-creacion-de-contenidos-y-recursos-didacticos-en-internet-moodle-90-horas\/","name":"SSCE027PO - Creaci\u00f3n de Contenidos y Recursos Did\u00e1cticos en Internet (Moodle) (90 horas) - Contenidos Online","isPartOf":{"@id":"https:\/\/ocupados.grupopiquer.com\/contenidos\/#website"},"primaryImageOfPage":{"@id":"https:\/\/ocupados.grupopiquer.com\/contenidos\/producto\/ssce027po-creacion-de-contenidos-y-recursos-didacticos-en-internet-moodle-90-horas\/#primaryimage"},"image":{"@id":"https:\/\/ocupados.grupopiquer.com\/contenidos\/producto\/ssce027po-creacion-de-contenidos-y-recursos-didacticos-en-internet-moodle-90-horas\/#primaryimage"},"thumbnailUrl":"https:\/\/ocupados.grupopiquer.com\/contenidos\/wp-content\/uploads\/2023\/05\/hands-820272_1920-e1683192429726.jpg","datePublished":"2023-05-02T11:18:35+00:00","dateModified":"2023-06-01T10:36:49+00:00","breadcrumb":{"@id":"https:\/\/ocupados.grupopiquer.com\/contenidos\/producto\/ssce027po-creacion-de-contenidos-y-recursos-didacticos-en-internet-moodle-90-horas\/#breadcrumb"},"inLanguage":"es","potentialAction":[{"@type":"ReadAction","target":["https:\/\/ocupados.grupopiquer.com\/contenidos\/producto\/ssce027po-creacion-de-contenidos-y-recursos-didacticos-en-internet-moodle-90-horas\/"]}]},{"@type":"ImageObject","inLanguage":"es","@id":"https:\/\/ocupados.grupopiquer.com\/contenidos\/producto\/ssce027po-creacion-de-contenidos-y-recursos-didacticos-en-internet-moodle-90-horas\/#primaryimage","url":"https:\/\/ocupados.grupopiquer.com\/contenidos\/wp-content\/uploads\/2023\/05\/hands-820272_1920-e1683192429726.jpg","contentUrl":"https:\/\/ocupados.grupopiquer.com\/contenidos\/wp-content\/uploads\/2023\/05\/hands-820272_1920-e1683192429726.jpg","width":1920,"height":1080},{"@type":"BreadcrumbList","@id":"https:\/\/ocupados.grupopiquer.com\/contenidos\/producto\/ssce027po-creacion-de-contenidos-y-recursos-didacticos-en-internet-moodle-90-horas\/#breadcrumb","itemListElement":[{"@type":"ListItem","position":1,"name":"Portada","item":"https:\/\/ocupados.grupopiquer.com\/contenidos\/"},{"@type":"ListItem","position":2,"name":"Tienda","item":"https:\/\/ocupados.grupopiquer.com\/contenidos\/tienda\/"},{"@type":"ListItem","position":3,"name":"SSCE027PO &#8211; Creaci\u00f3n de Contenidos y Recursos Did\u00e1cticos en Internet (Moodle) (90 horas)"}]},{"@type":"WebSite","@id":"https:\/\/ocupados.grupopiquer.com\/contenidos\/#website","url":"https:\/\/ocupados.grupopiquer.com\/contenidos\/","name":"Contenidos Online","description":"","publisher":{"@id":"https:\/\/ocupados.grupopiquer.com\/contenidos\/#organization"},"potentialAction":[{"@type":"SearchAction","target":{"@type":"EntryPoint","urlTemplate":"https:\/\/ocupados.grupopiquer.com\/contenidos\/?s={search_term_string}"},"query-input":{"@type":"PropertyValueSpecification","valueRequired":true,"valueName":"search_term_string"}}],"inLanguage":"es"},{"@type":"Organization","@id":"https:\/\/ocupados.grupopiquer.com\/contenidos\/#organization","name":"Contenidos Online","url":"https:\/\/ocupados.grupopiquer.com\/contenidos\/","logo":{"@type":"ImageObject","inLanguage":"es","@id":"https:\/\/ocupados.grupopiquer.com\/contenidos\/#\/schema\/logo\/image\/","url":"https:\/\/ocupados.grupopiquer.com\/contenidos\/wp-content\/uploads\/2024\/01\/Grupo-Piquer-COLOR-1.png","contentUrl":"https:\/\/ocupados.grupopiquer.com\/contenidos\/wp-content\/uploads\/2024\/01\/Grupo-Piquer-COLOR-1.png","width":705,"height":270,"caption":"Contenidos Online"},"image":{"@id":"https:\/\/ocupados.grupopiquer.com\/contenidos\/#\/schema\/logo\/image\/"}}]}},"jetpack_sharing_enabled":true,"_links":{"self":[{"href":"https:\/\/ocupados.grupopiquer.com\/contenidos\/wp-json\/wp\/v2\/product\/4652","targetHints":{"allow":["GET"]}}],"collection":[{"href":"https:\/\/ocupados.grupopiquer.com\/contenidos\/wp-json\/wp\/v2\/product"}],"about":[{"href":"https:\/\/ocupados.grupopiquer.com\/contenidos\/wp-json\/wp\/v2\/types\/product"}],"replies":[{"embeddable":true,"href":"https:\/\/ocupados.grupopiquer.com\/contenidos\/wp-json\/wp\/v2\/comments?post=4652"}],"wp:featuredmedia":[{"embeddable":true,"href":"https:\/\/ocupados.grupopiquer.com\/contenidos\/wp-json\/wp\/v2\/media\/4904"}],"wp:attachment":[{"href":"https:\/\/ocupados.grupopiquer.com\/contenidos\/wp-json\/wp\/v2\/media?parent=4652"}],"wp:term":[{"taxonomy":"product_brand","embeddable":true,"href":"https:\/\/ocupados.grupopiquer.com\/contenidos\/wp-json\/wp\/v2\/product_brand?post=4652"},{"taxonomy":"product_cat","embeddable":true,"href":"https:\/\/ocupados.grupopiquer.com\/contenidos\/wp-json\/wp\/v2\/product_cat?post=4652"},{"taxonomy":"product_tag","embeddable":true,"href":"https:\/\/ocupados.grupopiquer.com\/contenidos\/wp-json\/wp\/v2\/product_tag?post=4652"}],"curies":[{"name":"wp","href":"https:\/\/api.w.org\/{rel}","templated":true}]}}