{"id":9017,"date":"2023-10-06T15:33:28","date_gmt":"2023-10-06T15:33:28","guid":{"rendered":"https:\/\/ocupados.grupopiquer.com\/contenidos\/?post_type=product&#038;p=9017"},"modified":"2023-12-27T13:00:26","modified_gmt":"2023-12-27T13:00:26","slug":"adgd060po-derecho-del-trabajo-y-seguridad-social-gestion-y-control-de-la-i-t-protocolos-80-horas","status":"publish","type":"product","link":"https:\/\/ocupados.grupopiquer.com\/contenidos\/producto\/adgd060po-derecho-del-trabajo-y-seguridad-social-gestion-y-control-de-la-i-t-protocolos-80-horas\/","title":{"rendered":"ADGD060PO &#8211; Derecho del Trabajo y Seguridad Social: Gesti\u00f3n y Control de la I.T. Protocolos (80 horas)"},"content":{"rendered":"<div id=\"accordion\">\n<h3>Objetivos<\/h3>\n<div>Adquirir conocimientos y destrezas en la gesti\u00f3n y control de los protocolos derivados de las incapacidades temporales.<\/div>\n<h3>Contenidos<\/h3>\n<div>1. CONCEPTO DE INCAPACIDAD TEMPORAL. PROTOCOLO<br \/>\n1.1. Legislaci\u00f3n relativa a la incapacidad temporal<br \/>\n1.2. Pautas de actuaci\u00f3n entre los organismos que guardan relaci\u00f3n y competencias en la gesti\u00f3n y el control de la I.T.<br \/>\n1.3. Causas y factores que generan una I.T.<br \/>\n1.4. Impactos negativos que se generan sobre los factores que act\u00faan en una I.T.<br \/>\n1.5. Formaci\u00f3n ante posibles situaciones de I.T.<br \/>\n1.6. Coordinaci\u00f3n ante situaciones de I.T.<br \/>\n2. DERECHO A LA PRESTACI\u00d3N POR INCAPACIDAD TEMPORAL: PROTOCOLOS<br \/>\n2.1. El protocolo del r\u00e9gimen general de la seguridad social<br \/>\n2.2. El protocolo del r\u00e9gimen especial de la seguridad social de los trabajadores por cuenta propia o aut\u00f3nomos<br \/>\n2.3. El protocolo del r\u00e9gimen especial agrario de la seguridad social<br \/>\n2.4. El protocolo del r\u00e9gimen especial de la seguridad social de los trabajadores del mar.<br \/>\n3. PRESTACI\u00d3N ECON\u00d3MICA POR I.T.: PROTOCOLOS<br \/>\n3.1. R\u00e9gimen general de la seguridad social<br \/>\n3.2. R\u00e9gimen especial de la seguridad social: trabajadores por cuenta propia o ajena<br \/>\n3.3. R\u00e9gimen especial de la seguridad social: trabajadores del mar<br \/>\n3.4. R\u00e9gimen especial de la seguridad social: empleados del hogar<br \/>\n3.5. R\u00e9gimen especial de la seguridad social: miner\u00eda del carb\u00f3n.<br \/>\n4. DERECHO A LA PRESTACI\u00d3N ECON\u00d3MICA POR I.T. PROTOCOLOS<br \/>\n4.1. R\u00e9gimen general de la seguridad social<br \/>\n4.2. R\u00e9gimen especial de la seguridad social de trabajadores por cuenta propia o aut\u00f3nomos<br \/>\n4.3. R\u00e9gimen especial de la seguridad social de empleados de hogar.<br \/>\n5. COMPATIBILIDAD DEL DERECHO A LA PRESTACI\u00d3N ECON\u00d3MICA POR I.T. PROTOCOLOS<br \/>\n5.1. R\u00e9gimen general de la seguridad social.<br \/>\n6. COTIZACI\u00d3N DURANTE LA SITUACI\u00d3N DE I.T. PROTOCOLOS<br \/>\n6.1. Situaciones con obligaci\u00f3n de cotizar.<br \/>\n7. GESTI\u00d3N DE LA PRESTACI\u00d3N ECON\u00d3MICA POR I.T. PROTOCOLOS<br \/>\n7.1. Reconocimiento y pago<br \/>\n7.2. Tramitaci\u00f3n<br \/>\n7.3. Comprobaci\u00f3n, seguimiento, control y alta m\u00e9dica.<\/div>\n<\/div>\n","protected":false},"excerpt":{"rendered":"<p>Adquirir conocimientos y destrezas en la gesti\u00f3n y control de los protocolos derivados de las incapacidades temporales.<\/p>\n","protected":false},"featured_media":9018,"comment_status":"closed","ping_status":"closed","template":"","meta":{"site-sidebar-layout":"default","site-content-layout":"","ast-site-content-layout":"","site-content-style":"default","site-sidebar-style":"default","ast-global-header-display":"","ast-banner-title-visibility":"","ast-main-header-display":"","ast-hfb-above-header-display":"","ast-hfb-below-header-display":"","ast-hfb-mobile-header-display":"","site-post-title":"","ast-breadcrumbs-content":"","ast-featured-img":"","footer-sml-layout":"","theme-transparent-header-meta":"","adv-header-id-meta":"","stick-header-meta":"","header-above-stick-meta":"","header-main-stick-meta":"","header-below-stick-meta":"","astra-migrate-meta-layouts":"default","ast-page-background-enabled":"default","ast-page-background-meta":{"desktop":{"background-color":"var(--ast-global-color-4)","background-image":"","background-repeat":"repeat","background-position":"center center","background-size":"auto","background-attachment":"scroll","background-type":"","background-media":"","overlay-type":"","overlay-color":"","overlay-opacity":"","overlay-gradient":""},"tablet":{"background-color":"","background-image":"","background-repeat":"repeat","background-position":"center center","background-size":"auto","background-attachment":"scroll","background-type":"","background-media":"","overlay-type":"","overlay-color":"","overlay-opacity":"","overlay-gradient":""},"mobile":{"background-color":"","background-image":"","background-repeat":"repeat","background-position":"center center","background-size":"auto","background-attachment":"scroll","background-type":"","background-media":"","overlay-type":"","overlay-color":"","overlay-opacity":"","overlay-gradient":""}},"ast-content-background-meta":{"desktop":{"background-color":"var(--ast-global-color-5)","background-image":"","background-repeat":"repeat","background-position":"center center","background-size":"auto","background-attachment":"scroll","background-type":"","background-media":"","overlay-type":"","overlay-color":"","overlay-opacity":"","overlay-gradient":""},"tablet":{"background-color":"var(--ast-global-color-5)","background-image":"","background-repeat":"repeat","background-position":"center center","background-size":"auto","background-attachment":"scroll","background-type":"","background-media":"","overlay-type":"","overlay-color":"","overlay-opacity":"","overlay-gradient":""},"mobile":{"background-color":"var(--ast-global-color-5)","background-image":"","background-repeat":"repeat","background-position":"center center","background-size":"auto","background-attachment":"scroll","background-type":"","background-media":"","overlay-type":"","overlay-color":"","overlay-opacity":"","overlay-gradient":""}}},"product_brand":[],"product_cat":[126],"product_tag":[],"class_list":{"0":"post-9017","1":"product","2":"type-product","3":"status-publish","4":"has-post-thumbnail","6":"product_cat-administracion-y-auditoria","7":"desktop-align-left","8":"tablet-align-left","9":"mobile-align-left","11":"first","12":"instock","13":"taxable","14":"shipping-taxable","15":"purchasable","16":"product-type-simple"},"yoast_head":"<!-- This site is optimized with the Yoast SEO plugin v25.1 - https:\/\/yoast.com\/wordpress\/plugins\/seo\/ -->\n<title>ADGD060PO - Derecho del Trabajo y Seguridad Social: Gesti\u00f3n y Control de la I.T. Protocolos (80 horas) - Contenidos Online<\/title>\n<meta name=\"description\" content=\"Contenidos Online - ADGD060PO - Derecho del Trabajo y Seguridad Social: Gesti\u00f3n y Control de la I.T. Protocolos (80 horas) - Administraci\u00f3n y Auditor\u00eda\" \/>\n<meta name=\"robots\" content=\"index, follow, max-snippet:-1, max-image-preview:large, max-video-preview:-1\" \/>\n<link rel=\"canonical\" href=\"https:\/\/ocupados.grupopiquer.com\/contenidos\/producto\/adgd060po-derecho-del-trabajo-y-seguridad-social-gestion-y-control-de-la-i-t-protocolos-80-horas\/\" \/>\n<meta property=\"og:locale\" content=\"es_ES\" \/>\n<meta property=\"og:type\" content=\"article\" \/>\n<meta property=\"og:title\" content=\"ADGD060PO - Derecho del Trabajo y Seguridad Social: Gesti\u00f3n y Control de la I.T. Protocolos (80 horas) - Contenidos Online\" \/>\n<meta property=\"og:description\" content=\"Contenidos Online - ADGD060PO - Derecho del Trabajo y Seguridad Social: Gesti\u00f3n y Control de la I.T. Protocolos (80 horas) - Administraci\u00f3n y Auditor\u00eda\" \/>\n<meta property=\"og:url\" content=\"https:\/\/ocupados.grupopiquer.com\/contenidos\/producto\/adgd060po-derecho-del-trabajo-y-seguridad-social-gestion-y-control-de-la-i-t-protocolos-80-horas\/\" \/>\n<meta property=\"og:site_name\" content=\"Contenidos Online\" \/>\n<meta property=\"article:modified_time\" content=\"2023-12-27T13:00:26+00:00\" \/>\n<meta property=\"og:image\" content=\"https:\/\/ocupados.grupopiquer.com\/contenidos\/wp-content\/uploads\/2023\/10\/M1xLHpkdKDkTxlwN_O1QXFX_o6vlXsWqW.jpg\" \/>\n\t<meta property=\"og:image:width\" content=\"960\" \/>\n\t<meta property=\"og:image:height\" content=\"541\" \/>\n\t<meta property=\"og:image:type\" content=\"image\/jpeg\" \/>\n<meta name=\"twitter:card\" content=\"summary_large_image\" \/>\n<meta name=\"twitter:label1\" content=\"Tiempo de lectura\" \/>\n\t<meta name=\"twitter:data1\" content=\"2 minutos\" \/>\n<script type=\"application\/ld+json\" class=\"yoast-schema-graph\">{\"@context\":\"https:\/\/schema.org\",\"@graph\":[{\"@type\":\"WebPage\",\"@id\":\"https:\/\/ocupados.grupopiquer.com\/contenidos\/producto\/adgd060po-derecho-del-trabajo-y-seguridad-social-gestion-y-control-de-la-i-t-protocolos-80-horas\/\",\"url\":\"https:\/\/ocupados.grupopiquer.com\/contenidos\/producto\/adgd060po-derecho-del-trabajo-y-seguridad-social-gestion-y-control-de-la-i-t-protocolos-80-horas\/\",\"name\":\"ADGD060PO - Derecho del Trabajo y Seguridad Social: Gesti\u00f3n y Control de la I.T. Protocolos (80 horas) - Contenidos Online\",\"isPartOf\":{\"@id\":\"https:\/\/ocupados.grupopiquer.com\/contenidos\/#website\"},\"primaryImageOfPage\":{\"@id\":\"https:\/\/ocupados.grupopiquer.com\/contenidos\/producto\/adgd060po-derecho-del-trabajo-y-seguridad-social-gestion-y-control-de-la-i-t-protocolos-80-horas\/#primaryimage\"},\"image\":{\"@id\":\"https:\/\/ocupados.grupopiquer.com\/contenidos\/producto\/adgd060po-derecho-del-trabajo-y-seguridad-social-gestion-y-control-de-la-i-t-protocolos-80-horas\/#primaryimage\"},\"thumbnailUrl\":\"https:\/\/ocupados.grupopiquer.com\/contenidos\/wp-content\/uploads\/2023\/10\/M1xLHpkdKDkTxlwN_O1QXFX_o6vlXsWqW.jpg\",\"datePublished\":\"2023-10-06T15:33:28+00:00\",\"dateModified\":\"2023-12-27T13:00:26+00:00\",\"description\":\"Contenidos Online - ADGD060PO - Derecho del Trabajo y Seguridad Social: Gesti\u00f3n y Control de la I.T. Protocolos (80 horas) - Administraci\u00f3n y Auditor\u00eda\",\"breadcrumb\":{\"@id\":\"https:\/\/ocupados.grupopiquer.com\/contenidos\/producto\/adgd060po-derecho-del-trabajo-y-seguridad-social-gestion-y-control-de-la-i-t-protocolos-80-horas\/#breadcrumb\"},\"inLanguage\":\"es\",\"potentialAction\":[{\"@type\":\"ReadAction\",\"target\":[\"https:\/\/ocupados.grupopiquer.com\/contenidos\/producto\/adgd060po-derecho-del-trabajo-y-seguridad-social-gestion-y-control-de-la-i-t-protocolos-80-horas\/\"]}]},{\"@type\":\"ImageObject\",\"inLanguage\":\"es\",\"@id\":\"https:\/\/ocupados.grupopiquer.com\/contenidos\/producto\/adgd060po-derecho-del-trabajo-y-seguridad-social-gestion-y-control-de-la-i-t-protocolos-80-horas\/#primaryimage\",\"url\":\"https:\/\/ocupados.grupopiquer.com\/contenidos\/wp-content\/uploads\/2023\/10\/M1xLHpkdKDkTxlwN_O1QXFX_o6vlXsWqW.jpg\",\"contentUrl\":\"https:\/\/ocupados.grupopiquer.com\/contenidos\/wp-content\/uploads\/2023\/10\/M1xLHpkdKDkTxlwN_O1QXFX_o6vlXsWqW.jpg\",\"width\":960,\"height\":541},{\"@type\":\"BreadcrumbList\",\"@id\":\"https:\/\/ocupados.grupopiquer.com\/contenidos\/producto\/adgd060po-derecho-del-trabajo-y-seguridad-social-gestion-y-control-de-la-i-t-protocolos-80-horas\/#breadcrumb\",\"itemListElement\":[{\"@type\":\"ListItem\",\"position\":1,\"name\":\"Portada\",\"item\":\"https:\/\/ocupados.grupopiquer.com\/contenidos\/\"},{\"@type\":\"ListItem\",\"position\":2,\"name\":\"Tienda\",\"item\":\"https:\/\/ocupados.grupopiquer.com\/contenidos\/tienda\/\"},{\"@type\":\"ListItem\",\"position\":3,\"name\":\"ADGD060PO &#8211; Derecho del Trabajo y Seguridad Social: Gesti\u00f3n y Control de la I.T. Protocolos (80 horas)\"}]},{\"@type\":\"WebSite\",\"@id\":\"https:\/\/ocupados.grupopiquer.com\/contenidos\/#website\",\"url\":\"https:\/\/ocupados.grupopiquer.com\/contenidos\/\",\"name\":\"Contenidos Online\",\"description\":\"\",\"publisher\":{\"@id\":\"https:\/\/ocupados.grupopiquer.com\/contenidos\/#organization\"},\"potentialAction\":[{\"@type\":\"SearchAction\",\"target\":{\"@type\":\"EntryPoint\",\"urlTemplate\":\"https:\/\/ocupados.grupopiquer.com\/contenidos\/?s={search_term_string}\"},\"query-input\":{\"@type\":\"PropertyValueSpecification\",\"valueRequired\":true,\"valueName\":\"search_term_string\"}}],\"inLanguage\":\"es\"},{\"@type\":\"Organization\",\"@id\":\"https:\/\/ocupados.grupopiquer.com\/contenidos\/#organization\",\"name\":\"Contenidos Online\",\"url\":\"https:\/\/ocupados.grupopiquer.com\/contenidos\/\",\"logo\":{\"@type\":\"ImageObject\",\"inLanguage\":\"es\",\"@id\":\"https:\/\/ocupados.grupopiquer.com\/contenidos\/#\/schema\/logo\/image\/\",\"url\":\"https:\/\/ocupados.grupopiquer.com\/contenidos\/wp-content\/uploads\/2024\/01\/Grupo-Piquer-COLOR-1.png\",\"contentUrl\":\"https:\/\/ocupados.grupopiquer.com\/contenidos\/wp-content\/uploads\/2024\/01\/Grupo-Piquer-COLOR-1.png\",\"width\":705,\"height\":270,\"caption\":\"Contenidos Online\"},\"image\":{\"@id\":\"https:\/\/ocupados.grupopiquer.com\/contenidos\/#\/schema\/logo\/image\/\"}}]}<\/script>\n<!-- \/ Yoast SEO plugin. -->","yoast_head_json":{"title":"ADGD060PO - Derecho del Trabajo y Seguridad Social: Gesti\u00f3n y Control de la I.T. Protocolos (80 horas) - Contenidos Online","description":"Contenidos Online - ADGD060PO - Derecho del Trabajo y Seguridad Social: Gesti\u00f3n y Control de la I.T. Protocolos (80 horas) - Administraci\u00f3n y Auditor\u00eda","robots":{"index":"index","follow":"follow","max-snippet":"max-snippet:-1","max-image-preview":"max-image-preview:large","max-video-preview":"max-video-preview:-1"},"canonical":"https:\/\/ocupados.grupopiquer.com\/contenidos\/producto\/adgd060po-derecho-del-trabajo-y-seguridad-social-gestion-y-control-de-la-i-t-protocolos-80-horas\/","og_locale":"es_ES","og_type":"article","og_title":"ADGD060PO - Derecho del Trabajo y Seguridad Social: Gesti\u00f3n y Control de la I.T. Protocolos (80 horas) - Contenidos Online","og_description":"Contenidos Online - ADGD060PO - Derecho del Trabajo y Seguridad Social: Gesti\u00f3n y Control de la I.T. Protocolos (80 horas) - Administraci\u00f3n y Auditor\u00eda","og_url":"https:\/\/ocupados.grupopiquer.com\/contenidos\/producto\/adgd060po-derecho-del-trabajo-y-seguridad-social-gestion-y-control-de-la-i-t-protocolos-80-horas\/","og_site_name":"Contenidos Online","article_modified_time":"2023-12-27T13:00:26+00:00","og_image":[{"width":960,"height":541,"url":"https:\/\/ocupados.grupopiquer.com\/contenidos\/wp-content\/uploads\/2023\/10\/M1xLHpkdKDkTxlwN_O1QXFX_o6vlXsWqW.jpg","type":"image\/jpeg"}],"twitter_card":"summary_large_image","twitter_misc":{"Tiempo de lectura":"2 minutos"},"schema":{"@context":"https:\/\/schema.org","@graph":[{"@type":"WebPage","@id":"https:\/\/ocupados.grupopiquer.com\/contenidos\/producto\/adgd060po-derecho-del-trabajo-y-seguridad-social-gestion-y-control-de-la-i-t-protocolos-80-horas\/","url":"https:\/\/ocupados.grupopiquer.com\/contenidos\/producto\/adgd060po-derecho-del-trabajo-y-seguridad-social-gestion-y-control-de-la-i-t-protocolos-80-horas\/","name":"ADGD060PO - Derecho del Trabajo y Seguridad Social: Gesti\u00f3n y Control de la I.T. Protocolos (80 horas) - Contenidos Online","isPartOf":{"@id":"https:\/\/ocupados.grupopiquer.com\/contenidos\/#website"},"primaryImageOfPage":{"@id":"https:\/\/ocupados.grupopiquer.com\/contenidos\/producto\/adgd060po-derecho-del-trabajo-y-seguridad-social-gestion-y-control-de-la-i-t-protocolos-80-horas\/#primaryimage"},"image":{"@id":"https:\/\/ocupados.grupopiquer.com\/contenidos\/producto\/adgd060po-derecho-del-trabajo-y-seguridad-social-gestion-y-control-de-la-i-t-protocolos-80-horas\/#primaryimage"},"thumbnailUrl":"https:\/\/ocupados.grupopiquer.com\/contenidos\/wp-content\/uploads\/2023\/10\/M1xLHpkdKDkTxlwN_O1QXFX_o6vlXsWqW.jpg","datePublished":"2023-10-06T15:33:28+00:00","dateModified":"2023-12-27T13:00:26+00:00","description":"Contenidos Online - ADGD060PO - Derecho del Trabajo y Seguridad Social: Gesti\u00f3n y Control de la I.T. Protocolos (80 horas) - Administraci\u00f3n y Auditor\u00eda","breadcrumb":{"@id":"https:\/\/ocupados.grupopiquer.com\/contenidos\/producto\/adgd060po-derecho-del-trabajo-y-seguridad-social-gestion-y-control-de-la-i-t-protocolos-80-horas\/#breadcrumb"},"inLanguage":"es","potentialAction":[{"@type":"ReadAction","target":["https:\/\/ocupados.grupopiquer.com\/contenidos\/producto\/adgd060po-derecho-del-trabajo-y-seguridad-social-gestion-y-control-de-la-i-t-protocolos-80-horas\/"]}]},{"@type":"ImageObject","inLanguage":"es","@id":"https:\/\/ocupados.grupopiquer.com\/contenidos\/producto\/adgd060po-derecho-del-trabajo-y-seguridad-social-gestion-y-control-de-la-i-t-protocolos-80-horas\/#primaryimage","url":"https:\/\/ocupados.grupopiquer.com\/contenidos\/wp-content\/uploads\/2023\/10\/M1xLHpkdKDkTxlwN_O1QXFX_o6vlXsWqW.jpg","contentUrl":"https:\/\/ocupados.grupopiquer.com\/contenidos\/wp-content\/uploads\/2023\/10\/M1xLHpkdKDkTxlwN_O1QXFX_o6vlXsWqW.jpg","width":960,"height":541},{"@type":"BreadcrumbList","@id":"https:\/\/ocupados.grupopiquer.com\/contenidos\/producto\/adgd060po-derecho-del-trabajo-y-seguridad-social-gestion-y-control-de-la-i-t-protocolos-80-horas\/#breadcrumb","itemListElement":[{"@type":"ListItem","position":1,"name":"Portada","item":"https:\/\/ocupados.grupopiquer.com\/contenidos\/"},{"@type":"ListItem","position":2,"name":"Tienda","item":"https:\/\/ocupados.grupopiquer.com\/contenidos\/tienda\/"},{"@type":"ListItem","position":3,"name":"ADGD060PO &#8211; Derecho del Trabajo y Seguridad Social: Gesti\u00f3n y Control de la I.T. Protocolos (80 horas)"}]},{"@type":"WebSite","@id":"https:\/\/ocupados.grupopiquer.com\/contenidos\/#website","url":"https:\/\/ocupados.grupopiquer.com\/contenidos\/","name":"Contenidos Online","description":"","publisher":{"@id":"https:\/\/ocupados.grupopiquer.com\/contenidos\/#organization"},"potentialAction":[{"@type":"SearchAction","target":{"@type":"EntryPoint","urlTemplate":"https:\/\/ocupados.grupopiquer.com\/contenidos\/?s={search_term_string}"},"query-input":{"@type":"PropertyValueSpecification","valueRequired":true,"valueName":"search_term_string"}}],"inLanguage":"es"},{"@type":"Organization","@id":"https:\/\/ocupados.grupopiquer.com\/contenidos\/#organization","name":"Contenidos Online","url":"https:\/\/ocupados.grupopiquer.com\/contenidos\/","logo":{"@type":"ImageObject","inLanguage":"es","@id":"https:\/\/ocupados.grupopiquer.com\/contenidos\/#\/schema\/logo\/image\/","url":"https:\/\/ocupados.grupopiquer.com\/contenidos\/wp-content\/uploads\/2024\/01\/Grupo-Piquer-COLOR-1.png","contentUrl":"https:\/\/ocupados.grupopiquer.com\/contenidos\/wp-content\/uploads\/2024\/01\/Grupo-Piquer-COLOR-1.png","width":705,"height":270,"caption":"Contenidos Online"},"image":{"@id":"https:\/\/ocupados.grupopiquer.com\/contenidos\/#\/schema\/logo\/image\/"}}]}},"jetpack_sharing_enabled":true,"_links":{"self":[{"href":"https:\/\/ocupados.grupopiquer.com\/contenidos\/wp-json\/wp\/v2\/product\/9017","targetHints":{"allow":["GET"]}}],"collection":[{"href":"https:\/\/ocupados.grupopiquer.com\/contenidos\/wp-json\/wp\/v2\/product"}],"about":[{"href":"https:\/\/ocupados.grupopiquer.com\/contenidos\/wp-json\/wp\/v2\/types\/product"}],"replies":[{"embeddable":true,"href":"https:\/\/ocupados.grupopiquer.com\/contenidos\/wp-json\/wp\/v2\/comments?post=9017"}],"wp:featuredmedia":[{"embeddable":true,"href":"https:\/\/ocupados.grupopiquer.com\/contenidos\/wp-json\/wp\/v2\/media\/9018"}],"wp:attachment":[{"href":"https:\/\/ocupados.grupopiquer.com\/contenidos\/wp-json\/wp\/v2\/media?parent=9017"}],"wp:term":[{"taxonomy":"product_brand","embeddable":true,"href":"https:\/\/ocupados.grupopiquer.com\/contenidos\/wp-json\/wp\/v2\/product_brand?post=9017"},{"taxonomy":"product_cat","embeddable":true,"href":"https:\/\/ocupados.grupopiquer.com\/contenidos\/wp-json\/wp\/v2\/product_cat?post=9017"},{"taxonomy":"product_tag","embeddable":true,"href":"https:\/\/ocupados.grupopiquer.com\/contenidos\/wp-json\/wp\/v2\/product_tag?post=9017"}],"curies":[{"name":"wp","href":"https:\/\/api.w.org\/{rel}","templated":true}]}}