{"id":9077,"date":"2023-11-20T17:26:14","date_gmt":"2023-11-20T17:26:14","guid":{"rendered":"https:\/\/ocupados.grupopiquer.com\/contenidos\/?post_type=product&#038;p=9077"},"modified":"2023-12-27T11:41:22","modified_gmt":"2023-12-27T11:41:22","slug":"sanp020po-nutricion-y-dietetica-110-horas","status":"publish","type":"product","link":"https:\/\/ocupados.grupopiquer.com\/contenidos\/producto\/sanp020po-nutricion-y-dietetica-110-horas\/","title":{"rendered":"SANP020PO &#8211; Nutrici\u00f3n y Diet\u00e9tica (110 horas)"},"content":{"rendered":"<div id=\"accordion\">\n<h3>OBJETIVOS<\/h3>\n<div>Adquirir conocimientos sobre las necesidades del organismo de los principales macronutrientes y micronutrientes y de la<br \/>\nrepercusi\u00f3n en la salud que tiene su exceso y carencia, que posibiliten realizar dietas y men\u00fas adaptados a las caracter\u00edsticas de<br \/>\ncada persona y situaci\u00f3n.<\/div>\n<h3>CONTENIDOS<\/h3>\n<div>1. INTRODUCCI\u00d3N A LA NUTRICI\u00d3N. CONCEPTOS Y NECESIDADES DE ENERG\u00cdA<br \/>\n1.1. Conceptos de alimentaci\u00f3n, nutrici\u00f3n y diet\u00e9tica.<br \/>\n1.2. Factores que condicionan la elecci\u00f3n de los alimentos.<br \/>\n1.3. Clasificaci\u00f3n de los alimentos.<br \/>\n1.4. Nutrientes.<br \/>\n1.5. Leyes b\u00e1sicas de la alimentaci\u00f3n.<br \/>\n1.6. Requerimientos de energ\u00eda.<\/div>\n<div>2. PROTE\u00cdNAS<br \/>\n2.1. Conceptos.<br \/>\n2.2. Clasificaci\u00f3n.<br \/>\n2.3. Valor nutritivo.<br \/>\n2.4. Metabolismo proteico.<br \/>\n2.5. Funciones en el organismo.<br \/>\n2.6. Efectos de la carencia o el exceso.<br \/>\n2.7. Ingestas recomendadas y aportes deseables.<br \/>\n2.8. Situaci\u00f3n media en Espa\u00f1a.<br \/>\n2.9. Alimentos que las proporcionan.<br \/>\n2.10 Efectos del procesamiento industrial.<\/div>\n<div>3. L\u00cdPIDOS<br \/>\n3.1. Conceptos y fuentes.<br \/>\n3.2. Funciones en el organismo.<br \/>\n3.3. Digesti\u00f3n y absorci\u00f3n de las grasas.<br \/>\n3.4. Metabolismo lip\u00eddico.<br \/>\n3.5. Ingestas recomendadas.<br \/>\n3.6. Situaci\u00f3n en Espa\u00f1a.<\/div>\n<div>4. HIDRATOS DE CARBONO Y FIBRA DIET\u00c9TICA<br \/>\n4.1. Definici\u00f3n de hidrato de carbono.<br \/>\n4.2. Clasificaci\u00f3n, estructura y fuentes de los hidratos de carbono.<br \/>\n4.3. Funciones de los hidratos de carbono.<br \/>\n4.4. Digesti\u00f3n y absorci\u00f3n de los hidratos de carbono.<br \/>\n4.5. Metabolismo.<br \/>\n4.6. Ingestas recomendadas de hidratos de carbono y situaci\u00f3n media en Espa\u00f1a.<br \/>\n4.7. Fibra diet\u00e9tica.<\/div>\n<div>5. VITAMINAS<br \/>\n5.1. Vitaminas liposolubles.<br \/>\n5.2 Vitaminas hidrosolubles.<br \/>\n5.3. Otros factores vitaminoides.<br \/>\n5.4. Estabilidad de las vitaminas.<\/div>\n<div>6. MINERALES<br \/>\n6.1. Descripci\u00f3n de macro minerales.<br \/>\n6.2. Descripci\u00f3n de oligoelementos.<br \/>\n6.3 P\u00e9rdidas de minerales por procesado \/ cocinado \/ manipulaci\u00f3n.<\/div>\n<div>7. INGESTAS RECOMENDADAS<br \/>\n7.1. Conceptos.<br \/>\n7.2. Tablas de ingesta recomendada.<br \/>\n7.3. Objetivos nutricionales.<\/div>\n<div>8. GRUPOS DE ALIMENTOS Y NUTRIENTES QUE APORTAN<br \/>\n8.1. Grupos de alimentos.<\/div>\n<div>9. ALIMENTOS DEL NI\u00d1O<br \/>\n9.1. Conceptos.<br \/>\n9.2. Alimentos en el primer a\u00f1o de vida.<br \/>\n9.3. Alimentaci\u00f3n en preescolar y escolar.<br \/>\n9.4. Alimentaci\u00f3n en el adolescente.<\/div>\n<div>10. ALIMENTACI\u00d3N DURANTE EL EMBARAZO<br \/>\n10.1. Concepto.<br \/>\n10.2. Importancia del estado nutricional antes de la concepci\u00f3n.<br \/>\n10.3. Cambios fisiol\u00f3gicos durante el embarazo.<br \/>\n10.4. Necesidades nutricionales de la mujer gestante.<br \/>\n10.5. Pautas diet\u00e9ticas.<\/div>\n<div>11. NUTRICI\u00d3N EN LAS PERSONAS MAYORES<br \/>\n11.1 Envejecimiento.<br \/>\n11.2. Cambios asociados al proceso de envejecimiento que pueden afectar a la situaci\u00f3n nutricional de las<br \/>\npersonas mayores.<br \/>\n11.3. Necesidades nutricionales especiales de las personas mayores.<br \/>\n11.4. Distribuci\u00f3n de la ingesta de alimentos.<br \/>\n11.5.- Consejos para mejorar el estado nutritivo y la salud de las personas mayores.<\/div>\n<div>12. ALIMENTACI\u00d3N EN EL CONTROL DE PESO<br \/>\n12.1. Concepto.<br \/>\n12.2. Situaci\u00f3n actual.<br \/>\n12.3. Factores que influyen en el control de peso.<br \/>\n12.4. Papel de la dieta en el control de peso.<br \/>\n12.5. Reparto de la ingesta energ\u00e9tica.<br \/>\n12.6. Pautas diet\u00e9ticas a seguir en el control de peso.<br \/>\n12.7. T\u00f3picos y errores m\u00e1s frecuentes en relaci\u00f3n al control de peso.<\/div>\n<div>13. ALIMENTACI\u00d3N Y DEPORTE<br \/>\n13.1. El trabajo muscular.<br \/>\n13.2. Necesidades energ\u00e9ticas y nutritivas cotidianas del deportista.<br \/>\n13.3. Alimentaci\u00f3n previa a la competici\u00f3n.<br \/>\n13.4. Alimentaci\u00f3n durante la competici\u00f3n.<br \/>\n13.5. Alimentaci\u00f3n posterior a la competici\u00f3n.<\/div>\n<div>14. NUTRICI\u00d3N EN LA PREVENCI\u00d3N Y CONTROL DE ENFERMEDADES CARDIOVASCULARES<br \/>\n14.1. Historia.<br \/>\n14.2. Concepto.<br \/>\n14.3. Asterosclerosis.<br \/>\n14.4. Factores de riesgo.<br \/>\n14.5. Factores de riesgo alimentarios<br \/>\n14.6. Pautas recomendadas en la prevenci\u00f3n y control de las enfermedades cardiovasculares.<\/div>\n<div>15. INTERACCIONES NUTRIENTES-F\u00c1RMACOS<br \/>\n15.1 Desarrollo.<br \/>\n15.2. Tipos de interacciones nutrientes-f\u00e1rmacos.<br \/>\n15.3. Interacciones en las que se modifica la respuesta al f\u00e1rmaco.<br \/>\n15.4. Interacciones en las que se ve comprometida la situaci\u00f3n nutricional.<br \/>\n15.5. Poblaciones en las que se pueden dar casos de interacciones con mayor frecuencia.<\/div>\n<div>16. GU\u00cdAS EN ALIMENTACI\u00d3N Y PLANIFICACI\u00d3N DE DIETAS<br \/>\n16.1. Concepto.<br \/>\n16.2. Funciones y necesidad.<br \/>\n16.3. Historia.<br \/>\n16.4. Gu\u00edas \u00fatiles en la planificaci\u00f3n de las dietas adecuadas.<br \/>\n16.5. Suplementos.<\/div>\n<div>17. EVALUACI\u00d3N NUTRICIONAL<br \/>\n17.1. Factores que influyen en la alimentaci\u00f3n.<br \/>\n17.2. Directrices diet\u00e9ticas generales recomendadas.<br \/>\n17.3. Valoraci\u00f3n nutricional.<br \/>\n17.4. T\u00e9rminos que describen el estado nutricional.<br \/>\n17.5. Instrumentos utilizados en estudios antropom\u00e9tricos.<br \/>\n17.6. M\u00e9todos de evaluaci\u00f3n del estado nutricional.<br \/>\n17.7. Sustancias antinutritivas.<\/div>\n<div>18. ENCUESTAS ALIMENTARIAS<br \/>\n18.1. Qu\u00e9 son las encuestas alimentarias.<br \/>\n18.2. Encuestas alimentarias a nivel individual.<br \/>\n18.3. C\u00f3mo seleccionar un m\u00e9todo de encuesta alimentaria.<br \/>\n18.4. Comparaci\u00f3n entre distintos m\u00e9todos de encuesta alimentaria.<\/div>\n<div>19. ENFERMEDADES ASOCIADAS A LA NUTRICI\u00d3N<br \/>\n19.1. Factores etiol\u00f3gicos.<br \/>\n19.2. Trastornos nutricionales.<br \/>\n19.3. Trastornos del sistema digestivo.<\/div>\n<div>20. MANIPULACI\u00d3N DE ALIMENTOS, HIGIENE Y SEGURIDAD<br \/>\n20.1. Definiciones.<br \/>\n20.2. Requisitos de los manipuladores de alimentos.<br \/>\n20.3. Riesgos para la salud derivados de una inadecuada manipulaci\u00f3n de alimentos.<br \/>\n20.4. Toxiinfecciones alimentarias.<br \/>\n20.5. Normas de higiene alimentaria.<\/div>\n<div>21. EDUCACI\u00d3N NUTRICIONAL<\/div>\n<\/div>\n","protected":false},"excerpt":{"rendered":"<p>Adquirir conocimientos sobre las necesidades del organismo de los principales macronutrientes y micronutrientes y de la<br \/>\nrepercusi\u00f3n en la salud que tiene su exceso y carencia, que posibiliten realizar dietas y men\u00fas adaptados a las caracter\u00edsticas de<br \/>\ncada persona y situaci\u00f3n.<\/p>\n","protected":false},"featured_media":9078,"comment_status":"closed","ping_status":"closed","template":"","meta":{"site-sidebar-layout":"default","site-content-layout":"","ast-site-content-layout":"","site-content-style":"default","site-sidebar-style":"default","ast-global-header-display":"","ast-banner-title-visibility":"","ast-main-header-display":"","ast-hfb-above-header-display":"","ast-hfb-below-header-display":"","ast-hfb-mobile-header-display":"","site-post-title":"","ast-breadcrumbs-content":"","ast-featured-img":"","footer-sml-layout":"","theme-transparent-header-meta":"","adv-header-id-meta":"","stick-header-meta":"","header-above-stick-meta":"","header-main-stick-meta":"","header-below-stick-meta":"","astra-migrate-meta-layouts":"default","ast-page-background-enabled":"default","ast-page-background-meta":{"desktop":{"background-color":"var(--ast-global-color-4)","background-image":"","background-repeat":"repeat","background-position":"center center","background-size":"auto","background-attachment":"scroll","background-type":"","background-media":"","overlay-type":"","overlay-color":"","overlay-opacity":"","overlay-gradient":""},"tablet":{"background-color":"","background-image":"","background-repeat":"repeat","background-position":"center center","background-size":"auto","background-attachment":"scroll","background-type":"","background-media":"","overlay-type":"","overlay-color":"","overlay-opacity":"","overlay-gradient":""},"mobile":{"background-color":"","background-image":"","background-repeat":"repeat","background-position":"center center","background-size":"auto","background-attachment":"scroll","background-type":"","background-media":"","overlay-type":"","overlay-color":"","overlay-opacity":"","overlay-gradient":""}},"ast-content-background-meta":{"desktop":{"background-color":"var(--ast-global-color-5)","background-image":"","background-repeat":"repeat","background-position":"center center","background-size":"auto","background-attachment":"scroll","background-type":"","background-media":"","overlay-type":"","overlay-color":"","overlay-opacity":"","overlay-gradient":""},"tablet":{"background-color":"var(--ast-global-color-5)","background-image":"","background-repeat":"repeat","background-position":"center center","background-size":"auto","background-attachment":"scroll","background-type":"","background-media":"","overlay-type":"","overlay-color":"","overlay-opacity":"","overlay-gradient":""},"mobile":{"background-color":"var(--ast-global-color-5)","background-image":"","background-repeat":"repeat","background-position":"center center","background-size":"auto","background-attachment":"scroll","background-type":"","background-media":"","overlay-type":"","overlay-color":"","overlay-opacity":"","overlay-gradient":""}}},"product_brand":[],"product_cat":[128],"product_tag":[],"class_list":{"0":"post-9077","1":"product","2":"type-product","3":"status-publish","4":"has-post-thumbnail","6":"product_cat-servicios-y-productos-sanitarios","7":"desktop-align-left","8":"tablet-align-left","9":"mobile-align-left","11":"first","12":"instock","13":"taxable","14":"shipping-taxable","15":"purchasable","16":"product-type-simple"},"yoast_head":"<!-- This site is optimized with the Yoast SEO plugin v25.1 - https:\/\/yoast.com\/wordpress\/plugins\/seo\/ -->\n<title>SANP020PO - Nutrici\u00f3n y Diet\u00e9tica (110 horas) - Contenidos Online<\/title>\n<meta name=\"description\" content=\"Contenidos Online - SANP020PO - Nutrici\u00f3n y Diet\u00e9tica (110 horas) - Servicios y Productos Sanitarios\" \/>\n<meta name=\"robots\" content=\"index, follow, max-snippet:-1, max-image-preview:large, max-video-preview:-1\" \/>\n<link rel=\"canonical\" href=\"https:\/\/ocupados.grupopiquer.com\/contenidos\/producto\/sanp020po-nutricion-y-dietetica-110-horas\/\" \/>\n<meta property=\"og:locale\" content=\"es_ES\" \/>\n<meta property=\"og:type\" content=\"article\" \/>\n<meta property=\"og:title\" content=\"SANP020PO - Nutrici\u00f3n y Diet\u00e9tica (110 horas) - Contenidos Online\" \/>\n<meta property=\"og:description\" content=\"Contenidos Online - SANP020PO - Nutrici\u00f3n y Diet\u00e9tica (110 horas) - Servicios y Productos Sanitarios\" \/>\n<meta property=\"og:url\" content=\"https:\/\/ocupados.grupopiquer.com\/contenidos\/producto\/sanp020po-nutricion-y-dietetica-110-horas\/\" \/>\n<meta property=\"og:site_name\" content=\"Contenidos Online\" \/>\n<meta property=\"article:modified_time\" content=\"2023-12-27T11:41:22+00:00\" \/>\n<meta property=\"og:image\" content=\"https:\/\/ocupados.grupopiquer.com\/contenidos\/wp-content\/uploads\/2023\/11\/pexels-ella-olsson-1640770-e1700501454940.jpg\" \/>\n\t<meta property=\"og:image:width\" content=\"1920\" \/>\n\t<meta property=\"og:image:height\" content=\"1081\" \/>\n\t<meta property=\"og:image:type\" content=\"image\/jpeg\" \/>\n<meta name=\"twitter:card\" content=\"summary_large_image\" \/>\n<meta name=\"twitter:label1\" content=\"Tiempo de lectura\" \/>\n\t<meta name=\"twitter:data1\" content=\"4 minutos\" \/>\n<script type=\"application\/ld+json\" class=\"yoast-schema-graph\">{\"@context\":\"https:\/\/schema.org\",\"@graph\":[{\"@type\":\"WebPage\",\"@id\":\"https:\/\/ocupados.grupopiquer.com\/contenidos\/producto\/sanp020po-nutricion-y-dietetica-110-horas\/\",\"url\":\"https:\/\/ocupados.grupopiquer.com\/contenidos\/producto\/sanp020po-nutricion-y-dietetica-110-horas\/\",\"name\":\"SANP020PO - Nutrici\u00f3n y Diet\u00e9tica (110 horas) - Contenidos Online\",\"isPartOf\":{\"@id\":\"https:\/\/ocupados.grupopiquer.com\/contenidos\/#website\"},\"primaryImageOfPage\":{\"@id\":\"https:\/\/ocupados.grupopiquer.com\/contenidos\/producto\/sanp020po-nutricion-y-dietetica-110-horas\/#primaryimage\"},\"image\":{\"@id\":\"https:\/\/ocupados.grupopiquer.com\/contenidos\/producto\/sanp020po-nutricion-y-dietetica-110-horas\/#primaryimage\"},\"thumbnailUrl\":\"https:\/\/ocupados.grupopiquer.com\/contenidos\/wp-content\/uploads\/2023\/11\/pexels-ella-olsson-1640770-e1700501454940.jpg\",\"datePublished\":\"2023-11-20T17:26:14+00:00\",\"dateModified\":\"2023-12-27T11:41:22+00:00\",\"description\":\"Contenidos Online - SANP020PO - Nutrici\u00f3n y Diet\u00e9tica (110 horas) - Servicios y Productos Sanitarios\",\"breadcrumb\":{\"@id\":\"https:\/\/ocupados.grupopiquer.com\/contenidos\/producto\/sanp020po-nutricion-y-dietetica-110-horas\/#breadcrumb\"},\"inLanguage\":\"es\",\"potentialAction\":[{\"@type\":\"ReadAction\",\"target\":[\"https:\/\/ocupados.grupopiquer.com\/contenidos\/producto\/sanp020po-nutricion-y-dietetica-110-horas\/\"]}]},{\"@type\":\"ImageObject\",\"inLanguage\":\"es\",\"@id\":\"https:\/\/ocupados.grupopiquer.com\/contenidos\/producto\/sanp020po-nutricion-y-dietetica-110-horas\/#primaryimage\",\"url\":\"https:\/\/ocupados.grupopiquer.com\/contenidos\/wp-content\/uploads\/2023\/11\/pexels-ella-olsson-1640770-e1700501454940.jpg\",\"contentUrl\":\"https:\/\/ocupados.grupopiquer.com\/contenidos\/wp-content\/uploads\/2023\/11\/pexels-ella-olsson-1640770-e1700501454940.jpg\",\"width\":1920,\"height\":1081},{\"@type\":\"BreadcrumbList\",\"@id\":\"https:\/\/ocupados.grupopiquer.com\/contenidos\/producto\/sanp020po-nutricion-y-dietetica-110-horas\/#breadcrumb\",\"itemListElement\":[{\"@type\":\"ListItem\",\"position\":1,\"name\":\"Portada\",\"item\":\"https:\/\/ocupados.grupopiquer.com\/contenidos\/\"},{\"@type\":\"ListItem\",\"position\":2,\"name\":\"Tienda\",\"item\":\"https:\/\/ocupados.grupopiquer.com\/contenidos\/tienda\/\"},{\"@type\":\"ListItem\",\"position\":3,\"name\":\"SANP020PO &#8211; Nutrici\u00f3n y Diet\u00e9tica (110 horas)\"}]},{\"@type\":\"WebSite\",\"@id\":\"https:\/\/ocupados.grupopiquer.com\/contenidos\/#website\",\"url\":\"https:\/\/ocupados.grupopiquer.com\/contenidos\/\",\"name\":\"Contenidos Online\",\"description\":\"\",\"publisher\":{\"@id\":\"https:\/\/ocupados.grupopiquer.com\/contenidos\/#organization\"},\"potentialAction\":[{\"@type\":\"SearchAction\",\"target\":{\"@type\":\"EntryPoint\",\"urlTemplate\":\"https:\/\/ocupados.grupopiquer.com\/contenidos\/?s={search_term_string}\"},\"query-input\":{\"@type\":\"PropertyValueSpecification\",\"valueRequired\":true,\"valueName\":\"search_term_string\"}}],\"inLanguage\":\"es\"},{\"@type\":\"Organization\",\"@id\":\"https:\/\/ocupados.grupopiquer.com\/contenidos\/#organization\",\"name\":\"Contenidos Online\",\"url\":\"https:\/\/ocupados.grupopiquer.com\/contenidos\/\",\"logo\":{\"@type\":\"ImageObject\",\"inLanguage\":\"es\",\"@id\":\"https:\/\/ocupados.grupopiquer.com\/contenidos\/#\/schema\/logo\/image\/\",\"url\":\"https:\/\/ocupados.grupopiquer.com\/contenidos\/wp-content\/uploads\/2024\/01\/Grupo-Piquer-COLOR-1.png\",\"contentUrl\":\"https:\/\/ocupados.grupopiquer.com\/contenidos\/wp-content\/uploads\/2024\/01\/Grupo-Piquer-COLOR-1.png\",\"width\":705,\"height\":270,\"caption\":\"Contenidos Online\"},\"image\":{\"@id\":\"https:\/\/ocupados.grupopiquer.com\/contenidos\/#\/schema\/logo\/image\/\"}}]}<\/script>\n<!-- \/ Yoast SEO plugin. -->","yoast_head_json":{"title":"SANP020PO - Nutrici\u00f3n y Diet\u00e9tica (110 horas) - Contenidos Online","description":"Contenidos Online - SANP020PO - Nutrici\u00f3n y Diet\u00e9tica (110 horas) - Servicios y Productos Sanitarios","robots":{"index":"index","follow":"follow","max-snippet":"max-snippet:-1","max-image-preview":"max-image-preview:large","max-video-preview":"max-video-preview:-1"},"canonical":"https:\/\/ocupados.grupopiquer.com\/contenidos\/producto\/sanp020po-nutricion-y-dietetica-110-horas\/","og_locale":"es_ES","og_type":"article","og_title":"SANP020PO - Nutrici\u00f3n y Diet\u00e9tica (110 horas) - Contenidos Online","og_description":"Contenidos Online - SANP020PO - Nutrici\u00f3n y Diet\u00e9tica (110 horas) - Servicios y Productos Sanitarios","og_url":"https:\/\/ocupados.grupopiquer.com\/contenidos\/producto\/sanp020po-nutricion-y-dietetica-110-horas\/","og_site_name":"Contenidos Online","article_modified_time":"2023-12-27T11:41:22+00:00","og_image":[{"width":1920,"height":1081,"url":"https:\/\/ocupados.grupopiquer.com\/contenidos\/wp-content\/uploads\/2023\/11\/pexels-ella-olsson-1640770-e1700501454940.jpg","type":"image\/jpeg"}],"twitter_card":"summary_large_image","twitter_misc":{"Tiempo de lectura":"4 minutos"},"schema":{"@context":"https:\/\/schema.org","@graph":[{"@type":"WebPage","@id":"https:\/\/ocupados.grupopiquer.com\/contenidos\/producto\/sanp020po-nutricion-y-dietetica-110-horas\/","url":"https:\/\/ocupados.grupopiquer.com\/contenidos\/producto\/sanp020po-nutricion-y-dietetica-110-horas\/","name":"SANP020PO - Nutrici\u00f3n y Diet\u00e9tica (110 horas) - Contenidos Online","isPartOf":{"@id":"https:\/\/ocupados.grupopiquer.com\/contenidos\/#website"},"primaryImageOfPage":{"@id":"https:\/\/ocupados.grupopiquer.com\/contenidos\/producto\/sanp020po-nutricion-y-dietetica-110-horas\/#primaryimage"},"image":{"@id":"https:\/\/ocupados.grupopiquer.com\/contenidos\/producto\/sanp020po-nutricion-y-dietetica-110-horas\/#primaryimage"},"thumbnailUrl":"https:\/\/ocupados.grupopiquer.com\/contenidos\/wp-content\/uploads\/2023\/11\/pexels-ella-olsson-1640770-e1700501454940.jpg","datePublished":"2023-11-20T17:26:14+00:00","dateModified":"2023-12-27T11:41:22+00:00","description":"Contenidos Online - SANP020PO - Nutrici\u00f3n y Diet\u00e9tica (110 horas) - Servicios y Productos Sanitarios","breadcrumb":{"@id":"https:\/\/ocupados.grupopiquer.com\/contenidos\/producto\/sanp020po-nutricion-y-dietetica-110-horas\/#breadcrumb"},"inLanguage":"es","potentialAction":[{"@type":"ReadAction","target":["https:\/\/ocupados.grupopiquer.com\/contenidos\/producto\/sanp020po-nutricion-y-dietetica-110-horas\/"]}]},{"@type":"ImageObject","inLanguage":"es","@id":"https:\/\/ocupados.grupopiquer.com\/contenidos\/producto\/sanp020po-nutricion-y-dietetica-110-horas\/#primaryimage","url":"https:\/\/ocupados.grupopiquer.com\/contenidos\/wp-content\/uploads\/2023\/11\/pexels-ella-olsson-1640770-e1700501454940.jpg","contentUrl":"https:\/\/ocupados.grupopiquer.com\/contenidos\/wp-content\/uploads\/2023\/11\/pexels-ella-olsson-1640770-e1700501454940.jpg","width":1920,"height":1081},{"@type":"BreadcrumbList","@id":"https:\/\/ocupados.grupopiquer.com\/contenidos\/producto\/sanp020po-nutricion-y-dietetica-110-horas\/#breadcrumb","itemListElement":[{"@type":"ListItem","position":1,"name":"Portada","item":"https:\/\/ocupados.grupopiquer.com\/contenidos\/"},{"@type":"ListItem","position":2,"name":"Tienda","item":"https:\/\/ocupados.grupopiquer.com\/contenidos\/tienda\/"},{"@type":"ListItem","position":3,"name":"SANP020PO &#8211; Nutrici\u00f3n y Diet\u00e9tica (110 horas)"}]},{"@type":"WebSite","@id":"https:\/\/ocupados.grupopiquer.com\/contenidos\/#website","url":"https:\/\/ocupados.grupopiquer.com\/contenidos\/","name":"Contenidos Online","description":"","publisher":{"@id":"https:\/\/ocupados.grupopiquer.com\/contenidos\/#organization"},"potentialAction":[{"@type":"SearchAction","target":{"@type":"EntryPoint","urlTemplate":"https:\/\/ocupados.grupopiquer.com\/contenidos\/?s={search_term_string}"},"query-input":{"@type":"PropertyValueSpecification","valueRequired":true,"valueName":"search_term_string"}}],"inLanguage":"es"},{"@type":"Organization","@id":"https:\/\/ocupados.grupopiquer.com\/contenidos\/#organization","name":"Contenidos Online","url":"https:\/\/ocupados.grupopiquer.com\/contenidos\/","logo":{"@type":"ImageObject","inLanguage":"es","@id":"https:\/\/ocupados.grupopiquer.com\/contenidos\/#\/schema\/logo\/image\/","url":"https:\/\/ocupados.grupopiquer.com\/contenidos\/wp-content\/uploads\/2024\/01\/Grupo-Piquer-COLOR-1.png","contentUrl":"https:\/\/ocupados.grupopiquer.com\/contenidos\/wp-content\/uploads\/2024\/01\/Grupo-Piquer-COLOR-1.png","width":705,"height":270,"caption":"Contenidos Online"},"image":{"@id":"https:\/\/ocupados.grupopiquer.com\/contenidos\/#\/schema\/logo\/image\/"}}]}},"jetpack_sharing_enabled":true,"_links":{"self":[{"href":"https:\/\/ocupados.grupopiquer.com\/contenidos\/wp-json\/wp\/v2\/product\/9077","targetHints":{"allow":["GET"]}}],"collection":[{"href":"https:\/\/ocupados.grupopiquer.com\/contenidos\/wp-json\/wp\/v2\/product"}],"about":[{"href":"https:\/\/ocupados.grupopiquer.com\/contenidos\/wp-json\/wp\/v2\/types\/product"}],"replies":[{"embeddable":true,"href":"https:\/\/ocupados.grupopiquer.com\/contenidos\/wp-json\/wp\/v2\/comments?post=9077"}],"wp:featuredmedia":[{"embeddable":true,"href":"https:\/\/ocupados.grupopiquer.com\/contenidos\/wp-json\/wp\/v2\/media\/9078"}],"wp:attachment":[{"href":"https:\/\/ocupados.grupopiquer.com\/contenidos\/wp-json\/wp\/v2\/media?parent=9077"}],"wp:term":[{"taxonomy":"product_brand","embeddable":true,"href":"https:\/\/ocupados.grupopiquer.com\/contenidos\/wp-json\/wp\/v2\/product_brand?post=9077"},{"taxonomy":"product_cat","embeddable":true,"href":"https:\/\/ocupados.grupopiquer.com\/contenidos\/wp-json\/wp\/v2\/product_cat?post=9077"},{"taxonomy":"product_tag","embeddable":true,"href":"https:\/\/ocupados.grupopiquer.com\/contenidos\/wp-json\/wp\/v2\/product_tag?post=9077"}],"curies":[{"name":"wp","href":"https:\/\/api.w.org\/{rel}","templated":true}]}}