{"id":9118,"date":"2023-12-28T08:45:56","date_gmt":"2023-12-28T08:45:56","guid":{"rendered":"https:\/\/ocupados.grupopiquer.com\/contenidos\/?post_type=product&#038;p=9118"},"modified":"2023-12-28T08:57:47","modified_gmt":"2023-12-28T08:57:47","slug":"sant025po-cuidados-de-ulceras-a-presion-80-horas","status":"publish","type":"product","link":"https:\/\/ocupados.grupopiquer.com\/contenidos\/producto\/sant025po-cuidados-de-ulceras-a-presion-80-horas\/","title":{"rendered":"SANT025PO &#8211; Cuidados de \u00dalceras a presi\u00f3n (80 horas)"},"content":{"rendered":"<div id=\"accordion\">\n<h3>OBJETIVOS<\/h3>\n<div>Analizar las distintas patolog\u00edas que pueden provocar los esfuerzos prolongados de voz que hacen los docentes.<\/div>\n<h3>CONTENIDOS<\/h3>\n<div>\n<p>1. LA PIEL.<br \/>\n1.1. Introducci\u00f3n.<br \/>\n1.2. Funciones de la piel.<br \/>\n1.3. Constituci\u00f3n de la piel.<br \/>\n1.4. La epidermis.<br \/>\n1.5. La dermis.<br \/>\n1.6. La hipodermis.<br \/>\n1.7. Cuadro resumen de las capas que constituyen la piel.<\/p>\n<p>2. ULCERAS POR PRESI\u00d3N Y LESIONES CR\u00d3NICAS.<br \/>\n2.1. Definici\u00f3n de \u00falceras por presi\u00f3n.<br \/>\n2.2. Descripci\u00f3n y sintomatolog\u00eda de la enfermedad.<br \/>\n2.3. Definici\u00f3n.<br \/>\n2.4. Incidencia y prevalencia.<br \/>\n2.5. Origen de la enfermedad.<br \/>\n2.6. Proceso de formaci\u00f3n.<br \/>\n2.7. Estadios<br \/>\n2.8. Clasificaciones<br \/>\n2.9. Escalas de valoraci\u00f3n<br \/>\n2.10. Formaci\u00f3n de \u00falceras en puntos de apoyo.<br \/>\n2.11. Localizaci\u00f3n de las \u00falceras por presi\u00f3n.<\/p>\n<p>3. DIRECTRICES SOBRE PREVENCI\u00d3N Y TRATAMIENTO EN EL CUIDADO DE LAS \u00daLCERAS POR<br \/>\nPRESI\u00d3N.<br \/>\n3.1. Directrices generales sobre prevenci\u00f3n.<br \/>\n3.2. Directrices generales sobre el tratamiento.<br \/>\n3.3. Tipos de tratamiento.<br \/>\n3.4. La cicatrizaci\u00f3n.<br \/>\n3.5. Medidas de higiene a seguir.<\/p>\n<p>4. \u00daLCERAS VASCULARES<br \/>\n4.1. Breve repaso anatomo-fisiol\u00f3gico del sistema circulatorio de los miembros inferiores.<br \/>\n4.2. Epidemiolog\u00eda de la ulcerosa venosa.<br \/>\n4.3. Epidemiolog\u00eda de la \u00falcera isqu\u00e9mica.<br \/>\n4.4. Clasificaci\u00f3n etiol\u00f3gica de las \u00falceras de extremidades.<br \/>\n4.5. Diagn\u00f3stico diferencial entre \u00falceras venosas y arteriales.<br \/>\n4.6. Exploraciones diagn\u00f3sticas.<br \/>\n4.7. Consejo sobre \u00falceras vasculares y pie diab\u00e9tico de la asociaci\u00f3n espa\u00f1ola de enfermer\u00eda vascular.<br \/>\n4.8. Prevenci\u00f3n.<br \/>\n4.9. Tratamiento.<\/p>\n<p>5. APOYO PSICOL\u00d3GICO AL PACIENTE.<br \/>\n5.1. Apoyo psicol\u00f3gico.<br \/>\n5.2. Dolor.<\/p>\n<\/div>\n<\/div>\n","protected":false},"excerpt":{"rendered":"<p>Analizar las distintas patolog\u00edas que pueden provocar los esfuerzos prolongados de voz que hacen los docentes.<\/p>\n","protected":false},"featured_media":9108,"comment_status":"closed","ping_status":"closed","template":"","meta":{"site-sidebar-layout":"default","site-content-layout":"","ast-site-content-layout":"","site-content-style":"default","site-sidebar-style":"default","ast-global-header-display":"","ast-banner-title-visibility":"","ast-main-header-display":"","ast-hfb-above-header-display":"","ast-hfb-below-header-display":"","ast-hfb-mobile-header-display":"","site-post-title":"","ast-breadcrumbs-content":"","ast-featured-img":"","footer-sml-layout":"","theme-transparent-header-meta":"","adv-header-id-meta":"","stick-header-meta":"","header-above-stick-meta":"","header-main-stick-meta":"","header-below-stick-meta":"","astra-migrate-meta-layouts":"default","ast-page-background-enabled":"default","ast-page-background-meta":{"desktop":{"background-color":"var(--ast-global-color-4)","background-image":"","background-repeat":"repeat","background-position":"center center","background-size":"auto","background-attachment":"scroll","background-type":"","background-media":"","overlay-type":"","overlay-color":"","overlay-opacity":"","overlay-gradient":""},"tablet":{"background-color":"","background-image":"","background-repeat":"repeat","background-position":"center center","background-size":"auto","background-attachment":"scroll","background-type":"","background-media":"","overlay-type":"","overlay-color":"","overlay-opacity":"","overlay-gradient":""},"mobile":{"background-color":"","background-image":"","background-repeat":"repeat","background-position":"center center","background-size":"auto","background-attachment":"scroll","background-type":"","background-media":"","overlay-type":"","overlay-color":"","overlay-opacity":"","overlay-gradient":""}},"ast-content-background-meta":{"desktop":{"background-color":"var(--ast-global-color-5)","background-image":"","background-repeat":"repeat","background-position":"center center","background-size":"auto","background-attachment":"scroll","background-type":"","background-media":"","overlay-type":"","overlay-color":"","overlay-opacity":"","overlay-gradient":""},"tablet":{"background-color":"var(--ast-global-color-5)","background-image":"","background-repeat":"repeat","background-position":"center center","background-size":"auto","background-attachment":"scroll","background-type":"","background-media":"","overlay-type":"","overlay-color":"","overlay-opacity":"","overlay-gradient":""},"mobile":{"background-color":"var(--ast-global-color-5)","background-image":"","background-repeat":"repeat","background-position":"center center","background-size":"auto","background-attachment":"scroll","background-type":"","background-media":"","overlay-type":"","overlay-color":"","overlay-opacity":"","overlay-gradient":""}}},"product_brand":[],"product_cat":[107],"product_tag":[],"class_list":{"0":"post-9118","1":"product","2":"type-product","3":"status-publish","4":"has-post-thumbnail","6":"product_cat-atencion-sanitaria","7":"desktop-align-left","8":"tablet-align-left","9":"mobile-align-left","11":"first","12":"instock","13":"taxable","14":"shipping-taxable","15":"purchasable","16":"product-type-simple"},"yoast_head":"<!-- This site is optimized with the Yoast SEO plugin v25.1 - https:\/\/yoast.com\/wordpress\/plugins\/seo\/ -->\n<title>SANT025PO - Cuidados de \u00dalceras a presi\u00f3n (80 horas) - Contenidos Online c<\/title>\n<meta name=\"description\" content=\"Contenidos Online - SANT025PO - Cuidados de \u00dalceras a presi\u00f3n (80 horas) - Atenci\u00f3n Sanitaria\" \/>\n<meta name=\"robots\" content=\"index, follow, max-snippet:-1, max-image-preview:large, max-video-preview:-1\" \/>\n<link rel=\"canonical\" href=\"https:\/\/ocupados.grupopiquer.com\/contenidos\/producto\/sant025po-cuidados-de-ulceras-a-presion-80-horas\/\" \/>\n<meta property=\"og:locale\" content=\"es_ES\" \/>\n<meta property=\"og:type\" content=\"article\" \/>\n<meta property=\"og:title\" content=\"SANT025PO - Cuidados de \u00dalceras a presi\u00f3n (80 horas) - Contenidos Online c\" \/>\n<meta property=\"og:description\" content=\"Contenidos Online - SANT025PO - Cuidados de \u00dalceras a presi\u00f3n (80 horas) - Atenci\u00f3n Sanitaria\" \/>\n<meta property=\"og:url\" content=\"https:\/\/ocupados.grupopiquer.com\/contenidos\/producto\/sant025po-cuidados-de-ulceras-a-presion-80-horas\/\" \/>\n<meta property=\"og:site_name\" content=\"Contenidos Online\" \/>\n<meta property=\"article:modified_time\" content=\"2023-12-28T08:57:47+00:00\" \/>\n<meta property=\"og:image\" content=\"https:\/\/ocupados.grupopiquer.com\/contenidos\/wp-content\/uploads\/2023\/12\/00-1-e1703694807868.jpg\" \/>\n\t<meta property=\"og:image:width\" content=\"721\" \/>\n\t<meta property=\"og:image:height\" content=\"406\" \/>\n\t<meta property=\"og:image:type\" content=\"image\/jpeg\" \/>\n<meta name=\"twitter:card\" content=\"summary_large_image\" \/>\n<meta name=\"twitter:label1\" content=\"Tiempo de lectura\" \/>\n\t<meta name=\"twitter:data1\" content=\"2 minutos\" \/>\n<script type=\"application\/ld+json\" class=\"yoast-schema-graph\">{\"@context\":\"https:\/\/schema.org\",\"@graph\":[{\"@type\":\"WebPage\",\"@id\":\"https:\/\/ocupados.grupopiquer.com\/contenidos\/producto\/sant025po-cuidados-de-ulceras-a-presion-80-horas\/\",\"url\":\"https:\/\/ocupados.grupopiquer.com\/contenidos\/producto\/sant025po-cuidados-de-ulceras-a-presion-80-horas\/\",\"name\":\"SANT025PO - Cuidados de \u00dalceras a presi\u00f3n (80 horas) - Contenidos Online c\",\"isPartOf\":{\"@id\":\"https:\/\/ocupados.grupopiquer.com\/contenidos\/#website\"},\"primaryImageOfPage\":{\"@id\":\"https:\/\/ocupados.grupopiquer.com\/contenidos\/producto\/sant025po-cuidados-de-ulceras-a-presion-80-horas\/#primaryimage\"},\"image\":{\"@id\":\"https:\/\/ocupados.grupopiquer.com\/contenidos\/producto\/sant025po-cuidados-de-ulceras-a-presion-80-horas\/#primaryimage\"},\"thumbnailUrl\":\"https:\/\/ocupados.grupopiquer.com\/contenidos\/wp-content\/uploads\/2023\/12\/00-1-e1703694807868.jpg\",\"datePublished\":\"2023-12-28T08:45:56+00:00\",\"dateModified\":\"2023-12-28T08:57:47+00:00\",\"description\":\"Contenidos Online - SANT025PO - Cuidados de \u00dalceras a presi\u00f3n (80 horas) - Atenci\u00f3n Sanitaria\",\"breadcrumb\":{\"@id\":\"https:\/\/ocupados.grupopiquer.com\/contenidos\/producto\/sant025po-cuidados-de-ulceras-a-presion-80-horas\/#breadcrumb\"},\"inLanguage\":\"es\",\"potentialAction\":[{\"@type\":\"ReadAction\",\"target\":[\"https:\/\/ocupados.grupopiquer.com\/contenidos\/producto\/sant025po-cuidados-de-ulceras-a-presion-80-horas\/\"]}]},{\"@type\":\"ImageObject\",\"inLanguage\":\"es\",\"@id\":\"https:\/\/ocupados.grupopiquer.com\/contenidos\/producto\/sant025po-cuidados-de-ulceras-a-presion-80-horas\/#primaryimage\",\"url\":\"https:\/\/ocupados.grupopiquer.com\/contenidos\/wp-content\/uploads\/2023\/12\/00-1-e1703694807868.jpg\",\"contentUrl\":\"https:\/\/ocupados.grupopiquer.com\/contenidos\/wp-content\/uploads\/2023\/12\/00-1-e1703694807868.jpg\",\"width\":721,\"height\":406},{\"@type\":\"BreadcrumbList\",\"@id\":\"https:\/\/ocupados.grupopiquer.com\/contenidos\/producto\/sant025po-cuidados-de-ulceras-a-presion-80-horas\/#breadcrumb\",\"itemListElement\":[{\"@type\":\"ListItem\",\"position\":1,\"name\":\"Portada\",\"item\":\"https:\/\/ocupados.grupopiquer.com\/contenidos\/\"},{\"@type\":\"ListItem\",\"position\":2,\"name\":\"Tienda\",\"item\":\"https:\/\/ocupados.grupopiquer.com\/contenidos\/tienda\/\"},{\"@type\":\"ListItem\",\"position\":3,\"name\":\"SANT025PO &#8211; Cuidados de \u00dalceras a presi\u00f3n (80 horas)\"}]},{\"@type\":\"WebSite\",\"@id\":\"https:\/\/ocupados.grupopiquer.com\/contenidos\/#website\",\"url\":\"https:\/\/ocupados.grupopiquer.com\/contenidos\/\",\"name\":\"Contenidos Online\",\"description\":\"\",\"publisher\":{\"@id\":\"https:\/\/ocupados.grupopiquer.com\/contenidos\/#organization\"},\"potentialAction\":[{\"@type\":\"SearchAction\",\"target\":{\"@type\":\"EntryPoint\",\"urlTemplate\":\"https:\/\/ocupados.grupopiquer.com\/contenidos\/?s={search_term_string}\"},\"query-input\":{\"@type\":\"PropertyValueSpecification\",\"valueRequired\":true,\"valueName\":\"search_term_string\"}}],\"inLanguage\":\"es\"},{\"@type\":\"Organization\",\"@id\":\"https:\/\/ocupados.grupopiquer.com\/contenidos\/#organization\",\"name\":\"Contenidos Online\",\"url\":\"https:\/\/ocupados.grupopiquer.com\/contenidos\/\",\"logo\":{\"@type\":\"ImageObject\",\"inLanguage\":\"es\",\"@id\":\"https:\/\/ocupados.grupopiquer.com\/contenidos\/#\/schema\/logo\/image\/\",\"url\":\"https:\/\/ocupados.grupopiquer.com\/contenidos\/wp-content\/uploads\/2024\/01\/Grupo-Piquer-COLOR-1.png\",\"contentUrl\":\"https:\/\/ocupados.grupopiquer.com\/contenidos\/wp-content\/uploads\/2024\/01\/Grupo-Piquer-COLOR-1.png\",\"width\":705,\"height\":270,\"caption\":\"Contenidos Online\"},\"image\":{\"@id\":\"https:\/\/ocupados.grupopiquer.com\/contenidos\/#\/schema\/logo\/image\/\"}}]}<\/script>\n<!-- \/ Yoast SEO plugin. -->","yoast_head_json":{"title":"SANT025PO - Cuidados de \u00dalceras a presi\u00f3n (80 horas) - Contenidos Online c","description":"Contenidos Online - SANT025PO - Cuidados de \u00dalceras a presi\u00f3n (80 horas) - Atenci\u00f3n Sanitaria","robots":{"index":"index","follow":"follow","max-snippet":"max-snippet:-1","max-image-preview":"max-image-preview:large","max-video-preview":"max-video-preview:-1"},"canonical":"https:\/\/ocupados.grupopiquer.com\/contenidos\/producto\/sant025po-cuidados-de-ulceras-a-presion-80-horas\/","og_locale":"es_ES","og_type":"article","og_title":"SANT025PO - Cuidados de \u00dalceras a presi\u00f3n (80 horas) - Contenidos Online c","og_description":"Contenidos Online - SANT025PO - Cuidados de \u00dalceras a presi\u00f3n (80 horas) - Atenci\u00f3n Sanitaria","og_url":"https:\/\/ocupados.grupopiquer.com\/contenidos\/producto\/sant025po-cuidados-de-ulceras-a-presion-80-horas\/","og_site_name":"Contenidos Online","article_modified_time":"2023-12-28T08:57:47+00:00","og_image":[{"width":721,"height":406,"url":"https:\/\/ocupados.grupopiquer.com\/contenidos\/wp-content\/uploads\/2023\/12\/00-1-e1703694807868.jpg","type":"image\/jpeg"}],"twitter_card":"summary_large_image","twitter_misc":{"Tiempo de lectura":"2 minutos"},"schema":{"@context":"https:\/\/schema.org","@graph":[{"@type":"WebPage","@id":"https:\/\/ocupados.grupopiquer.com\/contenidos\/producto\/sant025po-cuidados-de-ulceras-a-presion-80-horas\/","url":"https:\/\/ocupados.grupopiquer.com\/contenidos\/producto\/sant025po-cuidados-de-ulceras-a-presion-80-horas\/","name":"SANT025PO - Cuidados de \u00dalceras a presi\u00f3n (80 horas) - Contenidos Online c","isPartOf":{"@id":"https:\/\/ocupados.grupopiquer.com\/contenidos\/#website"},"primaryImageOfPage":{"@id":"https:\/\/ocupados.grupopiquer.com\/contenidos\/producto\/sant025po-cuidados-de-ulceras-a-presion-80-horas\/#primaryimage"},"image":{"@id":"https:\/\/ocupados.grupopiquer.com\/contenidos\/producto\/sant025po-cuidados-de-ulceras-a-presion-80-horas\/#primaryimage"},"thumbnailUrl":"https:\/\/ocupados.grupopiquer.com\/contenidos\/wp-content\/uploads\/2023\/12\/00-1-e1703694807868.jpg","datePublished":"2023-12-28T08:45:56+00:00","dateModified":"2023-12-28T08:57:47+00:00","description":"Contenidos Online - SANT025PO - Cuidados de \u00dalceras a presi\u00f3n (80 horas) - Atenci\u00f3n Sanitaria","breadcrumb":{"@id":"https:\/\/ocupados.grupopiquer.com\/contenidos\/producto\/sant025po-cuidados-de-ulceras-a-presion-80-horas\/#breadcrumb"},"inLanguage":"es","potentialAction":[{"@type":"ReadAction","target":["https:\/\/ocupados.grupopiquer.com\/contenidos\/producto\/sant025po-cuidados-de-ulceras-a-presion-80-horas\/"]}]},{"@type":"ImageObject","inLanguage":"es","@id":"https:\/\/ocupados.grupopiquer.com\/contenidos\/producto\/sant025po-cuidados-de-ulceras-a-presion-80-horas\/#primaryimage","url":"https:\/\/ocupados.grupopiquer.com\/contenidos\/wp-content\/uploads\/2023\/12\/00-1-e1703694807868.jpg","contentUrl":"https:\/\/ocupados.grupopiquer.com\/contenidos\/wp-content\/uploads\/2023\/12\/00-1-e1703694807868.jpg","width":721,"height":406},{"@type":"BreadcrumbList","@id":"https:\/\/ocupados.grupopiquer.com\/contenidos\/producto\/sant025po-cuidados-de-ulceras-a-presion-80-horas\/#breadcrumb","itemListElement":[{"@type":"ListItem","position":1,"name":"Portada","item":"https:\/\/ocupados.grupopiquer.com\/contenidos\/"},{"@type":"ListItem","position":2,"name":"Tienda","item":"https:\/\/ocupados.grupopiquer.com\/contenidos\/tienda\/"},{"@type":"ListItem","position":3,"name":"SANT025PO &#8211; Cuidados de \u00dalceras a presi\u00f3n (80 horas)"}]},{"@type":"WebSite","@id":"https:\/\/ocupados.grupopiquer.com\/contenidos\/#website","url":"https:\/\/ocupados.grupopiquer.com\/contenidos\/","name":"Contenidos Online","description":"","publisher":{"@id":"https:\/\/ocupados.grupopiquer.com\/contenidos\/#organization"},"potentialAction":[{"@type":"SearchAction","target":{"@type":"EntryPoint","urlTemplate":"https:\/\/ocupados.grupopiquer.com\/contenidos\/?s={search_term_string}"},"query-input":{"@type":"PropertyValueSpecification","valueRequired":true,"valueName":"search_term_string"}}],"inLanguage":"es"},{"@type":"Organization","@id":"https:\/\/ocupados.grupopiquer.com\/contenidos\/#organization","name":"Contenidos Online","url":"https:\/\/ocupados.grupopiquer.com\/contenidos\/","logo":{"@type":"ImageObject","inLanguage":"es","@id":"https:\/\/ocupados.grupopiquer.com\/contenidos\/#\/schema\/logo\/image\/","url":"https:\/\/ocupados.grupopiquer.com\/contenidos\/wp-content\/uploads\/2024\/01\/Grupo-Piquer-COLOR-1.png","contentUrl":"https:\/\/ocupados.grupopiquer.com\/contenidos\/wp-content\/uploads\/2024\/01\/Grupo-Piquer-COLOR-1.png","width":705,"height":270,"caption":"Contenidos Online"},"image":{"@id":"https:\/\/ocupados.grupopiquer.com\/contenidos\/#\/schema\/logo\/image\/"}}]}},"jetpack_sharing_enabled":true,"_links":{"self":[{"href":"https:\/\/ocupados.grupopiquer.com\/contenidos\/wp-json\/wp\/v2\/product\/9118","targetHints":{"allow":["GET"]}}],"collection":[{"href":"https:\/\/ocupados.grupopiquer.com\/contenidos\/wp-json\/wp\/v2\/product"}],"about":[{"href":"https:\/\/ocupados.grupopiquer.com\/contenidos\/wp-json\/wp\/v2\/types\/product"}],"replies":[{"embeddable":true,"href":"https:\/\/ocupados.grupopiquer.com\/contenidos\/wp-json\/wp\/v2\/comments?post=9118"}],"wp:featuredmedia":[{"embeddable":true,"href":"https:\/\/ocupados.grupopiquer.com\/contenidos\/wp-json\/wp\/v2\/media\/9108"}],"wp:attachment":[{"href":"https:\/\/ocupados.grupopiquer.com\/contenidos\/wp-json\/wp\/v2\/media?parent=9118"}],"wp:term":[{"taxonomy":"product_brand","embeddable":true,"href":"https:\/\/ocupados.grupopiquer.com\/contenidos\/wp-json\/wp\/v2\/product_brand?post=9118"},{"taxonomy":"product_cat","embeddable":true,"href":"https:\/\/ocupados.grupopiquer.com\/contenidos\/wp-json\/wp\/v2\/product_cat?post=9118"},{"taxonomy":"product_tag","embeddable":true,"href":"https:\/\/ocupados.grupopiquer.com\/contenidos\/wp-json\/wp\/v2\/product_tag?post=9118"}],"curies":[{"name":"wp","href":"https:\/\/api.w.org\/{rel}","templated":true}]}}